{"id":351680,"date":"2021-12-15T13:28:51","date_gmt":"2021-12-15T12:28:51","guid":{"rendered":"https:\/\/www.elche.es\/policia-local\/parc-infantil-de-transit\/cursos-ciclismo-6-a-12-anos\/"},"modified":"2026-02-06T11:52:53","modified_gmt":"2026-02-06T09:52:53","slug":"cursos-ciclismo-6-a-12-anos","status":"publish","type":"page","link":"https:\/\/www.elche.es\/va\/policia-local\/parc-infantil-de-transit\/cursos-ciclismo-6-a-12-anos\/","title":{"rendered":"Extraescolares Educaci\u00f3n Vial"},"content":{"rendered":"<div class=\"wpb-content-wrapper\"><p>[vc_row full_width=&#8221;stretch_row&#8221; css=&#8221;.vc_custom_1639568357518{padding-top: 200px !important;padding-right: 120px !important;padding-bottom: 300px !important;padding-left: 120px !important;background-image: url(https:\/\/www.elche.es\/wp-content\/uploads\/2021\/12\/educacion-vial-policia-elche-scaled.jpg?id=176635) !important;}&#8221;][vc_column][\/vc_column][\/vc_row][vc_row full_width=&#8221;stretch_row_content_no_spaces&#8221; el_id=&#8221;bloque_menu_enlaces&#8221; el_class=&#8221;bloque_menu_paginas bloquemnuestop&#8221; css=&#8221;.vc_custom_1639501898591{background-color: rgba(0,23,43,0.8) !important;*background-color: rgb(0,23,43) !important;}&#8221;][vc_column el_class=&#8221;enlacespolicia&#8221;]\r\n        \r\n        <a class=\"menuVC\"  href=\"https:\/\/www.elche.es\/policia-local\/\"> <span> Inici <\/span><\/a>\r\n        \r\n        <a class=\"menuVC\"  href=\"https:\/\/www.elche.es\/policia-local\/informacion\/\"> <span> Informaci\u00f3 i tr\u00e0mits <\/span><\/a>\r\n        \r\n        <a class=\"menuVC\"  href=\"https:\/\/www.elche.es\/policia-local\/escuela-de-educacion-vial\/\"> <span> Escola d'Educaci\u00f3 Vi\u00e0ria <\/span><\/a>\r\n        \r\n        <a class=\"menuVC\"  href=\"https:\/\/www.elche.es\/policia-local\/historia\/\"> <span> Hist\u00f2ria i objectius <\/span><\/a>\r\n        \r\n        <a class=\"menuVC\"  href=\"https:\/\/www.elche.es\/policia-local\/estructura\/\"> <span> Estructura <\/span><\/a>[\/vc_column][\/vc_row][vc_row][vc_column][vc_column_text]<nav aria-label=\"breadcrumbs\">\n            <div class=\"breadcrumb-container theme1\">\n                <ol>\n                                    <\/ol>\n            <\/div>\n        <\/nav>    <script type=\"application\/ld+json\">\n        {\n            \"@context\": \"http:\/\/schema.org\",\n            \"@type\": \"BreadcrumbList\",\n            \"itemListElement\": [\n                            ]\n        }\n    <\/script>\n    <style type=\"text\/css\">\n        .breadcrumb-container {\n            font-size: 13px;\n        }\n\n        .breadcrumb-container ul {\n            margin: 0;\n            padding: 0;\n        }\n\n        .breadcrumb-container li {\n            box-sizing: unset;\n            display: inline-block;\n            margin: 0;\n            padding: 0;\n        }\n\n        .breadcrumb-container li a {\n            box-sizing: unset;\n            padding: 0 10px;\n        }\n\n        .breadcrumb-container {\n            font-size: 3 !important;\n                    }\n\n        .breadcrumb-container li a {\n            color: #0a0a0a !important;\n            font-size: 3 !important;\n            line-height: 3 !important;\n                    }\n\n        .breadcrumb-container li .separator {\n            font-size: 3 !important;\n                    }\n\n        .breadcrumb-container li:last-child .separator {\n            display: none;\n        }\n    <\/style>\n    <style type=\"text\/css\">\n        .breadcrumb-container.theme1 li {\n            margin: 0;\n            padding: 0;\n        }\n        .breadcrumb-container.theme1 a {\n            background: ;\n            display: inline-block;\n            margin: 0 5px;\n            padding: 5px 10px;\n            text-decoration: none;\n        }\n    <\/style>\n        <style type=\"text\/css\">\n            <\/style>\n    <script>\n            <\/script>\n[\/vc_column_text][\/vc_column][\/vc_row][vc_row][vc_column][vc_column_text css=&#8221;&#8221;]<\/p>\n<blockquote><p><span style=\"text-decoration: underline;\"><strong>Extraescolars Educaci\u00f3 Vi\u00e0ria<\/strong><\/span><\/p><\/blockquote>\n<div class=\"x_x_elementToProof\">Els cursos per a escolars de L&#8217;Escola Educaci\u00f3 Vi\u00e0ria Pedro Tenza tenen com a prop\u00f2sit aprendre a muntar amb bici o millorar les habilitats dels que ja dominen el maneig de la bicicleta, amb l&#8217;objectiu que, en un futur pr\u00f2xim, es facilite l&#8217;\u00fas de la bicicleta com a mitj\u00e0 de transport segur i econ\u00f2mic.<\/div>\n<p>[\/vc_column_text][vc_empty_space][\/vc_column][\/vc_row][vc_row full_width=&#8221;stretch_row&#8221; css=&#8221;.vc_custom_1639569848847{padding-right: 100px !important;padding-bottom: 50px !important;background-image: url(https:\/\/www.elche.es\/wp-content\/uploads\/2021\/07\/en-bici-sin-edad-policia-2.jpg?id=155203) !important;}&#8221;][vc_column]<h1 class=\"sc_title sc_title_regular\"><\/h1>[vc_column_text]<\/p>\n<h3><span style=\"color: #ffffff;\">M\u00e1s informaci\u00f3n e inscripci\u00f3n<\/span><\/h3>\n<p>[\/vc_column_text][vc_empty_space][\/vc_column][\/vc_row][vc_row][vc_column][vc_empty_space][vc_column_text css=&#8221;&#8221;]<strong>Quan s&#8217;impartixen<\/strong><\/p>\n<ul>\n<li>Data: curs escolar 2025\/26 d&#8217;octubre a maig<\/li>\n<li>Grups de dilluns i dimecres,\u00a0 i grups de dimarts i dijous<\/li>\n<li>Duraci\u00f3: 1 mes<\/li>\n<li>Horari: 15:30 a 16:30<\/li>\n<li>Lloc: Escola Educaci\u00f3 Vi\u00e0ria Pedro Tenza<\/li>\n<li>Cost: gratu\u00eft, at\u00e9s que l&#8217;Ajuntament d&#8217;Elx assumix el 100% dels costos<\/li>\n<li>Material: bicicleta, casc de bicicleta i guantes de ciclisme (bici i casc poden ser cedits per l&#8217;escola)<\/li>\n<li>Impartit per: monitors\/es d&#8217;Educaci\u00f3 Vi\u00e0ria amb la metodologia d&#8217;1Bici+<\/li>\n<\/ul>\n<p><strong>Inscripci\u00f3 i prova de nivell per al curs 2025\/2026<\/strong><\/p>\n<ul style=\"list-style-type: disc;\">\n<li>Nascuts: entre 2014 i 2019, inclusivament.<\/li>\n<li>Preinscripci\u00f3 2a prova de nivell: febrer 2026<br \/>\n(Si s&#8217;excediren les places es realitzar\u00e0 un sorteig. S&#8217;avisaran les persones seleccionades per correu, aix\u00ed com les persones que es queden en llista d&#8217;espera).<\/li>\n<li>Proves de nivell:\n<ul style=\"list-style-type: disc;\">\n<li>Divendres 13 de febrer, de 15:30 h a 16:30 h<\/li>\n<li>Dissabte 14 de febrer, de 10:00 h a 12:00 h<\/li>\n<\/ul>\n<\/li>\n<\/ul>\n<p><strong>Grups de nivell<\/strong><br \/>\nAcabada la prova de nivell, els grups es formaran per l&#8217;equip t\u00e8cnic de l&#8217;escola, segons nivell i edat.<br \/>\nEs notificar\u00e0 per correu electr\u00f2nic les dates assignades als alumnes.[\/vc_column_text][vc_empty_space][\/vc_column][\/vc_row][vc_row][vc_column][vc_empty_space]<a href=\"https:\/\/forms.office.com\/r\/nMmM3ZBRGF\" class=\"sc_button sc_button_square sc_button_style_filled style_original sc_button_size_small boton3d margin_top_small margin_bottom_small\">FORMULARI DE PARTICIPACI\u00d3 EN L&#8217;ACTIVITAT<\/a>[vc_empty_space][\/vc_column][\/vc_row][vc_row full_width=&#8221;stretch_row&#8221; css=&#8221;.vc_custom_1639570810138{padding-top: 50px !important;padding-bottom: 40px !important;background-image: url(https:\/\/www.elche.es\/wp-content\/uploads\/2017\/12\/palmeral_cabecera-e1514289867944.png?id=44312) !important;}&#8221;][vc_column][vc_column_text]<\/p>\n<h3><span style=\"color: #ffffff;\">EXTRAESCOLARES EDUCACI\u00d3N VIAL<\/span><\/h3>\n<p>[\/vc_column_text][\/vc_column][\/vc_row]<\/p>\n<\/div>","protected":false},"excerpt":{"rendered":"<p>[vc_row full_width=&#8221;stretch_row&#8221; css=&#8221;.vc_custom_1639568357518{padding-top: 200px !important;padding-right: 120px !important;padding-bottom: 300px !important;padding-left: 120px !important;background-image: url(https:\/\/www.elche.es\/wp-content\/uploads\/2021\/12\/educacion-vial-policia-elche-scaled.jpg?id=176635) !important;}&#8221;][vc_column][\/vc_column][\/vc_row][vc_row full_width=&#8221;stretch_row_content_no_spaces&#8221; el_id=&#8221;bloque_menu_enlaces&#8221; el_class=&#8221;bloque_menu_paginas bloquemnuestop&#8221; css=&#8221;.vc_custom_1639501898591{background-color: rgba(0,23,43,0.8) !important;*background-color: rgb(0,23,43) !important;}&#8221;][vc_column el_class=&#8221;enlacespolicia&#8221;][\/vc_column][\/vc_row][vc_row][vc_column][vc_column_text][\/vc_column_text][\/vc_column][\/vc_row][vc_row][vc_column][vc_column_text css=&#8221;&#8221;] Extraescolars Educaci\u00f3 Vi\u00e0ria Els cursos per [&hellip;]<\/p>\n","protected":false},"author":77,"featured_media":0,"parent":4566,"menu_order":0,"comment_status":"closed","ping_status":"closed","template":"","meta":{"footnotes":""},"class_list":["post-351680","page","type-page","status-publish","hentry"],"_links":{"self":[{"href":"https:\/\/www.elche.es\/va\/wp-json\/wp\/v2\/pages\/351680","targetHints":{"allow":["GET"]}}],"collection":[{"href":"https:\/\/www.elche.es\/va\/wp-json\/wp\/v2\/pages"}],"about":[{"href":"https:\/\/www.elche.es\/va\/wp-json\/wp\/v2\/types\/page"}],"author":[{"embeddable":true,"href":"https:\/\/www.elche.es\/va\/wp-json\/wp\/v2\/users\/77"}],"replies":[{"embeddable":true,"href":"https:\/\/www.elche.es\/va\/wp-json\/wp\/v2\/comments?post=351680"}],"version-history":[{"count":6,"href":"https:\/\/www.elche.es\/va\/wp-json\/wp\/v2\/pages\/351680\/revisions"}],"predecessor-version":[{"id":351686,"href":"https:\/\/www.elche.es\/va\/wp-json\/wp\/v2\/pages\/351680\/revisions\/351686"}],"up":[{"embeddable":true,"href":"https:\/\/www.elche.es\/va\/wp-json\/wp\/v2\/pages\/4566"}],"wp:attachment":[{"href":"https:\/\/www.elche.es\/va\/wp-json\/wp\/v2\/media?parent=351680"}],"curies":[{"name":"wp","href":"https:\/\/api.w.org\/{rel}","templated":true}]}}