{"id":351768,"date":"2021-07-22T05:50:58","date_gmt":"2021-07-22T04:50:58","guid":{"rendered":"https:\/\/www.elche.es\/policia-local\/parc-infantil-de-transit\/en-bici-sin-edad\/"},"modified":"2026-02-17T09:32:01","modified_gmt":"2026-02-17T07:32:01","slug":"en-bici-sin-edad","status":"publish","type":"page","link":"https:\/\/www.elche.es\/va\/policia-local\/parc-infantil-de-transit\/en-bici-sin-edad\/","title":{"rendered":"En bici sense edat"},"content":{"rendered":"<div class=\"wpb-content-wrapper\"><p>[vc_row full_width=&#8221;stretch_row&#8221; css=&#8221;.vc_custom_1626938420248{border-left-width: 50px !important;padding-top: 130px !important;padding-right: 120px !important;padding-bottom: 320px !important;padding-left: 150px !important;background-image: url(https:\/\/www.elche.es\/wp-content\/uploads\/2021\/07\/en-bici-sin-edad-policia.jpg?id=155192) !important;}&#8221;][vc_column][\/vc_column][\/vc_row][vc_row][vc_column][\/vc_column][\/vc_row][vc_row][vc_column][vc_column_text]<nav aria-label=\"breadcrumbs\">\n            <div class=\"breadcrumb-container theme1\">\n                <ol>\n                                    <\/ol>\n            <\/div>\n        <\/nav>    <script type=\"application\/ld+json\">\n        {\n            \"@context\": \"http:\/\/schema.org\",\n            \"@type\": \"BreadcrumbList\",\n            \"itemListElement\": [\n                            ]\n        }\n    <\/script>\n    <style type=\"text\/css\">\n        .breadcrumb-container {\n            font-size: 13px;\n        }\n\n        .breadcrumb-container ul {\n            margin: 0;\n            padding: 0;\n        }\n\n        .breadcrumb-container li {\n            box-sizing: unset;\n            display: inline-block;\n            margin: 0;\n            padding: 0;\n        }\n\n        .breadcrumb-container li a {\n            box-sizing: unset;\n            padding: 0 10px;\n        }\n\n        .breadcrumb-container {\n            font-size: 3 !important;\n                    }\n\n        .breadcrumb-container li a {\n            color: #0a0a0a !important;\n            font-size: 3 !important;\n            line-height: 3 !important;\n                    }\n\n        .breadcrumb-container li .separator {\n            font-size: 3 !important;\n                    }\n\n        .breadcrumb-container li:last-child .separator {\n            display: none;\n        }\n    <\/style>\n    <style type=\"text\/css\">\n        .breadcrumb-container.theme1 li {\n            margin: 0;\n            padding: 0;\n        }\n        .breadcrumb-container.theme1 a {\n            background: ;\n            display: inline-block;\n            margin: 0 5px;\n            padding: 5px 10px;\n            text-decoration: none;\n        }\n    <\/style>\n        <style type=\"text\/css\">\n            <\/style>\n    <script>\n            <\/script>\n[\/vc_column_text][\/vc_column][\/vc_row][vc_row full_width=&#8221;stretch_row&#8221; css=&#8221;.vc_custom_1626936416442{padding-right: 100px !important;padding-bottom: 50px !important;background: #ffffff url(https:\/\/www.elche.es\/wp-content\/uploads\/2021\/07\/en-bici-sin-edad-policia-2.jpg?id=155203) !important;}&#8221;][vc_column]<div class=\"sc_content content_wrap\"><h1 class=\"sc_title sc_title_regular\"><\/h1>\n\t<div class=\"wpb_text_column wpb_content_element\" >\n\t\t<div class=\"wpb_wrapper\">\n\t\t\t<h3><span style=\"color: #ffffff;\">Com PARTICIPAR-HI?<\/span><\/h3>\n\n\t\t<\/div>\n\t<\/div>\n<\/div>[\/vc_column][\/vc_row][vc_row full_width=&#8221;stretch_row&#8221; css=&#8221;.vc_custom_1626936703008{background-color: #ffffff !important;}&#8221;][vc_column][vc_empty_space]<div class=\"sc_content content_wrap\">\n\t<div class=\"wpb_text_column wpb_content_element\" >\n\t\t<div class=\"wpb_wrapper\">\n\t\t\t<p>L&#8217;activitat la pot sol\u00b7licitar qualsevol persona, no \u00e9s necessari pert\u00e0nyer a cap centre o associaci\u00f3. L&#8217;activitat no t\u00e9 cost, ja que est\u00e0 subvencionada per l&#8217;Ajuntament d&#8217;Elx.<\/p>\n<p>Els passejos es realitzen en els dos tricicles el\u00e8ctrics de pedaleig assistit, amb capacitat per a dos persones adultes, fins i tot 3 xiquets xicotets per tricicle. La persona benefici\u00e0ria de l&#8217;activitat pot ser acompanyada per una altra persona en la seua mateixa situaci\u00f3 (parella, amic o amiga) o per un familiar (poden ser menors), cuidador, etc. Podeu indicar qualsevol dubte en l&#8217;apartat \u201cObservacions\u201d del formulari d&#8217;inscripci\u00f3 o enviar-la a <a href=\"mailto:enbicisinedad@elche.es\">enbicisinedad@elche.es<\/a><\/p>\n\n\t\t<\/div>\n\t<\/div>\n<a href=\"https:\/\/forms.office.com\/pages\/responsepage.aspx?id=EwzOCc_AIkqfsboUKiQqrbEprJqKY3hHmwiHC1go8gtUOTc5NEFaSTBPUEhVT0owQk1FM1BRRTRFSy4u\" class=\"sc_button sc_button_square sc_button_style_filled style_original sc_button_size_small boton3d margin_top_small margin_bottom_small\">FORMULARI DE PARTICIPACI\u00d3<\/a><div class=\"vc_empty_space\"   style=\"height: 32px\"><span class=\"vc_empty_space_inner\"><\/span><\/div><\/div>[\/vc_column][\/vc_row][vc_row full_width=&#8221;stretch_row&#8221; css=&#8221;.vc_custom_1626936416442{padding-right: 100px !important;padding-bottom: 50px !important;background: #ffffff url(https:\/\/www.elche.es\/wp-content\/uploads\/2021\/07\/en-bici-sin-edad-policia-2.jpg?id=155203) !important;}&#8221;][vc_column]<div class=\"sc_content content_wrap\"><h1 class=\"sc_title sc_title_regular\"><\/h1>\n\t<div class=\"wpb_text_column wpb_content_element\" >\n\t\t<div class=\"wpb_wrapper\">\n\t\t\t<h3><span style=\"color: #ffffff;\">Qu\u00e8 es &#8220;En bici sense edat&#8221;?<\/span><\/h3>\n\n\t\t<\/div>\n\t<\/div>\n<\/div>[\/vc_column][\/vc_row][vc_row][vc_column][vc_empty_space height=&#8221;10px&#8221;][vc_video link=&#8221;https:\/\/www.youtube.com\/watch?v=3byYf9xdRS8&#8243; align=&#8221;center&#8221;][vc_empty_space height=&#8221;10px&#8221;][vc_column_text css=&#8221;&#8221;]El projecte \u2018Amb bici sense edat &#8211; Elx\u2019 arranca en 2020 per a permetre que persones majors o amb mobilitat redu\u00efda tornen a passejar en bicicleta. L&#8217;objectiu \u00e9s fer gaudir de l&#8217;aire en la cara amb un recorregut, pel terme municipal d&#8217;Elx, a persones que per diverses circumst\u00e0ncies (edat avan\u00e7ada, mobilitat redu\u00efda, malaltia, etc.) porten anys sense un verdader passeig pel centre de la seua ciutat, la zona universit\u00e0ria, el palmerar il\u00b7licit\u00e0, que puguen tornar a gaudir de la brisa marina prop de la platja o qualsevol altre recorregut que les persones que sol\u00b7liciten este servici puguen proposar i siga factible.<\/p>\n<p>L&#8217;activitat t\u00e9 un marcat tint social, utilitzant la bicicleta com a ferramenta terap\u00e8utica demostrada, amb innombrables beneficis socials i ps\u00edquics per a totes aquelles persones que hi participen, tant passejadors com passejats. Fomenta les relacions interpersonals i intergeneracionals, ja que a m\u00e9s de passejar i veure l&#8217;entorn d&#8217;una manera m\u00e9s pr\u00f2xima i participativa, es compartixen xarrades i experi\u00e8ncies que enriquixen, sens dubte, l&#8217;experi\u00e8ncia del passeig.<\/p>\n<p>El recorregut es realitza amb tricicles de pedaleig assistit (el\u00e8ctrics), on ciclistes voluntaris i volunt\u00e0ries amb experi\u00e8ncia passegen les persones, que van assegudes en un banc encoixinat amb respatler situat en la part davantera del tricicle. A m\u00e9s, la zona de seient de passatgers disposa de sistemes de retenci\u00f3 (cinturons). Els tricicles tenen la seua base en les instal\u00b7lacions de la nostra Escola (Parc Infantil de Tr\u00e0nsit), amb inici i fi en esta, encara que la persona passejada pot triar l&#8217;opci\u00f3 de vindre o ser arreplegada en el seu domicili o un altre punt acordat.<\/p>\n<p>[\/vc_column_text][vc_empty_space height=&#8221;10px&#8221;][vc_empty_space height=&#8221;10px&#8221;][\/vc_column][\/vc_row][vc_row full_width=&#8221;stretch_row&#8221; css=&#8221;.vc_custom_1626936416442{padding-right: 100px !important;padding-bottom: 50px !important;background: #ffffff url(https:\/\/www.elche.es\/wp-content\/uploads\/2021\/07\/en-bici-sin-edad-policia-2.jpg?id=155203) !important;}&#8221;][vc_column]<div class=\"sc_content content_wrap\"><h1 class=\"sc_title sc_title_regular\"><\/h1>\n\t<div class=\"wpb_text_column wpb_content_element\" >\n\t\t<div class=\"wpb_wrapper\">\n\t\t\t<h3><span style=\"color: #ffffff;\">Com formar part del VOLUNTARIAT?<\/span><\/h3>\n\n\t\t<\/div>\n\t<\/div>\n<\/div>[\/vc_column][\/vc_row][vc_row full_width=&#8221;stretch_row&#8221; css=&#8221;.vc_custom_1626936703008{background-color: #ffffff !important;}&#8221;][vc_column][vc_empty_space]<div class=\"sc_content content_wrap\">\n\t<div class=\"wpb_text_column wpb_content_element\" >\n\t\t<div class=\"wpb_wrapper\">\n\t\t\t<p>Els voluntaris han de realitzar un curs obligat\u00f2riament per a poder circular amb este vehicle, planificar recorreguts i saber els detalls a tindre en compte durant l&#8217;activitat. Evidentment, la participaci\u00f3 en el projecte no est\u00e0 remunerada (voluntariat), sin\u00f3 que la gratificaci\u00f3 personal \u00e9s el pagament per participar en el foment de les relacions intergeneracionals, que \u00e9s un dels objectius fonamentals de l&#8217;activitat. Podeu indicar qualsevol dubte en l&#8217;apartat \u00abObservacions\u00bb del formulari d&#8217;inscripci\u00f3 o enviar-lo a <a href=\"mailto:enbicisinedad@elche.es\">enbicisinedad@elche.es<\/a><\/p>\n\n\t\t<\/div>\n\t<\/div>\n<div class=\"vc_empty_space\"   style=\"height: 32px\"><span class=\"vc_empty_space_inner\"><\/span><\/div><\/div>[\/vc_column][\/vc_row][vc_row][vc_column][vc_empty_space]<a href=\"https:\/\/forms.office.com\/Pages\/ResponsePage.aspx?id=EwzOCc_AIkqfsboUKiQqrcTMNLfISAtOkS3o_1X0YiBUNTRUVDZaSUJOUUhQN0NJV1dFVjJRMlNCMC4u\" class=\"sc_button sc_button_square sc_button_style_filled style_original sc_button_size_small boton3d margin_top_small margin_bottom_small\" style=\"````\">FORMULARI DE VOLUNTARIAT<\/a>[vc_empty_space][\/vc_column][\/vc_row]<\/p>\n<\/div>","protected":false},"excerpt":{"rendered":"Com PARTICIPAR-HI? L'activitat la pot sol\u00b7licitar qualsevol persona, no \u00e9s necessari pert\u00e0nyer a cap centre o associaci\u00f3. L'activitat no t\u00e9 cost, ja que est\u00e0 subvencionada per l'Ajuntament d'Elx. Els passejos [...]","protected":false},"author":77,"featured_media":0,"parent":4566,"menu_order":0,"comment_status":"closed","ping_status":"closed","template":"","meta":{"footnotes":""},"class_list":["post-351768","page","type-page","status-publish","hentry"],"_links":{"self":[{"href":"https:\/\/www.elche.es\/va\/wp-json\/wp\/v2\/pages\/351768","targetHints":{"allow":["GET"]}}],"collection":[{"href":"https:\/\/www.elche.es\/va\/wp-json\/wp\/v2\/pages"}],"about":[{"href":"https:\/\/www.elche.es\/va\/wp-json\/wp\/v2\/types\/page"}],"author":[{"embeddable":true,"href":"https:\/\/www.elche.es\/va\/wp-json\/wp\/v2\/users\/77"}],"replies":[{"embeddable":true,"href":"https:\/\/www.elche.es\/va\/wp-json\/wp\/v2\/comments?post=351768"}],"version-history":[{"count":6,"href":"https:\/\/www.elche.es\/va\/wp-json\/wp\/v2\/pages\/351768\/revisions"}],"predecessor-version":[{"id":352363,"href":"https:\/\/www.elche.es\/va\/wp-json\/wp\/v2\/pages\/351768\/revisions\/352363"}],"up":[{"embeddable":true,"href":"https:\/\/www.elche.es\/va\/wp-json\/wp\/v2\/pages\/4566"}],"wp:attachment":[{"href":"https:\/\/www.elche.es\/va\/wp-json\/wp\/v2\/media?parent=351768"}],"curies":[{"name":"wp","href":"https:\/\/api.w.org\/{rel}","templated":true}]}}