{"id":35494,"date":"2017-04-21T10:16:02","date_gmt":"2017-04-21T09:16:02","guid":{"rendered":"http:\/\/www.elche.es\/va\/elche-saludable\/semana-de-la-salud\/"},"modified":"2018-09-28T12:44:24","modified_gmt":"2018-09-28T11:44:24","slug":"setmana-de-la-salut","status":"publish","type":"page","link":"https:\/\/www.elche.es\/va\/elche-saludable\/setmana-de-la-salut\/","title":{"rendered":"Setmana de la Salut"},"content":{"rendered":"<div class=\"wpb-content-wrapper\"><p>[vc_row][vc_column][vc_column_text]<nav aria-label=\"breadcrumbs\">\n            <div class=\"breadcrumb-container theme1\">\n                <ol>\n                                    <\/ol>\n            <\/div>\n        <\/nav>    <script type=\"application\/ld+json\">\n        {\n            \"@context\": \"http:\/\/schema.org\",\n            \"@type\": \"BreadcrumbList\",\n            \"itemListElement\": [\n                            ]\n        }\n    <\/script>\n    <style type=\"text\/css\">\n        .breadcrumb-container {\n            font-size: 13px;\n        }\n\n        .breadcrumb-container ul {\n            margin: 0;\n            padding: 0;\n        }\n\n        .breadcrumb-container li {\n            box-sizing: unset;\n            display: inline-block;\n            margin: 0;\n            padding: 0;\n        }\n\n        .breadcrumb-container li a {\n            box-sizing: unset;\n            padding: 0 10px;\n        }\n\n        .breadcrumb-container {\n            font-size: 3 !important;\n                    }\n\n        .breadcrumb-container li a {\n            color: #0a0a0a !important;\n            font-size: 3 !important;\n            line-height: 3 !important;\n                    }\n\n        .breadcrumb-container li .separator {\n            font-size: 3 !important;\n                    }\n\n        .breadcrumb-container li:last-child .separator {\n            display: none;\n        }\n    <\/style>\n    <style type=\"text\/css\">\n        .breadcrumb-container.theme1 li {\n            margin: 0;\n            padding: 0;\n        }\n        .breadcrumb-container.theme1 a {\n            background: ;\n            display: inline-block;\n            margin: 0 5px;\n            padding: 5px 10px;\n            text-decoration: none;\n        }\n    <\/style>\n        <style type=\"text\/css\">\n            <\/style>\n    <script>\n            <\/script>\n[\/vc_column_text][\/vc_column][\/vc_row][vc_row full_width=&#8221;stretch_row&#8221; css=&#8221;.vc_custom_1538083577642{margin-bottom: 0px !important;padding-bottom: 270px !important;background-image: url(https:\/\/www.elche.es\/wp-content\/uploads\/2017\/04\/VAL-de-Banner-inicio.jpg?id=69856) !important;background-position: center !important;background-repeat: no-repeat !important;background-size: contain !important;}&#8221;][vc_column][vc_custom_heading text=&#8221;&#8221; font_container=&#8221;tag:h2|text_align:center|color:%23ffffff&#8221; google_fonts=&#8221;font_family:Ubuntu%3A300%2C300italic%2Cregular%2Citalic%2C500%2C500italic%2C700%2C700italic|font_style:700%20bold%20regular%3A700%3Anormal&#8221; css=&#8221;.vc_custom_1492762906397{padding-top: 80px !important;}&#8221; el_class=&#8221;sombraTitulo&#8221;][\/vc_column][\/vc_row][vc_row full_width=&#8221;stretch_row_content_no_spaces&#8221; css=&#8221;.vc_custom_1537878394798{margin-top: -5px !important;padding-top: 30px !important;padding-right: 30px !important;padding-bottom: 30px !important;padding-left: 30px !important;background-color: rgba(244,145,14,0.91) !important;*background-color: rgb(244,145,14) !important;}&#8221; el_id=&#8221;bloque_menu_enlaces&#8221;][vc_column]<div id=\"sc_section_285440830\" class=\"sc_section margin_right_large margin_left_large aligncenter\"><div class=\"sc_section_inner\"><div id=\"sc_section_285440830_scroll\" class=\"sc_scroll sc_scroll_horizontal swiper-slider-container scroll-container\" style=\"\"><div class=\"sc_scroll_wrapper swiper-wrapper\"><div class=\"sc_scroll_slide swiper-slide\">\r\n        \r\n        <a class=\"menuVC\"  href=\"https:\/\/www.elche.es\/va\/elche-saludable\/\"> <span> Benvinguda <\/span><\/a>\r\n        \r\n        <a class=\"menuVC\"  href=\"https:\/\/www.elche.es\/va\/elche-saludable\/setmana-de-la-salut\/\"> <span> Setmana de la Salut <\/span><\/a>\r\n        \r\n        <a class=\"menuVC\"  href=\"https:\/\/www.elche.es\/va\/elche-saludable\/jornada\/\"> <span> Jornada <\/span><\/a>\r\n        \r\n        <a class=\"menuVC\"  href=\"https:\/\/www.elche.es\/va\/elche-saludable\/jornadas-anteriores\/\"> <span> Jornades Anteriors <\/span><\/a>\r\n        \r\n        <a class=\"menuVC\"  href=\"https:\/\/www.elche.es\/va\/elche-saludable\/contacto\/\"> <span> Contacte <\/span><\/a><\/div><\/div><div id=\"sc_section_285440830_scroll_bar\" class=\"sc_scroll_bar sc_scroll_bar_horizontal sc_section_285440830_scroll_bar\"><\/div><\/div><\/div><\/div>[\/vc_column][\/vc_row][vc_row][vc_column][vc_empty_space height=&#8221;64px&#8221;][\/vc_column][\/vc_row][vc_row][vc_column][vc_custom_heading text=&#8221;Setmana de la Salut&#8221; font_container=&#8221;tag:h1|text_align:center&#8221; google_fonts=&#8221;font_family:Droid%20Serif%3Aregular%2Citalic%2C700%2C700italic|font_style:700%20bold%20regular%3A700%3Anormal&#8221;][\/vc_column][\/vc_row][vc_row][vc_column]<span class=\"sc_highlight\" style=\"color:rgba(0,0,0,0.8);\"><\/p>\n<p style=\"text-align: center\"><strong>La III Setmana de la Salut a Elx: Una proposta integral i integradora. <\/strong><\/p>\n<p style=\"text-align: center\">Del 15 al 20 d&#8217;octubre se celebra la III Setmana de la Salut emmarcada dins de la Implementaci\u00f3 Local de l&#8217;Estrat\u00e8gia de Promoci\u00f3 de la Salut i Prevenci\u00f3 a la qual est\u00e0 adherit l&#8217;Ajuntament d&#8217;Elx. Prop de 40 entitats sanit\u00e0ries, educatives, socials i ciutadanes han participat en la programaci\u00f3 setmanal. Aquest treball col\u00b7lectiu ha sigut impulsat i coordinat pel Servei de Dinamitzaci\u00f3 Comunit\u00e0ria de la Regidoria de Benestar Social. Les activitats es realitzen en diferents llocs i horaris al llarg de la setmana i estan enfocades a l&#8217;activitat f\u00edsica: Dansa creativa, Balls llatins, Passeig saludable.\u00a0Tamb\u00e9\u00a0es vetla pel Benestar Emocional amb tallers de ioga, relaxaci\u00f3 i es fomenten les relacions socials amb eixides a espais naturals i un taller de\u00a0risoter\u00e0pia\u00a0entre tots.\u00a0<span class=\"m_5117792451992348930gmail-hiddenGrammarError\">Cal destacar la col\u00b7laboraci\u00f3 dels departaments de Salut en incloure en la programaci\u00f3 xarrades<\/span>\u00a0sobre la prevenci\u00f3 i detecci\u00f3 de malalties. Des d&#8217;Elx Conviu, volem fer esment especial\u00a0<span class=\"m_5117792451992348930gmail-hiddenGrammarError\">al que<\/span>\u00a0ser\u00e0 la VI Jornada de la Salut en l&#8217;\u00c0mbit Comunitari que tindr\u00e0 lloc el 16 d&#8217;octubre;\u00a0moment en el qual la ciutadania, part\u00edcip del Diagn\u00f2stic en Salut<span class=\"m_5117792451992348930gmail-hiddenGrammarError\">,<\/span>\u00a0s&#8217;empodera, ja que no solament se&#8217;n preocupa sin\u00f3 que se n&#8217;ocupa.<\/p>\n<ul>\n<li><strong>Centre Social Altabix:<\/strong>\u00a0\u00a0C\/ Bernab\u00e9 del Campo la Torre,26<\/li>\n<li><strong>Centre Social Poeta Miguel Hern\u00e1ndez:<\/strong> C\/ Torres Quevedo,14<\/li>\n<li><strong>Centre Sociocultural El Raval:<\/strong>\u00a0C\/ Boix i Rosario,2<\/li>\n<li><strong>Centre Social Polivalent de Carr\u00fas:<\/strong>\u00a0C\/Antonio Brotons Pastor,72<\/li>\n<\/ul>\n<p><\/span>[vc_empty_space height=&#8221;64px&#8221;][vc_column_text]Per a inscripci\u00f3 de <strong>tallers per a empleats municipals (esquena i risoter\u00e0pia)<\/strong> enviar un correu amb les dades personals a <strong>elcheconvive@ayto-elche.es .<\/strong>[\/vc_column_text][vc_empty_space height=&#8221;64px&#8221;][vc_single_image image=&#8221;70133&#8243; img_size=&#8221;full&#8221;][vc_empty_space][vc_single_image image=&#8221;70135&#8243; img_size=&#8221;full&#8221;][vc_empty_space]\r\n        <p>\r\n        <span class=\"enlaces-titulo\"> PROGRAMA SETMANA DE LA SALUT 2018 <\/span> <span><a class=\"enlaces-link\" target='_blank'href=\"https:\/\/www.elche.es\/wp-content\/uploads\/2018\/09\/VAL-de-Triptico-iii-SEMANA-DE-LA-SALUD.pdf \">Veure enlla\u00e7<\/a><\/span>\r\n        <br>\r\n        <span class=\"enlaces-descripcion\"><\/span>\r\n        <\/p>\r\n        <hr class=\"enlaces-separador\">\r\n        [vc_empty_space][\/vc_column][\/vc_row][vc_row][vc_column]<div class=\"columns_wrap sc_columns columns_nofluid sc_columns_count_1\"><div class=\"column-1_1 sc_column_item sc_column_item_1 odd first\" style=\"text-align:center;\">[vc_empty_space][vc_custom_heading text=&#8221;Inscripci\u00f3&#8221; font_container=&#8221;tag:h1|text_align:center&#8221; google_fonts=&#8221;font_family:Droid%20Serif%3Aregular%2Citalic%2C700%2C700italic|font_style:400%20regular%3A400%3Anormal&#8221;][vc_raw_html]JTNDaWZyYW1lJTIwc3JjJTNEJTIyaHR0cHMlM0ElMkYlMkZkb2NzLmdvb2dsZS5jb20lMkZmb3JtcyUyRmQlMkZlJTJGMUZBSXBRTFNjY1Z6dWJLVnByN1VSNnVETjJFRldFNTYzWXBXVi1Uc2N3UGtRYlhLY0ZDQ1dlbEElMkZ2aWV3Zm9ybSUzRmVtYmVkZGVkJTNEdHJ1ZSUyMiUyMHdpZHRoJTNEJTIyMTAwJTI1JTIyJTIwaGVpZ2h0JTNEJTIyMTAwJTI1JTIyJTIwZnJhbWVib3JkZXIlM0QlMjIwJTIyJTIwbWFyZ2luaGVpZ2h0JTNEJTIyMCUyMiUyMG1hcmdpbndpZHRoJTNEJTIyMCUyMiUzRUNhcmdhbmRvLi4uJTNDJTJGaWZyYW1lJTNF[\/vc_raw_html][vc_empty_space height=&#8221;64px&#8221;]<\/div><\/div>[\/vc_column][\/vc_row]<\/p>\n<\/div>","protected":false},"excerpt":{"rendered":"<p>[vc_row][vc_column][vc_column_text][\/vc_column_text][\/vc_column][\/vc_row][vc_row full_width=&#8221;stretch_row&#8221; css=&#8221;.vc_custom_1538083577642{margin-bottom: 0px !important;padding-bottom: 270px !important;background-image: url(https:\/\/www.elche.es\/wp-content\/uploads\/2017\/04\/VAL-de-Banner-inicio.jpg?id=69856) !important;background-position: center !important;background-repeat: no-repeat !important;background-size: contain !important;}&#8221;][vc_column][vc_custom_heading text=&#8221;&#8221; font_container=&#8221;tag:h2|text_align:center|color:%23ffffff&#8221; google_fonts=&#8221;font_family:Ubuntu%3A300%2C300italic%2Cregular%2Citalic%2C500%2C500italic%2C700%2C700italic|font_style:700%20bold%20regular%3A700%3Anormal&#8221; css=&#8221;.vc_custom_1492762906397{padding-top: 80px !important;}&#8221; el_class=&#8221;sombraTitulo&#8221;][\/vc_column][\/vc_row][vc_row full_width=&#8221;stretch_row_content_no_spaces&#8221; css=&#8221;.vc_custom_1537878394798{margin-top: -5px !important;padding-top: 30px !important;padding-right: 30px !important;padding-bottom: [&hellip;]<\/p>\n","protected":false},"author":46,"featured_media":0,"parent":35488,"menu_order":0,"comment_status":"closed","ping_status":"closed","template":"","meta":{"footnotes":""},"class_list":["post-35494","page","type-page","status-publish","hentry"],"_links":{"self":[{"href":"https:\/\/www.elche.es\/va\/wp-json\/wp\/v2\/pages\/35494","targetHints":{"allow":["GET"]}}],"collection":[{"href":"https:\/\/www.elche.es\/va\/wp-json\/wp\/v2\/pages"}],"about":[{"href":"https:\/\/www.elche.es\/va\/wp-json\/wp\/v2\/types\/page"}],"author":[{"embeddable":true,"href":"https:\/\/www.elche.es\/va\/wp-json\/wp\/v2\/users\/46"}],"replies":[{"embeddable":true,"href":"https:\/\/www.elche.es\/va\/wp-json\/wp\/v2\/comments?post=35494"}],"version-history":[{"count":0,"href":"https:\/\/www.elche.es\/va\/wp-json\/wp\/v2\/pages\/35494\/revisions"}],"up":[{"embeddable":true,"href":"https:\/\/www.elche.es\/va\/wp-json\/wp\/v2\/pages\/35488"}],"wp:attachment":[{"href":"https:\/\/www.elche.es\/va\/wp-json\/wp\/v2\/media?parent=35494"}],"curies":[{"name":"wp","href":"https:\/\/api.w.org\/{rel}","templated":true}]}}