{"id":35566,"date":"2017-10-06T10:55:47","date_gmt":"2017-10-06T09:55:47","guid":{"rendered":"http:\/\/www.elche.es\/va\/elche-saludable\/jornada\/"},"modified":"2018-09-27T22:17:01","modified_gmt":"2018-09-27T21:17:01","slug":"jornada","status":"publish","type":"page","link":"https:\/\/www.elche.es\/va\/elche-saludable\/jornada\/","title":{"rendered":"Jornada"},"content":{"rendered":"<div class=\"wpb-content-wrapper\"><p>[vc_row][vc_column][vc_column_text]<nav aria-label=\"breadcrumbs\">\n            <div class=\"breadcrumb-container theme1\">\n                <ol>\n                                    <\/ol>\n            <\/div>\n        <\/nav>    <script type=\"application\/ld+json\">\n        {\n            \"@context\": \"http:\/\/schema.org\",\n            \"@type\": \"BreadcrumbList\",\n            \"itemListElement\": [\n                            ]\n        }\n    <\/script>\n    <style type=\"text\/css\">\n        .breadcrumb-container {\n            font-size: 13px;\n        }\n\n        .breadcrumb-container ul {\n            margin: 0;\n            padding: 0;\n        }\n\n        .breadcrumb-container li {\n            box-sizing: unset;\n            display: inline-block;\n            margin: 0;\n            padding: 0;\n        }\n\n        .breadcrumb-container li a {\n            box-sizing: unset;\n            padding: 0 10px;\n        }\n\n        .breadcrumb-container {\n            font-size: 3 !important;\n                    }\n\n        .breadcrumb-container li a {\n            color: #0a0a0a !important;\n            font-size: 3 !important;\n            line-height: 3 !important;\n                    }\n\n        .breadcrumb-container li .separator {\n            font-size: 3 !important;\n                    }\n\n        .breadcrumb-container li:last-child .separator {\n            display: none;\n        }\n    <\/style>\n    <style type=\"text\/css\">\n        .breadcrumb-container.theme1 li {\n            margin: 0;\n            padding: 0;\n        }\n        .breadcrumb-container.theme1 a {\n            background: ;\n            display: inline-block;\n            margin: 0 5px;\n            padding: 5px 10px;\n            text-decoration: none;\n        }\n    <\/style>\n        <style type=\"text\/css\">\n            <\/style>\n    <script>\n            <\/script>\n[\/vc_column_text][\/vc_column][\/vc_row][vc_row full_width=&#8221;stretch_row&#8221; css=&#8221;.vc_custom_1538082068193{margin-bottom: 0px !important;padding-bottom: 270px !important;background-image: url(https:\/\/www.elche.es\/wp-content\/uploads\/2017\/04\/VAL-de-Banner-inicio-1.jpg?id=69877) !important;background-position: center !important;background-repeat: no-repeat !important;background-size: contain !important;}&#8221;][vc_column][vc_custom_heading text=&#8221;&#8221; font_container=&#8221;tag:h2|text_align:center|color:%23ffffff&#8221; google_fonts=&#8221;font_family:Ubuntu%3A300%2C300italic%2Cregular%2Citalic%2C500%2C500italic%2C700%2C700italic|font_style:700%20bold%20regular%3A700%3Anormal&#8221; css=&#8221;.vc_custom_1492762906397{padding-top: 80px !important;}&#8221; el_class=&#8221;sombraTitulo&#8221;][\/vc_column][\/vc_row][vc_row full_width=&#8221;stretch_row_content_no_spaces&#8221; css=&#8221;.vc_custom_1538082189514{margin-top: -5px !important;padding-top: 30px !important;padding-right: 30px !important;padding-bottom: 30px !important;padding-left: 30px !important;background-color: rgba(152,107,211,0.91) !important;*background-color: rgb(152,107,211) !important;}&#8221; el_id=&#8221;bloque_menu_enlaces&#8221;][vc_column]<div id=\"sc_section_433607474\" class=\"sc_section margin_right_large margin_left_large aligncenter\"><div class=\"sc_section_inner\"><div id=\"sc_section_433607474_scroll\" class=\"sc_scroll sc_scroll_horizontal swiper-slider-container scroll-container\" style=\"\"><div class=\"sc_scroll_wrapper swiper-wrapper\"><div class=\"sc_scroll_slide swiper-slide\">\r\n        \r\n        <a class=\"menuVC\"  href=\"https:\/\/www.elche.es\/va\/elche-saludable\/\"> <span> Benvinguda <\/span><\/a>\r\n        \r\n        <a class=\"menuVC\"  href=\"https:\/\/www.elche.es\/va\/elche-saludable\/setmana-de-la-salut\/\"> <span> Setmana de la Salut <\/span><\/a>\r\n        \r\n        <a class=\"menuVC\"  href=\"https:\/\/www.elche.es\/va\/elche-saludable\/jornada\/\"> <span> Jornada <\/span><\/a>\r\n        \r\n        <a class=\"menuVC\"  href=\"https:\/\/www.elche.es\/va\/elche-saludable\/jornadas-anteriores\/\"> <span> Jornades Anteriors <\/span><\/a>\r\n        \r\n        <a class=\"menuVC\"  href=\"https:\/\/www.elche.es\/va\/elche-saludable\/contacto\/\"> <span> Contacte <\/span><\/a><\/div><\/div><div id=\"sc_section_433607474_scroll_bar\" class=\"sc_scroll_bar sc_scroll_bar_horizontal sc_section_433607474_scroll_bar\"><\/div><\/div><\/div><\/div>[\/vc_column][\/vc_row][vc_row][vc_column][vc_empty_space height=&#8221;64px&#8221;][\/vc_column][\/vc_row][vc_row][vc_column][vc_custom_heading text=&#8221;VI Jornada de promoci\u00f3 de la salut en l&#8217;\u00e0mbit comunitari&#8221; font_container=&#8221;tag:h2|text_align:center&#8221; google_fonts=&#8221;font_family:Droid%20Serif%3Aregular%2Citalic%2C700%2C700italic|font_style:700%20bold%20regular%3A700%3Anormal&#8221;][vc_empty_space][\/vc_column][\/vc_row][vc_row][vc_column]<span class=\"sc_highlight\" style=\"color:#000000;\"><\/p>\n<p style=\"text-align: center\"><strong>VI Jornada de Promoci\u00f3 de la Salut en l&#8217;\u00c0mbit Comunitari: Diagn\u00f2stic i Propostes de Salut Comunit\u00e0ria. <\/strong><\/p>\n<p style=\"text-align: center\">En\u00a0el marc de la Implementaci\u00f3 Local de l&#8217;Estrat\u00e8gia de Promoci\u00f3 de la Salut i de la Xarxa Valenciana &#8220;Xarxa Salut&#8221;, s&#8217;est\u00e0 duent a terme un proc\u00e9s de diagn\u00f2stic sobre l&#8217;estat de salut i de promoci\u00f3 de la salut del municipi. Per a aix\u00f2, s&#8217;ha plantejat una visi\u00f3\u00a0<span class=\"m_5117792451992348930gmail-hiddenGrammarError\">tant<\/span>\u00a0quantitativa com qualitativa. D&#8217;una banda, presentant indicadors objectius com la morbiditat o la pir\u00e0mide poblacional. Per un altre, aprofundint en els discursos dels diferents agents de la comunitat. S&#8217;han entrevistat informants clau de l&#8217;\u00e0mbit de la Salut, l&#8217;Educaci\u00f3, el Benestar Social o l&#8217;Esport. Es complementa la informaci\u00f3 amb audicions que rescaten les opinions\u00a0<span class=\"m_5117792451992348930gmail-hiddenGrammarError\">de la poblaci\u00f3<\/span>\u00a0en les diferents etapes del cicle de vida i que busquen tamb\u00e9 una an\u00e0lisi per g\u00e8nere, escoltant diferents grups de dones<span class=\"m_5117792451992348930gmail-hiddenGrammarError\">. Com<\/span>\u00a0a culminaci\u00f3 d&#8217;aquest proc\u00e9s, us presentem i us convidem a les VI Jornades de la Salut en l&#8217;\u00c0mbit Comunitari: Diagn\u00f2stic i Propostes en Salut Comunit\u00e0ria. En aquesta trobada es pret\u00e9n socialitzar els resultats d&#8217;aquesta recerca i treballar en grups que consideren i prioritzen les diferents propostes d&#8217;actuaci\u00f3 per als anys esdevenidors. La intenci\u00f3 \u00e9s que siga un espai participatiu, que responga a les necessitats i aspiracions sentides i que posen sobre la taula l&#8217;estat i el rumb de la nostra intervenci\u00f3 en salut\u00a0<span class=\"m_5117792451992348930gmail-hiddenGrammarError\">comunit\u00e0ria.<\/span><\/p>\n<p><\/span>[vc_empty_space height=&#8221;64px&#8221;][vc_single_image image=&#8221;70122&#8243; img_size=&#8221;full&#8221;][vc_empty_space][vc_single_image image=&#8221;70124&#8243; img_size=&#8221;full&#8221;][vc_empty_space]\r\n        <p>\r\n        <span class=\"enlaces-titulo\"> D\u00cdPTIC JORNADA 2018 <\/span> <span><a class=\"enlaces-link\" target='_blank'href=\"https:\/\/www.elche.es\/wp-content\/uploads\/2018\/09\/VAL-de-programa-VI-jornadas.pdf \">Veure enlla\u00e7<\/a><\/span>\r\n        <br>\r\n        <span class=\"enlaces-descripcion\"><\/span>\r\n        <\/p>\r\n        <hr class=\"enlaces-separador\">\r\n        [vc_empty_space][\/vc_column][\/vc_row][vc_row][vc_column]<div class=\"columns_wrap sc_columns columns_nofluid sc_columns_count_1\"><div class=\"column-1_1 sc_column_item sc_column_item_1 odd first\" style=\"text-align:center;\">[vc_custom_heading text=&#8221;Inscripci\u00f3 Jornada&#8221; font_container=&#8221;tag:h1|text_align:center&#8221; google_fonts=&#8221;font_family:Droid%20Serif%3Aregular%2Citalic%2C700%2C700italic|font_style:400%20regular%3A400%3Anormal&#8221;][vc_raw_html]JTNDaWZyYW1lJTIwc3JjJTNEJTIyaHR0cHMlM0ElMkYlMkZkb2NzLmdvb2dsZS5jb20lMkZmb3JtcyUyRmQlMkZlJTJGMUZBSXBRTFNmcGVZdmpCUXpEZjJKUFFXd1NzREN0a1BSanBOTXp6bGRPbXFIcWg4dU5Way1SV1ElMkZ2aWV3Zm9ybSUzRmVtYmVkZGVkJTNEdHJ1ZSUyMiUyMHdpZHRoJTNEJTIyMTAwJTI1JTIyJTIwaGVpZ2h0JTNEJTIyMTAwJTI1JTIyJTIwZnJhbWVib3JkZXIlM0QlMjIwJTIyJTIwbWFyZ2luaGVpZ2h0JTNEJTIyMCUyMiUyMG1hcmdpbndpZHRoJTNEJTIyMCUyMiUzRUNhcmdhbmRvLi4uJTNDJTJGaWZyYW1lJTNF[\/vc_raw_html][vc_empty_space height=&#8221;64px&#8221;]<\/div><\/div>[\/vc_column][\/vc_row]<\/p>\n<\/div>","protected":false},"excerpt":{"rendered":"<p>[vc_row][vc_column][vc_column_text][\/vc_column_text][\/vc_column][\/vc_row][vc_row full_width=&#8221;stretch_row&#8221; css=&#8221;.vc_custom_1538082068193{margin-bottom: 0px !important;padding-bottom: 270px !important;background-image: url(https:\/\/www.elche.es\/wp-content\/uploads\/2017\/04\/VAL-de-Banner-inicio-1.jpg?id=69877) !important;background-position: center !important;background-repeat: no-repeat !important;background-size: contain !important;}&#8221;][vc_column][vc_custom_heading text=&#8221;&#8221; font_container=&#8221;tag:h2|text_align:center|color:%23ffffff&#8221; google_fonts=&#8221;font_family:Ubuntu%3A300%2C300italic%2Cregular%2Citalic%2C500%2C500italic%2C700%2C700italic|font_style:700%20bold%20regular%3A700%3Anormal&#8221; css=&#8221;.vc_custom_1492762906397{padding-top: 80px !important;}&#8221; el_class=&#8221;sombraTitulo&#8221;][\/vc_column][\/vc_row][vc_row full_width=&#8221;stretch_row_content_no_spaces&#8221; css=&#8221;.vc_custom_1538082189514{margin-top: -5px !important;padding-top: 30px !important;padding-right: 30px !important;padding-bottom: [&hellip;]<\/p>\n","protected":false},"author":131,"featured_media":0,"parent":35488,"menu_order":0,"comment_status":"closed","ping_status":"closed","template":"","meta":{"footnotes":""},"class_list":["post-35566","page","type-page","status-publish","hentry"],"_links":{"self":[{"href":"https:\/\/www.elche.es\/va\/wp-json\/wp\/v2\/pages\/35566","targetHints":{"allow":["GET"]}}],"collection":[{"href":"https:\/\/www.elche.es\/va\/wp-json\/wp\/v2\/pages"}],"about":[{"href":"https:\/\/www.elche.es\/va\/wp-json\/wp\/v2\/types\/page"}],"author":[{"embeddable":true,"href":"https:\/\/www.elche.es\/va\/wp-json\/wp\/v2\/users\/131"}],"replies":[{"embeddable":true,"href":"https:\/\/www.elche.es\/va\/wp-json\/wp\/v2\/comments?post=35566"}],"version-history":[{"count":0,"href":"https:\/\/www.elche.es\/va\/wp-json\/wp\/v2\/pages\/35566\/revisions"}],"up":[{"embeddable":true,"href":"https:\/\/www.elche.es\/va\/wp-json\/wp\/v2\/pages\/35488"}],"wp:attachment":[{"href":"https:\/\/www.elche.es\/va\/wp-json\/wp\/v2\/media?parent=35566"}],"curies":[{"name":"wp","href":"https:\/\/api.w.org\/{rel}","templated":true}]}}