{"id":37853,"date":"2017-10-30T10:42:48","date_gmt":"2017-10-30T09:42:48","guid":{"rendered":"http:\/\/www.elche.es\/va\/?page_id=37853"},"modified":"2018-02-13T13:24:05","modified_gmt":"2018-02-13T12:24:05","slug":"propostes-viables-pressupost-participatiu-2017","status":"publish","type":"page","link":"https:\/\/www.elche.es\/va\/participacio-ciutadana\/pressupost-participatiu\/pressupost-participatiu-2017\/propostes-viables-pressupost-participatiu-2017\/","title":{"rendered":"Propostes Pressupost Participatiu 2017"},"content":{"rendered":"<div class=\"wpb-content-wrapper\"><p>[vc_row full_width=&#8221;stretch_row&#8221; css=&#8221;.vc_custom_1496918740970{padding-top: 120px !important;padding-right: 120px !important;padding-bottom: 270px !important;padding-left: 120px !important;background-image: url(https:\/\/www.elche.es\/wp-content\/uploads\/2016\/10\/baner-trazado-otro-1.jpg?id=25246) !important;background-position: center !important;background-repeat: no-repeat !important;background-size: cover !important;}&#8221;][vc_column][vc_custom_heading text=&#8221;Pressupost Participatiu 2017&#8243; font_container=&#8221;tag:h2|text_align:center|color:%23ffffff&#8221; google_fonts=&#8221;font_family:Ubuntu%3A300%2C300italic%2Cregular%2Citalic%2C500%2C500italic%2C700%2C700italic|font_style:700%20bold%20regular%3A700%3Anormal&#8221; css=&#8221;.vc_custom_1496918810790{padding-top: 80px !important;}&#8221; el_class=&#8221;sombraTitulo&#8221;][\/vc_column][\/vc_row][vc_row full_width=&#8221;stretch_row&#8221; css=&#8221;.vc_custom_1475484188729{background-color: #dddde0 !important;}&#8221;][vc_column][vc_column_text]<nav aria-label=\"breadcrumbs\">\n            <div class=\"breadcrumb-container theme1\">\n                <ol>\n                                    <\/ol>\n            <\/div>\n        <\/nav>    <script type=\"application\/ld+json\">\n        {\n            \"@context\": \"http:\/\/schema.org\",\n            \"@type\": \"BreadcrumbList\",\n            \"itemListElement\": [\n                            ]\n        }\n    <\/script>\n    <style type=\"text\/css\">\n        .breadcrumb-container {\n            font-size: 13px;\n        }\n\n        .breadcrumb-container ul {\n            margin: 0;\n            padding: 0;\n        }\n\n        .breadcrumb-container li {\n            box-sizing: unset;\n            display: inline-block;\n            margin: 0;\n            padding: 0;\n        }\n\n        .breadcrumb-container li a {\n            box-sizing: unset;\n            padding: 0 10px;\n        }\n\n        .breadcrumb-container {\n            font-size: 3 !important;\n                    }\n\n        .breadcrumb-container li a {\n            color: #0a0a0a !important;\n            font-size: 3 !important;\n            line-height: 3 !important;\n                    }\n\n        .breadcrumb-container li .separator {\n            font-size: 3 !important;\n                    }\n\n        .breadcrumb-container li:last-child .separator {\n            display: none;\n        }\n    <\/style>\n    <style type=\"text\/css\">\n        .breadcrumb-container.theme1 li {\n            margin: 0;\n            padding: 0;\n        }\n        .breadcrumb-container.theme1 a {\n            background: ;\n            display: inline-block;\n            margin: 0 5px;\n            padding: 5px 10px;\n            text-decoration: none;\n        }\n    <\/style>\n        <style type=\"text\/css\">\n            <\/style>\n    <script>\n            <\/script>\n[\/vc_column_text][\/vc_column][\/vc_row][vc_row][vc_column]<h3 class=\"sc_title sc_title_regular margin_top_tiny\">Pressupost Participatiu 2017<\/h3>[vc_raw_html]JTNDYnIlM0UlMEElM0NkaXYlMjBkYXRhLXR5cGUlM0QlMjJBd2Vzb21lVGFibGVWaWV3JTIyJTIwZGF0YS12aWV3SUQlM0QlMjItTDBuWGptUjlxTjNFNFFOQ01VVCUyMiUzRSUzQyUyRmRpdiUzRSUwQSUwQSUzQ3NjcmlwdCUyMHNyYyUzRCUyMmh0dHBzJTNBJTJGJTJGYXdlc29tZS10YWJsZS5jb20lMkZBd2Vzb21lVGFibGVJbmNsdWRlLmpzJTIyJTNFJTNDJTJGc2NyaXB0JTNF[\/vc_raw_html][vc_empty_space][vc_column_text]Despr\u00e9s d&#8217;una valoraci\u00f3 detallada de les propostes presentades al <strong>Pressupost Participatiu<\/strong> durant la primera etapa del seu proc\u00e9s, es fa p\u00fablic el <strong>llistat de les propostes <\/strong>del <strong>Pressupost Participatiu 2017<\/strong>. Per a la realitzaci\u00f3 d&#8217;aquest llistat, els \/ les t\u00e8cnics \/ ques municipals de l&#8217;Ajuntament de les \u00e0rees implicades han realitzat un <strong>estudi de la viabilitat t\u00e8cnica, econ\u00f2mica i competencial<\/strong> de les propostes, amb l&#8217;objecte de:<\/p>\n<ul>\n<li>Determinar si l&#8217;Ajuntament d&#8217;Elx t\u00e9 les compet\u00e8ncies per executar i portar a terme la proposta.<\/li>\n<li>Certificar que no hi ha impediments t\u00e8cnics ni legals per fer la proposta.<\/li>\n<li>Valorar econ\u00f2micament les propostes.<\/li>\n<li>Classificar les propostes en viables i no viables.<\/li>\n<\/ul>\n<p>Aix\u00ed mateix, una <strong>Comissi\u00f3 Especialista<\/strong> en les diferents mat\u00e8ries ha aplicat una s\u00e8rie de criteris basats en el concepte d&#8217;<strong>impacte social<\/strong> i el principi general del qual \u00e9s la <strong>millora de la qualitat de vida<\/strong> dels il\u00b7licitans i les il\u00b7licitanes:<\/p>\n<ul>\n<li>Poblaci\u00f3 benefici\u00e0ria<\/li>\n<li>Igualtat de g\u00e8nere<\/li>\n<li>Reducci\u00f3 de la desigualtat social<\/li>\n<li>Cohesi\u00f3 social<\/li>\n<li>Desenvolupament sostenible<\/li>\n<li>Creaci\u00f3 de recursos i \/ o inversions nous<\/li>\n<li>Potenciaci\u00f3 d&#8217;elements i recursos culturals o esportius<\/li>\n<li>Foment de la participaci\u00f3 de la ciutadania<\/li>\n<\/ul>\n<p>Del resultat d&#8217;aquesta an\u00e0lisi es va publicar un llistat amb les propostes objecte de votaci\u00f3. Des el <strong>13 de novembre al 10 de desembre de 2017,<\/strong>\u00a0la ciutadania d&#8217;Elx va tenir l&#8217;oportunitat de votar les propostes de la seua zona. La relaci\u00f3 de propostes que es mostra a continuaci\u00f3 cont\u00e9 les <strong>propostes viables i no viables i les propostes votades<\/strong> per a la seua execuci\u00f3 en 2018.[\/vc_column_text][\/vc_column][\/vc_row][vc_column][\/vc_column][vc_row][vc_column]<h3 class=\"sc_title sc_title_regular margin_top_tiny\">Pressupost Participatiu 2017<\/h3>[\/vc_column][\/vc_row][vc_row][vc_column][vc_empty_space][\/vc_column][\/vc_row]<\/p>\n<\/div>","protected":false},"excerpt":{"rendered":"<p>[vc_row full_width=&#8221;stretch_row&#8221; css=&#8221;.vc_custom_1496918740970{padding-top: 120px !important;padding-right: 120px !important;padding-bottom: 270px !important;padding-left: 120px !important;background-image: url(https:\/\/www.elche.es\/wp-content\/uploads\/2016\/10\/baner-trazado-otro-1.jpg?id=25246) !important;background-position: center !important;background-repeat: no-repeat !important;background-size: cover !important;}&#8221;][vc_column][vc_custom_heading text=&#8221;Pressupost Participatiu 2017&#8243; font_container=&#8221;tag:h2|text_align:center|color:%23ffffff&#8221; google_fonts=&#8221;font_family:Ubuntu%3A300%2C300italic%2Cregular%2Citalic%2C500%2C500italic%2C700%2C700italic|font_style:700%20bold%20regular%3A700%3Anormal&#8221; css=&#8221;.vc_custom_1496918810790{padding-top: 80px !important;}&#8221; el_class=&#8221;sombraTitulo&#8221;][\/vc_column][\/vc_row][vc_row full_width=&#8221;stretch_row&#8221; css=&#8221;.vc_custom_1475484188729{background-color: [&hellip;]<\/p>\n","protected":false},"author":20,"featured_media":37871,"parent":13385,"menu_order":0,"comment_status":"closed","ping_status":"closed","template":"","meta":{"footnotes":""},"class_list":["post-37853","page","type-page","status-publish","has-post-thumbnail","hentry"],"_links":{"self":[{"href":"https:\/\/www.elche.es\/va\/wp-json\/wp\/v2\/pages\/37853","targetHints":{"allow":["GET"]}}],"collection":[{"href":"https:\/\/www.elche.es\/va\/wp-json\/wp\/v2\/pages"}],"about":[{"href":"https:\/\/www.elche.es\/va\/wp-json\/wp\/v2\/types\/page"}],"author":[{"embeddable":true,"href":"https:\/\/www.elche.es\/va\/wp-json\/wp\/v2\/users\/20"}],"replies":[{"embeddable":true,"href":"https:\/\/www.elche.es\/va\/wp-json\/wp\/v2\/comments?post=37853"}],"version-history":[{"count":0,"href":"https:\/\/www.elche.es\/va\/wp-json\/wp\/v2\/pages\/37853\/revisions"}],"up":[{"embeddable":true,"href":"https:\/\/www.elche.es\/va\/wp-json\/wp\/v2\/pages\/13385"}],"wp:featuredmedia":[{"embeddable":true,"href":"https:\/\/www.elche.es\/va\/wp-json\/wp\/v2\/media\/37871"}],"wp:attachment":[{"href":"https:\/\/www.elche.es\/va\/wp-json\/wp\/v2\/media?parent=37853"}],"curies":[{"name":"wp","href":"https:\/\/api.w.org\/{rel}","templated":true}]}}