{"id":38656,"date":"2017-11-06T09:38:45","date_gmt":"2017-11-06T08:38:45","guid":{"rendered":"http:\/\/www.elche.es\/va\/hisenda\/autoliquidaciones\/"},"modified":"2022-04-01T10:57:00","modified_gmt":"2022-04-01T09:57:00","slug":"autoliquidacions","status":"publish","type":"page","link":"https:\/\/www.elche.es\/va\/hisenda\/autoliquidacions\/","title":{"rendered":"Autoliquidacions"},"content":{"rendered":"<div class=\"wpb-content-wrapper\"><p>[vc_row full_width=&#8221;stretch_row&#8221; css=&#8221;.vc_custom_1475484188729{background-color: #dddde0 !important;}&#8221;][vc_column][vc_column_text]<nav aria-label=\"breadcrumbs\">\n            <div class=\"breadcrumb-container theme1\">\n                <ol>\n                                    <\/ol>\n            <\/div>\n        <\/nav>    <script type=\"application\/ld+json\">\n        {\n            \"@context\": \"http:\/\/schema.org\",\n            \"@type\": \"BreadcrumbList\",\n            \"itemListElement\": [\n                            ]\n        }\n    <\/script>\n    <style type=\"text\/css\">\n        .breadcrumb-container {\n            font-size: 13px;\n        }\n\n        .breadcrumb-container ul {\n            margin: 0;\n            padding: 0;\n        }\n\n        .breadcrumb-container li {\n            box-sizing: unset;\n            display: inline-block;\n            margin: 0;\n            padding: 0;\n        }\n\n        .breadcrumb-container li a {\n            box-sizing: unset;\n            padding: 0 10px;\n        }\n\n        .breadcrumb-container {\n            font-size: 3 !important;\n                    }\n\n        .breadcrumb-container li a {\n            color: #0a0a0a !important;\n            font-size: 3 !important;\n            line-height: 3 !important;\n                    }\n\n        .breadcrumb-container li .separator {\n            font-size: 3 !important;\n                    }\n\n        .breadcrumb-container li:last-child .separator {\n            display: none;\n        }\n    <\/style>\n    <style type=\"text\/css\">\n        .breadcrumb-container.theme1 li {\n            margin: 0;\n            padding: 0;\n        }\n        .breadcrumb-container.theme1 a {\n            background: ;\n            display: inline-block;\n            margin: 0 5px;\n            padding: 5px 10px;\n            text-decoration: none;\n        }\n    <\/style>\n        <style type=\"text\/css\">\n            <\/style>\n    <script>\n            <\/script>\n[\/vc_column_text][\/vc_column][\/vc_row][vc_row css=&#8221;.vc_custom_1475488264405{padding-bottom: 40px !important;}&#8221; el_id=&#8221;bloque_basica&#8221;][vc_column]<div class=\"sc_content content_wrap\"><h3 class=\"sc_title sc_title_regular margin_top_tiny\">Autoliquidacions<\/h3>[vc_column_text]Enlla\u00e7os a autoliquidacions gen\u00e8riques, aix\u00ed com a autoliquidaci\u00f3\u00a0IIVTNU\u00a0(Plusv\u00e0lua)<\/p>\n<p>&nbsp;<\/p>\n<p>[\/vc_column_text]<\/div><div class=\"sc_content content_wrap\">\r\n        <p>\r\n        <span class=\"enlaces-titulo\"> Autoliquidacions. Pagament on line <\/span> <span><a class=\"enlaces-link\" target='_blank'href=\"https:\/\/aplicaciones.elche.es\/Autoliquidaciones\/ \">Veure enlla\u00e7<\/a><\/span>\r\n        <br>\r\n        <span class=\"enlaces-descripcion\">Genera un document PDF d'autoliquidaci\u00f3 que podr\u00e0 imprimir i pagar en qualsevol OFICINA BANC\u00c0RIA o b\u00e9 a trav\u00e9s del nostre servei de Pagament On-line.<\/span>\r\n        <\/p>\r\n        <hr class=\"enlaces-separador\">\r\n        <\/div><div class=\"sc_content content_wrap\">\r\n        <p>\r\n        <span class=\"enlaces-titulo\"> Estimaci\u00f3 del cost de l'Impost sobre l'Increment del Valor de Terrenys de Naturalesa Urbana (IIVTNU - Plusv\u00e0lua) <\/span> <span><a class=\"enlaces-link\" target='_blank'href=\"https:\/\/www.suma.es\/AutoLiquidaciones\/?organismo=143&amp;concepto=PV&amp;calculo=true&amp;idioma=ca \">Veure enlla\u00e7<\/a><\/span>\r\n        <br>\r\n        <span class=\"enlaces-descripcion\">C\u00e0lcul informatiu de la quota de l'impost de Plusv\u00e0lua<\/span>\r\n        <\/p>\r\n        <hr class=\"enlaces-separador\">\r\n        <\/div>[\/vc_column][\/vc_row]<\/p>\n<\/div>","protected":false},"excerpt":{"rendered":"<p>[vc_row full_width=&#8221;stretch_row&#8221; css=&#8221;.vc_custom_1475484188729{background-color: #dddde0 !important;}&#8221;][vc_column][vc_column_text][\/vc_column_text][\/vc_column][\/vc_row][vc_row css=&#8221;.vc_custom_1475488264405{padding-bottom: 40px !important;}&#8221; el_id=&#8221;bloque_basica&#8221;][vc_column][\/vc_column][\/vc_row]<\/p>\n","protected":false},"author":131,"featured_media":0,"parent":7015,"menu_order":0,"comment_status":"closed","ping_status":"closed","template":"","meta":{"footnotes":""},"class_list":["post-38656","page","type-page","status-publish","hentry"],"_links":{"self":[{"href":"https:\/\/www.elche.es\/va\/wp-json\/wp\/v2\/pages\/38656","targetHints":{"allow":["GET"]}}],"collection":[{"href":"https:\/\/www.elche.es\/va\/wp-json\/wp\/v2\/pages"}],"about":[{"href":"https:\/\/www.elche.es\/va\/wp-json\/wp\/v2\/types\/page"}],"author":[{"embeddable":true,"href":"https:\/\/www.elche.es\/va\/wp-json\/wp\/v2\/users\/131"}],"replies":[{"embeddable":true,"href":"https:\/\/www.elche.es\/va\/wp-json\/wp\/v2\/comments?post=38656"}],"version-history":[{"count":0,"href":"https:\/\/www.elche.es\/va\/wp-json\/wp\/v2\/pages\/38656\/revisions"}],"up":[{"embeddable":true,"href":"https:\/\/www.elche.es\/va\/wp-json\/wp\/v2\/pages\/7015"}],"wp:attachment":[{"href":"https:\/\/www.elche.es\/va\/wp-json\/wp\/v2\/media?parent=38656"}],"curies":[{"name":"wp","href":"https:\/\/api.w.org\/{rel}","templated":true}]}}