{"id":41771,"date":"2017-11-27T10:30:07","date_gmt":"2017-11-27T09:30:07","guid":{"rendered":"http:\/\/www.elche.es\/va\/benestar-social\/directori-de-centres\/centro-social-polivalente-carrus\/"},"modified":"2022-02-11T11:46:53","modified_gmt":"2022-02-11T10:46:53","slug":"centro-social-polivalente-carrus","status":"publish","type":"page","link":"https:\/\/www.elche.es\/va\/derechos-sociales\/directorio-de-centros\/centro-social-polivalente-carrus\/","title":{"rendered":"Centre Social Polivalent Carr\u00fas"},"content":{"rendered":"<div class=\"wpb-content-wrapper\"><p>[vc_row][vc_column][vc_column_text]<nav aria-label=\"breadcrumbs\">\n            <div class=\"breadcrumb-container theme1\">\n                <ol>\n                                    <\/ol>\n            <\/div>\n        <\/nav>    <script type=\"application\/ld+json\">\n        {\n            \"@context\": \"http:\/\/schema.org\",\n            \"@type\": \"BreadcrumbList\",\n            \"itemListElement\": [\n                            ]\n        }\n    <\/script>\n    <style type=\"text\/css\">\n        .breadcrumb-container {\n            font-size: 13px;\n        }\n\n        .breadcrumb-container ul {\n            margin: 0;\n            padding: 0;\n        }\n\n        .breadcrumb-container li {\n            box-sizing: unset;\n            display: inline-block;\n            margin: 0;\n            padding: 0;\n        }\n\n        .breadcrumb-container li a {\n            box-sizing: unset;\n            padding: 0 10px;\n        }\n\n        .breadcrumb-container {\n            font-size: 3 !important;\n                    }\n\n        .breadcrumb-container li a {\n            color: #0a0a0a !important;\n            font-size: 3 !important;\n            line-height: 3 !important;\n                    }\n\n        .breadcrumb-container li .separator {\n            font-size: 3 !important;\n                    }\n\n        .breadcrumb-container li:last-child .separator {\n            display: none;\n        }\n    <\/style>\n    <style type=\"text\/css\">\n        .breadcrumb-container.theme1 li {\n            margin: 0;\n            padding: 0;\n        }\n        .breadcrumb-container.theme1 a {\n            background: ;\n            display: inline-block;\n            margin: 0 5px;\n            padding: 5px 10px;\n            text-decoration: none;\n        }\n    <\/style>\n        <style type=\"text\/css\">\n            <\/style>\n    <script>\n            <\/script>\n[\/vc_column_text][\/vc_column][\/vc_row][vc_row][vc_column][vc_empty_space]<h2 class=\"sc_title sc_title_regular sc_align_center\" style=\"text-align:center;\"><strong>Centre Social Polivalent Carr\u00fas<\/strong><\/h2><div class=\"columns_wrap sc_columns columns_nofluid sc_columns_count_2\"><div class=\"column-1_2 sc_column_item sc_column_item_1 odd first\">[vc_empty_space][vc_single_image image=&#8221;41767&#8243; img_size=&#8221;large&#8221; alignment=&#8221;center&#8221;][vc_empty_space]<\/div><div class=\"column-1_2 sc_column_item sc_column_item_2 even\">[vc_empty_space height=&#8221;128px&#8221;][vc_separator color=&#8221;black&#8221; border_width=&#8221;2&#8243;][vc_empty_space][vc_column_text]<\/p>\n<div class=\"vc_row wpb_row vc_row-fluid\">\n<div class=\"wpb_column vc_column_container vc_col-sm-12\">\n<div class=\"vc_column-inner \">\n<div class=\"wpb_wrapper\">\n<div class=\"wpb_text_column wpb_content_element \">\n<div class=\"wpb_wrapper\">\n<p style=\"text-align: center; text-decoration: underline;\">Centre Social Polivalent Carr\u00fas<\/p>\n<div class=\"page\">\n<div class=\"section\">\n<div class=\"layoutArea\">\n<div class=\"column\">\n<div class=\"page\">\n<div class=\"section\">\n<div class=\"layoutArea\">\n<div class=\"column\">El Centre Social Polivalent de Carr\u00fas est\u00e0 ubicat en Carr\u00fas Oest. S&#8217;hi realitzen activitats socioculturals i ludicorecreatives. Aquest Centre Sociocultural disposa d&#8217;un equip multiprofessional. Disposa d&#8217;una biblioteca i un centre juvenil.<br \/>\n\u00c9s Punt SIOA.<\/div>\n<div class=\"column\"><\/div>\n<div class=\"column\">\n<p><span class=\"dirUbicacion\">Carrer Antonio Brotons Pastor, 72, Elx, Alacant \u00b7 03205<\/span><\/p>\n<p>Tel\u00e8fon: 966 65 81 15<\/p>\n<p>&nbsp;<\/p>\n<\/div>\n<\/div>\n<\/div>\n<\/div>\n<\/div>\n<\/div>\n<\/div>\n<\/div>\n<\/div>\n<\/div>\n<\/div>\n<\/div>\n<\/div>\n<\/div>\n<p>[\/vc_column_text][vc_empty_space][vc_separator color=&#8221;black&#8221; border_width=&#8221;2&#8243;][vc_empty_space height=&#8221;22px&#8221;][vc_column_text]<strong>*Punt SIOA-\u00a0<a href=\"https:\/\/www.elche.es\/bienestar-social\/cartera-de-servicios\/programa-informacion\/\">Enlla\u00e7<\/a><\/strong><\/p>\n<div class=\"columns_wrap sc_columns columns_nofluid sc_columns_count_2\">\n<div class=\"column-1_2 sc_column_item sc_column_item_2 even\">\n<div class=\"wpb_text_column wpb_content_element \">\n<div class=\"wpb_wrapper\">\n<p>El Centre Social l&#8217;Altet disposa d&#8217;una\u00a0<a href=\"https:\/\/www.elche.es\/locations\/biblioteca-aureliano-ibarra\/\">BIBLIOTECA<\/a>\u00a0i un\u00a0<a href=\"http:\/\/elchejuventud.es\/locations\/centro-juvenil-carrus\/\">CENTRE JUVENIL<\/a><\/p>\n<\/div>\n<\/div>\n<\/div>\n<\/div>\n<p>[\/vc_column_text]<\/div><\/div>[vc_empty_space][vc_raw_html]JTNDaWZyYW1lJTIwc3JjJTNEJTIyaHR0cCUzQSUyRiUyRmFwbGljYWNpb25lcy5lbGNoZS5lcyUyRnRhbGxlcmVzJTJGVEFMTF9WV0VCX0hvcmFyaW9zJTJGSW5kZXhVJTNGY2VudHJvcyUzRDYlMjIlMjB3aWR0aCUzRCUyMjEwMCUyNSUyMiUyMGhlaWdodCUzRCUyMjEwMCUyNSUyMiUyMGFsaWduJTNEJTIyY2VudGVyJTIyJTNFJTNDJTJGaWZyYW1lJTNF[\/vc_raw_html][vc_empty_space][vc_empty_space height=&#8221;64px&#8221;][\/vc_column][\/vc_row]<\/p>\n<\/div>","protected":false},"excerpt":{"rendered":"<p>[vc_row][vc_column][vc_column_text][\/vc_column_text][\/vc_column][\/vc_row][vc_row][vc_column][vc_empty_space][vc_empty_space][vc_raw_html]JTNDaWZyYW1lJTIwc3JjJTNEJTIyaHR0cCUzQSUyRiUyRmFwbGljYWNpb25lcy5lbGNoZS5lcyUyRnRhbGxlcmVzJTJGVEFMTF9WV0VCX0hvcmFyaW9zJTJGSW5kZXhVJTNGY2VudHJvcyUzRDYlMjIlMjB3aWR0aCUzRCUyMjEwMCUyNSUyMiUyMGhlaWdodCUzRCUyMjEwMCUyNSUyMiUyMGFsaWduJTNEJTIyY2VudGVyJTIyJTNFJTNDJTJGaWZyYW1lJTNF[\/vc_raw_html][vc_empty_space][vc_empty_space height=&#8221;64px&#8221;][\/vc_column][\/vc_row]<\/p>\n","protected":false},"author":131,"featured_media":0,"parent":7441,"menu_order":0,"comment_status":"closed","ping_status":"closed","template":"","meta":{"footnotes":""},"class_list":["post-41771","page","type-page","status-publish","hentry"],"_links":{"self":[{"href":"https:\/\/www.elche.es\/va\/wp-json\/wp\/v2\/pages\/41771","targetHints":{"allow":["GET"]}}],"collection":[{"href":"https:\/\/www.elche.es\/va\/wp-json\/wp\/v2\/pages"}],"about":[{"href":"https:\/\/www.elche.es\/va\/wp-json\/wp\/v2\/types\/page"}],"author":[{"embeddable":true,"href":"https:\/\/www.elche.es\/va\/wp-json\/wp\/v2\/users\/131"}],"replies":[{"embeddable":true,"href":"https:\/\/www.elche.es\/va\/wp-json\/wp\/v2\/comments?post=41771"}],"version-history":[{"count":0,"href":"https:\/\/www.elche.es\/va\/wp-json\/wp\/v2\/pages\/41771\/revisions"}],"up":[{"embeddable":true,"href":"https:\/\/www.elche.es\/va\/wp-json\/wp\/v2\/pages\/7441"}],"wp:attachment":[{"href":"https:\/\/www.elche.es\/va\/wp-json\/wp\/v2\/media?parent=41771"}],"curies":[{"name":"wp","href":"https:\/\/api.w.org\/{rel}","templated":true}]}}