{"id":4251,"date":"2016-10-13T11:11:35","date_gmt":"2016-10-13T11:11:35","guid":{"rendered":"http:\/\/www.elche.es\/va\/cultura\/lescorxador-ccc\/"},"modified":"2025-01-20T12:04:22","modified_gmt":"2025-01-20T10:04:22","slug":"lescorxador-ccc","status":"publish","type":"page","link":"https:\/\/www.elche.es\/va\/cultura\/lescorxador-ccc\/","title":{"rendered":"L&#8217;Escorxador CCC"},"content":{"rendered":"<div class=\"wpb-content-wrapper\"><p>[vc_row full_width=&#8221;stretch_row&#8221; css=&#8221;.vc_custom_1620730374472{background-image: url(https:\/\/www.elche.es\/wp-content\/uploads\/2016\/10\/cabeceras_escorxador.png?id=3499) !important;background-position: center !important;background-repeat: no-repeat !important;background-size: cover !important;}&#8221; el_class=&#8221;slidersecciones&#8221; el_id=&#8221;bloque_titulo&#8221;][vc_column][vc_custom_heading text=&#8221;L&#8217;ESCORXADOR CCC&#8221; font_container=&#8221;tag:h2|text_align:center|color:%23ffffff&#8221; google_fonts=&#8221;font_family:Ubuntu%3A300%2C300italic%2Cregular%2Citalic%2C500%2C500italic%2C700%2C700italic|font_style:700%20bold%20regular%3A700%3Anormal&#8221; el_class=&#8221;sombraTitulo cabeceramovil&#8221;][\/vc_column][\/vc_row][vc_row full_width=&#8221;stretch_row&#8221; css=&#8221;.vc_custom_1475486881904{background-color: #dddde0 !important;}&#8221;][vc_column][vc_column_text]<nav aria-label=\"breadcrumbs\">\n            <div class=\"breadcrumb-container theme1\">\n                <ol>\n                                    <\/ol>\n            <\/div>\n        <\/nav>    <script type=\"application\/ld+json\">\n        {\n            \"@context\": \"http:\/\/schema.org\",\n            \"@type\": \"BreadcrumbList\",\n            \"itemListElement\": [\n                            ]\n        }\n    <\/script>\n    <style type=\"text\/css\">\n        .breadcrumb-container {\n            font-size: 13px;\n        }\n\n        .breadcrumb-container ul {\n            margin: 0;\n            padding: 0;\n        }\n\n        .breadcrumb-container li {\n            box-sizing: unset;\n            display: inline-block;\n            margin: 0;\n            padding: 0;\n        }\n\n        .breadcrumb-container li a {\n            box-sizing: unset;\n            padding: 0 10px;\n        }\n\n        .breadcrumb-container {\n            font-size: 3 !important;\n                    }\n\n        .breadcrumb-container li a {\n            color: #0a0a0a !important;\n            font-size: 3 !important;\n            line-height: 3 !important;\n                    }\n\n        .breadcrumb-container li .separator {\n            font-size: 3 !important;\n                    }\n\n        .breadcrumb-container li:last-child .separator {\n            display: none;\n        }\n    <\/style>\n    <style type=\"text\/css\">\n        .breadcrumb-container.theme1 li {\n            margin: 0;\n            padding: 0;\n        }\n        .breadcrumb-container.theme1 a {\n            background: ;\n            display: inline-block;\n            margin: 0 5px;\n            padding: 5px 10px;\n            text-decoration: none;\n        }\n    <\/style>\n        <style type=\"text\/css\">\n            <\/style>\n    <script>\n            <\/script>\n[\/vc_column_text][\/vc_column][\/vc_row][vc_row full_width=&#8221;stretch_row&#8221;][vc_column]<div class=\"sc_content content_wrap\"><div class=\"columns_wrap sc_columns columns_nofluid sc_columns_count_2 history \"><div class=\"column-1_2 sc_column_item sc_column_item_1 odd first\"><h3 class=\"sc_title sc_title_regular margin_top_small\" style=\"margin-top: 4.05em;margin-bottom: 1.35em;\">L&#8217;Escorxador<\/h3>[vc_column_text css=&#8221;.vc_custom_1737367451285{padding-bottom: 50px !important;}&#8221; el_class=&#8221;short_text&#8221;]<\/p>\n<p style=\"text-align: justify;\">L&#8217;Escorxador CCE \u00e9s un espai p\u00fablic de creaci\u00f3 i difusi\u00f3. La programaci\u00f3 d\u2019activitats del centre es compon d\u2019una oferta multidisciplin\u00e0ria que persegueix crear un espai que transcendisca els models habituals, difuminant els l\u00edmits entre les diferents branques de la cultura, els estils i formats. Est\u00e0 orientat a un p\u00fablic jove, ampli i heterogeni. Obert a totes les disciplines. Busca respondre a necessitats reals oferint noves configuracions i pr\u00e0ctiques que servisquen de pont entre la cultura emergent i l\u2019anomenada cultura tradicional.<\/p>\n<p><a title=\"Programaci\u00f3 de L'Escorxador\" href=\"https:\/\/www.elche.es\/download\/programa-lescorxador\/?wpdmdl=322782&amp;refresh=678e0092aa5fa1737359506\" target=\"_blank\" rel=\"noopener noreferrer\">Programaci\u00f3 de L&#8217;Escorxador<\/a><\/p>\n<p><a href=\"https:\/\/www.elche.es\/va\/download\/ficha-de-preinscripcion-a-cursos-y-talleres-lescorxador\/?wpdmdl=3435&amp;refresh=5a586dbe435881515744702\" target=\"_blank\" rel=\"noopener noreferrer\">Inscripci\u00f3 al curs de L&#8217;Escorxador<\/a><\/p>\n<p><a href=\"https:\/\/www.elche.es\/download\/proyecto-de-actividad-lescorxador\/?wpdmdl=3436&amp;refresh=5a586dbe442351515744702\" target=\"_blank\" rel=\"noopener noreferrer\">Projecte d&#8217;activitat de L&#8217;Escorxador<\/a><\/p>\n<p><a href=\"https:\/\/www.elche.es\/va\/download\/solicitud-general-lescorxador\/?wpdmdl=3439&amp;refresh=5a586dbe468af1515744702\">Sol\u00b7licitud general de L&#8217;Escorxador<\/a><\/p>\n<p><a href=\"https:\/\/www.elche.es\/va\/download\/solicitud-de-alquiler-de-espacios-y-equipamientos-del-ccc-l-escorxador\/?wpdmdl=3437&amp;refresh=5a586dbe44ee01515744702\">Sol\u00b7licitud de lloguer de L&#8217;Escorxador<\/a><\/p>\n<p><a href=\"https:\/\/www.elche.es\/va\/download\/solicitud-de-cesion-de-espacios-y-equipamientos-del-ccc-lescorxador\/?wpdmdl=3438&amp;refresh=5a586dbe45bb41515744702\">Sol\u00b7licitud de cessi\u00f3 de L&#8217;Escorxador<\/a>[\/vc_column_text]<\/div><div class=\"column-1_2 sc_column_item sc_column_item_2 even\">[vc_empty_space height=&#8221;20px&#8221;][sbs_wpb_openstreetmap map_style=&#8221;openstreetmap_de&#8221; map_height=&#8221;100&#8243; ctrl_mouse_zoom=&#8221;true&#8221; latitude=&#8221;38.257141&#8243; longitude=&#8221;-0.692384&#8243;][sbs_wpb_marker marker_source=&#8221;coordinates&#8221; marker_color=&#8221;red&#8221; marker_latitude=&#8221;38.257141&#8243; marker_longitude=&#8221;-0.692384&#8243;][\/sbs_wpb_marker][\/sbs_wpb_openstreetmap]<div id='modulo_datos_contacto'> <p class='titulo_datos_contacto'>Dades de contacte <\/p> <hr><p class=\"contactoArea\"> <i class=\"fa fa-map-marker\" aria-hidden=\"true\"><\/i>C\/ Curtidors, 23<\/p><p class=\"contactoArea\"><i class=\"fa fa-phone\" aria-hidden=\"true\"><\/i>966 658 230<\/p><p class=\"contactoArea\"><i class=\"fa fa-envelope\" aria-hidden=\"true\"><\/i><a href=\"mailto:escorxador@elche.es\"> escorxador@elche.es<\/a><\/p><div id='contacto-rrss'><\/div><\/div><\/div><\/div><\/div>[\/vc_column][\/vc_row][vc_row][vc_column][vc_column_text]<\/p>\n<hr \/>\n<p>[\/vc_column_text][\/vc_column][\/vc_row][vc_row full_width=&#8221;stretch_row&#8221; css=&#8221;.vc_custom_1469617963813{padding-bottom: 40px !important;background-color: #fffcfc !important;}&#8221;][vc_column]<div class=\"sc_section aligncenter\"><div class=\"sc_section_inner\"><div class=\"sc_content content_wrap scheme_original\"><h3 class=\"sc_title sc_title_regular sc_align_left\" style=\"text-align:left;\">Pr\u00f2xims esdeveniments<\/h3><a href=\"https:\/\/www.elche.es\/va\/mec-category\/lescorxador-va\/\" class=\"sc_button sc_button_square sc_button_style_filled style_original sc_button_size_small boton3d \">M\u00e9s esdeveniments<\/a><\/div><\/div><\/div>[\/vc_column][\/vc_row]<\/p>\n<\/div>","protected":false},"excerpt":{"rendered":"<p>[vc_row full_width=&#8221;stretch_row&#8221; css=&#8221;.vc_custom_1620730374472{background-image: url(https:\/\/www.elche.es\/wp-content\/uploads\/2016\/10\/cabeceras_escorxador.png?id=3499) !important;background-position: center !important;background-repeat: no-repeat !important;background-size: cover !important;}&#8221; el_class=&#8221;slidersecciones&#8221; el_id=&#8221;bloque_titulo&#8221;][vc_column][vc_custom_heading text=&#8221;L&#8217;ESCORXADOR CCC&#8221; font_container=&#8221;tag:h2|text_align:center|color:%23ffffff&#8221; google_fonts=&#8221;font_family:Ubuntu%3A300%2C300italic%2Cregular%2Citalic%2C500%2C500italic%2C700%2C700italic|font_style:700%20bold%20regular%3A700%3Anormal&#8221; el_class=&#8221;sombraTitulo cabeceramovil&#8221;][\/vc_column][\/vc_row][vc_row full_width=&#8221;stretch_row&#8221; css=&#8221;.vc_custom_1475486881904{background-color: #dddde0 !important;}&#8221;][vc_column][vc_column_text][\/vc_column_text][\/vc_column][\/vc_row][vc_row full_width=&#8221;stretch_row&#8221;][vc_column][\/vc_column][\/vc_row][vc_row][vc_column][vc_column_text][\/vc_column_text][\/vc_column][\/vc_row][vc_row full_width=&#8221;stretch_row&#8221; css=&#8221;.vc_custom_1469617963813{padding-bottom: 40px !important;background-color: #fffcfc [&hellip;]<\/p>\n","protected":false},"author":131,"featured_media":0,"parent":4201,"menu_order":0,"comment_status":"closed","ping_status":"closed","template":"","meta":{"footnotes":""},"class_list":["post-4251","page","type-page","status-publish","hentry"],"_links":{"self":[{"href":"https:\/\/www.elche.es\/va\/wp-json\/wp\/v2\/pages\/4251","targetHints":{"allow":["GET"]}}],"collection":[{"href":"https:\/\/www.elche.es\/va\/wp-json\/wp\/v2\/pages"}],"about":[{"href":"https:\/\/www.elche.es\/va\/wp-json\/wp\/v2\/types\/page"}],"author":[{"embeddable":true,"href":"https:\/\/www.elche.es\/va\/wp-json\/wp\/v2\/users\/131"}],"replies":[{"embeddable":true,"href":"https:\/\/www.elche.es\/va\/wp-json\/wp\/v2\/comments?post=4251"}],"version-history":[{"count":5,"href":"https:\/\/www.elche.es\/va\/wp-json\/wp\/v2\/pages\/4251\/revisions"}],"predecessor-version":[{"id":323148,"href":"https:\/\/www.elche.es\/va\/wp-json\/wp\/v2\/pages\/4251\/revisions\/323148"}],"up":[{"embeddable":true,"href":"https:\/\/www.elche.es\/va\/wp-json\/wp\/v2\/pages\/4201"}],"wp:attachment":[{"href":"https:\/\/www.elche.es\/va\/wp-json\/wp\/v2\/media?parent=4251"}],"curies":[{"name":"wp","href":"https:\/\/api.w.org\/{rel}","templated":true}]}}