{"id":42746,"date":"2017-12-05T14:33:24","date_gmt":"2017-12-05T13:33:24","guid":{"rendered":"http:\/\/www.elche.es\/va\/?page_id=42746"},"modified":"2024-06-12T12:00:47","modified_gmt":"2024-06-12T10:00:47","slug":"imagen-corporativa","status":"publish","type":"page","link":"https:\/\/www.elche.es\/va\/comunicacio\/imagen-corporativa\/","title":{"rendered":"Imatge corporativa"},"content":{"rendered":"<div class=\"wpb-content-wrapper\"><p>[vc_row][vc_column]<div class=\"templatera_shortcode\"><div id=\"bloque_titulo\" data-vc-full-width=\"true\" data-vc-full-width-init=\"false\" class=\"vc_row wpb_row vc_row-fluid slidersecciones vc_custom_1611737201257 vc_row-has-fill\"><div class=\"wpb_column vc_column_container vc_col-sm-12\"><div class=\"vc_column-inner\"><div class=\"wpb_wrapper\"><h2 style=\"color: #ffffff;text-align: center;font-family:Ubuntu;font-weight:700;font-style:normal\" class=\"vc_custom_heading vc_do_custom_heading sombraTitulo cabeceramovil\" >COMUNICACI\u00d3<\/h2><\/div><\/div><\/div><\/div><div class=\"vc_row-full-width vc_clearfix\"><\/div><div id=\"bloque_menu_enlaces\" data-vc-full-width=\"true\" data-vc-full-width-init=\"false\" data-vc-stretch-content=\"true\" class=\"vc_row wpb_row vc_row-fluid bloquemnuestop vc_custom_1629977340156 vc_row-has-fill vc_row-no-padding\"><div class=\"wpb_column vc_column_container vc_col-sm-12\"><div class=\"vc_column-inner\"><div class=\"wpb_wrapper\">\r\n        \r\n        <a class=\"menuVC\"  href=\"https:\/\/www.elche.es\/va\/comunicacio\/imagen-corporativa\/\"> <span> Imatge corporativa <\/span><\/a>\r\n        \r\n        <a class=\"menuVC\"  href=\"https:\/\/www.elche.es\/va\/comunicacio\/contratacion-de-publicidad\/\"> <span> Contractaci\u00f3 de publicitat <\/span><\/a>\r\n        \r\n        <a class=\"menuVC\"  href=\"https:\/\/www.elche.es\/va\/publicitat-institucional\/\"> <span> Publicitat institucional <\/span><\/a><\/div><\/div><\/div><\/div><div class=\"vc_row-full-width vc_clearfix\"><\/div><\/div>[\/vc_column][\/vc_row][vc_row full_width=&#8221;stretch_row&#8221; css=&#8221;.vc_custom_1475488224066{background-color: #dddde0 !important;}&#8221;][vc_column][vc_column_text]<nav aria-label=\"breadcrumbs\">\n            <div class=\"breadcrumb-container theme1\">\n                <ol>\n                                    <\/ol>\n            <\/div>\n        <\/nav>    <script type=\"application\/ld+json\">\n        {\n            \"@context\": \"http:\/\/schema.org\",\n            \"@type\": \"BreadcrumbList\",\n            \"itemListElement\": [\n                            ]\n        }\n    <\/script>\n    <style type=\"text\/css\">\n        .breadcrumb-container {\n            font-size: 13px;\n        }\n\n        .breadcrumb-container ul {\n            margin: 0;\n            padding: 0;\n        }\n\n        .breadcrumb-container li {\n            box-sizing: unset;\n            display: inline-block;\n            margin: 0;\n            padding: 0;\n        }\n\n        .breadcrumb-container li a {\n            box-sizing: unset;\n            padding: 0 10px;\n        }\n\n        .breadcrumb-container {\n            font-size: 3 !important;\n                    }\n\n        .breadcrumb-container li a {\n            color: #0a0a0a !important;\n            font-size: 3 !important;\n            line-height: 3 !important;\n                    }\n\n        .breadcrumb-container li .separator {\n            font-size: 3 !important;\n                    }\n\n        .breadcrumb-container li:last-child .separator {\n            display: none;\n        }\n    <\/style>\n    <style type=\"text\/css\">\n        .breadcrumb-container.theme1 li {\n            margin: 0;\n            padding: 0;\n        }\n        .breadcrumb-container.theme1 a {\n            background: ;\n            display: inline-block;\n            margin: 0 5px;\n            padding: 5px 10px;\n            text-decoration: none;\n        }\n    <\/style>\n        <style type=\"text\/css\">\n            <\/style>\n    <script>\n            <\/script>\n[\/vc_column_text][\/vc_column][\/vc_row][vc_row full_width=&#8221;stretch_row&#8221;][vc_column]<h3 class=\"sc_title sc_title_regular margin_top_tiny margin_bottom_small\">Imatge corporativa<\/h3>[vc_row_inner el_class=&#8221;bloquelogos&#8221;][vc_column_inner width=&#8221;1\/4&#8243;][vc_single_image source=&#8221;external_link&#8221; alignment=&#8221;center&#8221; custom_src=&#8221;https:\/\/www.elche.es\/corporativo\/logo_valenciano\/LOGO-VER-VAL-NEGRO.png&#8221; el_class=&#8221;fotologos&#8221;][vc_column_text el_class=&#8221;enlacelogos&#8221;]<a href=\"https:\/\/www.elche.es\/corporativo\/logo_valenciano\/LOGO-VER-VAL-NEGRO.png\" target=\"_blank\" rel=\"noopener\">PNG<\/a> &#8211; <a href=\"https:\/\/www.elche.es\/corporativo\/logo_valenciano\/LOGO-VER-VAL-NEGRO.jpg\" target=\"_blank\" rel=\"noopener\">JPG<\/a> &#8211; <a href=\"https:\/\/www.elche.es\/corporativo\/logo_valenciano\/LOGO-CUA-VAL-NEGRO.pdf\" target=\"_blank\" rel=\"noopener\">VECTOR<\/a>[\/vc_column_text][\/vc_column_inner][vc_column_inner width=&#8221;1\/4&#8243;][vc_single_image source=&#8221;external_link&#8221; alignment=&#8221;center&#8221; custom_src=&#8221;https:\/\/www.elche.es\/corporativo\/logo_valenciano\/LOGO-VER-VAL-BLANCO.png&#8221; el_class=&#8221;fotologos fotologosblanco&#8221;][vc_column_text el_class=&#8221;enlacelogos&#8221;]<a href=\"https:\/\/www.elche.es\/corporativo\/logo_valenciano\/LOGO-VER-VAL-BLANCO.png\" target=\"_blank\" rel=\"noopener\">PNG<\/a> &#8211; <a href=\"https:\/\/www.elche.es\/corporativo\/logo_valenciano\/LOGO-CUA-VAL-BLANCO.pdf\" target=\"_blank\" rel=\"noopener\">VECTOR<\/a>[\/vc_column_text][\/vc_column_inner][vc_column_inner width=&#8221;1\/4&#8243;][vc_single_image source=&#8221;external_link&#8221; alignment=&#8221;center&#8221; custom_src=&#8221;https:\/\/www.elche.es\/corporativo\/logo_valenciano\/LOGO-HOR-VAL-NEGRO.png&#8221; el_class=&#8221;fotologos&#8221;][vc_column_text el_class=&#8221;enlacelogos&#8221;]<a href=\"https:\/\/www.elche.es\/corporativo\/logo_valenciano\/LOGO-HOR-VAL-NEGRO.png\" target=\"_blank\" rel=\"noopener\">PNG<\/a> &#8211; <a href=\"https:\/\/www.elche.es\/corporativo\/logo_valenciano\/LOGO-HOR-VAL-NEGRO.jpg\" target=\"_blank\" rel=\"noopener\">JPG<\/a> &#8211; <a href=\"https:\/\/www.elche.es\/corporativo\/logo_valenciano\/LOGO-HOR-VAL-NEGRO.pdf\" target=\"_blank\" rel=\"noopener\">VECTOR<\/a>[\/vc_column_text][\/vc_column_inner][vc_column_inner width=&#8221;1\/4&#8243;][vc_single_image source=&#8221;external_link&#8221; alignment=&#8221;center&#8221; custom_src=&#8221;https:\/\/www.elche.es\/corporativo\/logo_valenciano\/LOGO-HOR-VAL-BLANCO.png&#8221; el_class=&#8221;fotologos fotologosblanco&#8221;][vc_column_text el_class=&#8221;enlacelogos&#8221;]<a href=\"https:\/\/www.elche.es\/corporativo\/logo_valenciano\/LOGO-HOR-VAL-BLANCO.png\" target=\"_blank\" rel=\"noopener\">PNG<\/a> &#8211; <a href=\"https:\/\/www.elche.es\/corporativo\/logo_valenciano\/LOGO-HOR-VAL-BLANCO.pdf\" target=\"_blank\" rel=\"noopener\">VECTOR<\/a>[\/vc_column_text][\/vc_column_inner][\/vc_row_inner][vc_row_inner el_class=&#8221;bloquelogos&#8221;][vc_column_inner width=&#8221;1\/4&#8243;][vc_single_image source=&#8221;external_link&#8221; alignment=&#8221;center&#8221; custom_src=&#8221;https:\/\/www.elche.es\/corporativo\/logo_valenciano\/LOGO-VER-VAL-AZUL.png&#8221; el_class=&#8221;fotologos&#8221;][vc_column_text el_class=&#8221;enlacelogos&#8221;]<a href=\"https:\/\/www.elche.es\/corporativo\/logo_valenciano\/LOGO-VER-VAL-AZUL.png\" target=\"_blank\" rel=\"noopener\">PNG<\/a> &#8211; <a href=\"https:\/\/www.elche.es\/corporativo\/logo_valenciano\/LOGO-VER-VAL-AZUL.jpg\" target=\"_blank\" rel=\"noopener\">JPG<\/a> &#8211; <a href=\"https:\/\/www.elche.es\/corporativo\/logo_valenciano\/LOGO-CUAD-VAL-AZUL.pdf\" target=\"_blank\" rel=\"noopener\">VECTOR<\/a>[\/vc_column_text][\/vc_column_inner][vc_column_inner width=&#8221;1\/4&#8243;][vc_single_image source=&#8221;external_link&#8221; alignment=&#8221;center&#8221; custom_src=&#8221;https:\/\/www.elche.es\/corporativo\/logo_valenciano\/LOGO-HOR-VAL-BLANCO.png&#8221; el_class=&#8221;fotologos fotologosazul&#8221;][vc_column_text el_class=&#8221;enlacelogos&#8221;]<a href=\"https:\/\/www.elche.es\/corporativo\/logo_valenciano\/LOGO-HOR-VAL-BLANCO.png\" target=\"_blank\" rel=\"noopener\">PNG<\/a> &#8211; <a href=\"https:\/\/www.elche.es\/corporativo\/logo_valenciano\/LOGO-HOR-VAL-BLANCO.pdf\" target=\"_blank\" rel=\"noopener\">VECTOR<\/a>[\/vc_column_text][\/vc_column_inner][vc_column_inner width=&#8221;1\/4&#8243;][vc_single_image source=&#8221;external_link&#8221; alignment=&#8221;center&#8221; custom_src=&#8221;https:\/\/www.elche.es\/corporativo\/logo_valenciano\/LOGO-HOR-VAL-AZUL.png&#8221; el_class=&#8221;fotologos&#8221;][vc_column_text el_class=&#8221;enlacelogos&#8221;]<a href=\"https:\/\/www.elche.es\/corporativo\/logo_valenciano\/LOGO-HOR-VAL-AZUL.png\" target=\"_blank\" rel=\"noopener\">PNG<\/a> &#8211; <a href=\"https:\/\/www.elche.es\/corporativo\/logo_valenciano\/LOGO-HOR-VAL-AZUL.jpg\" target=\"_blank\" rel=\"noopener\">JPG<\/a> &#8211; <a href=\"https:\/\/www.elche.es\/corporativo\/logo_valenciano\/LOGO-HOR-VAL-AZUL.pdf\" target=\"_blank\" rel=\"noopener\">VECTOR<\/a>[\/vc_column_text][\/vc_column_inner][vc_column_inner width=&#8221;1\/4&#8243;][vc_single_image source=&#8221;external_link&#8221; alignment=&#8221;center&#8221; custom_src=&#8221;https:\/\/www.elche.es\/corporativo\/logo_valenciano\/LOGO-HOR-VAL-BLANCO-AZUL.jpg&#8221; el_class=&#8221;fotologos fotologosazul&#8221;][vc_column_text el_class=&#8221;enlacelogos&#8221;]<a href=\"https:\/\/www.elche.es\/corporativo\/logo_valenciano\/LOGO-HOR-VAL-BLANCO-AZUL.jpg\" target=\"_blank\" rel=\"noopener\">JPG<\/a> &#8211; <a href=\"https:\/\/www.elche.es\/corporativo\/logo_valenciano\/LOGO-HOR-VAL-BLANCO-AZUL.pdf\" target=\"_blank\" rel=\"noopener\">VECTOR<\/a>[\/vc_column_text][\/vc_column_inner][\/vc_row_inner][vc_row_inner el_class=&#8221;bloquelogos&#8221;][vc_column_inner width=&#8221;1\/4&#8243;][vc_single_image source=&#8221;external_link&#8221; alignment=&#8221;center&#8221; custom_src=&#8221;https:\/\/www.elche.es\/corporativo\/escudo\/ESCUDO-AZUL.png&#8221; el_class=&#8221;fotologos&#8221;][vc_column_text el_class=&#8221;enlacelogos&#8221;]<a href=\"https:\/\/www.elche.es\/corporativo\/escudo\/ESCUDO-AZUL.png\" target=\"_blank\" rel=\"noopener\">PNG<\/a> &#8211; <a href=\"https:\/\/www.elche.es\/corporativo\/escudo\/ESCUDO-AZUL.jpg\" target=\"_blank\" rel=\"noopener\">JPG<\/a> &#8211; <a href=\"https:\/\/www.elche.es\/corporativo\/logo_castellano\/LOGO-VERTICAL-CASTELLANO-AZUL.pdf\" target=\"_blank\" rel=\"noopener\">VECTOR<\/a>[\/vc_column_text][\/vc_column_inner][vc_column_inner width=&#8221;1\/4&#8243;][vc_single_image source=&#8221;external_link&#8221; alignment=&#8221;center&#8221; custom_src=&#8221;https:\/\/www.elche.es\/corporativo\/escudo\/ESCUDO-BLANCO.png&#8221; el_class=&#8221;fotologos fotologosblanco&#8221;][vc_column_text el_class=&#8221;enlacelogos&#8221;]<a href=\"https:\/\/www.elche.es\/corporativo\/escudo\/ESCUDO-BLANCO.png\" target=\"_blank\" rel=\"noopener\">PNG<\/a> &#8211; <a href=\"https:\/\/www.elche.es\/corporativo\/escudo\/ESCUDO-BLANCO.pdf\" target=\"_blank\" rel=\"noopener\">VECTOR<\/a>[\/vc_column_text][\/vc_column_inner][vc_column_inner width=&#8221;1\/4&#8243;][vc_single_image source=&#8221;external_link&#8221; alignment=&#8221;center&#8221; custom_src=&#8221;https:\/\/www.elche.es\/corporativo\/escudo\/ESCUDO-NEGRO.png&#8221; el_class=&#8221;fotologos&#8221;][vc_column_text el_class=&#8221;enlacelogos&#8221;]<a href=\"https:\/\/www.elche.es\/corporativo\/escudo\/ESCUDO-NEGRO.png\" target=\"_blank\" rel=\"noopener\">PNG<\/a> &#8211;\u00a0<a href=\"https:\/\/www.elche.es\/corporativo\/escudo\/ESCUDO-NEGRO-FONDO.jpg\" target=\"_blank\" rel=\"noopener\">JPG<\/a> &#8211; <a href=\"https:\/\/www.elche.es\/corporativo\/escudo\/ESCUDO-NEGRO.pdf\" target=\"_blank\" rel=\"noopener\">VECTOR<\/a>[\/vc_column_text][\/vc_column_inner][vc_column_inner width=&#8221;1\/4&#8243;][vc_single_image source=&#8221;external_link&#8221; alignment=&#8221;center&#8221; custom_src=&#8221;https:\/\/www.elche.es\/corporativo\/escudo\/ESCUDO-BLANCO-FONDO.png&#8221; el_class=&#8221;fotologos fotologosazul&#8221;][vc_column_text el_class=&#8221;enlacelogos&#8221;]<a href=\"https:\/\/www.elche.es\/corporativo\/escudo\/ESCUDO-BLANCO.png\" target=\"_blank\" rel=\"noopener\">PNG<\/a> &#8211; <a href=\"https:\/\/www.elche.es\/corporativo\/escudo\/ESCUDO-BLANCO-FONDO.pdf\" target=\"_blank\" rel=\"noopener\">VECTOR<\/a>[\/vc_column_text][\/vc_column_inner][\/vc_row_inner][vc_row_inner css=&#8221;.vc_custom_1705577131364{margin-bottom: 60px !important;}&#8221;][vc_column_inner]<h6 class=\"sc_title sc_title_regular\">Manuales<\/h6>[vc_column_text]IMATGE CORPORATIVA EXCEL\u00b7LENT\u00cdSSIM AJUNTAMENT D&#8217;ELX<\/p>\n<p><a href=\"https:\/\/www.elche.es\/corporativo\/manuales\/IMAGEN-CORPORATIVA-EXCELENTISIMO-AYUNTAMIENTO-DE-ELCHE.pdf\" target=\"_blank\" rel=\"noopener\">Manual LOGOTIP<\/a><br \/>\n<a href=\"https:\/\/www.elche.es\/corporativo\/manuales\/IMAGEN-CORPORATIVA-EXCELENTISIMO-AYUNTAMIENTO-DE-ELCHE-PAPELERIA.pdf\" target=\"_blank\" rel=\"noopener\">Manual PAPELERIA<\/a><br \/>\n<a href=\"https:\/\/www.elche.es\/corporativo\/manuales\/IMAGEN-CORPORATIVA-EXCELENTISIMO-AYUNTAMIENTO-DE-ELCHE-ESCUDO.pdf\" target=\"_blank\" rel=\"noopener\">Manual ESCUT HER\u00c0LDIC<\/a><br \/>\n<a href=\"https:\/\/www.elche.es\/corporativo\/manuales\/IMAGEN-CORPORATIVA-EXCELENTISIMO-AYUNTAMIENTO-DE-ELCHE-SENALETICA.pdf\" target=\"_blank\" rel=\"noopener\">Manual SENYAL\u00cdSTICA<\/a><br \/>\n<a href=\"https:\/\/www.elche.es\/download\/manual-practico-de-informacion-y-transparencia-de-las-subvenciones-e-inversiones-municipales\/?wpdmdl=273636&amp;refresh=65b251275bdfa1706184999\">Manual Pr\u00e0ctic d&#8217;informaci\u00f3 i transpar\u00e8ncia de les subvencions i inversions municipals<\/a>[\/vc_column_text][\/vc_column_inner][\/vc_row_inner][vc_row_inner css=&#8221;.vc_custom_1705577131364{margin-bottom: 60px !important;}&#8221;][vc_column_inner]<h6 class=\"sc_title sc_title_regular\">Tipografies<\/h6>[vc_column_text]IMATGE CORPORATIVA EXCEL\u00b7LENT\u00cdSSIM AJUNTAMENT D&#8217;ELX<\/p>\n<p><a href=\"https:\/\/www.elche.es\/corporativo\/FuturaStdBold.otf\" target=\"_blank\" rel=\"noopener\">Futura Std Bold<\/a><br \/>\n<a href=\"https:\/\/www.elche.es\/corporativo\/FuturaStdBook.otf\" target=\"_blank\" rel=\"noopener\">Futura Std Book<\/a><br \/>\n<a href=\"https:\/\/www.elche.es\/corporativo\/FuturaStdMedium.otf\" target=\"_blank\" rel=\"noopener\">Futura Std Medium<\/a>[\/vc_column_text][\/vc_column_inner][\/vc_row_inner][\/vc_column][\/vc_row][vc_row full_width=&#8221;stretch_row&#8221; css=&#8221;.vc_custom_1705561611494{background-color: #dddde0 !important;}&#8221; el_class=&#8221;oculto&#8221;][vc_column][vc_row_inner][vc_column_inner]<h6 class=\"sc_title sc_title_regular margin_top_tiny\">Manuals<\/h6>[vc_column_text]\n<table id=\"tablepress-59\" class=\"tablepress tablepress-id-59\">\n<thead>\n<tr class=\"row-1\">\n\t<th class=\"column-1\">NOMBRE<\/th><th class=\"column-2\">PDF<\/th><th class=\"column-3\">VECTOR AI<\/th>\n<\/tr>\n<\/thead>\n<tbody class=\"row-striping row-hover\">\n<tr class=\"row-2\">\n\t<td class=\"column-1\">Manual 1 signos b\u00e1sicos<\/td><td class=\"column-2\"><a class=\"moreInfo\" href=\"https:\/\/www.elche.es\/wp-content\/uploads\/2017\/12\/MANUAL_1_SIGNOS_BASICOS.pdf\" target=\"_blank\" rel=\"noopener noreferrer\"><br \/>\n                                        Manual 1 signos b\u00e1sicos<br \/>\n                          <\/a> <\/td><td class=\"column-3\"><\/td>\n<\/tr>\n<tr class=\"row-3\">\n\t<td class=\"column-1\">Manual 2 identidad gr\u00e1fica corporativa<\/td><td class=\"column-2\"><a class=\"moreInfo\" href=\"https:\/\/www.elche.es\/wp-content\/uploads\/2017\/12\/MANUAL_2_IDENTIDAD_GRAFICA_CORPORATIVA.pdf\" target=\"_blank\" rel=\"noopener noreferrer\"><br \/>\n                                        Manual 2 identidad gr\u00e1fica corporativa<br \/>\n                          <\/a><\/td><td class=\"column-3\"><\/td>\n<\/tr>\n<tr class=\"row-4\">\n\t<td class=\"column-1\">Manual 3 papeler\u00eda b\u00e1sica<\/td><td class=\"column-2\"><a class=\"moreInfo\" href=\"https:\/\/www.elche.es\/wp-content\/uploads\/2017\/12\/MANUAL_3_PAPELERIA_BASICA.pdf\" target=\"_blank\" rel=\"noopener noreferrer\"><br \/>\n                                        Manual 3 papeler\u00eda b\u00e1sica<br \/>\n                          <\/a> <\/td><td class=\"column-3\"><\/td>\n<\/tr>\n<tr class=\"row-5\">\n\t<td class=\"column-1\">Manual 4 se\u00f1al\u00e9tica rotulaci\u00f3n<\/td><td class=\"column-2\"><a class=\"moreInfo\" href=\"https:\/\/www.elche.es\/wp-content\/uploads\/2017\/12\/MANUAL_4_SE\u00d1ALETICA_ROTULACION.pdf\" target=\"_blank\" rel=\"noopener noreferrer\"><br \/>\n                                        Manual 4 se\u00f1al\u00e9tica rotulaci\u00f3n<br \/>\n                          <\/a>  <\/td><td class=\"column-3\"><\/td>\n<\/tr>\n<tr class=\"row-6\">\n\t<td class=\"column-1\">Resumen identidad corporativa<\/td><td class=\"column-2\"><a class=\"moreInfo\" href=\"https:\/\/www.elche.es\/wp-content\/uploads\/2018\/01\/ayuntamiento.pdf\" target=\"_blank\" rel=\"noopener noreferrer\"><br \/>\n                                        Resumen identidad corporativa<br \/>\n                          <\/a> <\/td><td class=\"column-3\"><\/td>\n<\/tr>\n<tr class=\"row-7\">\n\t<td class=\"column-1\">Actualizaci\u00f3n identidad corporativa<\/td><td class=\"column-2\"><a class=\"moreInfo\" href=\"https:\/\/www.elche.es\/wp-content\/uploads\/2018\/01\/actualizaci\u00f3n-identidad-corporativa.pdf\" target=\"_blank\" rel=\"noopener noreferrer\"><br \/>\n                                        Actualizaci\u00f3n identidad corporativa<br \/>\n                          <\/a> <\/td><td class=\"column-3\"><a class=\"moreInfo\" href=\"https:\/\/www.elche.es\/wp-content\/uploads\/2018\/01\/Actualizaci\u00f3n-identidad-corporativa-.ai\" target=\"_blank\" rel=\"noopener noreferrer\"><br \/>\n                                                  Actualizaci\u00f3n identidad corporativa<br \/>\n                                       <\/a><\/td>\n<\/tr>\n<\/tbody>\n<\/table>\n<!-- #tablepress-59 from cache -->[\/vc_column_text][\/vc_column_inner][\/vc_row_inner][\/vc_column][\/vc_row]<\/p>\n<\/div>","protected":false},"excerpt":{"rendered":"COMUNICACI\u00d3 Imatge corporativa Contractaci\u00f3 de publicitat Publicitat institucional Imatge corporativa PNG - JPG - VECTOR PNG - VECTOR PNG - JPG - VECTOR PNG - VECTOR PNG - JPG - [...]","protected":false},"author":131,"featured_media":0,"parent":7518,"menu_order":0,"comment_status":"closed","ping_status":"closed","template":"","meta":{"footnotes":""},"class_list":["post-42746","page","type-page","status-publish","hentry"],"_links":{"self":[{"href":"https:\/\/www.elche.es\/va\/wp-json\/wp\/v2\/pages\/42746","targetHints":{"allow":["GET"]}}],"collection":[{"href":"https:\/\/www.elche.es\/va\/wp-json\/wp\/v2\/pages"}],"about":[{"href":"https:\/\/www.elche.es\/va\/wp-json\/wp\/v2\/types\/page"}],"author":[{"embeddable":true,"href":"https:\/\/www.elche.es\/va\/wp-json\/wp\/v2\/users\/131"}],"replies":[{"embeddable":true,"href":"https:\/\/www.elche.es\/va\/wp-json\/wp\/v2\/comments?post=42746"}],"version-history":[{"count":5,"href":"https:\/\/www.elche.es\/va\/wp-json\/wp\/v2\/pages\/42746\/revisions"}],"predecessor-version":[{"id":303063,"href":"https:\/\/www.elche.es\/va\/wp-json\/wp\/v2\/pages\/42746\/revisions\/303063"}],"up":[{"embeddable":true,"href":"https:\/\/www.elche.es\/va\/wp-json\/wp\/v2\/pages\/7518"}],"wp:attachment":[{"href":"https:\/\/www.elche.es\/va\/wp-json\/wp\/v2\/media?parent=42746"}],"curies":[{"name":"wp","href":"https:\/\/api.w.org\/{rel}","templated":true}]}}