{"id":4309,"date":"2016-09-29T12:39:57","date_gmt":"2016-09-29T12:39:57","guid":{"rendered":"http:\/\/www.elche.es\/va\/documentos-del-pleno-municipal-y-de-la-junta-de-gobierno-local\/"},"modified":"2025-05-06T14:30:05","modified_gmt":"2025-05-06T12:30:05","slug":"documents-del-ple-municipal-i-de-la-junta-de-govern-local","status":"publish","type":"page","link":"https:\/\/www.elche.es\/va\/ajuntament-delx\/documents-del-ple-municipal-i-de-la-junta-de-govern-local\/","title":{"rendered":"Documents del Ple Municipal i de la Junta de Govern Local"},"content":{"rendered":"<div class=\"wpb-content-wrapper\"><p>[vc_row][vc_column]<div class=\"templatera_shortcode\"><div data-vc-full-width=\"true\" data-vc-full-width-init=\"false\" class=\"vc_row wpb_row vc_row-fluid slidersecciones vc_custom_1611649768217 vc_row-has-fill\"><div class=\"wpb_column vc_column_container vc_col-sm-12\"><div class=\"vc_column-inner\"><div class=\"wpb_wrapper\"><h2 style=\"color: #ffffff;text-align: center;font-family:Ubuntu;font-weight:700;font-style:normal\" class=\"vc_custom_heading vc_do_custom_heading sombraTitulo cabeceramovil\" >AJUNTAMENT D'ELX<\/h2><\/div><\/div><\/div><\/div><div class=\"vc_row-full-width vc_clearfix\"><\/div><\/div>[\/vc_column][\/vc_row][vc_row][vc_column]<div class=\"templatera_shortcode\"><div id=\"bloque_menu_enlaces\" data-vc-full-width=\"true\" data-vc-full-width-init=\"false\" data-vc-stretch-content=\"true\" class=\"vc_row wpb_row vc_row-fluid bloquemnuestop vc_custom_1629977340156 vc_row-has-fill vc_row-no-padding\"><div class=\"wpb_column vc_column_container vc_col-sm-12\"><div class=\"vc_column-inner\"><div class=\"wpb_wrapper\">\r\n        \r\n        <a class=\"menuVC\"  href=\"https:\/\/www.elche.es\/va\/ajuntament-delx\/organizacio-municipal\/\"> <span> Organitzaci\u00f3 <\/span><\/a>\r\n        \r\n        <a class=\"menuVC\"  href=\"https:\/\/www.elche.es\/va\/ajuntament-delx\/corporacio-municipal\/\"> <span> Corporaci\u00f3 <\/span><\/a>\r\n        \r\n        <a class=\"menuVC\"  href=\"https:\/\/www.elche.es\/va\/ajuntament-delx\/composicio-del-govern-municipal\/\"> <span> El Ple <\/span><\/a>\r\n        \r\n        <a class=\"menuVC\"  href=\"https:\/\/www.elche.es\/va\/ajuntament-delx\/grups-politics\/\"> <span> Grups pol\u00edtics <\/span><\/a>\r\n        \r\n        <a class=\"menuVC\"  href=\"https:\/\/www.elche.es\/va\/ajuntament-delx\/societats-municipals\/\"> <span> Societats municipals <\/span><\/a>\r\n        \r\n        <a class=\"menuVC\"  href=\"https:\/\/www.elche.es\/va\/ajuntament-delx\/plans-i-programes\/\"> <span> Plans i programes <\/span><\/a>\r\n        \r\n        <a class=\"menuVC\"  href=\"https:\/\/www.elche.es\/va\/ajuntament-delx\/informacion-sobre-actuaciones-de-los-miembros-de-la-oposicion-relacionadas-con-el-control-de-gobierno\/\"> <span> Control de govern <\/span><\/a>\r\n        \r\n        <a class=\"menuVC\"  href=\"https:\/\/www.elche.es\/va\/ajuntament-delx\/resolucions-judicials\/\"> <span> Resolucions judicials <\/span><\/a>\r\n        \r\n        <a class=\"menuVC\"  href=\"https:\/\/www.elche.es\/va\/agenda-institucional\/\"> <span> Agenda institucional <\/span><\/a><\/div><\/div><\/div><\/div><div class=\"vc_row-full-width vc_clearfix\"><\/div>\r\n<\/div>[\/vc_column][\/vc_row][vc_row full_width=&#8221;stretch_row&#8221; css=&#8221;.vc_custom_1652186533838{background-color: #dddde0 !important;}&#8221;][vc_column][vc_column_text]<nav aria-label=\"breadcrumbs\">\n            <div class=\"breadcrumb-container theme1\">\n                <ol>\n                                    <\/ol>\n            <\/div>\n        <\/nav>    <script type=\"application\/ld+json\">\n        {\n            \"@context\": \"http:\/\/schema.org\",\n            \"@type\": \"BreadcrumbList\",\n            \"itemListElement\": [\n                            ]\n        }\n    <\/script>\n    <style type=\"text\/css\">\n        .breadcrumb-container {\n            font-size: 13px;\n        }\n\n        .breadcrumb-container ul {\n            margin: 0;\n            padding: 0;\n        }\n\n        .breadcrumb-container li {\n            box-sizing: unset;\n            display: inline-block;\n            margin: 0;\n            padding: 0;\n        }\n\n        .breadcrumb-container li a {\n            box-sizing: unset;\n            padding: 0 10px;\n        }\n\n        .breadcrumb-container {\n            font-size: 3 !important;\n                    }\n\n        .breadcrumb-container li a {\n            color: #0a0a0a !important;\n            font-size: 3 !important;\n            line-height: 3 !important;\n                    }\n\n        .breadcrumb-container li .separator {\n            font-size: 3 !important;\n                    }\n\n        .breadcrumb-container li:last-child .separator {\n            display: none;\n        }\n    <\/style>\n    <style type=\"text\/css\">\n        .breadcrumb-container.theme1 li {\n            margin: 0;\n            padding: 0;\n        }\n        .breadcrumb-container.theme1 a {\n            background: ;\n            display: inline-block;\n            margin: 0 5px;\n            padding: 5px 10px;\n            text-decoration: none;\n        }\n    <\/style>\n        <style type=\"text\/css\">\n            <\/style>\n    <script>\n            <\/script>\n[\/vc_column_text][\/vc_column][\/vc_row][vc_row][vc_column]<h1 class=\"sc_title sc_title_regular titulo-pagina margin_top_small\">Documents del Ple Municipal i de la Junta de Govern Local<\/h1>[vc_empty_space][\/vc_column][\/vc_row][vc_row][vc_column]<h5 class=\"sc_title sc_title_regular subtitulosapartados \"><\/p>\n<p style=\"text-align: center;\">Enlla\u00e7 als documents publicats del Ple Municipal i la Junta de Govern Local<\/p>\n<p><\/h5>[\/vc_column][\/vc_row][vc_row][vc_column width=&#8221;1\/2&#8243;][vc_row_inner content_placement=&#8221;middle&#8221; el_class=&#8221;paddinglados&#8221;][vc_column_inner el_class=&#8221;cuadrostandar&#8221;][vc_icon icon_fontawesome=&#8221;far fa-clipboard&#8221; color=&#8221;black&#8221; size=&#8221;xl&#8221; align=&#8221;center&#8221; link=&#8221;url:https%3A%2F%2Fsede.elche.es%2Fsta%2FCarpetaPublic%2FdoEvent%3FAPP_CODE%3DSTA%26PAGE_CODE%3DPTS2_PLENO_TABLON%26lang%3DCA|target:_blank|rel:nofollow&#8221;][vc_column_text]<\/p>\n<h4 style=\"text-align: center;\"><a href=\"https:\/\/sede.elche.es\/sta\/CarpetaPublic\/doEvent?APP_CODE=STA&amp;PAGE_CODE=PTS2_PLENO_TABLON&amp;lang=CA\" target=\"_blank\" rel=\"noopener\">Actes dels Plens Municipals<\/a><\/h4>\n<p>[\/vc_column_text][\/vc_column_inner][\/vc_row_inner][\/vc_column][vc_column width=&#8221;1\/2&#8243;][vc_row_inner content_placement=&#8221;middle&#8221; el_class=&#8221;paddinglados&#8221;][vc_column_inner el_class=&#8221;cuadrostandar&#8221;][vc_icon icon_fontawesome=&#8221;fas fa-edit&#8221; color=&#8221;black&#8221; size=&#8221;xl&#8221; align=&#8221;center&#8221; link=&#8221;url:https%3A%2F%2Fsede.elche.es%2Fsta%2FCarpetaPublic%2FdoEvent%3FAPP_CODE%3DSTA%26PAGE_CODE%3DPTS2_JUNTA_TABLON%26lang%3DCA|target:_blank|rel:nofollow&#8221;][vc_column_text]<\/p>\n<h4 style=\"text-align: center;\"><a href=\"https:\/\/sede.elche.es\/sta\/CarpetaPublic\/doEvent?APP_CODE=STA&amp;PAGE_CODE=PTS2_JUNTA_TABLON&amp;lang=CA\" target=\"_blank\" rel=\"noopener\">Acords de les sessions de la Junta de Govern Local<\/a><\/h4>\n<p>[\/vc_column_text][\/vc_column_inner][\/vc_row_inner][\/vc_column][\/vc_row][vc_row css=&#8221;.vc_custom_1655119946545{margin-top: 50px !important;}&#8221;][vc_column]<h5 class=\"sc_title sc_title_regular subtitulosapartados \"><\/p>\n<p style=\"text-align: center;\">Informaci\u00f3 del Ple Municipal<\/p>\n<p><\/h5>[\/vc_column][\/vc_row][vc_row][vc_column width=&#8221;1\/2&#8243;][vc_row_inner content_placement=&#8221;middle&#8221; el_class=&#8221;paddinglados&#8221;][vc_column_inner el_class=&#8221;cuadrostandar&#8221;][vc_icon icon_fontawesome=&#8221;fas fa-columns&#8221; color=&#8221;black&#8221; size=&#8221;xl&#8221; align=&#8221;center&#8221; link=&#8221;url:https%3A%2F%2Fwww.elche.es%2Fva%2Fcategoria%2Fple%2F|target:_blank|rel:nofollow&#8221;][vc_column_text]<\/p>\n<h4 style=\"text-align: center;\"><a href=\"https:\/\/www.elche.es\/va\/tag\/ple\/\" target=\"_blank\" rel=\"noopener\">Informaci\u00f3 cr\u00f2nica dels Plens Municipals<\/a><\/h4>\n<p>[\/vc_column_text][\/vc_column_inner][\/vc_row_inner][\/vc_column][vc_column width=&#8221;1\/2&#8243;][vc_row_inner content_placement=&#8221;middle&#8221; el_class=&#8221;paddinglados&#8221;][vc_column_inner el_class=&#8221;cuadrostandar&#8221;][vc_icon icon_fontawesome=&#8221;fas fa-video&#8221; color=&#8221;black&#8221; size=&#8221;xl&#8221; align=&#8221;center&#8221; css=&#8221;&#8221; link=&#8221;url:https%3A%2F%2Fwww.elche.es%2Fva%2Fajuntament-delx%2Fvideos-del-pleno-municipal-y-de-la-junta-de-gobierno-local%2F|target:_blank|rel:nofollow&#8221;][vc_column_text css=&#8221;&#8221;]<\/p>\n<h4 style=\"text-align: center;\"><a href=\"https:\/\/www.elche.es\/va\/ajuntament-delx\/videos-del-pleno-municipal-y-de-la-junta-de-gobierno-local\/\" target=\"_blank\" rel=\"noopener\">V\u00eddeos dels Plens Municipals<\/a><\/h4>\n<p>[\/vc_column_text][\/vc_column_inner][\/vc_row_inner][\/vc_column][\/vc_row][vc_row][vc_column][vc_empty_space][vc_column_text css=&#8221;&#8221;]<\/p>\n<hr \/>\n<p><strong>Hist\u00f2ric de documents de la Junta de Govern i del Ple Municipal anteriors al 2\/3\/2020) <a href=\"https:\/\/www.elche.es\/va\/ajuntament-delx\/historico-de-documentos-de-la-junta-de-gobierno-y-del-pleno-municipal-anteriores-al-2-3-2020\/\">Veure enlla\u00e7<\/a><\/strong>[\/vc_column_text][vc_empty_space height=&#8221;52px&#8221;][\/vc_column][\/vc_row]<\/p>\n<\/div>","protected":false},"excerpt":{"rendered":"AJUNTAMENT D'ELX Organitzaci\u00f3 Corporaci\u00f3 El Ple Grups pol\u00edtics Societats municipals Plans i programes Control de govern Resolucions judicials Agenda institucional Documents del Ple Municipal i de la Junta de Govern [...]","protected":false},"author":131,"featured_media":0,"parent":6804,"menu_order":0,"comment_status":"closed","ping_status":"closed","template":"","meta":{"footnotes":""},"class_list":["post-4309","page","type-page","status-publish","hentry"],"_links":{"self":[{"href":"https:\/\/www.elche.es\/va\/wp-json\/wp\/v2\/pages\/4309","targetHints":{"allow":["GET"]}}],"collection":[{"href":"https:\/\/www.elche.es\/va\/wp-json\/wp\/v2\/pages"}],"about":[{"href":"https:\/\/www.elche.es\/va\/wp-json\/wp\/v2\/types\/page"}],"author":[{"embeddable":true,"href":"https:\/\/www.elche.es\/va\/wp-json\/wp\/v2\/users\/131"}],"replies":[{"embeddable":true,"href":"https:\/\/www.elche.es\/va\/wp-json\/wp\/v2\/comments?post=4309"}],"version-history":[{"count":4,"href":"https:\/\/www.elche.es\/va\/wp-json\/wp\/v2\/pages\/4309\/revisions"}],"predecessor-version":[{"id":335095,"href":"https:\/\/www.elche.es\/va\/wp-json\/wp\/v2\/pages\/4309\/revisions\/335095"}],"up":[{"embeddable":true,"href":"https:\/\/www.elche.es\/va\/wp-json\/wp\/v2\/pages\/6804"}],"wp:attachment":[{"href":"https:\/\/www.elche.es\/va\/wp-json\/wp\/v2\/media?parent=4309"}],"curies":[{"name":"wp","href":"https:\/\/api.w.org\/{rel}","templated":true}]}}