{"id":43384,"date":"2017-11-22T13:04:38","date_gmt":"2017-11-22T12:04:38","guid":{"rendered":"http:\/\/www.elche.es\/va\/emergencias\/consejos-a-la-poblacion\/"},"modified":"2022-05-27T12:07:25","modified_gmt":"2022-05-27T11:07:25","slug":"consells-a-la-poblacio","status":"publish","type":"page","link":"https:\/\/www.elche.es\/va\/emergencies\/consells-a-la-poblacio\/","title":{"rendered":"Consells a la poblaci\u00f3"},"content":{"rendered":"<div class=\"wpb-content-wrapper\"><p>[vc_row css=&#8221;.vc_custom_1653644153666{background-image: url(https:\/\/www.elche.es\/wp-content\/uploads\/2018\/07\/DSCF2971.jpg?id=66716) !important;background-position: center !important;background-repeat: no-repeat !important;background-size: cover !important;}&#8221;][vc_column][vc_column_text]<\/p>\n<h3 style=\"text-align: center;\"><span style=\"color: #ff0000;\">Consells a la poblaci\u00f3<\/span><\/h3>\n<p>[\/vc_column_text][vc_empty_space][\/vc_column][\/vc_row][vc_row full_width=&#8221;stretch_row&#8221; css=&#8221;.vc_custom_1475484188729{background-color: #dddde0 !important;}&#8221;][vc_column][vc_row_inner][vc_column_inner][vc_column_text]<nav aria-label=\"breadcrumbs\">\n            <div class=\"breadcrumb-container theme1\">\n                <ol>\n                                    <\/ol>\n            <\/div>\n        <\/nav>    <script type=\"application\/ld+json\">\n        {\n            \"@context\": \"http:\/\/schema.org\",\n            \"@type\": \"BreadcrumbList\",\n            \"itemListElement\": [\n                            ]\n        }\n    <\/script>\n    <style type=\"text\/css\">\n        .breadcrumb-container {\n            font-size: 13px;\n        }\n\n        .breadcrumb-container ul {\n            margin: 0;\n            padding: 0;\n        }\n\n        .breadcrumb-container li {\n            box-sizing: unset;\n            display: inline-block;\n            margin: 0;\n            padding: 0;\n        }\n\n        .breadcrumb-container li a {\n            box-sizing: unset;\n            padding: 0 10px;\n        }\n\n        .breadcrumb-container {\n            font-size: 3 !important;\n                    }\n\n        .breadcrumb-container li a {\n            color: #0a0a0a !important;\n            font-size: 3 !important;\n            line-height: 3 !important;\n                    }\n\n        .breadcrumb-container li .separator {\n            font-size: 3 !important;\n                    }\n\n        .breadcrumb-container li:last-child .separator {\n            display: none;\n        }\n    <\/style>\n    <style type=\"text\/css\">\n        .breadcrumb-container.theme1 li {\n            margin: 0;\n            padding: 0;\n        }\n        .breadcrumb-container.theme1 a {\n            background: ;\n            display: inline-block;\n            margin: 0 5px;\n            padding: 5px 10px;\n            text-decoration: none;\n        }\n    <\/style>\n        <style type=\"text\/css\">\n            <\/style>\n    <script>\n            <\/script>\n[\/vc_column_text][\/vc_column_inner][\/vc_row_inner][\/vc_column][\/vc_row][vc_row][vc_column][vc_empty_space][\/vc_column][\/vc_row][vc_tta_tabs][vc_tta_section title=&#8221;Fred Intens&#8221; tab_id=&#8221;1511351316159-df410b6f-8b1c&#8221;][vc_column_text]<\/p>\n<div class=\"traductor-textarea form-group\">\n<div class=\"textarea-desti col-xs-12 col-sm-6\">\n<div class=\"form-control second-textarea\"><strong>Consells a la poblaci\u00f3 en \u00e8poca de fred intens:<\/strong><\/div>\n<\/div>\n<\/div>\n<div class=\"traductor-checkbox form-group\"><\/div>\n<ul>\n<li>Para esment a les emissores de Radi i Televisi\u00f3 per a obtenir informaci\u00f3 sobre el temps. En Internet pots trobar informaci\u00f3 oficial sobre les prediccions meteorol\u00f2giques en la p\u00e0gina web de l&#8217;Ag\u00e8ncia Estatal de Meteorologia (AEMET) i sobre les Alertes meteorol\u00f2giques en la p\u00e0gina web del Servei 112 de l&#8217;Ag\u00e8ncia Valenciana de Seguretat i Resposta a les Emerg\u00e8ncies (<a href=\"https:\/\/www.112cv.gva.es\/va\/\" target=\"_blank\" rel=\"noopener\">http:\/\/www.112gva.\/<\/a>).<\/li>\n<li>Si vas a passar molt de temps al carrer, \u00e9s millor portar diverses peces de roba lleugeres i c\u00e0lides superposades que una sola pe\u00e7a de teixit gruixut. Evita portar peces ajustades perqu\u00e8 l&#8217;aire circule entre la pell i la roba actuant com a a\u00efllant. -Protegeix tamb\u00e9 els teus peus, mans, rostre i cap. -Procura que no isquen f\u00f3ra de casa els xiquets, majors i persones malaltes, per ser m\u00e9s vulnerables al fred.<\/li>\n<li>Si tens calor lleva&#8217;t alguna pe\u00e7a de roba. Evita suar i refredar-te per a no caure malalt.<\/li>\n<li>Revisa i a\u00eflla les zones de la casa per on puga escapar-se la calor a l&#8217;exterior.<\/li>\n<li>V\u00e9s amb compte amb les estufes de carb\u00f3, el\u00e8ctriques i de gas, procurant que no estiguen pr\u00f2ximes a cortinetes i cortines perqu\u00e8 no es prenga foc. Evita que els xiquets juguen prop d&#8217;elles. Recorda la ubicaci\u00f3 de l&#8217;extintor comunitari a l&#8217;escala de l&#8217;edifici o valora la possibilitat de disposar d&#8217;un propi en l&#8217;habitatge.<\/li>\n<li>\n<div class=\"traductor-textarea form-group\">\n<div class=\"textarea-desti col-xs-12 col-sm-6\">\n<div class=\"form-control second-textarea\">En cas de produir-se un incendi en l&#8217;habitatge recorda que si en els primers instants no aconsegueixes apagar-ho has de tancar la porta del lloc on s&#8217;ha produ\u00eft, apagar el gas i l&#8217;electricitat, agafar les claus, eixir de casa i cridar al 112. Si hi ha molt fum en la casa ix d&#8217;ella\u00a0arrossegant-te pel s\u00f2l i\u00a0guiant-te per les parets.<\/div>\n<\/div>\n<\/div>\n<\/li>\n<li>\n<div class=\"traductor-textarea form-group\">\n<div class=\"textarea-desti col-xs-12 col-sm-6\">\n<div class=\"form-control second-textarea\">Per a evitar l&#8217;enverinament pels gasos t\u00f2xics produ\u00efts per l&#8217;\u00fas de\u00a0brasers\u00a0de carb\u00f3, estufes de llenya, carb\u00f3 o gas en llocs sense renovaci\u00f3 d&#8217;aire assegura&#8217;t que tenen una bona evacuaci\u00f3 de gasos, que no pateixen fuites i de ventilar l&#8217;habitaci\u00f3 cada cert temps. Si notes marejos, mal de cap, ofec, somnol\u00e8ncia, fatiga, n\u00e0usees i altres s\u00edmptomes injustificats poden ser deguts a l&#8217;emissi\u00f3 de gasos nocius. Obri les portes i finestres, apaga l&#8217;estufa o caldera, no acciones interruptors, sal de la casa i crida al 112.<\/div>\n<\/div>\n<\/div>\n<\/li>\n<li>Desconnecta tots els aparells el\u00e8ctrics que no siguen necessaris. Tingues a m\u00e0 espelmes, llanternes i piles per si es produeix una sobrec\u00e0rrega en la xarxa el\u00e8ctrica i et quedes a les fosques.<\/li>\n<li>En els llocs on la temperatura baixa dels zero graus mantingues una aixeta lleugerament oberta a casa a fi d&#8217;evitar el trencament per congelaci\u00f3 de les canonades.<\/li>\n<\/ul>\n<p>[\/vc_column_text][\/vc_tta_section][vc_tta_section title=&#8221;Inundacions&#8221; tab_id=&#8221;1511351316228-f4dd4df4-529b&#8221;][vc_column_text]<strong>Consells de seguretat davant inundacions (en ciutat i en el camp):\u00a0<\/strong><strong>Actuacions Preventives<\/strong><\/p>\n<ul>\n<li>Informa&#8217;t del nivell de risc del teu municipi i de si el lloc en qu\u00e8 vius o treballes est\u00e0 situat en una zona inundable, o en les rodalies d&#8217;una presa.<\/li>\n<li>Estigues informat a trav\u00e9s de la p\u00e0gina web <a href=\"https:\/\/www.112cv.gva.es\/va\/\" target=\"_blank\" rel=\"noopener\">www.112cv.com<\/a> i per mitj\u00e0 d&#8217;altres fonts o mitjans de comunicaci\u00f3 sobre les\u00a0Preemergencias\u00a0Meteorol\u00f2giques.<\/li>\n<li>Tingues preparat un Pla d&#8217;Emerg\u00e8ncia Familiar i una Motxilla d&#8217;Emerg\u00e8ncies, que incloga una Farmaciola de Primers Auxilis.<\/li>\n<li>Protegeix els objectes de valor i els documents personals.<\/li>\n<li>Revisa l&#8217;habitatge i neteja les baixants i les canalitzacions. Revisa tamb\u00e9 els desguassos pr\u00f2xims.<\/li>\n<li>Retira de l&#8217;exterior de l&#8217;habitatge els objectes que puguen ser arrossegats o desprendre&#8217;s per l&#8217;aigua.<\/li>\n<li>Confecciona un llistat amb els tel\u00e8fons d&#8217;Emerg\u00e8ncies, itineraris d&#8217;evacuaci\u00f3 i llocs on protegir-te amb seguretat.<\/li>\n<li>Tapa els forats de l&#8217;habitatge pels quals puga entrar l&#8217;aigua en cas de pluja torrencial. En cas d&#8217;inundaci\u00f3 de l&#8217;habitatge desconnecta l&#8217;electricitat.<\/li>\n<li>Col\u00b7loca els productes t\u00f2xics f\u00f3ra de l&#8217;abast de l&#8217;aigua per a evitar les contaminacions.<\/li>\n<\/ul>\n<p><strong>Actuacions durant l&#8217;emerg\u00e8ncia.<\/strong><\/p>\n<ul>\n<li>Estigues informat permanentment sobre l&#8217;evoluci\u00f3 de l&#8217;Emerg\u00e8ncia a trav\u00e9s dels Canals Oficials (<a href=\"https:\/\/www.112cv.gva.es\/va\/\" target=\"_blank\" rel=\"noopener\">www.112cv.gva\/<\/a>) i de la R\u00e0dio, Televisi\u00f3 i Internet.<\/li>\n<li>Segueix les recomanacions de les Autoritats i els Departaments d&#8217;Emerg\u00e8ncies de les diferents Administracions.<\/li>\n<li>Realitza \u00fanicament les trucades imprescindibles. No col\u00b7lapses la l\u00ednies telef\u00f2niques, deixa-les lliures per a la seua utilitzaci\u00f3 pels Serveis d&#8217;emerg\u00e8ncia.<\/li>\n<li>No propagues falsos rumors sobre l&#8217;emerg\u00e8ncia.<\/li>\n<li>Prepara&#8217;t per a abandonar l&#8217;habitatge si la situaci\u00f3 ho requereix o ho indiquen les autoritats. Desconnecta l&#8217;electricitat, el gas i l&#8217;aigua de la casa. Tanca i assegura totes les portes i finestres de la mateixa.<\/li>\n<li>Si s&#8217;inunda l&#8217;habitatge abandona els soterranis, garatges i plantes baixes i puja a les plantes elevades.<\/li>\n<li>Allunya&#8217;t de les riberes dels rius i barrancs que puguen inundar-se.<\/li>\n<li>No romangues en els ponts, poden enfonsar-se i arrossegar-te en la caiguda.<\/li>\n<li>Dirigeix-te cap als punts m\u00e9s alts de la zona on et trobes per a posar-te fora de perill quan es produ\u00efsca la inundaci\u00f3.<\/li>\n<\/ul>\n<p><strong>Actuacions en cas de Tempesta El\u00e8ctrica<\/strong><\/p>\n<ul>\n<li>Evita romandre en llocs alts com a cims i turons.<\/li>\n<li>Evita romandre en camp obert. Si has de fer-ho, no et refugies sota arbres, especialment si estan a\u00efllats i allunya&#8217;t de roques grans.<\/li>\n<li>No romangues en l&#8217;aigua, ni prop d&#8217;ella, atrau els rajos amb facilitat.<\/li>\n<li>Allunya&#8217;t tamb\u00e9 dels filats, reixats i objectes met\u00e0l\u00b7lics. No utilitzes\u00a0la bicicleta ni tendes la roba en l&#8217;exterior.<\/li>\n<li>Cerca refugi a l&#8217;interior d&#8217;una edificaci\u00f3, un cotxe, un lloc baix, o una depressi\u00f3 del terreny.<\/li>\n<li>Si est\u00e0s conduint, el cotxe tancat \u00e9s un bon lloc per a romandre. Disminueix la velocitat, extrema les precaucions i no et detingues en zones on puga disc\u00f3rrer gran quantitat d&#8217;aigua.<\/li>\n<li>A casa tanca portes i finestres per a evitar corrents d&#8217;aire. Aquestes atrauen els rajos .<\/li>\n<li>Si vas pel carrer refugia&#8217;t prop d&#8217;un edifici per a protegir-te dels rajos. Recomanacions per als automobilistes.<\/li>\n<li>Usa el vehicle nom\u00e9s si \u00e9s absolutament imprescindible.<\/li>\n<li>Abans de viatjar, consulta el Servei d&#8217;Informaci\u00f3 de Tr\u00e0fic de la DGT (<a href=\"http:\/\/infocar.dgt.es\/etraffic\/\" target=\"_blank\" rel=\"noopener\">http:\/\/infocar.dgt.es\/etraffic\/<\/a>) sobre l&#8217;estat de les carreteres que vages a utilitzar, aix\u00ed com de possibles itineraris alternatius.<\/li>\n<li>Circula preferentment per carreteres principals i autopistes, moderant la velocitat.<\/li>\n<li>\u00a0No intentes mai creuar un pont que oferisca dubtes sobre la seua resist\u00e8ncia.<\/li>\n<li>Mai creus amb el teu vehicle guals que salven barrancs o altres trams de carretera si estan inundats. La for\u00e7a de l&#8217;aigua pot arrossegar-te.<\/li>\n<li>Si tens problemes de visibilitat a causa de la pluja, para&#8217;t en el voral senyalitzant la teua situaci\u00f3.<\/li>\n<li>No aparques en llits secs ni a la riba de rius, per a evitar ser sorpr\u00e8s per una sobtada crescuda d&#8217;aigua o riuada.<\/li>\n<li>Abandona el teu vehicle si el corrent ho arrossega. Un turisme mitj\u00e0 \u00e9s arrossegat si l&#8217;altura de l&#8217;aigua supera els 45 cent\u00edmetres i un tot terreny mitj\u00e0 si supera els 75 cent\u00edmetres. Actuacions despr\u00e9s de l&#8217;Emerg\u00e8ncia<\/li>\n<li>Efectua una revisi\u00f3 de l&#8217;habitatge per a comprovar que no hi ha danys.<\/li>\n<li>Comprova que funcionen correctament els serveis b\u00e0sics.<\/li>\n<li>Segueix les normes sanit\u00e0ries i d&#8217;higiene que indiquen les autoritats competents. Fuentes: Direcci\u00f3 general de Protecci\u00f3 Civil i Emerg\u00e8ncies del Ministeri de l&#8217;Interior, Ag\u00e8ncia Valenciana de Seguretat i Resposta a Emerg\u00e8ncies \u2013 Servei 112 i Departament d&#8217;Emerg\u00e8ncies de l&#8217;Ajuntament d&#8217;Elx.<\/li>\n<\/ul>\n<p>[\/vc_column_text][\/vc_tta_section][vc_tta_section title=&#8221;Vents Forts&#8221; tab_id=&#8221;1511351388692-d7f718df-7208&#8243;][vc_column_text]<strong>RECOMANACIONS DAVANT DE VENTS FORTS<\/strong><\/p>\n<p><span style=\"font-weight: 400;\"><strong>En l&#8217;habitatge<\/strong><\/span><\/p>\n<ul>\n<li>Revisa les cornises, balconades,\u00a0muretes\u00a0i la fa\u00e7ana del teu habitatge per si es trobaren en mal estat i arregla&#8217;ls perqu\u00e8 no es puguen produir caigudes de rebles a la via p\u00fablica.<\/li>\n<li>Tanca les portes i finestres per a evitar corrents d&#8217;aire que puguen portar al trencament i caiguda de cristalls al carrer.<\/li>\n<li>Assegura o arreplega tots els elements vol\u00e0tils com a tendals, persianes, tests, g\u00e0bies, antenes, etc. que puguen caure al carrer.<\/li>\n<\/ul>\n<p><strong>Al carrer o al camp<\/strong><\/p>\n<ul>\n<li>Evita parar-te o caminar prop de bastides, de murs, de cases velles, en mal estat o en construcci\u00f3, de tanques publicit\u00e0ries i de qualsevol element arquitect\u00f2nic o decoratiu que puga caure damunt.<\/li>\n<li>Allunya&#8217;t de parcs i jardins d&#8217;on puguen desprendre&#8217;s branques dels arbres, o arribar a caure completament.<\/li>\n<\/ul>\n<p>&nbsp;<\/p>\n<p><b>A la carretera <\/b><\/p>\n<ul>\n<li>Redueix la velocitat per a evitar que un colp de vent puga desviar-te molt de la traject\u00f2ria, especialment en el cas de conduir un motocicleta o un vehicle de gran superf\u00edcie de contacte amb el vent.<\/li>\n<li>En cas que es produ\u00efsquen r\u00e0fegues de vent lateral molt forts, i pugues bolcar, detingues la marxa i espera al fet que\u00a0amaine.<\/li>\n<\/ul>\n<p><strong>En zones mar\u00edtimes<\/strong><\/p>\n<ul>\n<li>Procura allunyar-te de la platja perqu\u00e8 una ona gran pot arrossegar-te a l&#8217;interior del mar.<\/li>\n<li>Si el teu habitatge est\u00e0 situat en la costa\u00a0protegeix-lo per a evitar que siga\u00a0enva\u00eft per l&#8217;aigua.<\/li>\n<li>No circules amb vehicles per carreteres o camins propers a la l\u00ednia de platja.<\/li>\n<li>Procura no practicar qualsevol esport n\u00e0utic amb el mar molt embravit.<\/li>\n<\/ul>\n<p>[\/vc_column_text][\/vc_tta_section][vc_tta_section title=&#8221;Terratr\u00e8mols&#8221; tab_id=&#8221;1511351409498-353682b8-fd23&#8243;][vc_empty_space][vc_column_text]<\/p>\n<div class=\"traductor-textarea form-group\">\n<div class=\"textarea-desti col-xs-12 col-sm-6\">\n<div class=\"form-control second-textarea\">Consells a la poblaci\u00f3 abans del terratr\u00e8mol<\/div>\n<\/div>\n<\/div>\n<p>[\/vc_column_text][vc_empty_space]<figure class=\"sc_image  sc_image_shape_square\"><img decoding=\"async\" src=\"https:\/\/www.elche.es\/wp-content\/uploads\/2017\/11\/antes-terremoto.jpg\" alt=\"\" \/><figcaption><span><\/span> Antes del terremoto<\/figcaption><\/figure>[vc_empty_space][vc_column_text]<\/p>\n<div class=\"traductor-textarea form-group\">\n<div class=\"textarea-desti col-xs-12 col-sm-6\">\n<div class=\"form-control second-textarea\">Consells a la poblaci\u00f3 durant el terratr\u00e8mol<\/div>\n<\/div>\n<\/div>\n<p>[\/vc_column_text][vc_empty_space]<figure class=\"sc_image  sc_image_shape_square\"><img decoding=\"async\" src=\"https:\/\/www.elche.es\/wp-content\/uploads\/2017\/11\/durante-terremoto.jpg\" alt=\"\" \/><figcaption><span><\/span> Durante el terremoto<\/figcaption><\/figure>[vc_empty_space][vc_column_text]<\/p>\n<div class=\"traductor-textarea form-group\">\n<div class=\"textarea-desti col-xs-12 col-sm-6\">\n<div class=\"form-control second-textarea\">Consells a la poblaci\u00f3 despr\u00e9s del terratr\u00e8mol<\/div>\n<\/div>\n<\/div>\n<div class=\"traductor-checkbox form-group\"><\/div>\n<p>[\/vc_column_text][vc_empty_space]<figure class=\"sc_image  sc_image_shape_square\"><img decoding=\"async\" src=\"https:\/\/www.elche.es\/wp-content\/uploads\/2017\/11\/despues-terremoto.jpg\" alt=\"\" \/><figcaption><span><\/span> Despues del terremoto<\/figcaption><\/figure>[\/vc_tta_section][\/vc_tta_tabs]<\/p>\n<\/div>","protected":false},"excerpt":{"rendered":"<p>[vc_row css=&#8221;.vc_custom_1653644153666{background-image: url(https:\/\/www.elche.es\/wp-content\/uploads\/2018\/07\/DSCF2971.jpg?id=66716) !important;background-position: center !important;background-repeat: no-repeat !important;background-size: cover !important;}&#8221;][vc_column][vc_column_text] Consells a la poblaci\u00f3 [\/vc_column_text][vc_empty_space][\/vc_column][\/vc_row][vc_row full_width=&#8221;stretch_row&#8221; css=&#8221;.vc_custom_1475484188729{background-color: #dddde0 !important;}&#8221;][vc_column][vc_row_inner][vc_column_inner][vc_column_text][\/vc_column_text][\/vc_column_inner][\/vc_row_inner][\/vc_column][\/vc_row][vc_row][vc_column][vc_empty_space][\/vc_column][\/vc_row][vc_tta_tabs][vc_tta_section title=&#8221;Fred Intens&#8221; tab_id=&#8221;1511351316159-df410b6f-8b1c&#8221;][vc_column_text] Consells a la poblaci\u00f3 en \u00e8poca de fred [&hellip;]<\/p>\n","protected":false},"author":131,"featured_media":0,"parent":117760,"menu_order":0,"comment_status":"closed","ping_status":"closed","template":"","meta":{"footnotes":""},"class_list":["post-43384","page","type-page","status-publish","hentry"],"_links":{"self":[{"href":"https:\/\/www.elche.es\/va\/wp-json\/wp\/v2\/pages\/43384","targetHints":{"allow":["GET"]}}],"collection":[{"href":"https:\/\/www.elche.es\/va\/wp-json\/wp\/v2\/pages"}],"about":[{"href":"https:\/\/www.elche.es\/va\/wp-json\/wp\/v2\/types\/page"}],"author":[{"embeddable":true,"href":"https:\/\/www.elche.es\/va\/wp-json\/wp\/v2\/users\/131"}],"replies":[{"embeddable":true,"href":"https:\/\/www.elche.es\/va\/wp-json\/wp\/v2\/comments?post=43384"}],"version-history":[{"count":0,"href":"https:\/\/www.elche.es\/va\/wp-json\/wp\/v2\/pages\/43384\/revisions"}],"up":[{"embeddable":true,"href":"https:\/\/www.elche.es\/va\/wp-json\/wp\/v2\/pages\/117760"}],"wp:attachment":[{"href":"https:\/\/www.elche.es\/va\/wp-json\/wp\/v2\/media?parent=43384"}],"curies":[{"name":"wp","href":"https:\/\/api.w.org\/{rel}","templated":true}]}}