{"id":4406,"date":"2016-10-10T14:33:05","date_gmt":"2016-10-10T14:33:05","guid":{"rendered":"http:\/\/www.elche.es\/va\/esports\/actividades-deportivas\/"},"modified":"2022-12-02T11:03:11","modified_gmt":"2022-12-02T10:03:11","slug":"activitats-esportives","status":"publish","type":"page","link":"https:\/\/www.elche.es\/va\/esports\/activitats-esportives\/","title":{"rendered":"Activitats esportives"},"content":{"rendered":"<div class=\"wpb-content-wrapper\"><p>[vc_row full_width=&#8221;stretch_row&#8221; css=&#8221;.vc_custom_1621937889855{background-image: url(https:\/\/www.elche.es\/wp-content\/uploads\/2021\/03\/DSC06935-scaled.jpg?id=138939) !important;background-position: center !important;background-repeat: no-repeat !important;background-size: cover !important;}&#8221; el_id=&#8221;bloque_titulo&#8221; el_class=&#8221;slidersecciones&#8221;][vc_column][vc_custom_heading text=&#8221;Activitats esportives municipals&#8221; font_container=&#8221;tag:h2|text_align:center|color:%23ffffff&#8221; google_fonts=&#8221;font_family:Ubuntu%3A300%2C300italic%2Cregular%2Citalic%2C500%2C500italic%2C700%2C700italic|font_style:700%20bold%20regular%3A700%3Anormal&#8221; el_class=&#8221;sombraTitulo cabeceramovil&#8221;][\/vc_column][\/vc_row][vc_row][vc_column]<div class=\"templatera_shortcode\"><div id=\"bloque_menu_enlaces\" data-vc-full-width=\"true\" data-vc-full-width-init=\"false\" data-vc-stretch-content=\"true\" class=\"vc_row wpb_row vc_row-fluid bloque_menu_paginas bloquemnuestop vc_custom_1621932290718 vc_row-has-fill vc_row-no-padding\"><div class=\"enlacesdeportes wpb_column vc_column_container vc_col-sm-12\"><div class=\"vc_column-inner\"><div class=\"wpb_wrapper\">\r\n        \r\n        <a class=\"menuVC\"  href=\"https:\/\/www.elche.es\/va\/esports\/\"> <span> Elx Ciutat d'Esports <\/span><\/a>\r\n        \r\n        <a class=\"menuVC\"  href=\"https:\/\/www.elche.es\/va\/esports\/installacions-esportives-municipals\/\"> <span> Instal\u00b7lacions esportives <\/span><\/a>\r\n        \r\n        <a class=\"menuVC\"  href=\"https:\/\/www.elche.es\/va\/esports\/activitats-esportives\/\"> <span> Activitats <\/span><\/a>\r\n        \r\n        <a class=\"menuVC\"  href=\"https:\/\/www.elche.es\/va\/esports\/competicions-esportives\/\"> <span> Competicions <\/span><\/a>\r\n        \r\n        <a class=\"menuVC\"  href=\"https:\/\/www.elche.es\/va\/esports\/\"> <span> Esdeveniments <\/span><\/a>\r\n        \r\n        <a class=\"menuVC\"  href=\"https:\/\/www.elche.es\/va\/senderelx\/\"> <span> Senderelx <\/span><\/a>\r\n        \r\n        <a class=\"menuVC\"  href=\"https:\/\/elche.i2a.es\/CronosWeb\/Login\"> <span> Gesti\u00f3 d\u2019usuaris <\/span><\/a><\/div><\/div><\/div><\/div><div class=\"vc_row-full-width vc_clearfix\"><\/div><\/div>[\/vc_column][\/vc_row][vc_row][vc_column][vc_column_text]<nav aria-label=\"breadcrumbs\">\n            <div class=\"breadcrumb-container theme1\">\n                <ol>\n                                    <\/ol>\n            <\/div>\n        <\/nav>    <script type=\"application\/ld+json\">\n        {\n            \"@context\": \"http:\/\/schema.org\",\n            \"@type\": \"BreadcrumbList\",\n            \"itemListElement\": [\n                            ]\n        }\n    <\/script>\n    <style type=\"text\/css\">\n        .breadcrumb-container {\n            font-size: 13px;\n        }\n\n        .breadcrumb-container ul {\n            margin: 0;\n            padding: 0;\n        }\n\n        .breadcrumb-container li {\n            box-sizing: unset;\n            display: inline-block;\n            margin: 0;\n            padding: 0;\n        }\n\n        .breadcrumb-container li a {\n            box-sizing: unset;\n            padding: 0 10px;\n        }\n\n        .breadcrumb-container {\n            font-size: 3 !important;\n                    }\n\n        .breadcrumb-container li a {\n            color: #0a0a0a !important;\n            font-size: 3 !important;\n            line-height: 3 !important;\n                    }\n\n        .breadcrumb-container li .separator {\n            font-size: 3 !important;\n                    }\n\n        .breadcrumb-container li:last-child .separator {\n            display: none;\n        }\n    <\/style>\n    <style type=\"text\/css\">\n        .breadcrumb-container.theme1 li {\n            margin: 0;\n            padding: 0;\n        }\n        .breadcrumb-container.theme1 a {\n            background: ;\n            display: inline-block;\n            margin: 0 5px;\n            padding: 5px 10px;\n            text-decoration: none;\n        }\n    <\/style>\n        <style type=\"text\/css\">\n            <\/style>\n    <script>\n            <\/script>\n[\/vc_column_text][\/vc_column][\/vc_row][vc_row css=&#8221;.vc_custom_1475850882313{margin-top: 40px !important;margin-bottom: 40px !important;background-color: #ffffff !important;}&#8221;][vc_column css=&#8221;.vc_custom_1475847889991{padding-left: 0px !important;}&#8221;][vc_tta_tabs][vc_tta_section title=&#8221;Activitats aqu\u00e0tiques&#8221; tab_id=&#8221;1613031998413-9282407b-3f7e&#8221;][vc_images_carousel images=&#8221;181402,180055,181406,181404&#8243; img_size=&#8221;1080&#215;320&#8243; wrap=&#8221;yes&#8221;]<h5 class=\"sc_title sc_title_regular margin_top_tiny margin_bottom_tiny\">Activitats aqu\u00e0tiques<\/h5>[vc_column_text css=&#8221;.vc_custom_1539774595130{padding-bottom: 30px !important;}&#8221;]La nostra ciutat posseeix una extensa xarxa de piscines cobertes i piscines recreatives distribu\u00efdes per tota la ciutat i les seues pedanies, amb la finalitat de facilitar als ciutadans la possibilitat de realitzar activitats aqu\u00e0tiques, ja siga per raons de salut, per a competir o per passar una estona d&#8217;oci.<\/p>\n<p>[\/vc_column_text]\r\n        <p>\r\n        <span class=\"enlaces-titulo\"> Fullet activitats aqu\u00e0tiques <\/span> <span><a class=\"enlaces-link\" href=\"https:\/\/www.elche.es\/wp-content\/uploads\/2022\/12\/folleto-Actividades-Acuaticas-invierno.pdf \">Veure enlla\u00e7<\/a><\/span>\r\n        <br>\r\n        <span class=\"enlaces-descripcion\"><\/span>\r\n        <\/p>\r\n        <hr class=\"enlaces-separador\">\r\n        [vc_empty_space height=&#8221;20px&#8221;]<a href=\"https:\/\/elche.i2a.es\/CronosWeb\/Login\" class=\"sc_button sc_button_square sc_button_style_filled style_original sc_button_size_medium boton3d \">Inscriu-te<\/a>[vc_separator color=&#8221;juicy_pink&#8221; border_width=&#8221;4&#8243;][vc_separator color=&#8221;juicy_pink&#8221; border_width=&#8221;4&#8243;][vc_empty_space][\/vc_tta_section][vc_tta_section title=&#8221;Programa EnForma&#8221; tab_id=&#8221;1613031998436-c690e9d7-0490&#8243;][vc_images_carousel images=&#8221;180077,181420,180075,181422,216120&#8243; img_size=&#8221;1080&#215;320&#8243;]<h5 class=\"sc_title sc_title_regular margin_top_tiny margin_bottom_tiny\">Esport salut<\/h5>[vc_column_text css=&#8221;.vc_custom_1643722922627{padding-bottom: 30px !important;}&#8221;]El programa EnForma per a adults, que engloba diferents activitats, es du a terme en les instal\u00b7lacions esportives municipals dels barris i pedanies de la ciutat.[\/vc_column_text]\r\n        <p>\r\n        <span class=\"enlaces-titulo\"> Mes informaci\u00f3 <\/span> <span><a class=\"enlaces-link\" href=\"https:\/\/www.elche.es\/wp-content\/uploads\/2022\/12\/folleto-EnForma-invierno.pdf \">Veure enlla\u00e7<\/a><\/span>\r\n        <br>\r\n        <span class=\"enlaces-descripcion\"><\/span>\r\n        <\/p>\r\n        <hr class=\"enlaces-separador\">\r\n        [\/vc_tta_section][vc_tta_section title=&#8221;Escoles esportives&#8221; tab_id=&#8221;1613032183997-a8034c0d-312b&#8221;][vc_single_image image=&#8221;135038&#8243;]<h5 class=\"sc_title sc_title_regular margin_top_tiny margin_bottom_tiny\">Escoles esportives municipals<\/h5>[vc_column_text css=&#8221;.vc_custom_1632204639629{padding-bottom: 30px !important;}&#8221;]Les escoles esportives municipals tenen com a objectius principals, fomentar la pr\u00e0ctica esportiva i promoure l&#8217;aprenentatge de diferents modalitats esportives entre els m\u00e9s joves. Dirigides a escolars de 8 a 14 anys, es desenvolupen en diferents col\u00b7legis, instituts p\u00fablics i instal\u00b7lacions esportives municipals de la ciutat d&#8217;Elx.<\/p>\n<div class=\"page\" title=\"Page 1\"><\/div>\n<p>[\/vc_column_text]\r\n        <p>\r\n        <span class=\"enlaces-titulo\"> Escoles esportives <\/span> <span><a class=\"enlaces-link\" href=\"https:\/\/www.elche.es\/wp-content\/uploads\/2021\/03\/Escuelas-deportivas-2020-2021-2.pdf \">Veure enlla\u00e7<\/a><\/span>\r\n        <br>\r\n        <span class=\"enlaces-descripcion\"><\/span>\r\n        <\/p>\r\n        <hr class=\"enlaces-separador\">\r\n        [\/vc_tta_section][vc_tta_section title=&#8221;Campanyes Coneix&#8221; tab_id=&#8221;1613032210898-4c0253df-a2fd&#8221;][vc_single_image image=&#8221;135212&#8243; img_size=&#8221;full&#8221; css=&#8221;.vc_custom_1613046834573{padding-left: 0px !important;}&#8221;]<h5 class=\"sc_title sc_title_regular margin_top_tiny margin_bottom_tiny\">Promoci\u00f3 esportiva escolar (Campanya Coneix)<\/h5>[vc_column_text css=&#8221;.vc_custom_1632205091152{padding-bottom: 30px !important;}&#8221;]Les &#8220;Campanyes Coneix&#8221; sorgeixen\u00a0 del comprom\u00eds de la ciutat d&#8217;Elx de fomentar l&#8217;activitat f\u00edsica i l&#8217;esport entre els escolars il\u00b7licitans.<\/p>\n<p>A trav\u00e9s d&#8217;aquest programa els escolars dels diferents centres educatius, coneixen les diferents activitats que es poden realitzar en les instal\u00b7lacions esportives municipals, aix\u00ed com en l&#8217;entorn natural m\u00e9s pr\u00f2xim, com per exemple el Parc Natural del Fondo.<\/p>\n<p>Aquests programes es realitzen durant tot el curs escolar; l&#8217;organitzaci\u00f3 s&#8217;inicia al setembre, amb la preparaci\u00f3 dels programes, l&#8217;enviament de les cartes informatives i les sol\u00b7licituds d&#8217;inclusi\u00f3, als centres educatius.<\/p>\n<p>Totes les activitats, es troben sota la supervisi\u00f3 de t\u00e8cnics esportius especialistes, que seran els encarregats de posar en marxa l&#8217;activitat.<\/p>\n<p>De forma resumida, el pla de treball de cada activitat ser\u00e0 el seg\u00fcent:<br \/>\n&#8211; Recepci\u00f3 dels escolars.<br \/>\n&#8211; Xarrada t\u00e8cnica sobre l&#8217;activitat, la instal\u00b7laci\u00f3 esportiva i normes de seguretat.<br \/>\n&#8211; Pr\u00e0ctica de l&#8217;activitat.<br \/>\n&#8211; Comiat i volta al centre educatiu.<\/p>\n<p>Actualment es compta amb les seg\u00fcents Campanyes Coneix.<\/p>\n<ul>\n<li>&#8220;Coneix l&#8217;handbol platja&#8221;<\/li>\n<li>&#8220;Coneix el voleibol de platja&#8221;<\/li>\n<li>&#8220;Coneix el senderisme&#8221;<\/li>\n<li>&#8220;Coneix l&#8217;atletisme&#8221;<\/li>\n<li>&#8220;Coneix la Ciutat Esportiva Juan \u00c1ngel Romero&#8221; (Activitat l\u00fadica i esportiva)<\/li>\n<\/ul>\n<p>M\u00e9s informaci\u00f3 sobre el programa &#8220;Campanyes Coneix&#8221; en el correu electr\u00f2nic <strong>deportes@elche.es<\/strong> i en el tel\u00e8fon <strong>966658122<\/strong>.<\/p>\n<div class=\"page\" title=\"Page 1\"><\/div>\n<p>[\/vc_column_text][\/vc_tta_section][\/vc_tta_tabs][\/vc_column][\/vc_row][vc_row][vc_column width=&#8221;1\/3&#8243;][vc_empty_space][vc_empty_space]<div id='modulo_datos_contacto'> <p class='titulo_datos_contacto'>Dades de contacte <\/p> <hr><p class=\"contactoArea\"> <i class=\"fa fa-map-marker\" aria-hidden=\"true\"><\/i>Av. de la Universitat d'Elx, 86.<\/p><p class=\"contactoArea\"><i class=\"fa fa-phone\" aria-hidden=\"true\"><\/i>966 658 122<\/p><p class=\"contactoArea\"><i class=\"fa fa-fax\" aria-hidden=\"true\"><\/i>966 658 123<\/p><p class=\"contactoArea\"><i class=\"fa fa-envelope\" aria-hidden=\"true\"><\/i><a href=\"mailto:deportes@elx.es\"> deportes@elx.es<\/a><\/p><div id='contacto-rrss'><span  style=\" padding-left: 0px; \" class=\"contactoArea rrss\"><a target=\"_blank\" href=\"https:\/\/www.facebook.com\/Elche-Ciudad-de-Deportes-Elx-Ciutat-dEsports-1215100851863825\/\"> <i class=\"fa fa-facebook-square\" aria-hidden=\"true\"><\/i><\/a><\/span><span style=\" padding-left: 0px; \" class=\"contactoArea rrss\"><a target=\"_blank\" href=\"https:\/\/twitter.com\/esportselx?lang=es\"><i class=\"fa fa-twitter\" aria-hidden=\"true\"><\/i><\/a><\/span><\/div><\/div>[vc_empty_space][vc_empty_space][vc_empty_space][vc_empty_space][\/vc_column][vc_column width=&#8221;1\/3&#8243;][vc_empty_space][vc_empty_space][vc_single_image image=&#8221;118904&#8243; img_size=&#8221;medium&#8221; alignment=&#8221;center&#8221;][vc_empty_space][\/vc_column][vc_column width=&#8221;1\/3&#8243;][vc_empty_space][vc_empty_space][sbs_wpb_openstreetmap map_style=&#8221;openstreetmap_de&#8221; map_height=&#8221;60&#8243; ctrl_mouse_zoom=&#8221;true&#8221; latitude=&#8221;38.272729&#8243; longitude=&#8221;-0.671595&#8243;][sbs_wpb_marker marker_source=&#8221;coordinates&#8221; marker_latitude=&#8221;38.272729&#8243; marker_longitude=&#8221;-0.671595&#8243;][\/sbs_wpb_marker][\/sbs_wpb_openstreetmap][\/vc_column][\/vc_row][vc_column][\/vc_column]<div class=\"sc_content content_wrap\"><\/div>\n<\/div>","protected":false},"excerpt":{"rendered":"Activitats esportives municipals Elx Ciutat d'Esports Instal\u00b7lacions esportives Activitats Competicions Esdeveniments Senderelx Gesti\u00f3 d\u2019usuaris Activitats aqu\u00e0tiquesPrograma EnFormaEscoles esportivesCampanyes ConeixActivitats aqu\u00e0tiquesActivitats aqu\u00e0tiques La nostra ciutat posseeix una extensa xarxa de piscines [...]","protected":false},"author":131,"featured_media":0,"parent":22611,"menu_order":0,"comment_status":"closed","ping_status":"closed","template":"","meta":{"footnotes":""},"class_list":["post-4406","page","type-page","status-publish","hentry"],"_links":{"self":[{"href":"https:\/\/www.elche.es\/va\/wp-json\/wp\/v2\/pages\/4406","targetHints":{"allow":["GET"]}}],"collection":[{"href":"https:\/\/www.elche.es\/va\/wp-json\/wp\/v2\/pages"}],"about":[{"href":"https:\/\/www.elche.es\/va\/wp-json\/wp\/v2\/types\/page"}],"author":[{"embeddable":true,"href":"https:\/\/www.elche.es\/va\/wp-json\/wp\/v2\/users\/131"}],"replies":[{"embeddable":true,"href":"https:\/\/www.elche.es\/va\/wp-json\/wp\/v2\/comments?post=4406"}],"version-history":[{"count":0,"href":"https:\/\/www.elche.es\/va\/wp-json\/wp\/v2\/pages\/4406\/revisions"}],"up":[{"embeddable":true,"href":"https:\/\/www.elche.es\/va\/wp-json\/wp\/v2\/pages\/22611"}],"wp:attachment":[{"href":"https:\/\/www.elche.es\/va\/wp-json\/wp\/v2\/media?parent=4406"}],"curies":[{"name":"wp","href":"https:\/\/api.w.org\/{rel}","templated":true}]}}