{"id":4566,"date":"2016-10-13T11:27:19","date_gmt":"2016-10-13T11:27:19","guid":{"rendered":"http:\/\/www.elche.es\/va\/policia-local\/parque-infantil-de-trafico\/"},"modified":"2026-02-17T09:46:47","modified_gmt":"2026-02-17T07:46:47","slug":"parc-infantil-de-transit","status":"publish","type":"page","link":"https:\/\/www.elche.es\/va\/policia-local\/parc-infantil-de-transit\/","title":{"rendered":"Escola d&#8217;Educaci\u00f3 Vi\u00e0ria"},"content":{"rendered":"<div class=\"wpb-content-wrapper\"><p>[vc_row full_width=&#8221;stretch_row_content_no_spaces&#8221; css=&#8221;.vc_custom_1663588492163{background-position: center !important;background-repeat: no-repeat !important;background-size: cover !important;}&#8221; el_class=&#8221;cuadrocabecerafoto&#8221;][vc_column][vc_single_image image=&#8221;351818&#8243; img_size=&#8221;full&#8221; alignment=&#8221;center&#8221; css=&#8221;&#8221; el_class=&#8221;cabecerasolofoto&#8221;][\/vc_column][\/vc_row][vc_row css=&#8221;.vc_custom_1622801768924{background-color: rgba(255,255,255,0.8) !important;*background-color: rgb(255,255,255) !important;}&#8221;][vc_column][\/vc_column][\/vc_row][vc_row full_width=&#8221;stretch_row&#8221; css=&#8221;.vc_custom_1475488224066{background-color: #dddde0 !important;}&#8221;][vc_column][vc_column_text]<nav aria-label=\"breadcrumbs\">\n            <div class=\"breadcrumb-container theme1\">\n                <ol>\n                                    <\/ol>\n            <\/div>\n        <\/nav>    <script type=\"application\/ld+json\">\n        {\n            \"@context\": \"http:\/\/schema.org\",\n            \"@type\": \"BreadcrumbList\",\n            \"itemListElement\": [\n                            ]\n        }\n    <\/script>\n    <style type=\"text\/css\">\n        .breadcrumb-container {\n            font-size: 13px;\n        }\n\n        .breadcrumb-container ul {\n            margin: 0;\n            padding: 0;\n        }\n\n        .breadcrumb-container li {\n            box-sizing: unset;\n            display: inline-block;\n            margin: 0;\n            padding: 0;\n        }\n\n        .breadcrumb-container li a {\n            box-sizing: unset;\n            padding: 0 10px;\n        }\n\n        .breadcrumb-container {\n            font-size: 3 !important;\n                    }\n\n        .breadcrumb-container li a {\n            color: #0a0a0a !important;\n            font-size: 3 !important;\n            line-height: 3 !important;\n                    }\n\n        .breadcrumb-container li .separator {\n            font-size: 3 !important;\n                    }\n\n        .breadcrumb-container li:last-child .separator {\n            display: none;\n        }\n    <\/style>\n    <style type=\"text\/css\">\n        .breadcrumb-container.theme1 li {\n            margin: 0;\n            padding: 0;\n        }\n        .breadcrumb-container.theme1 a {\n            background: ;\n            display: inline-block;\n            margin: 0 5px;\n            padding: 5px 10px;\n            text-decoration: none;\n        }\n    <\/style>\n        <style type=\"text\/css\">\n            <\/style>\n    <script>\n            <\/script>\n[\/vc_column_text][\/vc_column][\/vc_row][vc_row full_width=&#8221;stretch_row&#8221; css=&#8221;.vc_custom_1626879629951{background-image: url(https:\/\/www.elche.es\/wp-content\/uploads\/2021\/07\/unnamed-1.jpg?id=155172) !important;}&#8221;][vc_column]<div class=\"sc_content content_wrap\">\n\t<div class=\"wpb_text_column wpb_content_element\" >\n\t\t<div class=\"wpb_wrapper\">\n\t\t\t<h1 style=\"text-align: center;\"><span style=\"color: #ffffff;\">LA TEUA SEGURETAT, LA NOSTRA PRIORITAT<\/span><\/h1>\n\n\t\t<\/div>\n\t<\/div>\n<h1 class=\"sc_title sc_title_regular\"><\/h1><\/div>[\/vc_column][\/vc_row][vc_row full_width=&#8221;stretch_row&#8221; css=&#8221;.vc_custom_1770708574670{margin-bottom: 20px !important;}&#8221;][vc_column width=&#8221;2\/3&#8243;]<h1 class=\"sc_title sc_title_regular titulo-pagina margin_top_small\" style=\"````\">Parc Infantil de Tr\u00e0nsit<\/h1>[vc_column_text css=&#8221;&#8221;]<strong>L&#8217;Escola\u00a0 d&#8217;Educaci\u00f3 Vi\u00e0ria Pedro Tenza<\/strong>, amb el seu Parc Infantil de Tr\u00e0nsit, continua adaptant la seua programaci\u00f3 a la nova realitat de mobilitat present i futura per oferir a la ciutadania d&#8217;Elx i voltants una gran varietat d&#8217;accions enfocades a millorar la seguretat dels despla\u00e7aments que realitzem en el dia a dia.<\/p>\n<p>L&#8217;Escola\u00a0 d&#8217;Educaci\u00f3 Vi\u00e0ria Pedro Tenza rep anualment m\u00e9s de 10.000 usuaris de totes les edats, amb una varietat de propostes formatives i de voluntariat que la convertixen en un <strong>referent internacional<\/strong>, realitzant activitats amb centres escolars, activitats en fam\u00edlia, clubs esportius, cursos de ciclisme urb\u00e0, cursos d&#8217;iniciaci\u00f3 i perfeccionament en el domini de la bicicleta, passejos a persones amb mobilitat redu\u00efda, etc.<\/p>\n<p>S\u00f3n objectius principals promoure la\u00a0mobilitat sostenible, la <strong>creaci\u00f3 d&#8217;h\u00e0bits\u00a0 de vida saludables\u00a0i l&#8217;educaci\u00f3\u00a0 en valors.<\/strong> Per a aix\u00f2 comptem amb un comprom\u00e9s equip, integrat per agents de la Policia Local i professionals de l&#8217;ensenyan\u00e7a[\/vc_column_text][\/vc_column][vc_column width=&#8221;1\/3&#8243;][vc_single_image image=&#8221;351807&#8243; img_size=&#8221;full&#8221; onclick=&#8221;link_image&#8221; css=&#8221;.vc_custom_1770708590151{margin-top: 20px !important;}&#8221; el_class=&#8221;fotounicanoticia&#8221;][\/vc_column][\/vc_row][vc_row full_width=&#8221;stretch_row&#8221; css=&#8221;.vc_custom_1639124277289{background-color: #d8d8d8 !important;}&#8221;][vc_column]<div class=\"sc_section aligncenter\"><div class=\"sc_section_inner\"><h3 class=\"sc_title sc_title_regular margin_top_null\"><\/p>\n<p style=\"text-align: left;\">Programes<\/p>\n<p><\/h3><div class=\"vc_row wpb_row vc_inner vc_row-fluid\"><div class=\"wpb_column vc_column_container vc_col-sm-4\"><div class=\"vc_column-inner\"><div class=\"wpb_wrapper\">\n\t<div  class=\"wpb_single_image wpb_content_element vc_align_left wpb_content_element\">\n\t\t\n\t\t<figure class=\"wpb_wrapper vc_figure\">\n\t\t\t<a href=\"\" target=\"_self\" class=\"vc_single_image-wrapper   vc_box_border_grey\"><\/a>\n\t\t<\/figure>\n\t<\/div>\n<div class=\"vc_empty_space\"   style=\"height: 1px\"><span class=\"vc_empty_space_inner\"><\/span><\/div>\n\t<div  class=\"wpb_single_image wpb_content_element vc_align_left wpb_content_element\">\n\t\t\n\t\t<figure class=\"wpb_wrapper vc_figure\">\n\t\t\t<a href=\"\" target=\"_self\" class=\"vc_single_image-wrapper   vc_box_border_grey\"><\/a>\n\t\t<\/figure>\n\t<\/div>\n<\/div><\/div><\/div><div class=\"wpb_column vc_column_container vc_col-sm-4\"><div class=\"vc_column-inner\"><div class=\"wpb_wrapper\">\n\t<div  class=\"wpb_single_image wpb_content_element vc_align_left wpb_content_element\">\n\t\t\n\t\t<figure class=\"wpb_wrapper vc_figure\">\n\t\t\t<a href=\"\" target=\"_self\" class=\"vc_single_image-wrapper   vc_box_border_grey\"><\/a>\n\t\t<\/figure>\n\t<\/div>\n<div class=\"vc_empty_space\"   style=\"height: 1px\"><span class=\"vc_empty_space_inner\"><\/span><\/div>\n\t<div  class=\"wpb_single_image wpb_content_element vc_align_left wpb_content_element\">\n\t\t\n\t\t<figure class=\"wpb_wrapper vc_figure\">\n\t\t\t<a href=\"\" target=\"_self\" class=\"vc_single_image-wrapper   vc_box_border_grey\"><\/a>\n\t\t<\/figure>\n\t<\/div>\n<\/div><\/div><\/div><div class=\"wpb_column vc_column_container vc_col-sm-4\"><div class=\"vc_column-inner\"><div class=\"wpb_wrapper\">\n\t<div  class=\"wpb_single_image wpb_content_element vc_align_left wpb_content_element\">\n\t\t\n\t\t<figure class=\"wpb_wrapper vc_figure\">\n\t\t\t<a href=\"\" target=\"_self\" class=\"vc_single_image-wrapper   vc_box_border_grey\"><\/a>\n\t\t<\/figure>\n\t<\/div>\n<div class=\"vc_empty_space\"   style=\"height: 1px\"><span class=\"vc_empty_space_inner\"><\/span><\/div>\n\t<div  class=\"wpb_single_image wpb_content_element vc_align_left wpb_content_element\">\n\t\t\n\t\t<figure class=\"wpb_wrapper vc_figure\">\n\t\t\t<a href=\"\" target=\"_self\" class=\"vc_single_image-wrapper   vc_box_border_grey\"><\/a>\n\t\t<\/figure>\n\t<\/div>\n<\/div><\/div><\/div><\/div><div class=\"vc_empty_space\"   style=\"height: 32px\"><span class=\"vc_empty_space_inner\"><\/span><\/div><\/div><\/div>[\/vc_column][\/vc_row][vc_row][vc_column]<div class=\"sc_content content_wrap\"><div class=\"columns_wrap sc_columns columns_nofluid sc_columns_count_2\"><div class=\"column-1_2 sc_column_item sc_column_item_1 odd first\"><div class=\"vc_empty_space\"   style=\"height: 1px\"><span class=\"vc_empty_space_inner\"><\/span><\/div><blockquote class=\"sc_quote sc_quote_style_original\"><p>Ubicaci\u00f3 i contacte<\/p><\/blockquote><div class=\"vc_empty_space\"   style=\"height: 1px\"><span class=\"vc_empty_space_inner\"><\/span><\/div>\n\t<div class=\"wpb_text_column wpb_content_element\" >\n\t\t<div class=\"wpb_wrapper\">\n\t\t\t<p>Actualment l&#8217;Escola d&#8217;Educaci\u00f3 Vi\u00e0ria no compta amb horari espec\u00edfic d&#8217;atenci\u00f3 al P\u00fablic. El mitj\u00e0 de contacte preferent \u00e9s el correu electr\u00f2nic per a qualsevol consulta<\/p>\n\n\t\t<\/div>\n\t<\/div>\n<\/div><div class=\"column-1_2 sc_column_item sc_column_item_2 even\"><div class=\"vc_empty_space\"   style=\"height: 32px\"><span class=\"vc_empty_space_inner\"><\/span><\/div><div id='modulo_datos_contacto'> <p class='titulo_datos_contacto'>Dades de contacte <\/p> <hr><p class=\"contactoArea\"> <i class=\"fa fa-map-marker\" aria-hidden=\"true\"><\/i>Av. de l'Alcalde Vicente Quiles, 1, 03202 Elx<\/p><p class=\"contactoArea\"><i class=\"fa fa-phone\" aria-hidden=\"true\"><\/i>965 45 23 42<\/p><p class=\"contactoArea\"><i class=\"fa fa-envelope\" aria-hidden=\"true\"><\/i><a href=\"mailto:pit@elche.es\"> pit@elche.es<\/a><\/p><div id='contacto-rrss'><\/div><\/div><div class=\"vc_empty_space\"   style=\"height: 1px\"><span class=\"vc_empty_space_inner\"><\/span><\/div><\/div><\/div><\/div>[\/vc_column][\/vc_row][vc_row full_width=&#8221;stretch_row_content_no_spaces&#8221; source=&#8221;media_library&#8221; image=&#8221;&#8221; img_size=&#8221;full&#8221; external_img_size=&#8221;&#8221; add_caption=&#8221;&#8221; alignment=&#8221;left&#8221; style=&#8221;&#8221; external_style=&#8221;&#8221; border_color=&#8221;grey&#8221; external_border_color=&#8221;grey&#8221; onclick=&#8221;link_image&#8221; img_link_target=&#8221;_self&#8221; el_class=&#8221;fotounicanoticia&#8221; title=&#8221;&#8221; custom_src=&#8221;&#8221; caption=&#8221;&#8221; link=&#8221;&#8221; img_link_large=&#8221;&#8221; css=&#8221;.vc_custom_1770708893223{margin-top: 20px !important;margin-bottom: 40px !important;}&#8221;][vc_column][vc_raw_html css=&#8221;&#8221;]JTNDaWZyYW1lJTIwc3JjJTNEJTIyaHR0cHMlM0ElMkYlMkZ3d3cuZ29vZ2xlLmNvbSUyRm1hcHMlMkZlbWJlZCUzRnBiJTNEJTIxMW0xOCUyMTFtMTIlMjExbTMlMjExZDkyNS43NTI2NDQ2MzMzMjUzJTIxMmQtMC42OTgxNzkxODkzNDYzODkzJTIxM2QzOC4yNzIwNzA0NTYwNTkxOCUyMTJtMyUyMTFmMCUyMTJmMCUyMTNmMCUyMTNtMiUyMTFpMTAyNCUyMTJpNzY4JTIxNGYxMy4xJTIxM20zJTIxMW0yJTIxMXMweGQ2M2I2NWZiZjliNWY5OSUyNTNBMHhiOTI0ZmM3NTM2NjNhN2UwJTIxMnNQYXJxdWUlMjUyMEluZmFudGlsJTI1MjBkZSUyNTIwVHIlMjVDMyUyNUExZmljbyUyMTVlMSUyMTNtMiUyMTFzZXMlMjEyc2VzJTIxNHYxNzcwNzA5MDEwMDEwJTIxNW0yJTIxMXNlcyUyMTJzZXMlMjIlMjB3aWR0aCUzRCUyMjEwMCUyNSUyMiUyMGhlaWdodCUzRCUyMjQ1MCUyMiUyMHN0eWxlJTNEJTIyYm9yZGVyJTNBMCUzQndpZHRoJTNBMTAwJTI1JTIwJTIxaW1wb3J0YW50JTNCJTIyJTIwYWxsb3dmdWxsc2NyZWVuJTNEJTIyJTIyJTIwbG9hZGluZyUzRCUyMmxhenklMjIlMjByZWZlcnJlcnBvbGljeSUzRCUyMm5vLXJlZmVycmVyLXdoZW4tZG93bmdyYWRlJTIyJTNFJTNDJTJGaWZyYW1lJTNF[\/vc_raw_html][\/vc_column][\/vc_row]<\/p>\n<\/div>","protected":false},"excerpt":{"rendered":"LA TEUA SEGURETAT, LA NOSTRA PRIORITAT Parc Infantil de Tr\u00e0nsit L'Escola\u00a0 d'Educaci\u00f3 Vi\u00e0ria Pedro Tenza, amb el seu Parc Infantil de Tr\u00e0nsit, continua adaptant la seua programaci\u00f3 a la nova [...]","protected":false},"author":1,"featured_media":0,"parent":4536,"menu_order":0,"comment_status":"closed","ping_status":"closed","template":"","meta":{"footnotes":""},"class_list":["post-4566","page","type-page","status-publish","hentry"],"_links":{"self":[{"href":"https:\/\/www.elche.es\/va\/wp-json\/wp\/v2\/pages\/4566","targetHints":{"allow":["GET"]}}],"collection":[{"href":"https:\/\/www.elche.es\/va\/wp-json\/wp\/v2\/pages"}],"about":[{"href":"https:\/\/www.elche.es\/va\/wp-json\/wp\/v2\/types\/page"}],"author":[{"embeddable":true,"href":"https:\/\/www.elche.es\/va\/wp-json\/wp\/v2\/users\/1"}],"replies":[{"embeddable":true,"href":"https:\/\/www.elche.es\/va\/wp-json\/wp\/v2\/comments?post=4566"}],"version-history":[{"count":6,"href":"https:\/\/www.elche.es\/va\/wp-json\/wp\/v2\/pages\/4566\/revisions"}],"predecessor-version":[{"id":352366,"href":"https:\/\/www.elche.es\/va\/wp-json\/wp\/v2\/pages\/4566\/revisions\/352366"}],"up":[{"embeddable":true,"href":"https:\/\/www.elche.es\/va\/wp-json\/wp\/v2\/pages\/4536"}],"wp:attachment":[{"href":"https:\/\/www.elche.es\/va\/wp-json\/wp\/v2\/media?parent=4566"}],"curies":[{"name":"wp","href":"https:\/\/api.w.org\/{rel}","templated":true}]}}