{"id":45841,"date":"2017-05-19T06:54:40","date_gmt":"2017-05-19T05:54:40","guid":{"rendered":"http:\/\/www.elche.es\/va\/inventario-de-bienes-y-derechos-2\/"},"modified":"2025-02-11T14:23:32","modified_gmt":"2025-02-11T12:23:32","slug":"inventario-de-bienes-y-derechos-2","status":"publish","type":"page","link":"https:\/\/www.elche.es\/va\/urbanisme\/inventario-de-bienes-y-derechos-2\/","title":{"rendered":"Inventari de B\u00e9ns i Drets de l&#8217;Ajuntament d&#8217;Elx"},"content":{"rendered":"<div class=\"wpb-content-wrapper\"><p>[vc_row full_width=&#8221;stretch_row&#8221; css=&#8221;.vc_custom_1495543285144{background-color: #dddde0 !important;}&#8221;][vc_column][vc_column_text]<nav aria-label=\"breadcrumbs\">\n            <div class=\"breadcrumb-container theme1\">\n                <ol>\n                                    <\/ol>\n            <\/div>\n        <\/nav>    <script type=\"application\/ld+json\">\n        {\n            \"@context\": \"http:\/\/schema.org\",\n            \"@type\": \"BreadcrumbList\",\n            \"itemListElement\": [\n                            ]\n        }\n    <\/script>\n    <style type=\"text\/css\">\n        .breadcrumb-container {\n            font-size: 13px;\n        }\n\n        .breadcrumb-container ul {\n            margin: 0;\n            padding: 0;\n        }\n\n        .breadcrumb-container li {\n            box-sizing: unset;\n            display: inline-block;\n            margin: 0;\n            padding: 0;\n        }\n\n        .breadcrumb-container li a {\n            box-sizing: unset;\n            padding: 0 10px;\n        }\n\n        .breadcrumb-container {\n            font-size: 3 !important;\n                    }\n\n        .breadcrumb-container li a {\n            color: #0a0a0a !important;\n            font-size: 3 !important;\n            line-height: 3 !important;\n                    }\n\n        .breadcrumb-container li .separator {\n            font-size: 3 !important;\n                    }\n\n        .breadcrumb-container li:last-child .separator {\n            display: none;\n        }\n    <\/style>\n    <style type=\"text\/css\">\n        .breadcrumb-container.theme1 li {\n            margin: 0;\n            padding: 0;\n        }\n        .breadcrumb-container.theme1 a {\n            background: ;\n            display: inline-block;\n            margin: 0 5px;\n            padding: 5px 10px;\n            text-decoration: none;\n        }\n    <\/style>\n        <style type=\"text\/css\">\n            <\/style>\n    <script>\n            <\/script>\n[\/vc_column_text][\/vc_column][\/vc_row][vc_row css=&#8221;.vc_custom_1630913361220{margin-top: 20px !important;}&#8221;][vc_column][vc_custom_heading text=&#8221;Inventari de B\u00e9ns i Drets&#8221; google_fonts=&#8221;font_family:Ubuntu%3A300%2C300italic%2Cregular%2Citalic%2C500%2C500italic%2C700%2C700italic|font_style:400%20regular%3A400%3Anormal&#8221; css=&#8221;.vc_custom_1641386917430{margin-bottom: 40px !important;}&#8221;]<h6 class=\"sc_title sc_title_regular margin_top_null\">Els B\u00e9ns i Drets Municipals es classifiquen en els seg\u00fcents ep\u00edgrafs:<\/h6>[\/vc_column][\/vc_row][vc_row][vc_column width=&#8221;1\/4&#8243;][vc_row_inner content_placement=&#8221;middle&#8221; el_class=&#8221;paddinglados&#8221;][vc_column_inner el_class=&#8221;cuadrostandar&#8221;][vc_icon icon_fontawesome=&#8221;fas fa-city&#8221; color=&#8221;black&#8221; size=&#8221;xl&#8221; align=&#8221;center&#8221; link=&#8221;url:https%3A%2F%2Fwww.elche.es%2Fva%2Fdownload%2Fbens-immobles%2F|target:_blank&#8221;][vc_column_text]<\/p>\n<h4 style=\"text-align: center;\"><a href=\"https:\/\/www.elche.es\/va\/download\/bens-immobles\/\" target=\"_blank\" rel=\"noopener\">B\u00e9ns immobles<\/a><\/h4>\n<p>[\/vc_column_text][\/vc_column_inner][\/vc_row_inner][\/vc_column][vc_column width=&#8221;1\/4&#8243;][vc_row_inner content_placement=&#8221;middle&#8221; el_class=&#8221;paddinglados&#8221;][vc_column_inner el_class=&#8221;cuadrostandar&#8221;][vc_icon icon_fontawesome=&#8221;fas fa-business-time&#8221; color=&#8221;black&#8221; size=&#8221;xl&#8221; align=&#8221;center&#8221; link=&#8221;url:https%3A%2F%2Fwww.elche.es%2Fva%2Fdownload%2Fdrets-reals%2F|target:_blank&#8221;][vc_column_text]<\/p>\n<h4 style=\"text-align: center;\"><a href=\"https:\/\/www.elche.es\/va\/download\/drets-reals\/\" target=\"_blank\" rel=\"noopener\">Drets reals<\/a><\/h4>\n<p>[\/vc_column_text][\/vc_column_inner][\/vc_row_inner][\/vc_column][vc_column width=&#8221;1\/4&#8243;][vc_row_inner content_placement=&#8221;middle&#8221; el_class=&#8221;paddinglados&#8221;][vc_column_inner el_class=&#8221;cuadrostandar&#8221;][vc_icon icon_fontawesome=&#8221;fas fa-chart-pie&#8221; color=&#8221;black&#8221; size=&#8221;xl&#8221; align=&#8221;center&#8221; link=&#8221;url:https%3A%2F%2Fwww.elche.es%2Fva%2Fdownload%2Fbens-i-drets-revertibles%2F|target:_blank&#8221;][vc_column_text]<\/p>\n<h4 style=\"text-align: center;\"><a href=\"https:\/\/www.elche.es\/va\/download\/bens-i-drets-revertibles\/\" target=\"_blank\" rel=\"noopener\">B\u00e9ns i Drets Revertibles<\/a><\/h4>\n<p>[\/vc_column_text][\/vc_column_inner][\/vc_row_inner][\/vc_column][vc_column width=&#8221;1\/4&#8243;][vc_row_inner content_placement=&#8221;middle&#8221; el_class=&#8221;paddinglados&#8221;][vc_column_inner el_class=&#8221;cuadrostandar&#8221;][vc_icon icon_fontawesome=&#8221;fas fa-random&#8221; color=&#8221;black&#8221; size=&#8221;xl&#8221; align=&#8221;center&#8221; css=&#8221;&#8221; link=&#8221;url:https%3A%2F%2Fsede.elche.es%2Fsta%2Fdocs%2FGetDocumentServlet%3FCUD%3D15246537174427002201%26HASH_CUD%3D5fd0425d822065e974fc56f68ecb97e04d94b079%26APP_CODE%3DSTA|target:_blank&#8221;][vc_column_text css=&#8221;&#8221;]<\/p>\n<h4 style=\"text-align: center;\"><a href=\"https:\/\/sede.elche.es\/sta\/docs\/GetDocumentServlet?CUD=15246537174427002201&amp;HASH_CUD=5fd0425d822065e974fc56f68ecb97e04d94b079&amp;APP_CODE=STA\" target=\"_blank\" rel=\"noopener\">Cat\u00e0leg de camins p\u00fablics rurals d&#8217;Elx<\/a><\/h4>\n<hr \/>\n<p style=\"text-align: center;\"><a href=\"https:\/\/www.dip-alicante.es\/bop2\/pdftotal\/2025\/01\/21_13\/2025_000224.pdf\" target=\"_blank\" rel=\"noopener\">Anunci BOP<\/a><\/p>\n<p>[\/vc_column_text][\/vc_column_inner][\/vc_row_inner][\/vc_column][\/vc_row]<\/p>\n<\/div>","protected":false},"excerpt":{"rendered":"<p>[vc_row full_width=&#8221;stretch_row&#8221; css=&#8221;.vc_custom_1495543285144{background-color: #dddde0 !important;}&#8221;][vc_column][vc_column_text][\/vc_column_text][\/vc_column][\/vc_row][vc_row css=&#8221;.vc_custom_1630913361220{margin-top: 20px !important;}&#8221;][vc_column][vc_custom_heading text=&#8221;Inventari de B\u00e9ns i Drets&#8221; google_fonts=&#8221;font_family:Ubuntu%3A300%2C300italic%2Cregular%2Citalic%2C500%2C500italic%2C700%2C700italic|font_style:400%20regular%3A400%3Anormal&#8221; css=&#8221;.vc_custom_1641386917430{margin-bottom: 40px !important;}&#8221;][\/vc_column][\/vc_row][vc_row][vc_column width=&#8221;1\/4&#8243;][vc_row_inner content_placement=&#8221;middle&#8221; el_class=&#8221;paddinglados&#8221;][vc_column_inner el_class=&#8221;cuadrostandar&#8221;][vc_icon icon_fontawesome=&#8221;fas fa-city&#8221; color=&#8221;black&#8221; size=&#8221;xl&#8221; align=&#8221;center&#8221; link=&#8221;url:https%3A%2F%2Fwww.elche.es%2Fva%2Fdownload%2Fbens-immobles%2F|target:_blank&#8221;][vc_column_text] B\u00e9ns immobles [\/vc_column_text][\/vc_column_inner][\/vc_row_inner][\/vc_column][vc_column [&hellip;]<\/p>\n","protected":false},"author":131,"featured_media":0,"parent":6420,"menu_order":0,"comment_status":"closed","ping_status":"closed","template":"","meta":{"footnotes":""},"class_list":["post-45841","page","type-page","status-publish","hentry"],"_links":{"self":[{"href":"https:\/\/www.elche.es\/va\/wp-json\/wp\/v2\/pages\/45841","targetHints":{"allow":["GET"]}}],"collection":[{"href":"https:\/\/www.elche.es\/va\/wp-json\/wp\/v2\/pages"}],"about":[{"href":"https:\/\/www.elche.es\/va\/wp-json\/wp\/v2\/types\/page"}],"author":[{"embeddable":true,"href":"https:\/\/www.elche.es\/va\/wp-json\/wp\/v2\/users\/131"}],"replies":[{"embeddable":true,"href":"https:\/\/www.elche.es\/va\/wp-json\/wp\/v2\/comments?post=45841"}],"version-history":[{"count":2,"href":"https:\/\/www.elche.es\/va\/wp-json\/wp\/v2\/pages\/45841\/revisions"}],"predecessor-version":[{"id":325774,"href":"https:\/\/www.elche.es\/va\/wp-json\/wp\/v2\/pages\/45841\/revisions\/325774"}],"up":[{"embeddable":true,"href":"https:\/\/www.elche.es\/va\/wp-json\/wp\/v2\/pages\/6420"}],"wp:attachment":[{"href":"https:\/\/www.elche.es\/va\/wp-json\/wp\/v2\/media?parent=45841"}],"curies":[{"name":"wp","href":"https:\/\/api.w.org\/{rel}","templated":true}]}}