{"id":4715,"date":"2016-10-19T11:52:57","date_gmt":"2016-10-19T11:52:57","guid":{"rendered":"http:\/\/www.elche.es\/va\/museos\/mahe\/enlaces\/"},"modified":"2022-10-18T08:39:11","modified_gmt":"2022-10-18T07:39:11","slug":"enllacos","status":"publish","type":"page","link":"https:\/\/www.elche.es\/va\/museus\/mahe\/enllacos\/","title":{"rendered":"Enlla\u00e7os"},"content":{"rendered":"<div class=\"wpb-content-wrapper\"><p>[vc_row full_width=&#8221;stretch_row&#8221; css=&#8221;.vc_custom_1475488090109{background-color: #dddde0 !important;}&#8221;][vc_column][vc_column_text]<nav aria-label=\"breadcrumbs\">\n            <div class=\"breadcrumb-container theme1\">\n                <ol>\n                                    <\/ol>\n            <\/div>\n        <\/nav>    <script type=\"application\/ld+json\">\n        {\n            \"@context\": \"http:\/\/schema.org\",\n            \"@type\": \"BreadcrumbList\",\n            \"itemListElement\": [\n                            ]\n        }\n    <\/script>\n    <style type=\"text\/css\">\n        .breadcrumb-container {\n            font-size: 13px;\n        }\n\n        .breadcrumb-container ul {\n            margin: 0;\n            padding: 0;\n        }\n\n        .breadcrumb-container li {\n            box-sizing: unset;\n            display: inline-block;\n            margin: 0;\n            padding: 0;\n        }\n\n        .breadcrumb-container li a {\n            box-sizing: unset;\n            padding: 0 10px;\n        }\n\n        .breadcrumb-container {\n            font-size: 3 !important;\n                    }\n\n        .breadcrumb-container li a {\n            color: #0a0a0a !important;\n            font-size: 3 !important;\n            line-height: 3 !important;\n                    }\n\n        .breadcrumb-container li .separator {\n            font-size: 3 !important;\n                    }\n\n        .breadcrumb-container li:last-child .separator {\n            display: none;\n        }\n    <\/style>\n    <style type=\"text\/css\">\n        .breadcrumb-container.theme1 li {\n            margin: 0;\n            padding: 0;\n        }\n        .breadcrumb-container.theme1 a {\n            background: ;\n            display: inline-block;\n            margin: 0 5px;\n            padding: 5px 10px;\n            text-decoration: none;\n        }\n    <\/style>\n        <style type=\"text\/css\">\n            <\/style>\n    <script>\n            <\/script>\n[\/vc_column_text][\/vc_column][\/vc_row][vc_row full_width=&#8221;stretch_row&#8221; css=&#8221;.vc_custom_1469624147007{padding-top: 140px !important;padding-bottom: 140px !important;background-image: url(https:\/\/www.elche.es\/wp-content\/uploads\/2016\/07\/palmeral.png?id=1044) !important;}&#8221;][vc_column][vc_row_inner css=&#8221;.vc_custom_1475142298750{padding-right: 30px !important;padding-bottom: 30px !important;padding-left: 30px !important;background-color: #ffffff !important;}&#8221;][vc_column_inner][vc_custom_heading text=&#8221;Institucions muse\u00edstiques I altres entitats&#8221; font_container=&#8221;tag:h3|text_align:left&#8221; use_theme_fonts=&#8221;yes&#8221; el_class=&#8221;enlaces-titulo-cabecera&#8221;]\r\n        <p>\r\n        <span class=\"enlaces-titulo\"> C\u00e0tedra Pedro Ibarra (Universitat Miguel Hern\u00e1ndez) <\/span> <span><a class=\"enlaces-link\" target='_blank'href=\"http:\/\/www.elche.me\/ \">Veure enlla\u00e7<\/a><\/span>\r\n        <br>\r\n        <span class=\"enlaces-descripcion\"><\/span>\r\n        <\/p>\r\n        <hr class=\"enlaces-separador\">\r\n        \r\n        <p>\r\n        <span class=\"enlaces-titulo\"> Direccci\u00f3 General de Patrimoni Cultural <\/span> <span><a class=\"enlaces-link\" target='_blank'href=\"http:\/\/www.cult.gva.es\/dgpa\/direccion_c.html \">Veure enlla\u00e7<\/a><\/span>\r\n        <br>\r\n        <span class=\"enlaces-descripcion\"><\/span>\r\n        <\/p>\r\n        <hr class=\"enlaces-separador\">\r\n        \r\n        <p>\r\n        <span class=\"enlaces-titulo\"> Museu Arqueol\u00f2gic Nacional <\/span> <span><a class=\"enlaces-link\" target='_blank'href=\"http:\/\/man.mcu.es\/ \">Veure enlla\u00e7<\/a><\/span>\r\n        <br>\r\n        <span class=\"enlaces-descripcion\"><\/span>\r\n        <\/p>\r\n        <hr class=\"enlaces-separador\">\r\n        \r\n        <p>\r\n        <span class=\"enlaces-titulo\"> Museu Arqueol\u00f2gic Provincial d\u2019Alacant <\/span> <span><a class=\"enlaces-link\" target='_blank'href=\"http:\/\/www.marqalicante.com\/ \">Veure enlla\u00e7<\/a><\/span>\r\n        <br>\r\n        <span class=\"enlaces-descripcion\"><\/span>\r\n        <\/p>\r\n        <hr class=\"enlaces-separador\">\r\n        \r\n        <p>\r\n        <span class=\"enlaces-titulo\"> Museu Arqueol\u00f2gic Municipal d\u2019Alcoi Camil Visedo Molt\u00f3 <\/span> <span><a class=\"enlaces-link\" target='_blank'href=\"https:\/\/www.alcoi.org\/ca\/areas\/cultura\/museo\/instalaciones\/instalacion_001.html \">Veure enlla\u00e7<\/a><\/span>\r\n        <br>\r\n        <span class=\"enlaces-descripcion\"><\/span>\r\n        <\/p>\r\n        <hr class=\"enlaces-separador\">\r\n        \r\n        <p>\r\n        <span class=\"enlaces-titulo\"> Museo de la Cantereria d\u2019Agost <\/span> <span><a class=\"enlaces-link\" target='_blank'href=\"https:\/\/www.turismodeagost.com\/museo-de-la-alfareria\/ \">Veure enlla\u00e7<\/a><\/span>\r\n        <br>\r\n        <span class=\"enlaces-descripcion\"><\/span>\r\n        <\/p>\r\n        <hr class=\"enlaces-separador\">\r\n        \r\n        <p>\r\n        <span class=\"enlaces-titulo\"> Museu Arqueol\u00f2gic Jos\u00e9 Mar\u00eda Soler <\/span> <span><a class=\"enlaces-link\" target='_blank'href=\"http:\/\/www.museovillena.com\/ \">Veure enlla\u00e7<\/a><\/span>\r\n        <br>\r\n        <span class=\"enlaces-descripcion\"><\/span>\r\n        <\/p>\r\n        <hr class=\"enlaces-separador\">\r\n        \r\n        <p>\r\n        <span class=\"enlaces-titulo\"> Museus de la regi\u00f3 de M\u00farcia <\/span> <span><a class=\"enlaces-link\" target='_blank'href=\"http:\/\/www.murciaturistica.es\/museos\/museos.inicio?museo=museo-arqueol%F3gico-de-murcia-(mam)&amp;id=1 \">Veure enlla\u00e7<\/a><\/span>\r\n        <br>\r\n        <span class=\"enlaces-descripcion\"><\/span>\r\n        <\/p>\r\n        <hr class=\"enlaces-separador\">\r\n        \r\n        <p>\r\n        <span class=\"enlaces-titulo\"> Museu Arqueol\u00f2gic de Iecla Cayetano de Mergelina <\/span> <span><a class=\"enlaces-link\" target='_blank'href=\"http:\/\/museoarqueologicodeyecla.org\/ \">Veure enlla\u00e7<\/a><\/span>\r\n        <br>\r\n        <span class=\"enlaces-descripcion\"><\/span>\r\n        <\/p>\r\n        <hr class=\"enlaces-separador\">\r\n        \r\n        <p>\r\n        <span class=\"enlaces-titulo\"> Museu de Prehist\u00f2ria de Val\u00e8ncia <\/span> <span><a class=\"enlaces-link\" target='_blank'href=\"http:\/\/www.museuprehistoriavalencia.es\/ \">Veure enlla\u00e7<\/a><\/span>\r\n        <br>\r\n        <span class=\"enlaces-descripcion\"><\/span>\r\n        <\/p>\r\n        <hr class=\"enlaces-separador\">\r\n        \r\n        <p>\r\n        <span class=\"enlaces-titulo\"> Museu d\u2019Hist\u00f2ria de Val\u00e8ncia <\/span> <span><a class=\"enlaces-link\" target='_blank'href=\"https:\/\/mhv.valencia.es\/es \">Veure enlla\u00e7<\/a><\/span>\r\n        <br>\r\n        <span class=\"enlaces-descripcion\"><\/span>\r\n        <\/p>\r\n        <hr class=\"enlaces-separador\">\r\n        \r\n        <p>\r\n        <span class=\"enlaces-titulo\"> Museu d\u2019Hist\u00f2ria de Catalunya <\/span> <span><a class=\"enlaces-link\" target='_blank'href=\"https:\/\/www.mhcat.cat\/esmhc \">Veure enlla\u00e7<\/a><\/span>\r\n        <br>\r\n        <span class=\"enlaces-descripcion\"><\/span>\r\n        <\/p>\r\n        <hr class=\"enlaces-separador\">\r\n        \r\n        <p>\r\n        <span class=\"enlaces-titulo\"> Museu d\u2019Arqueologia de Catalunya <\/span> <span><a class=\"enlaces-link\" target='_blank'href=\"http:\/\/www.mac.cat\/ \">Veure enlla\u00e7<\/a><\/span>\r\n        <br>\r\n        <span class=\"enlaces-descripcion\"><\/span>\r\n        <\/p>\r\n        <hr class=\"enlaces-separador\">\r\n        \r\n        <p>\r\n        <span class=\"enlaces-titulo\"> Museu d\u2019Hist\u00f2ria de Barcelona <\/span> <span><a class=\"enlaces-link\" target='_blank'href=\"http:\/\/w110.bcn.cat\/portal\/site\/MuseuDHistoria \">Veure enlla\u00e7<\/a><\/span>\r\n        <br>\r\n        <span class=\"enlaces-descripcion\"><\/span>\r\n        <\/p>\r\n        <hr class=\"enlaces-separador\">\r\n        \r\n        <p>\r\n        <span class=\"enlaces-titulo\"> Mus-A. Junta de Andaluc\u00eda <\/span> <span><a class=\"enlaces-link\" target='_blank'href=\"http:\/\/www.museosdeandalucia.es\/cultura\/museos\/musa_des.jsp?idreg=15 \">Veure enlla\u00e7<\/a><\/span>\r\n        <br>\r\n        <span class=\"enlaces-descripcion\"><\/span>\r\n        <\/p>\r\n        <hr class=\"enlaces-separador\">\r\n        \r\n        <p>\r\n        <span class=\"enlaces-titulo\"> Museus de Gij\u00f3n <\/span> <span><a class=\"enlaces-link\" target='_blank'href=\"http:\/\/museos.gijon.es\/ \">Veure enlla\u00e7<\/a><\/span>\r\n        <br>\r\n        <span class=\"enlaces-descripcion\"><\/span>\r\n        <\/p>\r\n        <hr class=\"enlaces-separador\">\r\n        [\/vc_column_inner][\/vc_row_inner][vc_row_inner css=&#8221;.vc_custom_1475142298750{padding-right: 30px !important;padding-bottom: 30px !important;padding-left: 30px !important;background-color: #ffffff !important;}&#8221;][vc_column_inner][vc_custom_heading text=&#8221;Revistes&#8221; font_container=&#8221;tag:h3|text_align:left&#8221; use_theme_fonts=&#8221;yes&#8221; el_class=&#8221;enlaces-titulo-cabecera&#8221;]\r\n        <p>\r\n        <span class=\"enlaces-titulo\"> Amigos de los museos <\/span> <span><a class=\"enlaces-link\" target='_blank'href=\"http:\/\/www.feam.es \">Veure enlla\u00e7<\/a><\/span>\r\n        <br>\r\n        <span class=\"enlaces-descripcion\"><\/span>\r\n        <\/p>\r\n        <hr class=\"enlaces-separador\">\r\n        \r\n        <p>\r\n        <span class=\"enlaces-titulo\"> Bolet\u00edn de la ANABAD. Asociaci\u00f3n Espa\u00f1ola de Archiveros, Biblitecarios, Muse\u00f3logos y Documentalistas <\/span> <span><a class=\"enlaces-link\" target='_blank'href=\"https:\/\/www.anabad.org\/category\/publicaciones-anabad\/boletin\/ \">Veure enlla\u00e7<\/a><\/span>\r\n        <br>\r\n        <span class=\"enlaces-descripcion\"><\/span>\r\n        <\/p>\r\n        <hr class=\"enlaces-separador\">\r\n        \r\n        <p>\r\n        <span class=\"enlaces-titulo\"> Butllet\u00ed Museus 2030 <\/span> <span><a class=\"enlaces-link\" target='_blank'href=\"https:\/\/cultura.gencat.cat\/ca\/temes\/museus\/butlleti-museus-2030\/index.html \">Veure enlla\u00e7<\/a><\/span>\r\n        <br>\r\n        <span class=\"enlaces-descripcion\"><\/span>\r\n        <\/p>\r\n        <hr class=\"enlaces-separador\">\r\n        \r\n        <p>\r\n        <span class=\"enlaces-titulo\"> Mnem\u00f2sine. Revista de la Asociaci\u00f3n Catalana de Muse\u00f3logos <\/span> <span><a class=\"enlaces-link\" target='_blank'href=\"http:\/\/revista.museologia.cat\/es\/ \">Veure enlla\u00e7<\/a><\/span>\r\n        <br>\r\n        <span class=\"enlaces-descripcion\"><\/span>\r\n        <\/p>\r\n        <hr class=\"enlaces-separador\">\r\n        \r\n        <p>\r\n        <span class=\"enlaces-titulo\"> PH. Bolet\u00edn del IAPH <\/span> <span><a class=\"enlaces-link\" target='_blank'href=\"https:\/\/www.iaph.es\/revistaph\/index.php\/revistaph\/index \">Veure enlla\u00e7<\/a><\/span>\r\n        <br>\r\n        <span class=\"enlaces-descripcion\"><\/span>\r\n        <\/p>\r\n        <hr class=\"enlaces-separador\">\r\n        \r\n        <p>\r\n        <span class=\"enlaces-titulo\"> RdM. Revista de la Asociaci\u00f3n Espa\u00f1ola de Muse\u00f3logos <\/span> <span><a class=\"enlaces-link\" target='_blank'href=\"http:\/\/www.museologia.net \">Veure enlla\u00e7<\/a><\/span>\r\n        <br>\r\n        <span class=\"enlaces-descripcion\"><\/span>\r\n        <\/p>\r\n        <hr class=\"enlaces-separador\">\r\n        \r\n        <p>\r\n        <span class=\"enlaces-titulo\"> Revista Museos <\/span> <span><a class=\"enlaces-link\" target='_blank'href=\"https:\/\/www.culturaydeporte.gob.es\/cultura\/areas\/museos\/mc\/mes\/portada.html \">Veure enlla\u00e7<\/a><\/span>\r\n        <br>\r\n        <span class=\"enlaces-descripcion\"><\/span>\r\n        <\/p>\r\n        <hr class=\"enlaces-separador\">\r\n        \r\n        <p>\r\n        <span class=\"enlaces-titulo\"> La Rella. Anuari de l\u2019Institut d\u2019Estudis comarcals del Baix Vinalop\u00f3 <\/span> <span><a class=\"enlaces-link\" target='_blank'href=\"https:\/\/raco.cat\/index.php\/Rella\/issue\/archive \">Veure enlla\u00e7<\/a><\/span>\r\n        <br>\r\n        <span class=\"enlaces-descripcion\"><\/span>\r\n        <\/p>\r\n        <hr class=\"enlaces-separador\">\r\n        \r\n        <p>\r\n        <span class=\"enlaces-titulo\"> Rac\u00f3. Revistes catalanes en acc\u00e9s obert <\/span> <span><a class=\"enlaces-link\" target='_blank'href=\"http:\/\/www.raco.cat\/index.php\/raco \">Veure enlla\u00e7<\/a><\/span>\r\n        <br>\r\n        <span class=\"enlaces-descripcion\"><\/span>\r\n        <\/p>\r\n        <hr class=\"enlaces-separador\">\r\n        \r\n        <p>\r\n        <span class=\"enlaces-titulo\"> Dialnet <\/span> <span><a class=\"enlaces-link\" target='_blank'href=\"http:\/\/dialnet.unirioja.es\/ \">Veure enlla\u00e7<\/a><\/span>\r\n        <br>\r\n        <span class=\"enlaces-descripcion\"><\/span>\r\n        <\/p>\r\n        <hr class=\"enlaces-separador\">\r\n        [\/vc_column_inner][\/vc_row_inner][\/vc_column][\/vc_row]<\/p>\n<\/div>","protected":false},"excerpt":{"rendered":"<p>[vc_row full_width=&#8221;stretch_row&#8221; css=&#8221;.vc_custom_1475488090109{background-color: #dddde0 !important;}&#8221;][vc_column][vc_column_text][\/vc_column_text][\/vc_column][\/vc_row][vc_row full_width=&#8221;stretch_row&#8221; css=&#8221;.vc_custom_1469624147007{padding-top: 140px !important;padding-bottom: 140px !important;background-image: url(https:\/\/www.elche.es\/wp-content\/uploads\/2016\/07\/palmeral.png?id=1044) !important;}&#8221;][vc_column][vc_row_inner css=&#8221;.vc_custom_1475142298750{padding-right: 30px !important;padding-bottom: 30px !important;padding-left: 30px !important;background-color: #ffffff !important;}&#8221;][vc_column_inner][vc_custom_heading text=&#8221;Institucions muse\u00edstiques I altres entitats&#8221; font_container=&#8221;tag:h3|text_align:left&#8221; use_theme_fonts=&#8221;yes&#8221; el_class=&#8221;enlaces-titulo-cabecera&#8221;][\/vc_column_inner][\/vc_row_inner][vc_row_inner [&hellip;]<\/p>\n","protected":false},"author":131,"featured_media":0,"parent":4655,"menu_order":0,"comment_status":"closed","ping_status":"closed","template":"","meta":{"footnotes":""},"class_list":["post-4715","page","type-page","status-publish","hentry"],"_links":{"self":[{"href":"https:\/\/www.elche.es\/va\/wp-json\/wp\/v2\/pages\/4715","targetHints":{"allow":["GET"]}}],"collection":[{"href":"https:\/\/www.elche.es\/va\/wp-json\/wp\/v2\/pages"}],"about":[{"href":"https:\/\/www.elche.es\/va\/wp-json\/wp\/v2\/types\/page"}],"author":[{"embeddable":true,"href":"https:\/\/www.elche.es\/va\/wp-json\/wp\/v2\/users\/131"}],"replies":[{"embeddable":true,"href":"https:\/\/www.elche.es\/va\/wp-json\/wp\/v2\/comments?post=4715"}],"version-history":[{"count":0,"href":"https:\/\/www.elche.es\/va\/wp-json\/wp\/v2\/pages\/4715\/revisions"}],"up":[{"embeddable":true,"href":"https:\/\/www.elche.es\/va\/wp-json\/wp\/v2\/pages\/4655"}],"wp:attachment":[{"href":"https:\/\/www.elche.es\/va\/wp-json\/wp\/v2\/media?parent=4715"}],"curies":[{"name":"wp","href":"https:\/\/api.w.org\/{rel}","templated":true}]}}