{"id":47646,"date":"2018-02-01T09:30:43","date_gmt":"2018-02-01T08:30:43","guid":{"rendered":"http:\/\/www.elche.es\/va\/?page_id=47646"},"modified":"2018-02-01T14:07:48","modified_gmt":"2018-02-01T13:07:48","slug":"voluntariat","status":"publish","type":"page","link":"https:\/\/www.elche.es\/va\/aviva-elx\/voluntariat\/","title":{"rendered":"Voluntariat"},"content":{"rendered":"<div class=\"wpb-content-wrapper\"><p>[vc_row full_width=&#8221;stretch_row&#8221; css=&#8221;.vc_custom_1475488090109{background-color: #dddde0 !important;}&#8221;][vc_column][vc_column_text]<nav aria-label=\"breadcrumbs\">\n            <div class=\"breadcrumb-container theme1\">\n                <ol>\n                                    <\/ol>\n            <\/div>\n        <\/nav>    <script type=\"application\/ld+json\">\n        {\n            \"@context\": \"http:\/\/schema.org\",\n            \"@type\": \"BreadcrumbList\",\n            \"itemListElement\": [\n                            ]\n        }\n    <\/script>\n    <style type=\"text\/css\">\n        .breadcrumb-container {\n            font-size: 13px;\n        }\n\n        .breadcrumb-container ul {\n            margin: 0;\n            padding: 0;\n        }\n\n        .breadcrumb-container li {\n            box-sizing: unset;\n            display: inline-block;\n            margin: 0;\n            padding: 0;\n        }\n\n        .breadcrumb-container li a {\n            box-sizing: unset;\n            padding: 0 10px;\n        }\n\n        .breadcrumb-container {\n            font-size: 3 !important;\n                    }\n\n        .breadcrumb-container li a {\n            color: #0a0a0a !important;\n            font-size: 3 !important;\n            line-height: 3 !important;\n                    }\n\n        .breadcrumb-container li .separator {\n            font-size: 3 !important;\n                    }\n\n        .breadcrumb-container li:last-child .separator {\n            display: none;\n        }\n    <\/style>\n    <style type=\"text\/css\">\n        .breadcrumb-container.theme1 li {\n            margin: 0;\n            padding: 0;\n        }\n        .breadcrumb-container.theme1 a {\n            background: ;\n            display: inline-block;\n            margin: 0 5px;\n            padding: 5px 10px;\n            text-decoration: none;\n        }\n    <\/style>\n        <style type=\"text\/css\">\n            <\/style>\n    <script>\n            <\/script>\n[\/vc_column_text][\/vc_column][\/vc_row][vc_row full_width=&#8221;stretch_row&#8221; css=&#8221;.vc_custom_1469624147007{padding-top: 140px !important;padding-bottom: 140px !important;background-image: url(https:\/\/www.elche.es\/wp-content\/uploads\/2016\/07\/palmeral.png?id=1044) !important;}&#8221;][vc_column][vc_row_inner css=&#8221;.vc_custom_1475142298750{padding-right: 30px !important;padding-bottom: 30px !important;padding-left: 30px !important;background-color: #ffffff !important;}&#8221;][vc_column_inner][vc_custom_heading text=&#8221;El Voluntariat pel Valenci\u00e0 a Elx&#8221; font_container=&#8221;tag:h3|text_align:left&#8221; use_theme_fonts=&#8221;yes&#8221; el_class=&#8221;enlaces-titulo-cabecera&#8221;]<img loading=\"lazy\" decoding=\"async\" class=\" wp-image-47776 aligncenter\" src=\"https:\/\/www.elche.es\/wp-content\/uploads\/2018\/02\/xarxesELX_VV_2017-1-300x212.jpg\" alt=\"xarxesELX_VV_2017\" width=\"742\" height=\"524\" srcset=\"https:\/\/www.elche.es\/wp-content\/uploads\/2018\/02\/xarxesELX_VV_2017-1-300x212.jpg 300w, https:\/\/www.elche.es\/wp-content\/uploads\/2018\/02\/xarxesELX_VV_2017-1-768x543.jpg 768w, https:\/\/www.elche.es\/wp-content\/uploads\/2018\/02\/xarxesELX_VV_2017-1-1024x724.jpg 1024w, https:\/\/www.elche.es\/wp-content\/uploads\/2018\/02\/xarxesELX_VV_2017-1.jpg 1200w\" sizes=\"auto, (max-width: 742px) 100vw, 742px\" \/><\/p>\n<p style=\"text-align: justify\">L\u2019Ajuntament d\u2019Elx fa el programa a trav\u00e9s d\u2019AVIVA Elx\u2013Oficina Municipal de Promoci\u00f3 i \u00das del Valenci\u00e0, adscrita a la Regidoria d\u2019Educaci\u00f3, Cultura i Promoci\u00f3 Ling\u00fc\u00edstica, amb la implicaci\u00f3, especialment, dels centres de Formaci\u00f3 de Persones Adultes del municipi -perqu\u00e8 el programa \u00e9s un molt bon complement per als cursos de valenci\u00e0-, aix\u00ed com de les associacions i els col\u00b7lectius culturals.<\/p>\n<p style=\"text-align: justify\">El Voluntariat pel Valenci\u00e0 disposa de material de promoci\u00f3 que consisteix en d\u00edptics, cartells, quaderns de suport, llibretes, bol\u00edgrafs, xapes, vocabularis i el llibre de lectura <em>10 de 2. <\/em>Es tracta d\u2019un llibre dedicat als voluntaris i aprenents que pret\u00e9n tant fer nous lectors com promoure la nostra literatura en valenci\u00e0. \u00c9s un recull de deu hist\u00f2ries d\u2019escriptores i escriptors de les comarques valencianes sobre parelles que s\u2019entenen en valenci\u00e0, \u00e9s a dir, que tenen un punt en com\u00fa: el Voluntariat pel Valenci\u00e0.<\/p>\n<p style=\"text-align: justify\">Per a millorar la qualitat del programa s\u2019organitzen tamb\u00e9 activitats culturals com ara clubs lectors (comen\u00e7ant pel llibre <em>10 de 2<\/em>), passejades culturals, eixides al teatre o cinema en valenci\u00e0, actuacions musicals, etc.<\/p>\n<p style=\"text-align: justify\">L\u2019Ajuntament d\u2019Elx comen\u00e7\u00e0 a participar en aquest programa l\u2019any 2008.<\/p>\n<p><a href=\"https:\/\/www.elche.es\/wp-content\/uploads\/2018\/02\/Trassera_ELX_Flyers_VV_2017-2.pdf\">Flyer Info<\/a><\/p>\n<p><a href=\"https:\/\/www.elche.es\/wp-content\/uploads\/2018\/02\/Roda-de-premsa-2017.11.09-2.jpg\">Foto roda de premsa<\/a><\/p>\n<p><a href=\"https:\/\/www.elche.es\/wp-content\/uploads\/2018\/02\/Presentaci\u00f3-parelles-ling\u00fc\u00edstiques-2017.12.14-2.jpg\">Foto parelles ling\u00fc\u00edstiques<\/a><\/p>\n<p>[\/vc_column_inner][\/vc_row_inner][\/vc_column][\/vc_row]<\/p>\n<\/div>","protected":false},"excerpt":{"rendered":"<p>[vc_row full_width=&#8221;stretch_row&#8221; css=&#8221;.vc_custom_1475488090109{background-color: #dddde0 !important;}&#8221;][vc_column][vc_column_text][\/vc_column_text][\/vc_column][\/vc_row][vc_row full_width=&#8221;stretch_row&#8221; css=&#8221;.vc_custom_1469624147007{padding-top: 140px !important;padding-bottom: 140px !important;background-image: url(https:\/\/www.elche.es\/wp-content\/uploads\/2016\/07\/palmeral.png?id=1044) !important;}&#8221;][vc_column][vc_row_inner css=&#8221;.vc_custom_1475142298750{padding-right: 30px !important;padding-bottom: 30px !important;padding-left: 30px !important;background-color: #ffffff !important;}&#8221;][vc_column_inner][vc_custom_heading text=&#8221;El Voluntariat pel Valenci\u00e0 a Elx&#8221; font_container=&#8221;tag:h3|text_align:left&#8221; use_theme_fonts=&#8221;yes&#8221; [&hellip;]<\/p>\n","protected":false},"author":15,"featured_media":0,"parent":5689,"menu_order":0,"comment_status":"closed","ping_status":"closed","template":"","meta":{"footnotes":""},"class_list":["post-47646","page","type-page","status-publish","hentry"],"_links":{"self":[{"href":"https:\/\/www.elche.es\/va\/wp-json\/wp\/v2\/pages\/47646","targetHints":{"allow":["GET"]}}],"collection":[{"href":"https:\/\/www.elche.es\/va\/wp-json\/wp\/v2\/pages"}],"about":[{"href":"https:\/\/www.elche.es\/va\/wp-json\/wp\/v2\/types\/page"}],"author":[{"embeddable":true,"href":"https:\/\/www.elche.es\/va\/wp-json\/wp\/v2\/users\/15"}],"replies":[{"embeddable":true,"href":"https:\/\/www.elche.es\/va\/wp-json\/wp\/v2\/comments?post=47646"}],"version-history":[{"count":0,"href":"https:\/\/www.elche.es\/va\/wp-json\/wp\/v2\/pages\/47646\/revisions"}],"up":[{"embeddable":true,"href":"https:\/\/www.elche.es\/va\/wp-json\/wp\/v2\/pages\/5689"}],"wp:attachment":[{"href":"https:\/\/www.elche.es\/va\/wp-json\/wp\/v2\/media?parent=47646"}],"curies":[{"name":"wp","href":"https:\/\/api.w.org\/{rel}","templated":true}]}}