{"id":4795,"date":"2016-10-19T11:59:47","date_gmt":"2016-10-19T11:59:47","guid":{"rendered":"http:\/\/www.elche.es\/va\/museos\/mahe\/biblioteca-y-restauracion\/"},"modified":"2022-11-10T13:44:18","modified_gmt":"2022-11-10T12:44:18","slug":"biblioteca-i-restauracio","status":"publish","type":"page","link":"https:\/\/www.elche.es\/va\/museus\/mahe\/biblioteca-i-restauracio\/","title":{"rendered":"Biblioteca i restauraci\u00f3"},"content":{"rendered":"<div class=\"wpb-content-wrapper\"><p>[vc_row full_width=&#8221;stretch_row&#8221; css=&#8221;.vc_custom_1475488224066{background-color: #dddde0 !important;}&#8221;][vc_column][vc_column_text]<nav aria-label=\"breadcrumbs\">\n            <div class=\"breadcrumb-container theme1\">\n                <ol>\n                                    <\/ol>\n            <\/div>\n        <\/nav>    <script type=\"application\/ld+json\">\n        {\n            \"@context\": \"http:\/\/schema.org\",\n            \"@type\": \"BreadcrumbList\",\n            \"itemListElement\": [\n                            ]\n        }\n    <\/script>\n    <style type=\"text\/css\">\n        .breadcrumb-container {\n            font-size: 13px;\n        }\n\n        .breadcrumb-container ul {\n            margin: 0;\n            padding: 0;\n        }\n\n        .breadcrumb-container li {\n            box-sizing: unset;\n            display: inline-block;\n            margin: 0;\n            padding: 0;\n        }\n\n        .breadcrumb-container li a {\n            box-sizing: unset;\n            padding: 0 10px;\n        }\n\n        .breadcrumb-container {\n            font-size: 3 !important;\n                    }\n\n        .breadcrumb-container li a {\n            color: #0a0a0a !important;\n            font-size: 3 !important;\n            line-height: 3 !important;\n                    }\n\n        .breadcrumb-container li .separator {\n            font-size: 3 !important;\n                    }\n\n        .breadcrumb-container li:last-child .separator {\n            display: none;\n        }\n    <\/style>\n    <style type=\"text\/css\">\n        .breadcrumb-container.theme1 li {\n            margin: 0;\n            padding: 0;\n        }\n        .breadcrumb-container.theme1 a {\n            background: ;\n            display: inline-block;\n            margin: 0 5px;\n            padding: 5px 10px;\n            text-decoration: none;\n        }\n    <\/style>\n        <style type=\"text\/css\">\n            <\/style>\n    <script>\n            <\/script>\n[\/vc_column_text][\/vc_column][\/vc_row][vc_row css=&#8221;.vc_custom_1475488264405{padding-bottom: 40px !important;}&#8221; el_id=&#8221;bloque_basica&#8221;][vc_column width=&#8221;2\/3&#8243;]<h3 class=\"sc_title sc_title_regular margin_top_tiny\">BIBLIOTECA I\u00a0RESTAURACI\u00d3<\/h3>[vc_single_image image=&#8221;4586&#8243; img_size=&#8221;full&#8221; css=&#8221;.vc_custom_1476959404552{padding-bottom: 20px !important;}&#8221;][vc_column_text]<strong>BIBLIOTECA<\/strong><\/p>\n<p><strong>Departament de Documentaci\u00f3:<\/strong><\/p>\n<p>Tel\u00e9fono: 966 658 203<\/p>\n<p>El MAHE disposa d&#8217;una biblioteca de car\u00e0cter professional de monografies i revistes especialitzades, majorit\u00e0riament de tem\u00e0tica arqueol\u00f2gica, a la disposici\u00f3 dels seus t\u00e8cnics.<\/p>\n<p>&nbsp;<\/p>\n<p><strong>RESTAURACI\u00d3<\/strong><\/p>\n<p>Responsable: Gemma Mira Guti\u00e9rrez<\/p>\n<p>Tel\u00e9fono: 966 658 220. Ext.: 3875<\/p>\n<p><a href=\"mailto:gmira@elche.es\">gmira@elche.es<\/a><\/p>\n<p>El Departament de Restauraci\u00f3 \u00e9s part fonamental en la conservaci\u00f3 i restauraci\u00f3 del nombr\u00f3s patrimoni municipal. Per a l\u2019execuci\u00f3 d\u2019aquesta comesa hi ha un departament de dilatada experi\u00e8ncia professional, que engloba la restauraci\u00f3 de peces amb un ampli espectre de materials i t\u00e8cniques diverses, com ara cer\u00e0mica, pedra, paper, llen\u00e7, escultura policromada, etc.<\/p>\n<p>L\u2019activitat que s\u2019hi desenvolupa aplica la metodologia i els criteris que deuen regir les actuacions en els b\u00e9ns culturals, convergint en tot moment amb les directrius i recomanacions internacionals.<\/p>\n<p>Amb tot aix\u00f2, des d\u2019aquest departament i amb una gran responsabilitat, es pret\u00e9n conservar i recuperar un important llegat historicoart\u00edstic per al gaudi de generacions futures, ja que cada vegada que una obra d\u2019art es perd, perdem no nom\u00e9s la seua pr\u00f2pia materialitat, sin\u00f3 tamb\u00e9 part de la mem\u00f2ria cultural de la nostra hist\u00f2ria.<\/p>\n<p><strong>Obres restaurades:<\/strong><\/p>\n<p><em><a href=\"https:\/\/www.elche.es\/wp-content\/uploads\/2017\/10\/Obra_restaurada._Sagrada_Familia.pdf\">Sagrada Familia<\/a>.\u00a0<\/em><a href=\"https:\/\/www.elche.es\/wp-content\/uploads\/2017\/10\/Obra_restaurada._Sagrada_Familia.pdf\">Pe\u00e7a del retaule de l\u2019esgl\u00e9sia de Sant Josep (Elx).<\/a>[\/vc_column_text][\/vc_column][vc_column width=&#8221;1\/3&#8243; css=&#8221;.vc_custom_1474385237096{padding-top: 50px !important;padding-bottom: 50px !important;}&#8221;][vc_widget_sidebar sidebar_id=&#8221;sidebar_custom_2&#8243;][\/vc_column][\/vc_row]<\/p>\n<\/div>","protected":false},"excerpt":{"rendered":"<p>[vc_row full_width=&#8221;stretch_row&#8221; css=&#8221;.vc_custom_1475488224066{background-color: #dddde0 !important;}&#8221;][vc_column][vc_column_text][\/vc_column_text][\/vc_column][\/vc_row][vc_row css=&#8221;.vc_custom_1475488264405{padding-bottom: 40px !important;}&#8221; el_id=&#8221;bloque_basica&#8221;][vc_column width=&#8221;2\/3&#8243;][vc_single_image image=&#8221;4586&#8243; img_size=&#8221;full&#8221; css=&#8221;.vc_custom_1476959404552{padding-bottom: 20px !important;}&#8221;][vc_column_text]BIBLIOTECA Departament de Documentaci\u00f3: Tel\u00e9fono: 966 658 203 El MAHE disposa d&#8217;una biblioteca de car\u00e0cter professional [&hellip;]<\/p>\n","protected":false},"author":131,"featured_media":0,"parent":4655,"menu_order":0,"comment_status":"closed","ping_status":"closed","template":"","meta":{"footnotes":""},"class_list":["post-4795","page","type-page","status-publish","hentry"],"_links":{"self":[{"href":"https:\/\/www.elche.es\/va\/wp-json\/wp\/v2\/pages\/4795","targetHints":{"allow":["GET"]}}],"collection":[{"href":"https:\/\/www.elche.es\/va\/wp-json\/wp\/v2\/pages"}],"about":[{"href":"https:\/\/www.elche.es\/va\/wp-json\/wp\/v2\/types\/page"}],"author":[{"embeddable":true,"href":"https:\/\/www.elche.es\/va\/wp-json\/wp\/v2\/users\/131"}],"replies":[{"embeddable":true,"href":"https:\/\/www.elche.es\/va\/wp-json\/wp\/v2\/comments?post=4795"}],"version-history":[{"count":0,"href":"https:\/\/www.elche.es\/va\/wp-json\/wp\/v2\/pages\/4795\/revisions"}],"up":[{"embeddable":true,"href":"https:\/\/www.elche.es\/va\/wp-json\/wp\/v2\/pages\/4655"}],"wp:attachment":[{"href":"https:\/\/www.elche.es\/va\/wp-json\/wp\/v2\/media?parent=4795"}],"curies":[{"name":"wp","href":"https:\/\/api.w.org\/{rel}","templated":true}]}}