{"id":4974,"date":"2016-10-18T15:21:48","date_gmt":"2016-10-18T15:21:48","guid":{"rendered":"http:\/\/www.elche.es\/va\/museos\/museo-de-la-festa\/"},"modified":"2025-03-25T13:57:32","modified_gmt":"2025-03-25T11:57:32","slug":"museu-de-la-festa","status":"publish","type":"page","link":"https:\/\/www.elche.es\/va\/museus\/museu-de-la-festa\/","title":{"rendered":"Museu de la Festa"},"content":{"rendered":"<div class=\"wpb-content-wrapper\"><p>[vc_row full_width=&#8221;stretch_row&#8221; css=&#8221;.vc_custom_1620811002118{background-image: url(https:\/\/www.elche.es\/wp-content\/uploads\/2016\/10\/cabecera_museudelafesta.png?id=4760) !important;background-position: center !important;background-repeat: no-repeat !important;background-size: cover !important;}&#8221; el_id=&#8221;bloque_titulo&#8221; el_class=&#8221;slidersecciones&#8221;][vc_column][vc_custom_heading text=&#8221;MUSEU DE LA FESTA&#8221; font_container=&#8221;tag:h2|text_align:center|color:%23ffffff&#8221; google_fonts=&#8221;font_family:Ubuntu%3A300%2C300italic%2Cregular%2Citalic%2C500%2C500italic%2C700%2C700italic|font_style:700%20bold%20regular%3A700%3Anormal&#8221; el_class=&#8221;sombraTitulo cabeceramovil&#8221;][\/vc_column][\/vc_row][vc_row full_width=&#8221;stretch_row_content_no_spaces&#8221; css=&#8221;.vc_custom_1475765564344{margin-top: -130px !important;padding-top: 30px !important;padding-right: 30px !important;padding-bottom: 30px !important;padding-left: 30px !important;background-color: rgba(0,169,151,0.8) !important;*background-color: rgb(0,169,151) !important;}&#8221; el_id=&#8221;bloque_menu_enlaces&#8221;][vc_column]<div id=\"sc_section_1448338808\" class=\"sc_section margin_right_large margin_left_large aligncenter\"><div class=\"sc_section_inner\"><div id=\"sc_section_1448338808_scroll\" class=\"sc_scroll sc_scroll_horizontal swiper-slider-container scroll-container\" style=\"\"><div class=\"sc_scroll_wrapper swiper-wrapper\"><div class=\"sc_scroll_slide swiper-slide\">\r\n        \r\n        <a class=\"menuVC\"  href=\"https:\/\/www.elche.es\/va\/museos\/museu-de-la-festa\/informacio-general\/\"> <span> Informaci\u00f3 general <\/span><\/a>\r\n        \r\n        <a class=\"menuVC\"  href=\"https:\/\/www.elche.es\/va\/museos\/museu-de-la-festa\/col%C2%B7leccio-permanent\/\"> <span> Col\u00b7lecci\u00f3 Permanent <\/span><\/a>\r\n        \r\n        <a class=\"menuVC\"  href=\"https:\/\/www.elche.es\/va\/museos\/museu-de-la-festa\/la-festa\/\"> <span> La Festa <\/span><\/a><\/div><\/div><div id=\"sc_section_1448338808_scroll_bar\" class=\"sc_scroll_bar sc_scroll_bar_horizontal sc_section_1448338808_scroll_bar\"><\/div><\/div><\/div><\/div>[\/vc_column][\/vc_row][vc_row full_width=&#8221;stretch_row&#8221; css=&#8221;.vc_custom_1475484188729{background-color: #dddde0 !important;}&#8221;][vc_column][vc_column_text]<nav aria-label=\"breadcrumbs\">\n            <div class=\"breadcrumb-container theme1\">\n                <ol>\n                                    <\/ol>\n            <\/div>\n        <\/nav>    <script type=\"application\/ld+json\">\n        {\n            \"@context\": \"http:\/\/schema.org\",\n            \"@type\": \"BreadcrumbList\",\n            \"itemListElement\": [\n                            ]\n        }\n    <\/script>\n    <style type=\"text\/css\">\n        .breadcrumb-container {\n            font-size: 13px;\n        }\n\n        .breadcrumb-container ul {\n            margin: 0;\n            padding: 0;\n        }\n\n        .breadcrumb-container li {\n            box-sizing: unset;\n            display: inline-block;\n            margin: 0;\n            padding: 0;\n        }\n\n        .breadcrumb-container li a {\n            box-sizing: unset;\n            padding: 0 10px;\n        }\n\n        .breadcrumb-container {\n            font-size: 3 !important;\n                    }\n\n        .breadcrumb-container li a {\n            color: #0a0a0a !important;\n            font-size: 3 !important;\n            line-height: 3 !important;\n                    }\n\n        .breadcrumb-container li .separator {\n            font-size: 3 !important;\n                    }\n\n        .breadcrumb-container li:last-child .separator {\n            display: none;\n        }\n    <\/style>\n    <style type=\"text\/css\">\n        .breadcrumb-container.theme1 li {\n            margin: 0;\n            padding: 0;\n        }\n        .breadcrumb-container.theme1 a {\n            background: ;\n            display: inline-block;\n            margin: 0 5px;\n            padding: 5px 10px;\n            text-decoration: none;\n        }\n    <\/style>\n        <style type=\"text\/css\">\n            <\/style>\n    <script>\n            <\/script>\n[\/vc_column_text][\/vc_column][\/vc_row][vc_row full_width=&#8221;stretch_row&#8221; css=&#8221;.vc_custom_1475764105820{background-color: #ffffff !important;}&#8221;][vc_column]<div class=\"sc_content content_wrap\"><div class=\"columns_wrap sc_columns columns_nofluid sc_columns_count_2 history \"><div class=\"column-1_2 sc_column_item sc_column_item_1 odd first\"><h3 class=\"sc_title sc_title_regular margin_top_small\" style=\"margin-top: 4.05em;margin-bottom: 1.35em;\">Museu\u00a0de La Festa<\/h3>[vc_column_text css=&#8221;.vc_custom_1742903844960{padding-bottom: 30px !important;}&#8221; el_class=&#8221;short_text&#8221;]<span style=\"color: #ff0000;\"><strong>ACTUALMENT ES TROBA TANCAT PER OBRES SENSE DATA PREVISTA D&#8217;OBERTURA<\/strong><\/span><\/p>\n<p>El Museu de la Festa ocupa part de l&#8217;antiga ermita medieval de Sant Sebasti\u00e0, on es mostra un espectacular muntatge audiovisual que introdueix a l&#8217;espectador en el Misteri d\u2019Elx. A m\u00e9s, ocupa part\u00a0de la denominada \u00abCasa de la Festa\u00bb, seu del Patronat del Misteri d\u2019Elx. \u00c9s ac\u00ed on se situa la secci\u00f3 expositiva, que reuneix textos explicatius, fotografies, maquetes i diferents peces que formen o van formar part del drama.[\/vc_column_text]<div id='modulo_datos_contacto'> <p class='titulo_datos_contacto'>Dades de contacte <\/p> <hr><p class=\"contactoArea\"> <i class=\"fa fa-map-marker\" aria-hidden=\"true\"><\/i>Carrer Major de la Vila, 27<\/p><p class=\"contactoArea\"><i class=\"fa fa-phone\" aria-hidden=\"true\"><\/i>965 453 464 Ext 2426<\/p><p class=\"contactoArea\"><i class=\"fa fa-envelope\" aria-hidden=\"true\"><\/i><a href=\"mailto:museofesta.recepcion@elche.es\"> museofesta.recepcion@elche.es<\/a><\/p><div id='contacto-rrss'><\/div><\/div><\/div><div class=\"column-1_2 sc_column_item sc_column_item_2 even\">[sbs_wpb_openstreetmap map_style=&#8221;openstreetmap_de&#8221; map_height=&#8221;100&#8243; ctrl_mouse_zoom=&#8221;true&#8221; latitude=&#8221;38.26698&#8243; longitude=&#8221;-0.6987&#8243;][sbs_wpb_marker marker_source=&#8221;coordinates&#8221; marker_color=&#8221;red&#8221; marker_latitude=&#8221;38.26698&#8243; marker_longitude=&#8221;-0.6987&#8243;][\/sbs_wpb_marker][\/sbs_wpb_openstreetmap]<\/div><\/div><\/div>[\/vc_column][\/vc_row][vc_row full_width=&#8221;stretch_row&#8221; css=&#8221;.vc_custom_1469617963813{padding-bottom: 40px !important;background-color: #fffcfc !important;}&#8221;][vc_column]<div class=\"sc_section aligncenter\"><div class=\"sc_section_inner\"><div class=\"sc_content content_wrap scheme_original\"><h3 class=\"sc_title sc_title_regular sc_align_left\" style=\"text-align:left;\">Pr\u00f2xims esdeveniments<\/h3><div id=\"sc_blogger_1241951260\" class=\"sc_blogger layout_classic_4 template_classic  sc_blogger_horizontal sc_scroll_controls sc_scroll_controls_type_top sc_scroll_controls_horizontal no_description\"><div id=\"sc_blogger_1241951260_scroll\" class=\"sc_scroll sc_scroll_horizontal sc_slider_noresize swiper-slider-container scroll-container\" style=\"width:100%;\"><div class=\"sc_scroll_wrapper swiper-wrapper\"><div class=\"sc_scroll_slide swiper-slide\"><div class=\"isotope_wrap\" data-columns=\"4\"><\/div><\/div><\/div><div id=\"sc_blogger_1241951260_scroll_bar\" class=\"sc_scroll_bar sc_scroll_bar_horizontal sc_blogger_1241951260_scroll_bar\"><\/div><\/div><div class=\"sc_scroll_controls_wrap\"><a class=\"sc_scroll_prev\" href=\"#\"><\/a><a class=\"sc_scroll_next\" href=\"#\"><\/a><\/div><\/div><a href=\"https:\/\/www.elche.es\/va\/calendario-eventos\/categoria\/museus-va\/museu-de-la-festa\/\" class=\"sc_button sc_button_square sc_button_style_filled style_original sc_button_size_small boton3d \">M\u00e9s esdeveniments<\/a><\/div><\/div><\/div>[\/vc_column][\/vc_row][vc_row full_width=&#8221;stretch_row&#8221; css=&#8221;.vc_custom_1469618345683{padding-top: 50px !important;padding-bottom: 40px !important;background-image: url(https:\/\/www.elche.es\/wp-content\/uploads\/2016\/07\/palmeral.png?id=1044) !important;}&#8221;][vc_column]<h3 class=\"sc_title sc_title_regular sc_align_center margin_top_tiny\" style=\"text-align:center;\"><span style=\"color: #ffffff;\">Enlla\u00e7os\u00a0<\/span><\/h3><div id=\"sc_section_1472876374\" class=\"sc_section column-1_1\"><div class=\"sc_section_inner sc_scroll_controls sc_scroll_controls_horizontal sc_scroll_controls_type_side\"><div id=\"sc_section_1472876374_scroll\" class=\"sc_scroll sc_scroll_horizontal swiper-slider-container scroll-container\" style=\"\"><div class=\"sc_scroll_wrapper swiper-wrapper\"><div class=\"sc_scroll_slide swiper-slide\"><div class=\"columns_wrap sc_columns columns_nofluid sc_columns_count_2\"><div class=\"column-1_2 sc_column_item sc_column_item_1 odd first\">\r\n        <div id=\"enlacesInteresantes\">\r\n            <div class=\"post_item post_item_opportuniti post_item_opportuniti_3 post_format_standard odd\">\r\n               <div class=\"post_featured\">\r\n                  <div class=\"post_thumb\">\r\n                     <a class=\"hover_icon hover_icon_link\"  href=\"https:\/\/www.elche.es\/va\/museos\/museu-de-la-festa\/destacats\/\"><img loading=\"lazy\" decoding=\"async\" class=\"wp-post-image\" width=\"740\" height=\"584\" src=\"https:\/\/www.elche.es\/wp-content\/uploads\/2016\/10\/festa_destacados.png\"><\/a> \r\n                  <\/div>\r\n               <\/div>\r\n               <div class=\"post_content isotope_item_content\">\r\n                  <h4 class=\"post_title\"><a  href=\"https:\/\/www.elche.es\/va\/museos\/museu-de-la-festa\/destacats\/\"><\/a><\/h4>\r\n                  <div class=\"post_descr\">\r\n                     <p> <a style=\"color: white;\" href=\"https:\/\/www.elche.es\/va\/museos\/museu-de-la-festa\/destacats\/\">DESTACATS<\/a><\/p>\r\n                  <\/div>\r\n               <\/div>\r\n            <\/div>\r\n       <\/div><\/div><div class=\"column-1_2 sc_column_item sc_column_item_2 even\">\r\n        <div id=\"enlacesInteresantes\">\r\n            <div class=\"post_item post_item_opportuniti post_item_opportuniti_3 post_format_standard odd\">\r\n               <div class=\"post_featured\">\r\n                  <div class=\"post_thumb\">\r\n                     <a class=\"hover_icon hover_icon_link\"  href=\"https:\/\/www.elche.es\/va\/museos\/mace\/enllacos\/\"><img loading=\"lazy\" decoding=\"async\" class=\"wp-post-image\" width=\"740\" height=\"584\" src=\"https:\/\/www.elche.es\/wp-content\/uploads\/2016\/10\/festa_enlaces.png\"><\/a> \r\n                  <\/div>\r\n               <\/div>\r\n               <div class=\"post_content isotope_item_content\">\r\n                  <h4 class=\"post_title\"><a  href=\"https:\/\/www.elche.es\/va\/museos\/mace\/enllacos\/\"><\/a><\/h4>\r\n                  <div class=\"post_descr\">\r\n                     <p> <a style=\"color: white;\" href=\"https:\/\/www.elche.es\/va\/museos\/mace\/enllacos\/\">ENLLA\u00c7OS<\/a><\/p>\r\n                  <\/div>\r\n               <\/div>\r\n            <\/div>\r\n       <\/div><\/div><\/div><\/div><\/div><div id=\"sc_section_1472876374_scroll_bar\" class=\"sc_scroll_bar sc_scroll_bar_horizontal sc_section_1472876374_scroll_bar\"><\/div><\/div><div class=\"sc_scroll_controls_wrap\"><a class=\"sc_scroll_prev\" href=\"#\"><\/a><a class=\"sc_scroll_next\" href=\"#\"><\/a><\/div><\/div><\/div>[\/vc_column][\/vc_row]<\/p>\n<\/div>","protected":false},"excerpt":{"rendered":"<p>[vc_row full_width=&#8221;stretch_row&#8221; css=&#8221;.vc_custom_1620811002118{background-image: url(https:\/\/www.elche.es\/wp-content\/uploads\/2016\/10\/cabecera_museudelafesta.png?id=4760) !important;background-position: center !important;background-repeat: no-repeat !important;background-size: cover !important;}&#8221; el_id=&#8221;bloque_titulo&#8221; el_class=&#8221;slidersecciones&#8221;][vc_column][vc_custom_heading text=&#8221;MUSEU DE LA FESTA&#8221; font_container=&#8221;tag:h2|text_align:center|color:%23ffffff&#8221; google_fonts=&#8221;font_family:Ubuntu%3A300%2C300italic%2Cregular%2Citalic%2C500%2C500italic%2C700%2C700italic|font_style:700%20bold%20regular%3A700%3Anormal&#8221; el_class=&#8221;sombraTitulo cabeceramovil&#8221;][\/vc_column][\/vc_row][vc_row full_width=&#8221;stretch_row_content_no_spaces&#8221; css=&#8221;.vc_custom_1475765564344{margin-top: -130px !important;padding-top: 30px !important;padding-right: 30px !important;padding-bottom: 30px [&hellip;]<\/p>\n","protected":false},"author":131,"featured_media":0,"parent":4650,"menu_order":0,"comment_status":"closed","ping_status":"closed","template":"","meta":{"footnotes":""},"class_list":["post-4974","page","type-page","status-publish","hentry"],"_links":{"self":[{"href":"https:\/\/www.elche.es\/va\/wp-json\/wp\/v2\/pages\/4974","targetHints":{"allow":["GET"]}}],"collection":[{"href":"https:\/\/www.elche.es\/va\/wp-json\/wp\/v2\/pages"}],"about":[{"href":"https:\/\/www.elche.es\/va\/wp-json\/wp\/v2\/types\/page"}],"author":[{"embeddable":true,"href":"https:\/\/www.elche.es\/va\/wp-json\/wp\/v2\/users\/131"}],"replies":[{"embeddable":true,"href":"https:\/\/www.elche.es\/va\/wp-json\/wp\/v2\/comments?post=4974"}],"version-history":[{"count":1,"href":"https:\/\/www.elche.es\/va\/wp-json\/wp\/v2\/pages\/4974\/revisions"}],"predecessor-version":[{"id":330356,"href":"https:\/\/www.elche.es\/va\/wp-json\/wp\/v2\/pages\/4974\/revisions\/330356"}],"up":[{"embeddable":true,"href":"https:\/\/www.elche.es\/va\/wp-json\/wp\/v2\/pages\/4650"}],"wp:attachment":[{"href":"https:\/\/www.elche.es\/va\/wp-json\/wp\/v2\/media?parent=4974"}],"curies":[{"name":"wp","href":"https:\/\/api.w.org\/{rel}","templated":true}]}}