{"id":50837,"date":"2018-02-20T11:46:18","date_gmt":"2018-02-20T10:46:18","guid":{"rendered":"http:\/\/www.elche.es\/va\/majors\/superchef\/"},"modified":"2025-04-11T09:44:23","modified_gmt":"2025-04-11T07:44:23","slug":"superxef","status":"publish","type":"page","link":"https:\/\/www.elche.es\/va\/mayores\/actividades-varias\/superxef\/","title":{"rendered":"SUPERXEF"},"content":{"rendered":"<div class=\"wpb-content-wrapper\"><p>[vc_row full_width=&#8221;stretch_row_content_no_spaces&#8221; css=&#8221;.vc_custom_1663588492163{background-position: center !important;background-repeat: no-repeat !important;background-size: cover !important;}&#8221; el_class=&#8221;cuadrocabecerafoto&#8221;][vc_column][vc_single_image image=&#8221;332398&#8243; img_size=&#8221;full&#8221; alignment=&#8221;center&#8221; css=&#8221;&#8221; el_class=&#8221;cabecerasolofoto&#8221;][\/vc_column][\/vc_row][vc_row full_width=&#8221;stretch_row&#8221; css=&#8221;.vc_custom_1475484188729{background-color: #dddde0 !important;}&#8221;][vc_column][vc_column_text]<nav aria-label=\"breadcrumbs\">\n            <div class=\"breadcrumb-container theme1\">\n                <ol>\n                                    <\/ol>\n            <\/div>\n        <\/nav>    <script type=\"application\/ld+json\">\n        {\n            \"@context\": \"http:\/\/schema.org\",\n            \"@type\": \"BreadcrumbList\",\n            \"itemListElement\": [\n                            ]\n        }\n    <\/script>\n    <style type=\"text\/css\">\n        .breadcrumb-container {\n            font-size: 13px;\n        }\n\n        .breadcrumb-container ul {\n            margin: 0;\n            padding: 0;\n        }\n\n        .breadcrumb-container li {\n            box-sizing: unset;\n            display: inline-block;\n            margin: 0;\n            padding: 0;\n        }\n\n        .breadcrumb-container li a {\n            box-sizing: unset;\n            padding: 0 10px;\n        }\n\n        .breadcrumb-container {\n            font-size: 3 !important;\n                    }\n\n        .breadcrumb-container li a {\n            color: #0a0a0a !important;\n            font-size: 3 !important;\n            line-height: 3 !important;\n                    }\n\n        .breadcrumb-container li .separator {\n            font-size: 3 !important;\n                    }\n\n        .breadcrumb-container li:last-child .separator {\n            display: none;\n        }\n    <\/style>\n    <style type=\"text\/css\">\n        .breadcrumb-container.theme1 li {\n            margin: 0;\n            padding: 0;\n        }\n        .breadcrumb-container.theme1 a {\n            background: ;\n            display: inline-block;\n            margin: 0 5px;\n            padding: 5px 10px;\n            text-decoration: none;\n        }\n    <\/style>\n        <style type=\"text\/css\">\n            <\/style>\n    <script>\n            <\/script>\n[\/vc_column_text][\/vc_column][\/vc_row][vc_row][vc_column]<h1 class=\"sc_title sc_title_regular titulo-pagina margin_top_small\">Superxef S\u00e9nior<\/h1>[vc_column_text css=&#8221;.vc_custom_1744357376059{margin-bottom: 40px !important;}&#8221;]<strong>La VIi edici\u00f3 del concurs Superxef S\u00e9nior ser\u00e0 els dies 27 i 28 de maig a l&#8217;Escola Municipal d&#8217;Hostaleria<\/strong><\/p>\n<p>Presentem \u201cSuperxef S\u00e8nior 2025\u201d, on les persones majors podran demostrar els seus dots culinaris i difondre les seues virtuts i habilitats a la cuina, contribuint a la seua perman\u00e8ncia en el temps a trav\u00e9s de les noves generacions.<\/p>\n<ul>\n<li><strong>El termini d&#8217;inscripci\u00f3 en el concurs ser\u00e0 des del 14 d&#8217;abril fins al 9 de maig de 2025<\/strong>\u00a0i per a participar cal tindre 60 anys o m\u00e9s, residir a la comarca del Baix Vinalop\u00f3 i no ser professionals de la cuina.<\/li>\n<li>Se seleccionaran 15 persones perqu\u00e8 elaboren les seues receptes i nou d&#8217;aquestes accediran a la gran final del 28 de maig.<\/li>\n<\/ul>\n<p>La inscripci\u00f3 es podr\u00e0 realitzar a l\u2019OMAC o a trav\u00e9s de la seu electr\u00f2nica[\/vc_column_text]<a href=\"https:\/\/sede.elche.es\/sta\/CarpetaPublic\/doEvent?APP_CODE=STA&PAGE_CODE=CATALOGO&DETALLE=6269000001539683007922&lang=CA\" target=\"_blank\" class=\"sc_button sc_button_square sc_button_style_filled style_original sc_button_size_large aligncenter btndentronoticia margin_top_small margin_right_huge margin_bottom_small margin_left_huge\">BASES DEL CONCURS I SOL\u00b7LICITUD DE PARTICIPACI\u00d3<\/a>[vc_single_image image=&#8221;332391&#8243; img_size=&#8221;full&#8221; onclick=&#8221;link_image&#8221; css=&#8221;.vc_custom_1744357410512{margin-top: 30px !important;}&#8221;][\/vc_column][\/vc_row][vc_row][vc_column][vc_empty_space height=&#8221;60px&#8221;][\/vc_column][\/vc_row]<\/p>\n<\/div>","protected":false},"excerpt":{"rendered":"<p>[vc_row full_width=&#8221;stretch_row_content_no_spaces&#8221; css=&#8221;.vc_custom_1663588492163{background-position: center !important;background-repeat: no-repeat !important;background-size: cover !important;}&#8221; el_class=&#8221;cuadrocabecerafoto&#8221;][vc_column][vc_single_image image=&#8221;332398&#8243; img_size=&#8221;full&#8221; alignment=&#8221;center&#8221; css=&#8221;&#8221; el_class=&#8221;cabecerasolofoto&#8221;][\/vc_column][\/vc_row][vc_row full_width=&#8221;stretch_row&#8221; css=&#8221;.vc_custom_1475484188729{background-color: #dddde0 !important;}&#8221;][vc_column][vc_column_text][\/vc_column_text][\/vc_column][\/vc_row][vc_row][vc_column][vc_column_text css=&#8221;.vc_custom_1744357376059{margin-bottom: 40px !important;}&#8221;]La VIi edici\u00f3 del concurs Superxef S\u00e9nior ser\u00e0 els [&hellip;]<\/p>\n","protected":false},"author":46,"featured_media":0,"parent":30944,"menu_order":0,"comment_status":"closed","ping_status":"closed","template":"","meta":{"footnotes":""},"class_list":["post-50837","page","type-page","status-publish","hentry"],"_links":{"self":[{"href":"https:\/\/www.elche.es\/va\/wp-json\/wp\/v2\/pages\/50837","targetHints":{"allow":["GET"]}}],"collection":[{"href":"https:\/\/www.elche.es\/va\/wp-json\/wp\/v2\/pages"}],"about":[{"href":"https:\/\/www.elche.es\/va\/wp-json\/wp\/v2\/types\/page"}],"author":[{"embeddable":true,"href":"https:\/\/www.elche.es\/va\/wp-json\/wp\/v2\/users\/46"}],"replies":[{"embeddable":true,"href":"https:\/\/www.elche.es\/va\/wp-json\/wp\/v2\/comments?post=50837"}],"version-history":[{"count":5,"href":"https:\/\/www.elche.es\/va\/wp-json\/wp\/v2\/pages\/50837\/revisions"}],"predecessor-version":[{"id":332401,"href":"https:\/\/www.elche.es\/va\/wp-json\/wp\/v2\/pages\/50837\/revisions\/332401"}],"up":[{"embeddable":true,"href":"https:\/\/www.elche.es\/va\/wp-json\/wp\/v2\/pages\/30944"}],"wp:attachment":[{"href":"https:\/\/www.elche.es\/va\/wp-json\/wp\/v2\/media?parent=50837"}],"curies":[{"name":"wp","href":"https:\/\/api.w.org\/{rel}","templated":true}]}}