{"id":52448,"date":"2018-02-23T12:34:04","date_gmt":"2018-02-23T11:34:04","guid":{"rendered":"http:\/\/www.elche.es\/va\/urbanisme\/proyectos-y-obras-de-infraestructura\/"},"modified":"2018-06-01T13:14:36","modified_gmt":"2018-06-01T12:14:36","slug":"projectes-i-obres-dinfraestructura","status":"publish","type":"page","link":"https:\/\/www.elche.es\/va\/urbanisme\/projectes-i-obres-dinfraestructura\/","title":{"rendered":"Projectes i obres d&#8217;infraestructura"},"content":{"rendered":"<div class=\"wpb-content-wrapper\"><p>[vc_row full_width=&#8221;stretch_row&#8221; css=&#8221;.vc_custom_1475488224066{background-color: #dddde0 !important;}&#8221;][vc_column][vc_column_text]<nav aria-label=\"breadcrumbs\">\n            <div class=\"breadcrumb-container theme1\">\n                <ol>\n                                    <\/ol>\n            <\/div>\n        <\/nav>    <script type=\"application\/ld+json\">\n        {\n            \"@context\": \"http:\/\/schema.org\",\n            \"@type\": \"BreadcrumbList\",\n            \"itemListElement\": [\n                            ]\n        }\n    <\/script>\n    <style type=\"text\/css\">\n        .breadcrumb-container {\n            font-size: 13px;\n        }\n\n        .breadcrumb-container ul {\n            margin: 0;\n            padding: 0;\n        }\n\n        .breadcrumb-container li {\n            box-sizing: unset;\n            display: inline-block;\n            margin: 0;\n            padding: 0;\n        }\n\n        .breadcrumb-container li a {\n            box-sizing: unset;\n            padding: 0 10px;\n        }\n\n        .breadcrumb-container {\n            font-size: 3 !important;\n                    }\n\n        .breadcrumb-container li a {\n            color: #0a0a0a !important;\n            font-size: 3 !important;\n            line-height: 3 !important;\n                    }\n\n        .breadcrumb-container li .separator {\n            font-size: 3 !important;\n                    }\n\n        .breadcrumb-container li:last-child .separator {\n            display: none;\n        }\n    <\/style>\n    <style type=\"text\/css\">\n        .breadcrumb-container.theme1 li {\n            margin: 0;\n            padding: 0;\n        }\n        .breadcrumb-container.theme1 a {\n            background: ;\n            display: inline-block;\n            margin: 0 5px;\n            padding: 5px 10px;\n            text-decoration: none;\n        }\n    <\/style>\n        <style type=\"text\/css\">\n            <\/style>\n    <script>\n            <\/script>\n[\/vc_column_text][\/vc_column][\/vc_row][vc_row_inner][vc_column_inner][vc_custom_heading text=&#8221;Projectes d&#8217;obres i infraestructures p\u00fabliques<br \/>\n&#8221; font_container=&#8221;tag:h3|text_align:left&#8221; use_theme_fonts=&#8221;yes&#8221;][vc_column_text]Informaci\u00f3 sobre les obres i infraestructures promogudes per l&#8217;Ajuntament d&#8217;Elx, les seues empreses i organismes aut\u00f2noms i altres organismes p\u00fablics.[\/vc_column_text][vc_empty_space][\/vc_column_inner][\/vc_row_inner][vc_row][vc_column]<div class=\"sc_toggles\"><div class=\"sc_toggles_item odd first\"><h5 class=\"sc_toggles_title\"><span class=\"sc_toggles_icon sc_toggles_icon_closed icon-plus\"><\/span><span class=\"sc_toggles_icon sc_toggles_icon_opened icon-minus\"><\/span> 2018. PROJECTE. Via per als vianants-ciclista entre Torrellano i Elx Parc Empresarial<\/h5><div class=\"sc_toggles_content\">[vc_column_text]<\/p>\n<div class=\"btns-llengues row\">\n<div class=\"col-xs-12\">\n<div class=\"btn-right\"><strong>\u00a0Objectius:<\/strong> El Projecte t\u00e9 per objecte l&#8217;execuci\u00f3 d&#8217;un itinerari per als vianants-ciclista que uneix el nucli urb\u00e0 de\u00a0Torrellano\u00a0i l&#8217;actuaci\u00f3 \u201cElx\u00a0ParcEmpresarial\u201d, per a a\u00e7\u00f2 s&#8217;aprofita la\u00a0 Canyada d&#8217;Oriola a Alacant el tra\u00e7at de la qual, en el tram objecte del projecte, \u00e9s sensiblement paral\u00b7lel a la carretera N-340.<\/div>\n<\/div>\n<\/div>\n<form class=\"formulari form-horizontal\">\n<div class=\"traductor-textarea form-group\">\n<div class=\"textarea-desti col-xs-12 col-sm-6\">\n<div class=\"form-control second-textarea\">\n<p><strong>Departament responsable:<\/strong> Regidoria d&#8217;Urbanisme, Territori i Habitatge.<\/p>\n<p><strong>Redactor del projecte:<\/strong> Jorge Llopis Mart\u00ednez<\/p>\n<p><strong>Aprovaci\u00f3:<\/strong> Junta de Govern Local de data 23 de juny de 2017.<\/p>\n<p><strong>PEM:<\/strong> 92.523,87 \u20ac<\/p>\n<p><strong>Pressuposat licitaci\u00f3:<\/strong> 133.225,11\u20ac<\/p>\n<p><strong>Finan\u00e7ament<\/strong>: Subvenci\u00f3 nominativa de l&#8217;Excma. Diputaci\u00f3 Provincial d&#8217;Alacant (Resoluci\u00f3 de 13 de desembre de 2017)<\/p>\n<p><strong>Contractista:<\/strong> INVOLUCRA, S.L.<\/p>\n<p><strong>Pressuposat de\u00a0adjudicacion<\/strong>: 116.035,06\u00a0EUR(amb impostos)<\/p>\n<p><strong>Termini d&#8217;execuci\u00f3:<\/strong> Tres mesos<\/p>\n<p><strong>Inicie d&#8217;obres:<\/strong> 29 de maig de 2018<\/p>\n<p><a href=\"https:\/\/goo.gl\/wNP89E\">Via per als vianants ciclista&gt;<\/a><\/p>\n<\/div>\n<\/div>\n<\/div>\n<\/form>\n<p>[\/vc_column_text]<\/div><\/div><div class=\"sc_toggles_item even\"><h5 class=\"sc_toggles_title\"><span class=\"sc_toggles_icon sc_toggles_icon_closed icon-plus\"><\/span><span class=\"sc_toggles_icon sc_toggles_icon_opened icon-minus\"><\/span>2018. PROJECTE. Millora i adequaci\u00f3 de les Infraestructures del museu escolar de Pusol<\/h5><div class=\"sc_toggles_content\">[vc_column_text]<a href=\"https:\/\/www.elche.es\/wp-content\/uploads\/2018\/03\/PROYECTO-MUSEO-PUSOL_firmado.pdf\" target=\"_blank\">Projecte de Museu de Pusol &gt;<\/a><\/p>\n<p><a href=\"http:\/\/www.dip-alicante.es\/bop2\/pdftotal\/2018\/03\/08_48\/bop.pdf\">Per\u00edode d&#8217;exposici\u00f3 p\u00fablica. Diari oficial de la prov\u00edncia d&#8217;Alacant N\u00fam. 48 de 08\/03\/2018 &gt;<\/a>[\/vc_column_text]<\/div><\/div><div class=\"sc_toggles_item odd\"><h5 class=\"sc_toggles_title\"><span class=\"sc_toggles_icon sc_toggles_icon_closed icon-plus\"><\/span><span class=\"sc_toggles_icon sc_toggles_icon_opened icon-minus\"><\/span>2017. OBRA. Peatonalitzaci\u00f3 de la pla\u00e7a de Baix i carrer Corredora<\/h5><div class=\"sc_toggles_content\">[vc_column_text]<a href=\"https:\/\/www.elche.es\/wp-content\/uploads\/2018\/03\/Peatonalizacio%CC%81n-Corredora.v2-2.pdf\" target=\"_blank\">2017. Estudi de prioritzaci\u00f3 pels vianants en el carrer Corredora. Informe t\u00e8cnic &gt;<\/a>[\/vc_column_text]<\/div><\/div><\/div>[\/vc_column][\/vc_row]<\/p>\n<\/div>","protected":false},"excerpt":{"rendered":"<p>[vc_row full_width=&#8221;stretch_row&#8221; css=&#8221;.vc_custom_1475488224066{background-color: #dddde0 !important;}&#8221;][vc_column][vc_column_text][\/vc_column_text][\/vc_column][\/vc_row][vc_row_inner][vc_column_inner][vc_custom_heading text=&#8221;Projectes d&#8217;obres i infraestructures p\u00fabliques &#8221; font_container=&#8221;tag:h3|text_align:left&#8221; use_theme_fonts=&#8221;yes&#8221;][vc_column_text]Informaci\u00f3 sobre les obres i infraestructures promogudes per l&#8217;Ajuntament d&#8217;Elx, les seues empreses i organismes aut\u00f2noms i altres [&hellip;]<\/p>\n","protected":false},"author":131,"featured_media":0,"parent":6420,"menu_order":0,"comment_status":"closed","ping_status":"closed","template":"","meta":{"footnotes":""},"class_list":["post-52448","page","type-page","status-publish","hentry"],"_links":{"self":[{"href":"https:\/\/www.elche.es\/va\/wp-json\/wp\/v2\/pages\/52448","targetHints":{"allow":["GET"]}}],"collection":[{"href":"https:\/\/www.elche.es\/va\/wp-json\/wp\/v2\/pages"}],"about":[{"href":"https:\/\/www.elche.es\/va\/wp-json\/wp\/v2\/types\/page"}],"author":[{"embeddable":true,"href":"https:\/\/www.elche.es\/va\/wp-json\/wp\/v2\/users\/131"}],"replies":[{"embeddable":true,"href":"https:\/\/www.elche.es\/va\/wp-json\/wp\/v2\/comments?post=52448"}],"version-history":[{"count":0,"href":"https:\/\/www.elche.es\/va\/wp-json\/wp\/v2\/pages\/52448\/revisions"}],"up":[{"embeddable":true,"href":"https:\/\/www.elche.es\/va\/wp-json\/wp\/v2\/pages\/6420"}],"wp:attachment":[{"href":"https:\/\/www.elche.es\/va\/wp-json\/wp\/v2\/media?parent=52448"}],"curies":[{"name":"wp","href":"https:\/\/api.w.org\/{rel}","templated":true}]}}