{"id":6602,"date":"2016-10-21T11:45:40","date_gmt":"2016-10-21T11:45:40","guid":{"rendered":"http:\/\/www.elche.es\/va\/urbanismo\/tablon-anuncios\/"},"modified":"2022-10-03T09:30:19","modified_gmt":"2022-10-03T08:30:19","slug":"tauler-danuncis","status":"publish","type":"page","link":"https:\/\/www.elche.es\/va\/urbanisme\/tauler-danuncis\/","title":{"rendered":"Tauler d&#8217;anuncis"},"content":{"rendered":"<div class=\"wpb-content-wrapper\"><p>[vc_row full_width=&#8221;stretch_row&#8221; css=&#8221;.vc_custom_1475488090109{background-color: #dddde0 !important;}&#8221;][vc_column][vc_column_text]<nav aria-label=\"breadcrumbs\">\n            <div class=\"breadcrumb-container theme1\">\n                <ol>\n                                    <\/ol>\n            <\/div>\n        <\/nav>    <script type=\"application\/ld+json\">\n        {\n            \"@context\": \"http:\/\/schema.org\",\n            \"@type\": \"BreadcrumbList\",\n            \"itemListElement\": [\n                            ]\n        }\n    <\/script>\n    <style type=\"text\/css\">\n        .breadcrumb-container {\n            font-size: 13px;\n        }\n\n        .breadcrumb-container ul {\n            margin: 0;\n            padding: 0;\n        }\n\n        .breadcrumb-container li {\n            box-sizing: unset;\n            display: inline-block;\n            margin: 0;\n            padding: 0;\n        }\n\n        .breadcrumb-container li a {\n            box-sizing: unset;\n            padding: 0 10px;\n        }\n\n        .breadcrumb-container {\n            font-size: 3 !important;\n                    }\n\n        .breadcrumb-container li a {\n            color: #0a0a0a !important;\n            font-size: 3 !important;\n            line-height: 3 !important;\n                    }\n\n        .breadcrumb-container li .separator {\n            font-size: 3 !important;\n                    }\n\n        .breadcrumb-container li:last-child .separator {\n            display: none;\n        }\n    <\/style>\n    <style type=\"text\/css\">\n        .breadcrumb-container.theme1 li {\n            margin: 0;\n            padding: 0;\n        }\n        .breadcrumb-container.theme1 a {\n            background: ;\n            display: inline-block;\n            margin: 0 5px;\n            padding: 5px 10px;\n            text-decoration: none;\n        }\n    <\/style>\n        <style type=\"text\/css\">\n            <\/style>\n    <script>\n            <\/script>\n[\/vc_column_text][\/vc_column][\/vc_row][vc_row full_width=&#8221;stretch_row&#8221; css=&#8221;.vc_custom_1469624147007{padding-top: 140px !important;padding-bottom: 140px !important;background-image: url(https:\/\/www.elche.es\/wp-content\/uploads\/2016\/07\/palmeral.png?id=1044) !important;}&#8221;][vc_column][vc_row_inner css=&#8221;.vc_custom_1475142298750{padding-right: 30px !important;padding-bottom: 30px !important;padding-left: 30px !important;background-color: #ffffff !important;}&#8221;][vc_column_inner][vc_custom_heading text=&#8221;Tauler d&#8217;anuncis&#8221; font_container=&#8221;tag:h3|text_align:left&#8221; use_theme_fonts=&#8221;yes&#8221; el_class=&#8221;enlaces-titulo-cabecera&#8221;]\r\n        <p>\r\n        <span class=\"enlaces-titulo\"> 2022.09.22 - TR\u00c0MIT DE CONSULTES: Document d'Inici de la modificaci\u00f3 de l'Estudi de Detall sobre illa delimitada pels carrers Passeig del Progr\u00e9s, Diego Pomares, Dels Focs i Sant Antoni de P\u00e0dua (abans CV-853), situada al Sector HO-2 de la Foia <\/span> <span><a class=\"enlaces-link\" target='_blank'href=\"https:\/\/www.elche.es\/wp-content\/uploads\/2022\/09\/02-Consultas.pdf \">Veure enlla\u00e7<\/a><\/span>\r\n        <br>\r\n        <span class=\"enlaces-descripcion\">Aprovat per la Junta de Govern Local, constitu\u00efda com a \u00d2RGAN AMBIENTAL TERRITORIAL MUNICIPAL, el 09.09.2022. <\/span>\r\n        <\/p>\r\n        <hr class=\"enlaces-separador\">\r\n        \r\n        <p>\r\n        <span class=\"enlaces-titulo\"> 2022.09.15 - Aprovaci\u00f3 inicial de relaci\u00f3 de b\u00e9ns i drets afectats per l'expropiaci\u00f3 de terrenys destinats a dotacions p\u00fabliques situats a l\u2019illa entre els carrers av. de la Universitat d'Elx, Jos\u00e9 S\u00e1nchez S\u00e1ez, Cam\u00ed de la Bassa dels Moros i Guadassuar (Palacio de Congressos).  <\/span> <span><a class=\"enlaces-link\" target='_blank'href=\"https:\/\/www.elche.es\/wp-content\/uploads\/2022\/09\/Anuncio-exprop.-P.-Congresos.pdf \">Veure enlla\u00e7<\/a><\/span>\r\n        <br>\r\n        <span class=\"enlaces-descripcion\">Aprovat per la Junta de Govern Local en sessi\u00f3 celebrada el 9 de setembre de 2022. <\/span>\r\n        <\/p>\r\n        <hr class=\"enlaces-separador\">\r\n        \r\n        <p>\r\n        <span class=\"enlaces-titulo\"> 2022.08.25 - Informaci\u00f3 P\u00fablica del Projecte d'Urbanitzaci\u00f3 de l\u2019illa compresa entre els carrers Antonio Machado, Julio S\u00e1nchez G\u00f3mez, Dr. Sapena i Vicente Alonso P\u00e9rez d'Elx (AR.28-3 del Pla General) . <\/span> <span><a class=\"enlaces-link\" target='_blank'href=\"https:\/\/www.elche.es\/wp-content\/uploads\/2022\/09\/PROYECTO-URBANIZ.-AREA-DE-REPARTO-28.3.pdf \">Veure enlla\u00e7<\/a><\/span>\r\n        <br>\r\n        <span class=\"enlaces-descripcion\">Resoluci\u00f3 Tinenta d'Alcalde d'Urbanisme, Territori, Estrat\u00e8gia DUSI i Capitalitat Verda Europea, n\u00fam. 2022008650 de data 25.08.2022.<br \/>\nPublicaci\u00f3 DOGV N\u00fam. 9418 de 02.09.2022.<\/span>\r\n        <\/p>\r\n        <hr class=\"enlaces-separador\">\r\n        \r\n        <p>\r\n        <span class=\"enlaces-titulo\"> 2022.08.16 - Retaxaci\u00f3 de c\u00e0rregues de la UE-1 del Sector E-37 del PG, exclusivament en els termes contemplats en els informes t\u00e8cnics, \u00e9s a dir, fins al l\u00edmit del 20% de l'import previst en la Proposici\u00f3 Juridicoecon\u00f2mica aprovada.  <\/span> <span><a class=\"enlaces-link\" target='_blank'href=\"https:\/\/www.elche.es\/wp-content\/uploads\/2022\/08\/PUBLICACION-DOGV-no-9409-22.08.2022.pdf \">Veure enlla\u00e7<\/a><\/span>\r\n        <br>\r\n        <span class=\"enlaces-descripcion\">Aprovat per l'Excm. Ajuntament Ple en sessi\u00f3 celebrada el dia 27.06.2022<br \/>\nPublicaci\u00f3 DOGV N\u00fam. 9409 de 22.08.2022<br \/>\n<\/span>\r\n        <\/p>\r\n        <hr class=\"enlaces-separador\">\r\n        \r\n        <p>\r\n        <span class=\"enlaces-titulo\"> 2022.08.08 - Modificaci\u00f3 puntual estructural del PG n\u00fam. 31, per a incloure els banys \u00e0rabs de la Vila Murada d'Elx i els Refugis 3B i 3C en el Cat\u00e0leg d'Edificis Protegits.  <\/span> <span><a class=\"enlaces-link\" target='_blank'href=\"https:\/\/www.elche.es\/wp-content\/uploads\/2022\/08\/Certificado-acuerdo-aprob.prov_.mod_.puntual-PG-no-31.pdf \">Veure enlla\u00e7<\/a><\/span>\r\n        <br>\r\n        <span class=\"enlaces-descripcion\">Aprovat provisionalment per l'Excm. Ajuntament Ple en sessi\u00f3 celebrada el 25.07.2022.<\/span>\r\n        <\/p>\r\n        <hr class=\"enlaces-separador\">\r\n        \r\n        <p>\r\n        <span class=\"enlaces-titulo\"> 2022.08.08 - Aprovaci\u00f3 ref\u00f3s del Projecte de Reparcel\u00b7laci\u00f3 For\u00e7osa de la Unitat d'Execuci\u00f3 n\u00fam. 1 de l'\u00c0rea de Repartiment, 90, presentat per l'AIU. UE-1 AR-90. <\/span> <span><a class=\"enlaces-link\" target='_blank'href=\"https:\/\/www.elche.es\/wp-content\/uploads\/2022\/08\/DOGV-9411-de-24.08.2022.pdf \">Veure enlla\u00e7<\/a><\/span>\r\n        <br>\r\n        <span class=\"enlaces-descripcion\">Aprovat per la Junta de Govern Local en sessi\u00f3 celebrada el 29.07.2022.<br \/>\nPublicaci\u00f3 DOGV N\u00fam. 9411 de 24.08.2022<br \/>\nPublicaci\u00f3 BOP N\u00fam. 179 de 20.09.2022<\/span>\r\n        <\/p>\r\n        <hr class=\"enlaces-separador\">\r\n        \r\n        <p>\r\n        <span class=\"enlaces-titulo\"> 2022.07.21 - TR\u00c0MIT DE CONSULTES: Document d'Inici de la modificaci\u00f3 puntual n\u00fam. 42 de l'ordenaci\u00f3 detallada del Pla General de canvi d'\u00fas dotacional de la parcel\u00b7la situada al C\/ Cardenal Cisneros, n\u00fam. 1 esq. Passeig de la Joventut, n\u00fam. 18 (Antic edifici de Correus), d'iniciativa municipal. <\/span> <span><a class=\"enlaces-link\" target='_blank'href=\"https:\/\/www.elche.es\/wp-content\/uploads\/2022\/07\/Consultas_AAPP.pdf \">Veure enlla\u00e7<\/a><\/span>\r\n        <br>\r\n        <span class=\"enlaces-descripcion\">Aprovat per la Junta de Govern Local, constitu\u00efda com a \u00d2RGAN AMBIENTAL TERRITORIAL MUNICIPAL, el 08.07.2022.<\/span>\r\n        <\/p>\r\n        <hr class=\"enlaces-separador\">\r\n        \r\n        <p>\r\n        <span class=\"enlaces-titulo\"> 2022.07.12 - Informe sobre la incoaci\u00f3 de l'expedient per a la Declaraci\u00f3 B.I.C. del Convent de la Merc\u00e8 - Clarisses. <\/span> <span><a class=\"enlaces-link\" target='_blank'href=\"https:\/\/www.elche.es\/wp-content\/uploads\/2022\/07\/Informe_ALEBUS_web.pdf \">Veure enlla\u00e7<\/a><\/span>\r\n        <br>\r\n        <span class=\"enlaces-descripcion\"><\/span>\r\n        <\/p>\r\n        <hr class=\"enlaces-separador\">\r\n        \r\n        <p>\r\n        <span class=\"enlaces-titulo\"> 2022.06.30 - Informaci\u00f3 p\u00fablica de la Modificaci\u00f3 Puntual n\u00fam. 36 de l'ordenaci\u00f3 estructural del Pla General: canvi de qualificaci\u00f3 de les parcel\u00b7les de l'Escorxador (36.1), del Mercat Central (36.2) i del Mercat Provisional (36.3). <\/span> <span><a class=\"enlaces-link\" target='_blank'href=\"https:\/\/www.elche.es\/wp-content\/uploads\/2022\/06\/Edicto-IP-unico.pdf \">Veure enlla\u00e7<\/a><\/span>\r\n        <br>\r\n        <span class=\"enlaces-descripcion\">Aprovat per l'Excm. Ajuntament Ple, en sessi\u00f3 ordin\u00e0ria celebrada el dia 27.06.2022.<\/span>\r\n        <\/p>\r\n        <hr class=\"enlaces-separador\">\r\n        \r\n        <p>\r\n        <span class=\"enlaces-titulo\"> 2022.06.09 - TR\u00c0MIT DE CONSULTES: Document d'Inici de la modificaci\u00f3 puntual n\u00fam. 41 detallada del Pla General d'Elx per al reajustament de l'\u00fas de dues parcel\u00b7les en el Sector E-5, d'iniciativa municipal. <\/span> <span><a class=\"enlaces-link\" target='_blank'href=\"https:\/\/www.elche.es\/wp-content\/uploads\/2022\/06\/Consultas_AAPP_e_interesados-1.pdf \">Veure enlla\u00e7<\/a><\/span>\r\n        <br>\r\n        <span class=\"enlaces-descripcion\">Aprovat per la Junta de Govern Local, constitu\u00efda com a \u00d2RGAN AMBIENTAL TERRITORIAL MUNICIPAL, el 03.06.2022.<\/span>\r\n        <\/p>\r\n        <hr class=\"enlaces-separador\">\r\n        \r\n        <p>\r\n        <span class=\"enlaces-titulo\"> 2022.05.17 - Proposta de Resoluci\u00f3 provisional de les SOL\u00b7LICITUDS DENEGADES I DESISTIDES de les Ajudes en R\u00e8gim de Concurr\u00e8ncia Competitiva, destinades a ACTUACIONS DE CONSERVACI\u00d3 D'EDIFICIS D'HABITATGES I MILLORA DE LA SEGURETAT D'UTILITZACI\u00d3 I L'ACCESSIBILITAT per a l'exercici 2021 convocades per l'Ajuntament d'Elx.<\/p>\n<p>Termini d'al\u00b7legacions: 10 dies h\u00e0bils des de la data de publicaci\u00f3. <\/span> <span><a class=\"enlaces-link\" target='_blank'href=\"https:\/\/www.elche.es\/wp-content\/uploads\/2022\/05\/03.2.-ANUNCIO-lista-provisional-denegadas-y-desistidas.pdf \">Veure enlla\u00e7<\/a><\/span>\r\n        <br>\r\n        <span class=\"enlaces-descripcion\"><\/span>\r\n        <\/p>\r\n        <hr class=\"enlaces-separador\">\r\n        \r\n        <p>\r\n        <span class=\"enlaces-titulo\"> 2022.05.17 - Proposta de Resoluci\u00f3 provisional de les SOL\u00b7LICITUDS APROVADES de les Ajudes en R\u00e8gim de Concurr\u00e8ncia Competitiva, destinades a ACTUACIONS DE CONSERVACI\u00d3 D'EDIFICIS D'HABITATGES I MILLORA DE LA SEGURETAT D'UTILITZACI\u00d3 I L'ACCESSIBILITAT per a l'exercici 2021 convocades per l'Ajuntament d'Elx.<\/p>\n<p>Termini d'al\u00b7legacions: 10 dies h\u00e0bils des de la data de publicaci\u00f3. <\/span> <span><a class=\"enlaces-link\" target='_blank'href=\"https:\/\/www.elche.es\/wp-content\/uploads\/2022\/05\/03.1-ANUNCIO-lista-provisional-concedidas.pdf \">Veure enlla\u00e7<\/a><\/span>\r\n        <br>\r\n        <span class=\"enlaces-descripcion\"><\/span>\r\n        <\/p>\r\n        <hr class=\"enlaces-separador\">\r\n        \r\n        <p>\r\n        <span class=\"enlaces-titulo\"> 2022.03.28 - TR\u00c0MIT DE CONSULTES: Document d'Inici de la Modificaci\u00f3 Puntual de l'Ordenaci\u00f3 del Pla General en s\u00f2ls confrontants a la Circumval\u00b7laci\u00f3 EL-20: SECTOR E-28 <\/span> <span><a class=\"enlaces-link\" target='_blank'href=\"https:\/\/www.elche.es\/wp-content\/uploads\/2022\/03\/02.1-Consultas-E-28.pdf \">Veure enlla\u00e7<\/a><\/span>\r\n        <br>\r\n        <span class=\"enlaces-descripcion\">Aprovat per la Junta de Govern Local, constitu\u00efda com a \u00d2RGAN AMBIENTAL TERRITORIAL MUNICIPAL, el 25.03.2022<\/span>\r\n        <\/p>\r\n        <hr class=\"enlaces-separador\">\r\n        \r\n        <p>\r\n        <span class=\"enlaces-titulo\"> 2022.03.28 - TR\u00c0MIT DE CONSULTES: Document d'Inici de la Modificaci\u00f3 Puntual de l'Ordenaci\u00f3 del Pla General en s\u00f2ls confrontants a la Circumval\u00b7laci\u00f3 EL-20: SECTOR E-37 <\/span> <span><a class=\"enlaces-link\" target='_blank'href=\"https:\/\/www.elche.es\/wp-content\/uploads\/2022\/03\/02.1-Consultas-E-37.pdf \">Veure enlla\u00e7<\/a><\/span>\r\n        <br>\r\n        <span class=\"enlaces-descripcion\">Aprovat per la Junta de Govern Local, constitu\u00efda com a \u00d2RGAN AMBIENTAL TERRITORIAL MUNICIPAL, el 25.03.2022<\/span>\r\n        <\/p>\r\n        <hr class=\"enlaces-separador\">\r\n        \r\n        <p>\r\n        <span class=\"enlaces-titulo\"> 2022.03.28 - TR\u00c0MIT DE CONSULTES: Document d'Inici de la Modificaci\u00f3 Puntual de l'Ordenaci\u00f3 del Pla General en s\u00f2ls confrontants a la Circumval\u00b7laci\u00f3 EL-20: SECTORS E-9 i E-38 <\/span> <span><a class=\"enlaces-link\" target='_blank'href=\"https:\/\/www.elche.es\/wp-content\/uploads\/2022\/03\/02.1-Consultas-E-9-y-E-38.pdf \">Veure enlla\u00e7<\/a><\/span>\r\n        <br>\r\n        <span class=\"enlaces-descripcion\">Aprovat per la Junta de Govern Local, constitu\u00efda com a \u00d2RGAN AMBIENTAL TERRITORIAL MUNICIPAL, el 25.03.2022<\/span>\r\n        <\/p>\r\n        <hr class=\"enlaces-separador\">\r\n        \r\n        <p>\r\n        <span class=\"enlaces-titulo\"> 2022.03.28 - TR\u00c0MIT DE CONSULTES: Document d'Inici de la Modificaci\u00f3 Puntual de l'Ordenaci\u00f3 del Pla General en s\u00f2ls confrontants a la Circumval\u00b7laci\u00f3 EL-20: SECTOR E-27 <\/span> <span><a class=\"enlaces-link\" target='_blank'href=\"https:\/\/www.elche.es\/wp-content\/uploads\/2022\/03\/02.1-Consultas-E-27.pdf \">Veure enlla\u00e7<\/a><\/span>\r\n        <br>\r\n        <span class=\"enlaces-descripcion\">Aprovat per la Junta de Govern Local, constitu\u00efda com a \u00d2RGAN AMBIENTAL TERRITORIAL MUNICIPAL, el 25.03.2022<\/span>\r\n        <\/p>\r\n        <hr class=\"enlaces-separador\">\r\n        \r\n        <p>\r\n        <span class=\"enlaces-titulo\"> 2022.03.28 - TR\u00c0MIT DE CONSULTES: Document d'Inici de la Modificaci\u00f3 Puntual de l'Ordenaci\u00f3 del Pla General en s\u00f2ls confrontants a la Circumval\u00b7laci\u00f3 EL-20: \u00c0rea de Repartiment 115.1 <\/span> <span><a class=\"enlaces-link\" target='_blank'href=\"https:\/\/www.elche.es\/wp-content\/uploads\/2022\/03\/02.1-Consultas-AR-115.1.pdf \">Veure enlla\u00e7<\/a><\/span>\r\n        <br>\r\n        <span class=\"enlaces-descripcion\">Aprovat per la Junta de Govern Local, constitu\u00efda com a \u00d2RGAN AMBIENTAL TERRITORIAL MUNICIPAL, el 25.03.2022<\/span>\r\n        <\/p>\r\n        <hr class=\"enlaces-separador\">\r\n        \r\n        <p>\r\n        <span class=\"enlaces-titulo\"> 2022.03.15 - CONSULTES Document d'Inici de la Modificaci\u00f3 puntual de l'ordenaci\u00f3 detallada del Pla General relativa a la fitxa n\u00fam. 25 (Nous Regs El Progr\u00e9s) del Cat\u00e0leg del Pla Especial d'edificis i conjunts del terme municipal d'Elx, aix\u00ed com a l'article 45 de la Normativa del Pla General. <\/span> <span><a class=\"enlaces-link\" target='_blank'href=\"https:\/\/www.elche.es\/wp-content\/uploads\/2022\/03\/tablon-web-Consultas-DI-ficha-25-nuevos-riegos-el-progreso.pdf \">Veure enlla\u00e7<\/a><\/span>\r\n        <br>\r\n        <span class=\"enlaces-descripcion\">Aprovat per la Junta de Govern Local constitu\u00efda en \u00d2RGAN AMBIENTAL I TERRITORIAL MUNICIPAL, en sessi\u00f3 celebrada el dia 11.03.2022.<\/span>\r\n        <\/p>\r\n        <hr class=\"enlaces-separador\">\r\n        \r\n        <p>\r\n        <span class=\"enlaces-titulo\"> 2022.03.15 - CONSULTES Document d'Inici de l'Estudi de Detall de l'illa conformada pels carrers Empedrat, Corredora, Hospital i pla\u00e7a de la Constituci\u00f3 relativa al conjunt de Nous Regs El Progr\u00e9s dins de la zona homog\u00e8nia d'\u00c0rees de Repartiment uniparcel\u00b7l\u00e0ries n\u00fam. 39 del Pla General. <\/span> <span><a class=\"enlaces-link\" target='_blank'href=\"https:\/\/www.elche.es\/wp-content\/uploads\/2022\/03\/doc.consultas-para-el-tablon.pdf \">Veure enlla\u00e7<\/a><\/span>\r\n        <br>\r\n        <span class=\"enlaces-descripcion\">Aprovat per la Junta de Govern Local constitu\u00efda en \u00d2RGAN AMBIENTA I TERRITORIAL MUNICIPAL, en sessi\u00f3 celebrada el dia 11.03.2022.<\/span>\r\n        <\/p>\r\n        <hr class=\"enlaces-separador\">\r\n        \r\n        <p>\r\n        <span class=\"enlaces-titulo\"> 2021.11.10 - Llista provisional de persones sol\u00b7licitants admeses en el proc\u00e9s de comercialitzaci\u00f3 i d'adjudicaci\u00f3 d'habitatges i de places de garatge de l'Edifici 2 i de l'Edifici 3 del \u00abBarri Sant Antoni\u00bb. <\/span> <span><a class=\"enlaces-link\" target='_blank'href=\"https:\/\/www.elche.es\/wp-content\/uploads\/2021\/11\/Edicto-listado-provisional-personas-solicitantes.pdf \">Veure enlla\u00e7<\/a><\/span>\r\n        <br>\r\n        <span class=\"enlaces-descripcion\">Aprovat per la Junta de Govern Local, en sessi\u00f3 celebrada el 01.10.2021.<\/span>\r\n        <\/p>\r\n        <hr class=\"enlaces-separador\">\r\n        \r\n        <p>\r\n        <span class=\"enlaces-titulo\"> Sol\u00b7licitud d'ajudes per a conservaci\u00f3 i\/o millora d'edificis 2021. Enlla\u00e7 al tr\u00e0mit i documentaci\u00f3 en seu electr\u00f3nica <\/span> <span><a class=\"enlaces-link\" target='_blank'href=\"https:\/\/sede.elche.es\/sta\/CarpetaPublic\/doEvent?APP_CODE=STA&amp;PAGE_CODE=CATALOGO&amp;DETALLE=6269000001673289407922 \">Veure enlla\u00e7<\/a><\/span>\r\n        <br>\r\n        <span class=\"enlaces-descripcion\"><\/span>\r\n        <\/p>\r\n        <hr class=\"enlaces-separador\">\r\n        \r\n        <p>\r\n        <span class=\"enlaces-titulo\"> 2020.07.16 - PLA MUNICIPAL D'INFRAESTRUCTURES ESTRAT\u00c8GIQUES PER A la COMPETITIVITAT I LA SOSTENIBILITAT. <\/span> <span><a class=\"enlaces-link\" target='_blank'href=\"https:\/\/www.elche.es\/wp-content\/uploads\/2020\/07\/20200626PLANDEINFRAESTRUCTURASVERSIONPRELIMINAR.pdf \">Veure enlla\u00e7<\/a><\/span>\r\n        <br>\r\n        <span class=\"enlaces-descripcion\"><\/span>\r\n        <\/p>\r\n        <hr class=\"enlaces-separador\">\r\n        [\/vc_column_inner][\/vc_row_inner][\/vc_column][\/vc_row]<\/p>\n<\/div>","protected":false},"excerpt":{"rendered":"<p>[vc_row full_width=&#8221;stretch_row&#8221; css=&#8221;.vc_custom_1475488090109{background-color: #dddde0 !important;}&#8221;][vc_column][vc_column_text][\/vc_column_text][\/vc_column][\/vc_row][vc_row full_width=&#8221;stretch_row&#8221; css=&#8221;.vc_custom_1469624147007{padding-top: 140px !important;padding-bottom: 140px !important;background-image: url(https:\/\/www.elche.es\/wp-content\/uploads\/2016\/07\/palmeral.png?id=1044) !important;}&#8221;][vc_column][vc_row_inner css=&#8221;.vc_custom_1475142298750{padding-right: 30px !important;padding-bottom: 30px !important;padding-left: 30px !important;background-color: #ffffff !important;}&#8221;][vc_column_inner][vc_custom_heading text=&#8221;Tauler d&#8217;anuncis&#8221; font_container=&#8221;tag:h3|text_align:left&#8221; use_theme_fonts=&#8221;yes&#8221; el_class=&#8221;enlaces-titulo-cabecera&#8221;][\/vc_column_inner][\/vc_row_inner][\/vc_column][\/vc_row]<\/p>\n","protected":false},"author":1,"featured_media":0,"parent":6420,"menu_order":0,"comment_status":"closed","ping_status":"closed","template":"","meta":{"footnotes":""},"class_list":["post-6602","page","type-page","status-publish","hentry"],"_links":{"self":[{"href":"https:\/\/www.elche.es\/va\/wp-json\/wp\/v2\/pages\/6602","targetHints":{"allow":["GET"]}}],"collection":[{"href":"https:\/\/www.elche.es\/va\/wp-json\/wp\/v2\/pages"}],"about":[{"href":"https:\/\/www.elche.es\/va\/wp-json\/wp\/v2\/types\/page"}],"author":[{"embeddable":true,"href":"https:\/\/www.elche.es\/va\/wp-json\/wp\/v2\/users\/1"}],"replies":[{"embeddable":true,"href":"https:\/\/www.elche.es\/va\/wp-json\/wp\/v2\/comments?post=6602"}],"version-history":[{"count":0,"href":"https:\/\/www.elche.es\/va\/wp-json\/wp\/v2\/pages\/6602\/revisions"}],"up":[{"embeddable":true,"href":"https:\/\/www.elche.es\/va\/wp-json\/wp\/v2\/pages\/6420"}],"wp:attachment":[{"href":"https:\/\/www.elche.es\/va\/wp-json\/wp\/v2\/media?parent=6602"}],"curies":[{"name":"wp","href":"https:\/\/api.w.org\/{rel}","templated":true}]}}