{"id":67556,"date":"2018-08-07T11:20:26","date_gmt":"2018-08-07T10:20:26","guid":{"rendered":"http:\/\/www.elche.es\/va\/?page_id=67556"},"modified":"2022-05-19T09:35:14","modified_gmt":"2022-05-19T08:35:14","slug":"consultes-preliminars","status":"publish","type":"page","link":"https:\/\/www.elche.es\/va\/perfil-del-contractant-de-lajuntament-delx\/consultes-preliminars\/","title":{"rendered":"Consultes preliminars"},"content":{"rendered":"<div class=\"wpb-content-wrapper\"><p>[vc_row full_width=&#8221;stretch_row&#8221; css=&#8221;.vc_custom_1475488224066{background-color: #dddde0 !important;}&#8221;][vc_column][vc_column_text]<nav aria-label=\"breadcrumbs\">\n            <div class=\"breadcrumb-container theme1\">\n                <ol>\n                                    <\/ol>\n            <\/div>\n        <\/nav>    <script type=\"application\/ld+json\">\n        {\n            \"@context\": \"http:\/\/schema.org\",\n            \"@type\": \"BreadcrumbList\",\n            \"itemListElement\": [\n                            ]\n        }\n    <\/script>\n    <style type=\"text\/css\">\n        .breadcrumb-container {\n            font-size: 13px;\n        }\n\n        .breadcrumb-container ul {\n            margin: 0;\n            padding: 0;\n        }\n\n        .breadcrumb-container li {\n            box-sizing: unset;\n            display: inline-block;\n            margin: 0;\n            padding: 0;\n        }\n\n        .breadcrumb-container li a {\n            box-sizing: unset;\n            padding: 0 10px;\n        }\n\n        .breadcrumb-container {\n            font-size: 3 !important;\n                    }\n\n        .breadcrumb-container li a {\n            color: #0a0a0a !important;\n            font-size: 3 !important;\n            line-height: 3 !important;\n                    }\n\n        .breadcrumb-container li .separator {\n            font-size: 3 !important;\n                    }\n\n        .breadcrumb-container li:last-child .separator {\n            display: none;\n        }\n    <\/style>\n    <style type=\"text\/css\">\n        .breadcrumb-container.theme1 li {\n            margin: 0;\n            padding: 0;\n        }\n        .breadcrumb-container.theme1 a {\n            background: ;\n            display: inline-block;\n            margin: 0 5px;\n            padding: 5px 10px;\n            text-decoration: none;\n        }\n    <\/style>\n        <style type=\"text\/css\">\n            <\/style>\n    <script>\n            <\/script>\n[\/vc_column_text][vc_empty_space][\/vc_column][\/vc_row][vc_column width=&#8221;1&#8243;][\/vc_column]<h4 class=\"sc_title sc_title_regular margin_top_tiny margin_bottom_small\">Consultes\u00a0preliminars de mercat<\/h4><div class=\"sc_toggles\"><div class=\"sc_toggles_item odd first\"><h5 class=\"sc_toggles_title\"><span class=\"sc_toggles_icon sc_toggles_icon_closed icon-plus\"><\/span><span class=\"sc_toggles_icon sc_toggles_icon_opened icon-minus\"><\/span>2019. Maig. Consulta preliminar al mercat per a la contractaci\u00f3 del servei d'implantaci\u00f3, instal\u00b7laci\u00f3, configuraci\u00f3, posada en marxa i manteniment de solucions software per a l'\u00e0rea econ\u00f2mica i financera de l'Ajuntament d\u2019Elx. Tancada.<\/h5><div class=\"sc_toggles_content\">[vc_column_text]L&#8217;Ajuntament d&#8217;Elx obri el proc\u00e9s de consulta preliminar del mercat pr\u00e8via a la contractaci\u00f3 del servei d&#8217;implantaci\u00f3, instal\u00b7laci\u00f3, configuraci\u00f3, posada en marxa i manteniment de solucions software per a l&#8217;\u00e0rea econ\u00f2mica i financera de l&#8217;Ajuntament d\u2019Elx.<\/p>\n<p>Les propostes que realitzen els participants es faran per escrit emplenant el &#8220;formulari de consulta preliminar de mercat&#8221;, que ser\u00e0 firmat digitalment i remi\u00e9s al correu electr\u00f2nic <a href=\"mailto:consultapreliminar@elche.es\" target=\"_blank\" rel=\"noopener\">consultapreliminar@elche.es<\/a> indicant en assumpte \u201cconsultes preliminars solucions software \u00c0rea Econ\u00f2mica i Financera\u201d. A aquest formulari podr\u00e0 adjuntar-se la documentaci\u00f3 annexa aclarat\u00f2ria que es considere. Aquesta ser\u00e0 l&#8217;\u00fanica via per a presentar propostes.<\/p>\n<p><em>Documents d&#8217;inter\u00e9s sobre aquesta consulta:<\/em><\/p>\n<ul>\n<li><a href=\"https:\/\/www.elche.es\/wp-content\/uploads\/2019\/05\/Consulta-preliminar-programa-contabilidad.pdf\">Bases<\/a><\/li>\n<li><a href=\"https:\/\/www.elche.es\/wp-content\/uploads\/2019\/05\/Formulario-consulta-preliminar.docx\" target=\"_blank\" rel=\"noopener\">Formulari de consulta preliminar de mercat&gt;<\/a><\/li>\n<\/ul>\n<p>[\/vc_column_text]<\/div><\/div><div class=\"sc_toggles_item even\"><h5 class=\"sc_toggles_title\"><span class=\"sc_toggles_icon sc_toggles_icon_closed icon-plus\"><\/span><span class=\"sc_toggles_icon sc_toggles_icon_opened icon-minus\"><\/span>2018. Agost. Consulta preliminar de mercat nou contracte creaci\u00f3 del servei p\u00fablic municipal de transport de viatgers per a la connexi\u00f3 del nucli urb\u00e0 amb les pedanies del terme municipal d'Elx. Tancada.<\/h5><div class=\"sc_toggles_content\">[vc_column_text]L&#8217;Ajuntament d&#8217;Elx obri el proc\u00e9s de consulta preliminar del mercat pr\u00e8via a l&#8217;aprovaci\u00f3 de l&#8217;expedient de contractaci\u00f3 de la creaci\u00f3 del servei p\u00fablic municipal de transport de viatgers per a la connexi\u00f3 del nucli urb\u00e0 amb les pedanies del terme municipal d&#8217;Elx.<\/p>\n<p>Les propostes que realitzen els participants es faran per escrit, remetent-les al correu electr\u00f2nic <a href=\"mailto:movilidadurbana@ayto-elche.es\">movilidadurbana@elx.es<\/a> indicant en assumpte \u201cTransport a pedanies\u201d i\u00a0 el nom del participant. En aquest correu indicaran expressament la seua decisi\u00f3 de participar en aquesta consulta preliminar. Les propostes concretes podran ser adjuntades en annexos. Aquesta ser\u00e0 l&#8217;\u00fanica via per a presentar propostes.<\/p>\n<p><em>Documents d&#8217;inter\u00e9s sobre aquesta consulta:<\/em><\/p>\n<ul>\n<li><a href=\"https:\/\/www.elche.es\/wp-content\/uploads\/2018\/08\/PROPUESTA-CONSULTA-PRELIMINAR-DE-MERCADO-EMPRESAS-CTPP.pdf\" target=\"_blank\" rel=\"noopener\">Proposta de consulta preliminar de mercat&gt;<\/a><\/li>\n<li><a href=\"https:\/\/drive.google.com\/file\/d\/1FBoTZvpYl-fNWa0yVBFvka23_QGP2z_O\/view?usp=sharing\" target=\"_blank\" rel=\"noopener\">Projecte de servei p\u00fablic&gt;<\/a><\/li>\n<\/ul>\n<p>[\/vc_column_text]<\/div><\/div><div class=\"sc_toggles_item odd\"><h5 class=\"sc_toggles_title\"><span class=\"sc_toggles_icon sc_toggles_icon_closed icon-plus\"><\/span><span class=\"sc_toggles_icon sc_toggles_icon_opened icon-minus\"><\/span>2018. Agost. Consulta preliminar de mercat nou contracte de neteja. Tancada<\/h5><div class=\"sc_toggles_content\">[vc_column_text]Termini ampliat fins al 15 de setembre.<\/p>\n<p>L&#8217;Ajuntament d&#8217;Elx obri el proc\u00e9s de consulta\u00a0preliminar del mercat previ\u00a0a l&#8217;aprovaci\u00f3 de l&#8217;expedient de contractaci\u00f3 del servei de neteja viari i recollida de residus a Elx. Per a participar en el proc\u00e9s pots enviar un correu electr\u00f2nic a consultapreliminar@elx.es.<\/p>\n<p><em>Documents d&#8217;inter\u00e9s sobre aquesta consulta:<\/em><\/p>\n<ul>\n<li><a href=\"https:\/\/www.elche.es\/wp-content\/uploads\/2018\/08\/01.Bases-consulta-preliminar.pdf\" target=\"_blank\" rel=\"noopener\">Bases consulta preliminar\u00a0&gt;<\/a><\/li>\n<li><a href=\"https:\/\/www.elche.es\/wp-content\/uploads\/2018\/08\/02.-PLIEGO-LIMPIEZA-y-RECOGIDA-25-07-2018-borrador.pdf\" target=\"_blank\" rel=\"noopener\">Esborrany plec t\u00e8cnic neteja i recollida&gt;<\/a><\/li>\n<li><a href=\"https:\/\/www.elche.es\/wp-content\/uploads\/2018\/08\/03.BORRADOR-PLIEGO-ADMINISTRATIVO.pdf\" target=\"_blank\" rel=\"noopener\">Esborrany plec administratiu\u00a0&gt;<\/a><\/li>\n<li><a href=\"https:\/\/drive.google.com\/file\/d\/1XF1DYBVsC7CsiDzuuEq1bQw0pBlHtbD8\/view?usp=sharing\">Situaci\u00f3 contenidors selectiva&gt;<\/a><\/li>\n<li><a href=\"https:\/\/goo.gl\/LRkVye\">Situaci\u00f3 contenidors RSU-RSI&gt;<\/a><\/li>\n<li><a href=\"https:\/\/www.elche.es\/wp-content\/uploads\/2018\/08\/Convenio-URBASER-2017.pdf\">Conveni URBASER 2017\u00a0&gt;<\/a><\/li>\n<li><a href=\"https:\/\/www.elche.es\/wp-content\/uploads\/2018\/08\/LIMPIEZA-DEPORTES.pdf\">Neteja Esports&gt;<\/a><\/li>\n<li><a href=\"https:\/\/www.elche.es\/wp-content\/uploads\/2018\/08\/LIMPIEZA-Listado-Fiestas.pdf\">Neteja llistat Festes&gt;<\/a><\/li>\n<li><a href=\"https:\/\/www.elche.es\/wp-content\/uploads\/2018\/08\/LISTADO-PERSONAL-A-SUBROGAR-ELCHE.pdf\" target=\"_blank\" rel=\"noopener\">Relaci\u00f3 de personal subrogable &gt;<\/a><\/li>\n<li><a href=\"https:\/\/www.elche.es\/wp-content\/uploads\/2018\/08\/Resumen-de-datos-de-recogida-2012-2017.pdf\">Resum de dades de recollida 2012 2017&gt;<\/a><\/li>\n<li><a href=\"https:\/\/www.elche.es\/wp-content\/uploads\/2018\/08\/situacion-paleleras.pdf\" target=\"_blank\" rel=\"noopener\">Situaci\u00f3 papereres&gt;<\/a><\/li>\n<\/ul>\n<p>[\/vc_column_text]<\/div><\/div><\/div>[vc_row][vc_column][\/vc_column][\/vc_row][vc_row][vc_column][\/vc_column][\/vc_row]<\/p>\n<\/div>","protected":false},"excerpt":{"rendered":"<p>[vc_row full_width=&#8221;stretch_row&#8221; css=&#8221;.vc_custom_1475488224066{background-color: #dddde0 !important;}&#8221;][vc_column][vc_column_text][\/vc_column_text][vc_empty_space][\/vc_column][\/vc_row][vc_column width=&#8221;1&#8243;][\/vc_column][vc_row][vc_column][\/vc_column][\/vc_row][vc_row][vc_column][\/vc_column][\/vc_row]<\/p>\n","protected":false},"author":15,"featured_media":0,"parent":6921,"menu_order":0,"comment_status":"closed","ping_status":"closed","template":"","meta":{"footnotes":""},"class_list":["post-67556","page","type-page","status-publish","hentry"],"_links":{"self":[{"href":"https:\/\/www.elche.es\/va\/wp-json\/wp\/v2\/pages\/67556","targetHints":{"allow":["GET"]}}],"collection":[{"href":"https:\/\/www.elche.es\/va\/wp-json\/wp\/v2\/pages"}],"about":[{"href":"https:\/\/www.elche.es\/va\/wp-json\/wp\/v2\/types\/page"}],"author":[{"embeddable":true,"href":"https:\/\/www.elche.es\/va\/wp-json\/wp\/v2\/users\/15"}],"replies":[{"embeddable":true,"href":"https:\/\/www.elche.es\/va\/wp-json\/wp\/v2\/comments?post=67556"}],"version-history":[{"count":0,"href":"https:\/\/www.elche.es\/va\/wp-json\/wp\/v2\/pages\/67556\/revisions"}],"up":[{"embeddable":true,"href":"https:\/\/www.elche.es\/va\/wp-json\/wp\/v2\/pages\/6921"}],"wp:attachment":[{"href":"https:\/\/www.elche.es\/va\/wp-json\/wp\/v2\/media?parent=67556"}],"curies":[{"name":"wp","href":"https:\/\/api.w.org\/{rel}","templated":true}]}}