{"id":68337,"date":"2018-04-06T07:02:57","date_gmt":"2018-04-06T06:02:57","guid":{"rendered":"http:\/\/www.elche.es\/va\/senderelx\/sendero-barrancos-del-grifo-y-san-anton\/acueducto-del-barranco-del-grifo\/"},"modified":"2018-08-29T12:39:22","modified_gmt":"2018-08-29T11:39:22","slug":"acueducto-del-barranco-del-grifo","status":"publish","type":"page","link":"https:\/\/www.elche.es\/va\/senderelx\/sendero-barrancos-del-grifo-y-san-anton\/acueducto-del-barranco-del-grifo\/","title":{"rendered":"Aq\u00fceducte del barranc del Grifo"},"content":{"rendered":"<div class=\"wpb-content-wrapper\"><p>[vc_row][vc_column][vc_custom_heading text=&#8221;Aq\u00fceducte del barranc del Grifo&#8221; font_container=&#8221;tag:h3|text_align:center&#8221; google_fonts=&#8221;font_family:Ubuntu%3A300%2C300italic%2Cregular%2Citalic%2C500%2C500italic%2C700%2C700italic|font_style:400%20regular%3A400%3Anormal&#8221;][vc_empty_space][\/vc_column][\/vc_row][vc_row][vc_column width=&#8221;1\/2&#8243;][vc_empty_space][vc_single_image image=&#8221;56803&#8243; img_size=&#8221;full&#8221; alignment=&#8221;center&#8221;][\/vc_column][vc_column width=&#8221;1\/2&#8243;][vc_empty_space][vc_column_text]<\/p>\n<p style=\"text-align: justify\">Aq\u00fceducte d&#8217;uns 25 m de longitud del branc de Carrell Fora de la S\u00e9quia Major del Pant\u00e0 sobre el barranc del Grifo. Consta de cinc arcs de mig punt rebaixats, tres d&#8217;ells pr\u00e0cticament encegats, que reposen en estreps amb tallamars. Tot el conjunt est\u00e0 realitzat en mamposteria ordin\u00e0ria amb morter de cal\u00e7 i amb arrebossat posterior de to vermell\u00f3s encara apreciable. El caixer original ha sigut substitu\u00eft per canonada de formig\u00f3. No s&#8217;ha pogut fixar la seua \u00e8poca de construcci\u00f3, encara que no es troben refer\u00e8ncies d&#8217;aquest aq\u00fceducte en les descripcions que, sobre la S\u00e9quia Major, ens han arribat de l&#8217;Edat Mitjana, per la qual cosa segurament podria tractar-se d&#8217;una obra posterior, potser de principis o mitjans de l&#8217;Edat Moderna, entre els segles XV-XVII.<\/p>\n<p>[\/vc_column_text][\/vc_column][\/vc_row][vc_row][vc_column][vc_empty_space][vc_single_image image=&#8221;55095&#8243; img_size=&#8221;medium&#8221; alignment=&#8221;center&#8221;][vc_empty_space][\/vc_column][\/vc_row]<\/p>\n<\/div>","protected":false},"excerpt":{"rendered":"<p>[vc_row][vc_column][vc_custom_heading text=&#8221;Aq\u00fceducte del barranc del Grifo&#8221; font_container=&#8221;tag:h3|text_align:center&#8221; google_fonts=&#8221;font_family:Ubuntu%3A300%2C300italic%2Cregular%2Citalic%2C500%2C500italic%2C700%2C700italic|font_style:400%20regular%3A400%3Anormal&#8221;][vc_empty_space][\/vc_column][\/vc_row][vc_row][vc_column width=&#8221;1\/2&#8243;][vc_empty_space][vc_single_image image=&#8221;56803&#8243; img_size=&#8221;full&#8221; alignment=&#8221;center&#8221;][\/vc_column][vc_column width=&#8221;1\/2&#8243;][vc_empty_space][vc_column_text] Aq\u00fceducte d&#8217;uns 25 m de longitud del branc de Carrell Fora de la S\u00e9quia Major del Pant\u00e0 [&hellip;]<\/p>\n","protected":false},"author":26,"featured_media":0,"parent":68305,"menu_order":0,"comment_status":"closed","ping_status":"closed","template":"","meta":{"footnotes":""},"class_list":["post-68337","page","type-page","status-publish","hentry"],"_links":{"self":[{"href":"https:\/\/www.elche.es\/va\/wp-json\/wp\/v2\/pages\/68337","targetHints":{"allow":["GET"]}}],"collection":[{"href":"https:\/\/www.elche.es\/va\/wp-json\/wp\/v2\/pages"}],"about":[{"href":"https:\/\/www.elche.es\/va\/wp-json\/wp\/v2\/types\/page"}],"author":[{"embeddable":true,"href":"https:\/\/www.elche.es\/va\/wp-json\/wp\/v2\/users\/26"}],"replies":[{"embeddable":true,"href":"https:\/\/www.elche.es\/va\/wp-json\/wp\/v2\/comments?post=68337"}],"version-history":[{"count":0,"href":"https:\/\/www.elche.es\/va\/wp-json\/wp\/v2\/pages\/68337\/revisions"}],"up":[{"embeddable":true,"href":"https:\/\/www.elche.es\/va\/wp-json\/wp\/v2\/pages\/68305"}],"wp:attachment":[{"href":"https:\/\/www.elche.es\/va\/wp-json\/wp\/v2\/media?parent=68337"}],"curies":[{"name":"wp","href":"https:\/\/api.w.org\/{rel}","templated":true}]}}