{"id":6921,"date":"2016-10-27T12:08:21","date_gmt":"2016-10-27T12:08:21","guid":{"rendered":"http:\/\/www.elche.es\/va\/perfil-del-contratante-del-ajuntament-delx\/"},"modified":"2022-11-10T13:29:19","modified_gmt":"2022-11-10T12:29:19","slug":"perfil-del-contractant-de-lajuntament-delx","status":"publish","type":"page","link":"https:\/\/www.elche.es\/va\/perfil-del-contractant-de-lajuntament-delx\/","title":{"rendered":"Perfil de contractant de l&#8217;Ajuntament d&#8217;Elx"},"content":{"rendered":"<div class=\"wpb-content-wrapper\"><p>[vc_row full_width=&#8221;stretch_row&#8221; css=&#8221;.vc_custom_1620721637997{background-image: url(https:\/\/www.elche.es\/wp-content\/uploads\/2016\/10\/baner-perfil-contratante.jpg?id=9773) !important;background-position: center !important;background-repeat: no-repeat !important;background-size: cover !important;}&#8221; el_id=&#8221;bloque_titulo&#8221; el_class=&#8221;slidersecciones&#8221;][vc_column][vc_custom_heading text=&#8221;PERFIL DE CONTRACTANT DE L&#8217;AJUNTAMENT D&#8217;ELX&#8221; font_container=&#8221;tag:h2|text_align:center|color:%23ffffff&#8221; google_fonts=&#8221;font_family:Ubuntu%3A300%2C300italic%2Cregular%2Citalic%2C500%2C500italic%2C700%2C700italic|font_style:700%20bold%20regular%3A700%3Anormal&#8221; el_class=&#8221;sombraTitulo cabeceramovil&#8221;][\/vc_column][\/vc_row][vc_row full_width=&#8221;stretch_row_content_no_spaces&#8221; css=&#8221;.vc_custom_1475765564344{margin-top: -130px !important;padding-top: 30px !important;padding-right: 30px !important;padding-bottom: 30px !important;padding-left: 30px !important;background-color: rgba(0,169,151,0.8) !important;*background-color: rgb(0,169,151) !important;}&#8221; el_id=&#8221;bloque_menu_enlaces&#8221;][vc_column]<div id=\"sc_section_1208010925\" class=\"sc_section margin_right_large margin_left_large aligncenter\"><div class=\"sc_section_inner\"><div id=\"sc_section_1208010925_scroll\" class=\"sc_scroll sc_scroll_horizontal swiper-slider-container scroll-container\" style=\"\"><div class=\"sc_scroll_wrapper swiper-wrapper\"><div class=\"sc_scroll_slide swiper-slide\">\r\n        \r\n        <a class=\"menuVC\"  href=\"https:\/\/www.elche.es\/va\/perfil-del-contractant-de-lajuntament-delx\/expedients-en-licitacio\/\"> <span> Expedients en licitaci\u00f3 <\/span><\/a>\r\n        \r\n        <a class=\"menuVC\"  href=\"https:\/\/www.elche.es\/va\/perfil-del-contractant-de-lajuntament-delx\/mesa-de-contractacio\/\"> <span> Mesa de contractaci\u00f3 <\/span><\/a>\r\n        \r\n        <a class=\"menuVC\"  href=\"https:\/\/www.elche.es\/va\/perfil-del-contractant-de-lajuntament-delx\/consultes-preliminars\/\"> <span> Consultes preliminars de mercat <\/span><\/a><\/div><\/div><div id=\"sc_section_1208010925_scroll_bar\" class=\"sc_scroll_bar sc_scroll_bar_horizontal sc_section_1208010925_scroll_bar\"><\/div><\/div><\/div><\/div>[\/vc_column][\/vc_row][vc_row full_width=&#8221;stretch_row&#8221; css=&#8221;.vc_custom_1475488224066{background-color: #dddde0 !important;}&#8221;][vc_column][vc_column_text]<nav aria-label=\"breadcrumbs\">\n            <div class=\"breadcrumb-container theme1\">\n                <ol>\n                                    <\/ol>\n            <\/div>\n        <\/nav>    <script type=\"application\/ld+json\">\n        {\n            \"@context\": \"http:\/\/schema.org\",\n            \"@type\": \"BreadcrumbList\",\n            \"itemListElement\": [\n                            ]\n        }\n    <\/script>\n    <style type=\"text\/css\">\n        .breadcrumb-container {\n            font-size: 13px;\n        }\n\n        .breadcrumb-container ul {\n            margin: 0;\n            padding: 0;\n        }\n\n        .breadcrumb-container li {\n            box-sizing: unset;\n            display: inline-block;\n            margin: 0;\n            padding: 0;\n        }\n\n        .breadcrumb-container li a {\n            box-sizing: unset;\n            padding: 0 10px;\n        }\n\n        .breadcrumb-container {\n            font-size: 3 !important;\n                    }\n\n        .breadcrumb-container li a {\n            color: #0a0a0a !important;\n            font-size: 3 !important;\n            line-height: 3 !important;\n                    }\n\n        .breadcrumb-container li .separator {\n            font-size: 3 !important;\n                    }\n\n        .breadcrumb-container li:last-child .separator {\n            display: none;\n        }\n    <\/style>\n    <style type=\"text\/css\">\n        .breadcrumb-container.theme1 li {\n            margin: 0;\n            padding: 0;\n        }\n        .breadcrumb-container.theme1 a {\n            background: ;\n            display: inline-block;\n            margin: 0 5px;\n            padding: 5px 10px;\n            text-decoration: none;\n        }\n    <\/style>\n        <style type=\"text\/css\">\n            <\/style>\n    <script>\n            <\/script>\n[\/vc_column_text][\/vc_column][\/vc_row][vc_row full_width=&#8221;stretch_row&#8221; css=&#8221;.vc_custom_1475764105820{background-color: #ffffff !important;}&#8221;][vc_column]<div class=\"sc_content content_wrap\"><div class=\"columns_wrap sc_columns columns_nofluid sc_columns_count_2 history \"><div class=\"column-1_2 sc_column_item sc_column_item_1 odd first\"><h3 class=\"sc_title sc_title_regular margin_top_small\" style=\"margin-top: 4.05em;margin-bottom: 1.35em;\">CONTRACTACI\u00d3<\/h3>[vc_column_text el_class=&#8221;short_text&#8221; css=&#8221;.vc_custom_1644320398251{padding-bottom: 30px !important;}&#8221;]Des de l&#8217;1 de gener de 2016, el perfil de contractant de l&#8217;Ajuntament d\u2019Elx canvia d&#8217;ubicaci\u00f3. Per a millorar la informaci\u00f3 publicada i garantir l&#8217;acc\u00e9s a tota l&#8217;activitat contractual de l&#8217;Ajuntament d\u2019Elx, hem publicat el nostre Perfil de Contractant en la Plataforma de Contractaci\u00f3 del Sector P\u00fablic del Ministeri d&#8217;Hisenda i Administracions P\u00fabliques.[\/vc_column_text]<div id='modulo_datos_contacto'> <p class='titulo_datos_contacto'>Dades de contacte <\/p> <hr><p class=\"contactoArea\"> <i class=\"fa fa-map-marker\" aria-hidden=\"true\"><\/i>C\/ La Fira, 2, 3r, 03202<\/p><p class=\"contactoArea\"><i class=\"fa fa-phone\" aria-hidden=\"true\"><\/i>966 658 022<\/p><p class=\"contactoArea\"><i class=\"fa fa-fax\" aria-hidden=\"true\"><\/i>966 658 133<\/p><p class=\"contactoArea\"><i class=\"fa fa-envelope\" aria-hidden=\"true\"><\/i><a href=\"mailto:contratacion@elx.es\"> contratacion@elx.es<\/a><\/p><div id='contacto-rrss'><\/div><\/div><\/div><div class=\"column-1_2 sc_column_item sc_column_item_2 even\">[sbs_wpb_openstreetmap map_style=&#8221;openstreetmap_de&#8221; map_height=&#8221;100&#8243; ctrl_mouse_zoom=&#8221;true&#8221; latitude=&#8221;38.266925&#8243; longitude=&#8221;-0.698620&#8243;][sbs_wpb_marker marker_source=&#8221;coordinates&#8221; marker_color=&#8221;red&#8221; marker_latitude=&#8221;38.266925&#8243; marker_longitude=&#8221;-0.698620&#8243;][\/sbs_wpb_marker][\/sbs_wpb_openstreetmap]<\/div><\/div><\/div>[\/vc_column][\/vc_row][vc_row css=&#8221;.vc_custom_1475488264405{padding-bottom: 40px !important;}&#8221; el_id=&#8221;bloque_basica&#8221;][vc_column][vc_empty_space height=&#8221;20px&#8221;][vc_column_text]<\/p>\n<h5>ENLLA\u00c7OS A LA PLATAFORMA DE CONTRACTACI\u00d3 DEL SECTOR P\u00daBLIC<\/h5>\n<p>Seleccione l&#8217;\u00f2rgan de contractaci\u00f3:[\/vc_column_text][vc_empty_space]\r\n        <p>\r\n        <span class=\"enlaces-titulo\"> Tinent alcalde de Contractaci\u00f3 <\/span> <span><a class=\"enlaces-link\" target='_blank'href=\"https:\/\/contrataciondelestado.es\/wps\/portal\/!ut\/p\/b1\/hc1NDoIwFATgs3AA8l4Riiyr8mcUQbTSbghRY0oEjRpFTi8at-jsJvkyAxKETixqU5MQBzKQdXFXh-KmTnVxBAFS2jnjbsJCZ4D-MnbRGC077S26isCrolGVavc7WEGGZp6Ww_N8m16Ssk2aqBXPyE4fZO4Q7iUuG9dP_XHV3j-S9u6iAZuOiI5gTxj-X5AfYg3GJp_ymKahjxgG3mS2Jhb6Bv2CHxdRcKr2UEmliwxLk2naC3Xy8As!\/dl4\/d5\/L0lDUmlTUSEhL3dHa0FKRnNBLzRKVXFDQSEhL2Nh\/ \">Veure enlla\u00e7<\/a><\/span>\r\n        <br>\r\n        <span class=\"enlaces-descripcion\">PROCEDIMENTS NEGOCIATS I CONTRACTES MENORS<\/span>\r\n        <\/p>\r\n        <hr class=\"enlaces-separador\">\r\n        \r\n        <p>\r\n        <span class=\"enlaces-titulo\"> Junta de Govern Local <\/span> <span><a class=\"enlaces-link\" target='_blank'href=\"https:\/\/contrataciondelestado.es\/wps\/portal\/!ut\/p\/b1\/hc7LDoIwEAXQb-EDzEx5FFlWBcQHimil3RCixJQIGGOM8vVW4xad3U1O7h2QIAbEoS61CfEgA9kUd3UqbqptijMIkNLNGfcTFnkWhpu1j-Zoo3Ww0hGB18VD1aorj7CFDO08rYaX5SG9JlWXPOJOPONFiLj0CA8Sn8XyOD-j8d6RtLcXTdhrIjTBnmP4v0F-iGONbT7ja5pG-pFoGkwWO-JgaNIv-DERT9u6hFqqgciwsplhvADrcP-7\/dl4\/d5\/L0lDUmlTUSEhL3dHa0FKRnNBLzRKVXFDQSEhL2Nh\/ \">Veure enlla\u00e7<\/a><\/span>\r\n        <br>\r\n        <span class=\"enlaces-descripcion\">RESTA DE CONTRACTES<\/span>\r\n        <\/p>\r\n        <hr class=\"enlaces-separador\">\r\n        [vc_empty_space][\/vc_column][\/vc_row][vc_row full_width=&#8221;stretch_row&#8221; css=&#8221;.vc_custom_1507278773537{padding-top: 50px !important;padding-bottom: 40px !important;background-image: url(https:\/\/www.elche.es\/wp-content\/uploads\/2016\/07\/palmeral.png?id=1044) !important;}&#8221;][vc_column]<h3 class=\"sc_title sc_title_regular sc_align_center margin_top_tiny\" style=\"text-align:center;\"><span style=\"color: #ffffff;\">Enlla\u00e7os<\/span><\/h3><div id=\"sc_section_1670999709\" class=\"sc_section column-1_1\"><div class=\"sc_section_inner sc_scroll_controls sc_scroll_controls_horizontal sc_scroll_controls_type_side\"><div id=\"sc_section_1670999709_scroll\" class=\"sc_scroll sc_scroll_horizontal swiper-slider-container scroll-container\" style=\"\"><div class=\"sc_scroll_wrapper swiper-wrapper\"><div class=\"sc_scroll_slide swiper-slide\"><div class=\"columns_wrap sc_columns columns_nofluid sc_columns_count_1\"><div class=\"column-1_1 sc_column_item sc_column_item_1 odd first\">\r\n        <div id=\"enlacesInteresantes\">\r\n            <div class=\"post_item post_item_opportuniti post_item_opportuniti_3 post_format_standard odd\">\r\n               <div class=\"post_featured\">\r\n                  <div class=\"post_thumb\">\r\n                     <a class=\"hover_icon hover_icon_link\"  href=\"https:\/\/www.elche.es\/va\/perfil-del-contractant-de-lajuntament-delx\/actas-mesa-contratacion\/\"><img loading=\"lazy\" decoding=\"async\" class=\"wp-post-image\" width=\"740\" height=\"584\" src=\"https:\/\/www.elche.es\/wp-content\/uploads\/2016\/10\/avisos-contratacion.jpg\"><\/a> \r\n                  <\/div>\r\n               <\/div>\r\n               <div class=\"post_content isotope_item_content\">\r\n                  <h4 class=\"post_title\"><a  href=\"https:\/\/www.elche.es\/va\/perfil-del-contractant-de-lajuntament-delx\/actas-mesa-contratacion\/\">actes de la mesa de contractaci\u00f3<\/a><\/h4>\r\n                  <div class=\"post_descr\">\r\n                     <p> <a style=\"color: white;\" href=\"https:\/\/www.elche.es\/va\/perfil-del-contractant-de-lajuntament-delx\/actas-mesa-contratacion\/\">Mesa de contractaci\u00f3<\/a><\/p>\r\n                  <\/div>\r\n               <\/div>\r\n            <\/div>\r\n       <\/div><\/div><\/div><\/div><\/div><div id=\"sc_section_1670999709_scroll_bar\" class=\"sc_scroll_bar sc_scroll_bar_horizontal sc_section_1670999709_scroll_bar\"><\/div><\/div><div class=\"sc_scroll_controls_wrap\"><a class=\"sc_scroll_prev\" href=\"#\"><\/a><a class=\"sc_scroll_next\" href=\"#\"><\/a><\/div><\/div><\/div>[\/vc_column][\/vc_row]<\/p>\n<\/div>","protected":false},"excerpt":{"rendered":"<p>[vc_row full_width=&#8221;stretch_row&#8221; css=&#8221;.vc_custom_1620721637997{background-image: url(https:\/\/www.elche.es\/wp-content\/uploads\/2016\/10\/baner-perfil-contratante.jpg?id=9773) !important;background-position: center !important;background-repeat: no-repeat !important;background-size: cover !important;}&#8221; el_id=&#8221;bloque_titulo&#8221; el_class=&#8221;slidersecciones&#8221;][vc_column][vc_custom_heading text=&#8221;PERFIL DE CONTRACTANT DE L&#8217;AJUNTAMENT D&#8217;ELX&#8221; font_container=&#8221;tag:h2|text_align:center|color:%23ffffff&#8221; google_fonts=&#8221;font_family:Ubuntu%3A300%2C300italic%2Cregular%2Citalic%2C500%2C500italic%2C700%2C700italic|font_style:700%20bold%20regular%3A700%3Anormal&#8221; el_class=&#8221;sombraTitulo cabeceramovil&#8221;][\/vc_column][\/vc_row][vc_row full_width=&#8221;stretch_row_content_no_spaces&#8221; css=&#8221;.vc_custom_1475765564344{margin-top: -130px !important;padding-top: 30px !important;padding-right: 30px [&hellip;]<\/p>\n","protected":false},"author":131,"featured_media":0,"parent":0,"menu_order":0,"comment_status":"closed","ping_status":"closed","template":"","meta":{"footnotes":""},"class_list":["post-6921","page","type-page","status-publish","hentry"],"_links":{"self":[{"href":"https:\/\/www.elche.es\/va\/wp-json\/wp\/v2\/pages\/6921","targetHints":{"allow":["GET"]}}],"collection":[{"href":"https:\/\/www.elche.es\/va\/wp-json\/wp\/v2\/pages"}],"about":[{"href":"https:\/\/www.elche.es\/va\/wp-json\/wp\/v2\/types\/page"}],"author":[{"embeddable":true,"href":"https:\/\/www.elche.es\/va\/wp-json\/wp\/v2\/users\/131"}],"replies":[{"embeddable":true,"href":"https:\/\/www.elche.es\/va\/wp-json\/wp\/v2\/comments?post=6921"}],"version-history":[{"count":0,"href":"https:\/\/www.elche.es\/va\/wp-json\/wp\/v2\/pages\/6921\/revisions"}],"wp:attachment":[{"href":"https:\/\/www.elche.es\/va\/wp-json\/wp\/v2\/media?parent=6921"}],"curies":[{"name":"wp","href":"https:\/\/api.w.org\/{rel}","templated":true}]}}