{"id":6928,"date":"2016-10-28T07:24:40","date_gmt":"2016-10-28T07:24:40","guid":{"rendered":"http:\/\/www.elche.es\/va\/participacio-ciutadana\/pressupost-participatiu\/"},"modified":"2023-02-10T08:07:14","modified_gmt":"2023-02-10T07:07:14","slug":"pressupost-participatiu","status":"publish","type":"page","link":"https:\/\/www.elche.es\/va\/participacio-ciutadana\/pressupost-participatiu\/","title":{"rendered":"Pressupost participatiu"},"content":{"rendered":"<div class=\"wpb-content-wrapper\"><p>[vc_row full_width=&#8221;stretch_row_content_no_spaces&#8221; css=&#8221;.vc_custom_1663588492163{background-position: center !important;background-repeat: no-repeat !important;background-size: cover !important;}&#8221; el_class=&#8221;cuadrocabecerafoto&#8221;][vc_column][vc_single_image image=&#8221;232513&#8243; img_size=&#8221;full&#8221; alignment=&#8221;center&#8221; el_class=&#8221;cabecerasolofoto&#8221;][\/vc_column][\/vc_row][vc_row full_width=&#8221;stretch_row&#8221; css=&#8221;.vc_custom_1475484188729{background-color: #dddde0 !important;}&#8221;][vc_column][vc_column_text]<nav aria-label=\"breadcrumbs\">\n            <div class=\"breadcrumb-container theme1\">\n                <ol>\n                                    <\/ol>\n            <\/div>\n        <\/nav>    <script type=\"application\/ld+json\">\n        {\n            \"@context\": \"http:\/\/schema.org\",\n            \"@type\": \"BreadcrumbList\",\n            \"itemListElement\": [\n                            ]\n        }\n    <\/script>\n    <style type=\"text\/css\">\n        .breadcrumb-container {\n            font-size: 13px;\n        }\n\n        .breadcrumb-container ul {\n            margin: 0;\n            padding: 0;\n        }\n\n        .breadcrumb-container li {\n            box-sizing: unset;\n            display: inline-block;\n            margin: 0;\n            padding: 0;\n        }\n\n        .breadcrumb-container li a {\n            box-sizing: unset;\n            padding: 0 10px;\n        }\n\n        .breadcrumb-container {\n            font-size: 3 !important;\n                    }\n\n        .breadcrumb-container li a {\n            color: #0a0a0a !important;\n            font-size: 3 !important;\n            line-height: 3 !important;\n                    }\n\n        .breadcrumb-container li .separator {\n            font-size: 3 !important;\n                    }\n\n        .breadcrumb-container li:last-child .separator {\n            display: none;\n        }\n    <\/style>\n    <style type=\"text\/css\">\n        .breadcrumb-container.theme1 li {\n            margin: 0;\n            padding: 0;\n        }\n        .breadcrumb-container.theme1 a {\n            background: ;\n            display: inline-block;\n            margin: 0 5px;\n            padding: 5px 10px;\n            text-decoration: none;\n        }\n    <\/style>\n        <style type=\"text\/css\">\n            <\/style>\n    <script>\n            <\/script>\n[\/vc_column_text][\/vc_column][\/vc_row][vc_row full_width=&#8221;stretch_row&#8221; css=&#8221;.vc_custom_1475764105820{background-color: #ffffff !important;}&#8221;][vc_column]<div class=\"sc_content content_wrap\"><h3 class=\"sc_title sc_title_regular margin_top_small\" style=\"margin-top: 4.05em;margin-bottom: 1.35em;\">PRESSUPOST PARTICIPATIU<\/h3>[vc_column_text]<span lang=\"ca-ES-valencia\">El Pressupost Participatiu de l&#8217;Ajuntament d\u2019Elx \u00e9s una eina al servei de la ciutadania per a decidir a qu\u00e8 es destinen part dels seus impostos i fer d&#8217;Elx una ciutat m\u00e9s democr\u00e0tica, oberta i participativa. El projecte \u00e9s gestionat des del departament de Participaci\u00f3 Ciutadana de l&#8217;Ajuntament d\u2019Elx. \u00a0<\/span><\/p>\n<p><span lang=\"ca-ES-valencia\">En aquesta nova convocat\u00f2ria 2023-2024, es decidir\u00e0 la destinaci\u00f3 de 800.000,00\u20ac per a inversions al municipi. Tenint en compte tota l&#8217;experi\u00e8ncia anterior, es plantegen millores d\u2019\u00e0mbit metodol\u00f2gic que permeten un desenvolupament del proc\u00e9s m\u00e9s enfocat a necessitats socials i a propostes sorgides del debat ciutad\u00e0. Aquestes millores se centren en definir eines perqu\u00e8 el nombre de projectes resultant permeta un desenvolupament correcte de les propostes ciutadanes i que aquestes sorgisquen del debat i es plantegen com a xicotets projectes de ciutat. \u00a0<\/span><\/p>\n<p><span lang=\"ca-ES-valencia\">Per a portar aquest proc\u00e9s avant es definiran 9 grups motors, 8 corresponents a les delimitacions territorials de barris i pedanies del municipi i un amb perspectiva transversal. Els grups motors es constituiran, inicialment, amb una selecci\u00f3 de les entitats existents en cada zona (per exemple, associacions de ve\u00efns i ve\u00efnes) i el grup motor transversal estar\u00e0 compost per entitats que m\u00e9s que una visi\u00f3 de barri, t\u00e9 una visi\u00f3 global (per exemple, entitats ecologistes). Aquesta constituci\u00f3 inicial dels grups motors es podr\u00e0 complementar durant el proc\u00e9s amb la participaci\u00f3 de qualsevol altra persona interessada a formar part d&#8217;aquests. Podran participar totes les persones majors de 16 anys i empadronades a Elx, tant en els grups motors, com en el taller o en les votacions finals. <\/span>[\/vc_column_text]<\/div><a href=\"https:\/\/www.elche.es\/wp-content\/uploads\/2023\/01\/Guia-Elx-Participa.-VAL.pdf\" target=\"_blank\" class=\"sc_button sc_button_square sc_button_style_filled style_original sc_button_size_large aligncenter btndentropagina margin_top_small margin_right_null margin_bottom_tiny margin_left_null\">Guia del proc\u00e9s de Participaci\u00f3 Ciutadana per als Pressupostos Participatius 2023\/2024<\/a><a href=\"https:\/\/www.elche.es\/wp-content\/uploads\/2023\/02\/ElxParticipa-FEBRERO-y-MARZO-2023-VAL.pdf\" target=\"_blank\" class=\"sc_button sc_button_square sc_button_style_filled style_original sc_button_size_large aligncenter btndentropagina margin_top_small margin_right_null margin_bottom_tiny margin_left_null\">Dates i horaris dels tallers Pressupostos Participatius<\/a>[\/vc_column][\/vc_row][vc_row][vc_column][vc_custom_heading text=&#8221;Hist\u00f2ric&#8221; font_container=&#8221;tag:h3|text_align:left&#8221; use_theme_fonts=&#8221;yes&#8221;]\r\n        <p>\r\n        <span class=\"enlaces-titulo\"> Estat de les propostes aprovades pendents d'execuci\u00f3 <\/span> <span><a class=\"enlaces-link\" href=\"https:\/\/www.elche.es\/va\/participacio-ciutadana\/pressupost-participatiu\/estat-dexecucio\/ \">Veure enlla\u00e7<\/a><\/span>\r\n        <br>\r\n        <span class=\"enlaces-descripcion\">Estat de les propostes aprovades en processos anteriors pendents d'execuci\u00f3<\/span>\r\n        <\/p>\r\n        <hr class=\"enlaces-separador\">\r\n        \r\n        <p>\r\n        <span class=\"enlaces-titulo\"> Pressupost Participatiu 2019 <\/span> <span><a class=\"enlaces-link\" href=\"https:\/\/www.elche.es\/va\/pressupost-participatiu-2019\/ \">Veure enlla\u00e7<\/a><\/span>\r\n        <br>\r\n        <span class=\"enlaces-descripcion\">Informaci\u00f3 del proc\u00e9s participatiu de 2019<\/span>\r\n        <\/p>\r\n        <hr class=\"enlaces-separador\">\r\n        \r\n        <p>\r\n        <span class=\"enlaces-titulo\"> Pressupost Participatiu 2018 <\/span> <span><a class=\"enlaces-link\" href=\"https:\/\/www.elche.es\/va\/participacion-ciudadana\/pressupost-participatiu\/pressupost-participatiu-2018\/ \">Veure enlla\u00e7<\/a><\/span>\r\n        <br>\r\n        <span class=\"enlaces-descripcion\">Informaci\u00f3 del proc\u00e9s participatiu de 2018<\/span>\r\n        <\/p>\r\n        <hr class=\"enlaces-separador\">\r\n        \r\n        <p>\r\n        <span class=\"enlaces-titulo\"> Pressupost Participatiu 2017 <\/span> <span><a class=\"enlaces-link\" href=\"https:\/\/www.elche.es\/va\/participacion-ciudadana\/pressupost-participatiu\/pressupost-participatiu-2017\/ \">Veure enlla\u00e7<\/a><\/span>\r\n        <br>\r\n        <span class=\"enlaces-descripcion\">Informaci\u00f3 del proc\u00e9s participatiu de 2017<\/span>\r\n        <\/p>\r\n        <hr class=\"enlaces-separador\">\r\n        \r\n        <p>\r\n        <span class=\"enlaces-titulo\"> Pressupost Participatiu 2016 <\/span> <span><a class=\"enlaces-link\" href=\"https:\/\/www.elche.es\/va\/participacion-ciudadana\/pressupost-participatiu\/proceso-participativo-2016\/ \">Veure enlla\u00e7<\/a><\/span>\r\n        <br>\r\n        <span class=\"enlaces-descripcion\">Informaci\u00f3 referent al proc\u00e9s de 2016 del Pressupost Participatiu<\/span>\r\n        <\/p>\r\n        <hr class=\"enlaces-separador\">\r\n        [\/vc_column][\/vc_row]<\/p>\n<\/div>","protected":false},"excerpt":{"rendered":"<p>[vc_row full_width=&#8221;stretch_row_content_no_spaces&#8221; css=&#8221;.vc_custom_1663588492163{background-position: center !important;background-repeat: no-repeat !important;background-size: cover !important;}&#8221; el_class=&#8221;cuadrocabecerafoto&#8221;][vc_column][vc_single_image image=&#8221;232513&#8243; img_size=&#8221;full&#8221; alignment=&#8221;center&#8221; el_class=&#8221;cabecerasolofoto&#8221;][\/vc_column][\/vc_row][vc_row full_width=&#8221;stretch_row&#8221; css=&#8221;.vc_custom_1475484188729{background-color: #dddde0 !important;}&#8221;][vc_column][vc_column_text][\/vc_column_text][\/vc_column][\/vc_row][vc_row full_width=&#8221;stretch_row&#8221; css=&#8221;.vc_custom_1475764105820{background-color: #ffffff !important;}&#8221;][vc_column][\/vc_column][\/vc_row][vc_row][vc_column][vc_custom_heading text=&#8221;Hist\u00f2ric&#8221; font_container=&#8221;tag:h3|text_align:left&#8221; use_theme_fonts=&#8221;yes&#8221;][\/vc_column][\/vc_row]<\/p>\n","protected":false},"author":131,"featured_media":0,"parent":6880,"menu_order":0,"comment_status":"closed","ping_status":"closed","template":"","meta":{"footnotes":""},"class_list":["post-6928","page","type-page","status-publish","hentry"],"_links":{"self":[{"href":"https:\/\/www.elche.es\/va\/wp-json\/wp\/v2\/pages\/6928","targetHints":{"allow":["GET"]}}],"collection":[{"href":"https:\/\/www.elche.es\/va\/wp-json\/wp\/v2\/pages"}],"about":[{"href":"https:\/\/www.elche.es\/va\/wp-json\/wp\/v2\/types\/page"}],"author":[{"embeddable":true,"href":"https:\/\/www.elche.es\/va\/wp-json\/wp\/v2\/users\/131"}],"replies":[{"embeddable":true,"href":"https:\/\/www.elche.es\/va\/wp-json\/wp\/v2\/comments?post=6928"}],"version-history":[{"count":0,"href":"https:\/\/www.elche.es\/va\/wp-json\/wp\/v2\/pages\/6928\/revisions"}],"up":[{"embeddable":true,"href":"https:\/\/www.elche.es\/va\/wp-json\/wp\/v2\/pages\/6880"}],"wp:attachment":[{"href":"https:\/\/www.elche.es\/va\/wp-json\/wp\/v2\/media?parent=6928"}],"curies":[{"name":"wp","href":"https:\/\/api.w.org\/{rel}","templated":true}]}}