{"id":7078,"date":"2016-10-21T10:53:13","date_gmt":"2016-10-21T10:53:13","guid":{"rendered":"http:\/\/www.elche.es\/va\/medio-ambiente\/pacto-de-los-alcaldes\/"},"modified":"2017-03-06T11:49:05","modified_gmt":"2017-03-06T10:49:05","slug":"pacto-de-los-alcaldes","status":"publish","type":"page","link":"https:\/\/www.elche.es\/va\/medi-ambient\/pacto-de-los-alcaldes\/","title":{"rendered":"Pacte dels Alcaldes"},"content":{"rendered":"<div class=\"wpb-content-wrapper\"><p>[vc_row full_width=&#8221;stretch_row&#8221; css=&#8221;.vc_custom_1475488224066{background-color: #dddde0 !important;}&#8221;][vc_column][vc_column_text]<nav aria-label=\"breadcrumbs\">\n            <div class=\"breadcrumb-container theme1\">\n                <ol>\n                                    <\/ol>\n            <\/div>\n        <\/nav>    <script type=\"application\/ld+json\">\n        {\n            \"@context\": \"http:\/\/schema.org\",\n            \"@type\": \"BreadcrumbList\",\n            \"itemListElement\": [\n                            ]\n        }\n    <\/script>\n    <style type=\"text\/css\">\n        .breadcrumb-container {\n            font-size: 13px;\n        }\n\n        .breadcrumb-container ul {\n            margin: 0;\n            padding: 0;\n        }\n\n        .breadcrumb-container li {\n            box-sizing: unset;\n            display: inline-block;\n            margin: 0;\n            padding: 0;\n        }\n\n        .breadcrumb-container li a {\n            box-sizing: unset;\n            padding: 0 10px;\n        }\n\n        .breadcrumb-container {\n            font-size: 3 !important;\n                    }\n\n        .breadcrumb-container li a {\n            color: #0a0a0a !important;\n            font-size: 3 !important;\n            line-height: 3 !important;\n                    }\n\n        .breadcrumb-container li .separator {\n            font-size: 3 !important;\n                    }\n\n        .breadcrumb-container li:last-child .separator {\n            display: none;\n        }\n    <\/style>\n    <style type=\"text\/css\">\n        .breadcrumb-container.theme1 li {\n            margin: 0;\n            padding: 0;\n        }\n        .breadcrumb-container.theme1 a {\n            background: ;\n            display: inline-block;\n            margin: 0 5px;\n            padding: 5px 10px;\n            text-decoration: none;\n        }\n    <\/style>\n        <style type=\"text\/css\">\n            <\/style>\n    <script>\n            <\/script>\n[\/vc_column_text][\/vc_column][\/vc_row][vc_row css=&#8221;.vc_custom_1475488264405{padding-bottom: 40px !important;}&#8221; el_id=&#8221;bloque_basica&#8221;][vc_column width=&#8221;2\/3&#8243;]<h3 class=\"sc_title sc_title_regular margin_top_tiny\">Pacte dels Alcaldes <\/h3>[vc_single_image image=&#8221;6464&#8243; img_size=&#8221;full&#8221; css=&#8221;.vc_custom_1477647313433{padding-bottom: 20px !important;}&#8221;][vc_column_text css=&#8221;.vc_custom_1478263384773{margin-bottom: 20px !important;}&#8221;]El Pacte dels Alcaldes, al que Elx es troba adherit,\u00a0\u00e9s una iniciativa europea que reuneix als municipis que es comprometen a un \u00fas sostenible de l&#8217;energia a fi d&#8217;aconseguir augmentar l&#8217;efici\u00e8ncia en el consum de l&#8217;energia, reduint el mateix, augmentar la generaci\u00f3 d&#8217;energia a partir de fonts renovables i reduir les seues emissions de gasos d&#8217;efecte hivernacle. [\/vc_column_text]\r\n        <p>\r\n        <span class=\"enlaces-titulo\"> Inventari de Refer\u00e8ncia d'Emissions d'Elx, 2000-2009  <\/span> <span><a class=\"enlaces-link\" target='_blank'href=\"https:\/\/www.elche.es\/wp-content\/uploads\/2017\/03\/2012-IRE-ELCHE-2000-2009.pdf \">Veure enlla\u00e7<\/a><\/span>\r\n        <br>\r\n        <span class=\"enlaces-descripcion\">Per a concretar els compromisos amb els objectius del Pacte dels Alcaldes \u00e9s necessari, en primer lloc, establir un marc de refer\u00e8ncia a partir del com marcar les millores a aconseguir, a\u00e7\u00f2 es tradueix en l'elaboraci\u00f3 d'un Inventari de Refer\u00e8ncia d'Emissions (IRE), que establisca el punt de partida, en el nostre cas el IRE arreplega dades del per\u00edode 2000-2009 i marca el 2000 com a any base. <\/span>\r\n        <\/p>\r\n        <hr class=\"enlaces-separador\">\r\n        \r\n        <p>\r\n        <span class=\"enlaces-titulo\"> Pla d'Acci\u00f3 per a l'Energia Sostenible d'Elx, 2013-2020  <\/span> <span><a class=\"enlaces-link\" target='_blank'href=\"https:\/\/www.elche.es\/wp-content\/uploads\/2017\/03\/2012-PAES-ELCHE-2013-2020.pdf \">Veure enlla\u00e7<\/a><\/span>\r\n        <br>\r\n        <span class=\"enlaces-descripcion\">Una vegada establit un any de refer\u00e8ncia, per al qual coneixem els nostres consums energ\u00e8tics, les fonts d'energia emprades i les emissions de gasos d'efecte hivernacle (GEI) associades, s'elabora el Pla d'Acci\u00f3 per a l'Energia Sostenible (PAES), on s'estableixen les mesures a desenvolupar per a aconseguir en un marc temporal que aconsegueix al 2020, els objectius d'augment en l'efici\u00e8ncia energ\u00e8tica del 20% pel que fa al nostre any base (2000), l'augment en l'ocupaci\u00f3 d'energia procedent de fonts renovables en un altre 20%, i la reducci\u00f3 de les nostres emissions de GEI en igual percentatge, \u00e9s el que es denomina, dins del Pacte dels Alcaldes, l'objectiu del 20-20-20 per al 2020. <\/span>\r\n        <\/p>\r\n        <hr class=\"enlaces-separador\">\r\n        \r\n        <p>\r\n        <span class=\"enlaces-titulo\"> 1r Inventari de Seguiment d'Emissions Elx. 2017 <\/span> <span><a class=\"enlaces-link\" target='_blank'href=\"https:\/\/www.elche.es\/wp-content\/uploads\/2017\/03\/2017-ISE-ELCHE_Informe-completo_2000-2015.pdf \">Veure enlla\u00e7<\/a><\/span>\r\n        <br>\r\n        <span class=\"enlaces-descripcion\"><\/span>\r\n        <\/p>\r\n        <hr class=\"enlaces-separador\">\r\n        [\/vc_column][vc_column width=&#8221;1\/3&#8243; css=&#8221;.vc_custom_1474385237096{padding-top: 50px !important;padding-bottom: 50px !important;}&#8221;][vc_widget_sidebar sidebar_id=&#8221;sidebar_custom_2&#8243;][\/vc_column][\/vc_row]<\/p>\n<\/div>","protected":false},"excerpt":{"rendered":"<p>[vc_row full_width=&#8221;stretch_row&#8221; css=&#8221;.vc_custom_1475488224066{background-color: #dddde0 !important;}&#8221;][vc_column][vc_column_text][\/vc_column_text][\/vc_column][\/vc_row][vc_row css=&#8221;.vc_custom_1475488264405{padding-bottom: 40px !important;}&#8221; el_id=&#8221;bloque_basica&#8221;][vc_column width=&#8221;2\/3&#8243;][vc_single_image image=&#8221;6464&#8243; img_size=&#8221;full&#8221; css=&#8221;.vc_custom_1477647313433{padding-bottom: 20px !important;}&#8221;][vc_column_text css=&#8221;.vc_custom_1478263384773{margin-bottom: 20px !important;}&#8221;]El Pacte dels Alcaldes, al que Elx es troba adherit,\u00a0\u00e9s una iniciativa europea [&hellip;]<\/p>\n","protected":false},"author":131,"featured_media":0,"parent":7057,"menu_order":0,"comment_status":"closed","ping_status":"closed","template":"","meta":{"footnotes":""},"class_list":["post-7078","page","type-page","status-publish","hentry"],"_links":{"self":[{"href":"https:\/\/www.elche.es\/va\/wp-json\/wp\/v2\/pages\/7078","targetHints":{"allow":["GET"]}}],"collection":[{"href":"https:\/\/www.elche.es\/va\/wp-json\/wp\/v2\/pages"}],"about":[{"href":"https:\/\/www.elche.es\/va\/wp-json\/wp\/v2\/types\/page"}],"author":[{"embeddable":true,"href":"https:\/\/www.elche.es\/va\/wp-json\/wp\/v2\/users\/131"}],"replies":[{"embeddable":true,"href":"https:\/\/www.elche.es\/va\/wp-json\/wp\/v2\/comments?post=7078"}],"version-history":[{"count":0,"href":"https:\/\/www.elche.es\/va\/wp-json\/wp\/v2\/pages\/7078\/revisions"}],"up":[{"embeddable":true,"href":"https:\/\/www.elche.es\/va\/wp-json\/wp\/v2\/pages\/7057"}],"wp:attachment":[{"href":"https:\/\/www.elche.es\/va\/wp-json\/wp\/v2\/media?parent=7078"}],"curies":[{"name":"wp","href":"https:\/\/api.w.org\/{rel}","templated":true}]}}