{"id":7088,"date":"2016-09-28T08:49:27","date_gmt":"2016-09-28T08:49:27","guid":{"rendered":"http:\/\/www.elche.es\/va\/ajuntament-delx\/grupos-politicos\/"},"modified":"2023-10-03T11:18:50","modified_gmt":"2023-10-03T09:18:50","slug":"grups-politics","status":"publish","type":"page","link":"https:\/\/www.elche.es\/va\/ajuntament-delx\/grups-politics\/","title":{"rendered":"Grups pol\u00edtics"},"content":{"rendered":"<div class=\"wpb-content-wrapper\"><p>[vc_row][vc_column]<div class=\"templatera_shortcode\"><div data-vc-full-width=\"true\" data-vc-full-width-init=\"false\" class=\"vc_row wpb_row vc_row-fluid slidersecciones vc_custom_1611649768217 vc_row-has-fill\"><div class=\"wpb_column vc_column_container vc_col-sm-12\"><div class=\"vc_column-inner\"><div class=\"wpb_wrapper\"><h2 style=\"color: #ffffff;text-align: center;font-family:Ubuntu;font-weight:700;font-style:normal\" class=\"vc_custom_heading vc_do_custom_heading sombraTitulo cabeceramovil\" >AJUNTAMENT D'ELX<\/h2><\/div><\/div><\/div><\/div><div class=\"vc_row-full-width vc_clearfix\"><\/div><\/div>[\/vc_column][\/vc_row][vc_row][vc_column]<div class=\"templatera_shortcode\"><div id=\"bloque_menu_enlaces\" data-vc-full-width=\"true\" data-vc-full-width-init=\"false\" data-vc-stretch-content=\"true\" class=\"vc_row wpb_row vc_row-fluid bloquemnuestop vc_custom_1629977340156 vc_row-has-fill vc_row-no-padding\"><div class=\"wpb_column vc_column_container vc_col-sm-12\"><div class=\"vc_column-inner\"><div class=\"wpb_wrapper\">\r\n        \r\n        <a class=\"menuVC\"  href=\"https:\/\/www.elche.es\/va\/ajuntament-delx\/organizacio-municipal\/\"> <span> Organitzaci\u00f3 <\/span><\/a>\r\n        \r\n        <a class=\"menuVC\"  href=\"https:\/\/www.elche.es\/va\/ajuntament-delx\/corporacio-municipal\/\"> <span> Corporaci\u00f3 <\/span><\/a>\r\n        \r\n        <a class=\"menuVC\"  href=\"https:\/\/www.elche.es\/va\/ajuntament-delx\/composicio-del-govern-municipal\/\"> <span> El Ple <\/span><\/a>\r\n        \r\n        <a class=\"menuVC\"  href=\"https:\/\/www.elche.es\/va\/ajuntament-delx\/grups-politics\/\"> <span> Grups pol\u00edtics <\/span><\/a>\r\n        \r\n        <a class=\"menuVC\"  href=\"https:\/\/www.elche.es\/va\/ajuntament-delx\/societats-municipals\/\"> <span> Societats municipals <\/span><\/a>\r\n        \r\n        <a class=\"menuVC\"  href=\"https:\/\/www.elche.es\/va\/ajuntament-delx\/plans-i-programes\/\"> <span> Plans i programes <\/span><\/a>\r\n        \r\n        <a class=\"menuVC\"  href=\"https:\/\/www.elche.es\/va\/ajuntament-delx\/informacion-sobre-actuaciones-de-los-miembros-de-la-oposicion-relacionadas-con-el-control-de-gobierno\/\"> <span> Control de govern <\/span><\/a>\r\n        \r\n        <a class=\"menuVC\"  href=\"https:\/\/www.elche.es\/va\/ajuntament-delx\/resolucions-judicials\/\"> <span> Resolucions judicials <\/span><\/a>\r\n        \r\n        <a class=\"menuVC\"  href=\"https:\/\/www.elche.es\/va\/agenda-institucional\/\"> <span> Agenda institucional <\/span><\/a><\/div><\/div><\/div><\/div><div class=\"vc_row-full-width vc_clearfix\"><\/div>\r\n<\/div>[\/vc_column][\/vc_row][vc_row full_width=&#8221;stretch_row&#8221; css=&#8221;.vc_custom_1477491096583{background-color: #dddde0 !important;}&#8221;][vc_column][vc_column_text]<nav aria-label=\"breadcrumbs\">\n            <div class=\"breadcrumb-container theme1\">\n                <ol>\n                                    <\/ol>\n            <\/div>\n        <\/nav>    <script type=\"application\/ld+json\">\n        {\n            \"@context\": \"http:\/\/schema.org\",\n            \"@type\": \"BreadcrumbList\",\n            \"itemListElement\": [\n                            ]\n        }\n    <\/script>\n    <style type=\"text\/css\">\n        .breadcrumb-container {\n            font-size: 13px;\n        }\n\n        .breadcrumb-container ul {\n            margin: 0;\n            padding: 0;\n        }\n\n        .breadcrumb-container li {\n            box-sizing: unset;\n            display: inline-block;\n            margin: 0;\n            padding: 0;\n        }\n\n        .breadcrumb-container li a {\n            box-sizing: unset;\n            padding: 0 10px;\n        }\n\n        .breadcrumb-container {\n            font-size: 3 !important;\n                    }\n\n        .breadcrumb-container li a {\n            color: #0a0a0a !important;\n            font-size: 3 !important;\n            line-height: 3 !important;\n                    }\n\n        .breadcrumb-container li .separator {\n            font-size: 3 !important;\n                    }\n\n        .breadcrumb-container li:last-child .separator {\n            display: none;\n        }\n    <\/style>\n    <style type=\"text\/css\">\n        .breadcrumb-container.theme1 li {\n            margin: 0;\n            padding: 0;\n        }\n        .breadcrumb-container.theme1 a {\n            background: ;\n            display: inline-block;\n            margin: 0 5px;\n            padding: 5px 10px;\n            text-decoration: none;\n        }\n    <\/style>\n        <style type=\"text\/css\">\n            <\/style>\n    <script>\n            <\/script>\n[\/vc_column_text][\/vc_column][\/vc_row][vc_row css=&#8221;.vc_custom_1630046711781{padding-bottom: 40px !important;}&#8221; el_id=&#8221;bloque_basica&#8221;][vc_column width=&#8221;2\/3&#8243;]<h3 class=\"sc_title sc_title_regular transparenciastitulos \">GRUPS POL\u00cdTICS AMB REPRESENTACI\u00d3 A l&#8217;AJUNTAMENT<\/h3>[vc_column_text]<\/p>\n<table border=\"0\" width=\"100%\" align=\"center\">\n<tbody>\n<tr style=\"font-size: 12px; font-family: Arial, Helvetica, sans-serif; font-weight: bold;\">\n<td style=\"border-style: solid; border-color: #ffffff; background-color: #00a997;\" colspan=\"7\"><strong><span style=\"color: #fff; font-size: 14px;\">Partido Popular<\/span><\/strong><\/td>\n<\/tr>\n<tr style=\"font-size: 12px; font-family: Arial, Helvetica, sans-serif;\">\n<td style=\"border-style: solid; border-color: #ffffff; background-color: #e8e8e8;\">\n<div>Direcci\u00f3n<\/div>\n<\/td>\n<td style=\"border-style: solid; border-color: #ffffff; background-color: #e8e8e8;\" colspan=\"6\" width=\"70%\">Pla\u00e7a Baix, 3 \u00a003202 Elche<\/td>\n<\/tr>\n<tr style=\"font-size: 12px; font-family: Arial, Helvetica, sans-serif;\">\n<td style=\"border-style: solid; border-color: #ffffff; background-color: #e8e8e8;\">Tel\u00e9fono<\/td>\n<td style=\"border-style: solid; border-color: #ffffff; background-color: #e8e8e8;\" colspan=\"6\">965421583<\/td>\n<\/tr>\n<tr style=\"font-size: 12px; font-family: Arial, Helvetica, sans-serif;\">\n<td style=\"border-style: solid; border-color: #ffffff; background-color: #e8e8e8;\">Correo Electr\u00f3nico<\/td>\n<td style=\"border-style: solid; border-color: #ffffff; background-color: #e8e8e8;\" colspan=\"6\">pp@elche.es<\/td>\n<\/tr>\n<tr style=\"font-size: 12px; font-family: Arial, Helvetica, sans-serif;\">\n<td style=\"border-style: solid; border-color: #ffffff; background-color: #e8e8e8;\">P\u00e1gina web<\/td>\n<td style=\"border-style: solid; border-color: #ffffff; background-color: #e8e8e8;\" colspan=\"6\"><a href=\"http:\/\/alicantepp.es\/elchepp\/\" target=\"_blank\" rel=\"noopener\">http:\/\/alicantepp.es\/elchepp\/<\/a><\/td>\n<\/tr>\n<tr style=\"font-size: 12px; font-family: Arial, Helvetica, sans-serif;\">\n<td style=\"border-style: solid; border-color: #ffffff; background-color: #e8e8e8;\">Facebook<\/td>\n<td style=\"border-style: solid; border-color: #ffffff; background-color: #e8e8e8;\" colspan=\"6\"><a href=\"https:\/\/es-la.facebook.com\/partidopopularelche\" target=\"_blank\" rel=\"noopener\">https:\/\/es-la.facebook.com\/partidopopularelche<\/a><\/td>\n<\/tr>\n<tr style=\"font-size: 12px; font-family: Arial, Helvetica, sans-serif;\">\n<td style=\"border-style: solid; border-color: #ffffff; background-color: #e8e8e8;\">Twitter<\/td>\n<td style=\"border-style: solid; border-color: #ffffff; background-color: #e8e8e8;\" colspan=\"6\"><a href=\"https:\/\/twitter.com\/ppopularelche\" target=\"_blank\" rel=\"noopener\">https:\/\/twitter.com\/ppopularelche<\/a><\/td>\n<\/tr>\n<tr style=\"font-size: 12px; font-family: Arial, Helvetica, sans-serif; font-weight: bold;\">\n<td style=\"border-style: solid; border-color: #ffffff; background-color: #00a997;\" colspan=\"7\"><strong><span style=\"color: #fff; font-size: 14px;\">VOX<\/span><\/strong><\/td>\n<\/tr>\n<tr style=\"font-size: 12px; font-family: Arial, Helvetica, sans-serif;\">\n<td style=\"border-style: solid; border-color: #ffffff; background-color: #e8e8e8;\">\n<div>Direcci\u00f3n<\/div>\n<\/td>\n<td style=\"border-style: solid; border-color: #ffffff; background-color: #e8e8e8;\" colspan=\"6\" width=\"70%\">Pla\u00e7a Baix, 3 03202 Elche<\/td>\n<\/tr>\n<tr style=\"font-size: 12px; font-family: Arial, Helvetica, sans-serif;\">\n<td style=\"border-style: solid; border-color: #ffffff; background-color: #e8e8e8;\">Tel\u00e9fono<\/td>\n<td style=\"border-style: solid; border-color: #ffffff; background-color: #e8e8e8;\" colspan=\"6\">966658069<\/td>\n<\/tr>\n<tr style=\"font-size: 12px; font-family: Arial, Helvetica, sans-serif;\">\n<td style=\"border-style: solid; border-color: #ffffff; background-color: #e8e8e8;\">Correo Electr\u00f3nico<\/td>\n<td style=\"border-style: solid; border-color: #ffffff; background-color: #e8e8e8;\" colspan=\"6\">vox@elche.es<\/td>\n<\/tr>\n<tr style=\"font-size: 12px; font-family: Arial, Helvetica, sans-serif;\">\n<td style=\"border-style: solid; border-color: #ffffff; background-color: #e8e8e8;\">P\u00e1gina web<\/td>\n<td style=\"border-style: solid; border-color: #ffffff; background-color: #e8e8e8;\" colspan=\"6\"><a href=\"https:\/\/www.voxespana.es\/alicante\" target=\"_blank\" rel=\"noopener\">https:\/\/www.voxespana.es\/alicante<\/a><\/td>\n<\/tr>\n<tr style=\"font-size: 12px; font-family: Arial, Helvetica, sans-serif;\">\n<td style=\"border-style: solid; border-color: #ffffff; background-color: #e8e8e8;\">Facebook<\/td>\n<td style=\"border-style: solid; border-color: #ffffff; background-color: #e8e8e8;\" colspan=\"6\"><a href=\"https:\/\/www.facebook.com\/vox.elche\" target=\"_blank\" rel=\"noopener\">https:\/\/www.facebook.com\/vox.elche<\/a><\/td>\n<\/tr>\n<tr style=\"font-size: 12px; font-family: Arial, Helvetica, sans-serif;\">\n<td style=\"border-style: solid; border-color: #ffffff; background-color: #e8e8e8;\">Twitter<\/td>\n<td style=\"border-style: solid; border-color: #ffffff; background-color: #e8e8e8;\" colspan=\"6\"><a href=\"https:\/\/twitter.com\/vox_elche\" target=\"_blank\" rel=\"noopener\">https:\/\/twitter.com\/vox_elche<\/a><\/td>\n<\/tr>\n<tr style=\"font-size: 12px; font-family: Arial, Helvetica, sans-serif; font-weight: bold;\">\n<td style=\"border-style: solid; border-color: #ffffff; background-color: #00a997;\" colspan=\"7\"><strong><span style=\"color: #fff; font-size: 14px;\">Partit Socialista del Pa\u00eds Valenci\u00e0 &#8211; PSOE<\/span><\/strong><\/td>\n<\/tr>\n<tr style=\"font-size: 12px; font-family: Arial, Helvetica, sans-serif;\">\n<td style=\"border-style: solid; border-color: #ffffff; background-color: #e8e8e8;\">\n<div>Direcci\u00f3n<\/div>\n<\/td>\n<td style=\"border-style: solid; border-color: #ffffff; background-color: #e8e8e8;\" colspan=\"6\" width=\"70%\">Pla\u00e7a Baix, 3 \u00a003202 Elche<\/td>\n<\/tr>\n<tr style=\"font-size: 12px; font-family: Arial, Helvetica, sans-serif;\">\n<td style=\"border-style: solid; border-color: #ffffff; background-color: #e8e8e8;\">Tel\u00e9fono<\/td>\n<td style=\"border-style: solid; border-color: #ffffff; background-color: #e8e8e8;\" colspan=\"6\">966658034<\/td>\n<\/tr>\n<tr style=\"font-size: 12px; font-family: Arial, Helvetica, sans-serif;\">\n<td style=\"border-style: solid; border-color: #ffffff; background-color: #e8e8e8;\">Correo Electr\u00f3nico<\/td>\n<td style=\"border-style: solid; border-color: #ffffff; background-color: #e8e8e8;\" colspan=\"6\">psoe@elche.es<\/td>\n<\/tr>\n<tr style=\"font-size: 12px; font-family: Arial, Helvetica, sans-serif;\">\n<td style=\"border-style: solid; border-color: #ffffff; background-color: #e8e8e8;\">P\u00e1gina web<\/td>\n<td style=\"border-style: solid; border-color: #ffffff; background-color: #e8e8e8;\" colspan=\"6\"><a href=\"http:\/\/web.psoe.es\/ambito\/elche\/news\/index.do\" target=\"_blank\" rel=\"noopener\">http:\/\/web.psoe.es\/ambito\/elche\/news\/index.do<\/a><\/td>\n<\/tr>\n<tr style=\"font-size: 12px; font-family: Arial, Helvetica, sans-serif;\">\n<td style=\"border-style: solid; border-color: #ffffff; background-color: #e8e8e8;\">Facebook<\/td>\n<td style=\"border-style: solid; border-color: #ffffff; background-color: #e8e8e8;\" colspan=\"6\"><a href=\"https:\/\/es-la.facebook.com\/PsoeElx\/\" target=\"_blank\" rel=\"noopener\">https:\/\/es-la.facebook.com\/PsoeElx\/<\/a><\/td>\n<\/tr>\n<tr style=\"font-size: 12px; font-family: Arial, Helvetica, sans-serif;\">\n<td style=\"border-style: solid; border-color: #ffffff; background-color: #e8e8e8;\">Twitter<\/td>\n<td style=\"border-style: solid; border-color: #ffffff; background-color: #e8e8e8;\" colspan=\"6\"><a href=\"https:\/\/twitter.com\/psoe_elx\" target=\"_blank\" rel=\"noopener\">https:\/\/twitter.com\/psoe_elx<\/a><\/td>\n<\/tr>\n<tr style=\"font-size: 12px; font-family: Arial, Helvetica, sans-serif; font-weight: bold;\">\n<td style=\"border-style: solid; border-color: #ffffff; background-color: #00a997;\" colspan=\"7\"><strong><span style=\"color: #fff; font-size: 14px;\">Comprom\u00eds Per Elx &#8211; Comprom\u00eds<\/span><\/strong><\/td>\n<\/tr>\n<tr style=\"font-size: 12px; font-family: Arial, Helvetica, sans-serif;\">\n<td style=\"border-style: solid; border-color: #ffffff; background-color: #e8e8e8;\">\n<div>Direcci\u00f3n<\/div>\n<\/td>\n<td style=\"border-style: solid; border-color: #ffffff; background-color: #e8e8e8;\" colspan=\"6\" width=\"70%\">Pla\u00e7a Baix, 3 \u00a003202 Elche<\/td>\n<\/tr>\n<tr style=\"font-size: 12px; font-family: Arial, Helvetica, sans-serif;\">\n<td style=\"border-style: solid; border-color: #ffffff; background-color: #e8e8e8;\">Tel\u00e9fono<\/td>\n<td style=\"border-style: solid; border-color: #ffffff; background-color: #e8e8e8;\" colspan=\"6\">966658256<\/td>\n<\/tr>\n<tr style=\"font-size: 12px; font-family: Arial, Helvetica, sans-serif;\">\n<td style=\"border-style: solid; border-color: #ffffff; background-color: #e8e8e8;\">Correo Electr\u00f3nico<\/td>\n<td style=\"border-style: solid; border-color: #ffffff; background-color: #e8e8e8;\" colspan=\"6\">compromis@elche.es<\/td>\n<\/tr>\n<tr style=\"font-size: 12px; font-family: Arial, Helvetica, sans-serif;\">\n<td style=\"border-style: solid; border-color: #ffffff; background-color: #e8e8e8;\">P\u00e1gina web<\/td>\n<td style=\"border-style: solid; border-color: #ffffff; background-color: #e8e8e8;\" colspan=\"6\"><a href=\"http:\/\/elx.compromis.net\/\" target=\"_blank\" rel=\"noopener\">http:\/\/elx.compromis.net\/<\/a><\/td>\n<\/tr>\n<tr style=\"font-size: 12px; font-family: Arial, Helvetica, sans-serif;\">\n<td style=\"border-style: solid; border-color: #ffffff; background-color: #e8e8e8;\">Facebook<\/td>\n<td style=\"border-style: solid; border-color: #ffffff; background-color: #e8e8e8;\" colspan=\"6\"><a href=\"https:\/\/es-es.facebook.com\/compromisperelx\" target=\"_blank\" rel=\"noopener\">https:\/\/es-es.facebook.com\/compromisperelx<\/a><\/td>\n<\/tr>\n<tr style=\"font-size: 12px; font-family: Arial, Helvetica, sans-serif;\">\n<td style=\"border-style: solid; border-color: #ffffff; background-color: #e8e8e8;\">Twitter<\/td>\n<td style=\"border-style: solid; border-color: #ffffff; background-color: #e8e8e8;\" colspan=\"6\"><a href=\"https:\/\/twitter.com\/compromiselx?lang=es\" target=\"_blank\" rel=\"noopener\">https:\/\/twitter.com\/compromiselx?lang=es<\/a><\/td>\n<\/tr>\n<\/tbody>\n<\/table>\n<p>[\/vc_column_text][\/vc_column][vc_column width=&#8221;1\/3&#8243; css=&#8221;.vc_custom_1474385237096{padding-top: 50px !important;padding-bottom: 50px !important;}&#8221;][vc_column_text css=&#8221;.vc_custom_1682508517068{margin-bottom: 25px !important;border-top-width: 2px !important;border-right-width: 2px !important;border-bottom-width: 2px !important;border-left-width: 2px !important;padding-right: 10px !important;padding-bottom: 10px !important;padding-left: 10px !important;border-left-color: #00a997 !important;border-left-style: solid !important;border-right-color: #00a997 !important;border-right-style: solid !important;border-top-color: #00a997 !important;border-top-style: solid !important;border-bottom-color: #00a997 !important;border-bottom-style: solid !important;}&#8221;]<\/p>\n<h4><a href=\"https:\/\/www.elche.es\/va\/ajuntament-delx\/participacio-dels-grups\/\">Participaci\u00f3 dels Grups Pol\u00edtics en els Plens<\/a><\/h4>\n<p>Not\u00edcies sobre les activitats dels representants dels partits pol\u00edtics en les sessions plen\u00e0ries municipals.<\/p>\n<p><a href=\"https:\/\/www.elche.es\/va\/ajuntament-delx\/participacio-dels-grups\/\"><strong>Veure m\u00e9s<\/strong><\/a>[\/vc_column_text][vc_column_text css=&#8221;.vc_custom_1682508650387{margin-bottom: 25px !important;border-top-width: 2px !important;border-right-width: 2px !important;border-bottom-width: 2px !important;border-left-width: 2px !important;padding-right: 10px !important;padding-bottom: 10px !important;padding-left: 10px !important;border-left-color: #00a997 !important;border-left-style: solid !important;border-right-color: #00a997 !important;border-right-style: solid !important;border-top-color: #00a997 !important;border-top-style: solid !important;border-bottom-color: #00a997 !important;border-bottom-style: solid !important;}&#8221;]<\/p>\n<h4><a href=\"https:\/\/www.elche.es\/va\/ajuntament-delx\/grups-politics\/csap\/\">Comissi\u00f3 de seguiment d&#8217;acords plenaris<\/a><\/h4>\n<p>Informaci\u00f3 sobre les mocions presentades pels grups pol\u00edtics al Ple.<\/p>\n<p><a href=\"https:\/\/www.elche.es\/va\/ajuntament-delx\/grups-politics\/csap\/\"><strong>Veure m\u00e9s<\/strong><\/a>[\/vc_column_text][vc_column_text css=&#8221;.vc_custom_1687862310794{margin-bottom: 25px !important;border-top-width: 2px !important;border-right-width: 2px !important;border-bottom-width: 2px !important;border-left-width: 2px !important;padding-right: 10px !important;padding-bottom: 10px !important;padding-left: 10px !important;border-left-color: #00a997 !important;border-left-style: solid !important;border-right-color: #00a997 !important;border-right-style: solid !important;border-top-color: #00a997 !important;border-top-style: solid !important;border-bottom-color: #00a997 !important;border-bottom-style: solid !important;}&#8221; el_class=&#8221;oculto&#8221;]<\/p>\n<h4>Rendici\u00f3 de comptes mandat<\/h4>\n<p><a href=\"https:\/\/www.elche.es\/va\/ajuntament-delx\/grups-politics\/csap\/\"><strong>2022<\/strong><\/a>[\/vc_column_text][vc_column_text css=&#8221;.vc_custom_1687862298020{margin-bottom: 25px !important;border-top-width: 2px !important;border-right-width: 2px !important;border-bottom-width: 2px !important;border-left-width: 2px !important;padding-right: 10px !important;padding-bottom: 10px !important;padding-left: 10px !important;border-left-color: #00a997 !important;border-left-style: solid !important;border-right-color: #00a997 !important;border-right-style: solid !important;border-top-color: #00a997 !important;border-top-style: solid !important;border-bottom-color: #00a997 !important;border-bottom-style: solid !important;}&#8221;]<\/p>\n<h4>Informe de Trasp\u00e0s de mandat<\/h4>\n<p><a href=\"https:\/\/www.elche.es\/wp-content\/uploads\/2023\/06\/20230614-INFORME-TRASPASO-DE-GOBIERNO-2.pdf\" target=\"_blank\" rel=\"noopener\"><strong>2023<\/strong><\/a>[\/vc_column_text][\/vc_column][\/vc_row][vc_row][vc_column][\/vc_column][\/vc_row]<\/p>\n<\/div>","protected":false},"excerpt":{"rendered":"AJUNTAMENT D'ELX Organitzaci\u00f3 Corporaci\u00f3 El Ple Grups pol\u00edtics Societats municipals Plans i programes Control de govern Resolucions judicials Agenda institucional GRUPS POL\u00cdTICS AMB REPRESENTACI\u00d3 A l'AJUNTAMENT Partido Popular Direcci\u00f3n Pla\u00e7a [...]","protected":false},"author":131,"featured_media":0,"parent":6804,"menu_order":0,"comment_status":"closed","ping_status":"closed","template":"","meta":{"footnotes":""},"class_list":["post-7088","page","type-page","status-publish","hentry"],"_links":{"self":[{"href":"https:\/\/www.elche.es\/va\/wp-json\/wp\/v2\/pages\/7088","targetHints":{"allow":["GET"]}}],"collection":[{"href":"https:\/\/www.elche.es\/va\/wp-json\/wp\/v2\/pages"}],"about":[{"href":"https:\/\/www.elche.es\/va\/wp-json\/wp\/v2\/types\/page"}],"author":[{"embeddable":true,"href":"https:\/\/www.elche.es\/va\/wp-json\/wp\/v2\/users\/131"}],"replies":[{"embeddable":true,"href":"https:\/\/www.elche.es\/va\/wp-json\/wp\/v2\/comments?post=7088"}],"version-history":[{"count":4,"href":"https:\/\/www.elche.es\/va\/wp-json\/wp\/v2\/pages\/7088\/revisions"}],"predecessor-version":[{"id":265181,"href":"https:\/\/www.elche.es\/va\/wp-json\/wp\/v2\/pages\/7088\/revisions\/265181"}],"up":[{"embeddable":true,"href":"https:\/\/www.elche.es\/va\/wp-json\/wp\/v2\/pages\/6804"}],"wp:attachment":[{"href":"https:\/\/www.elche.es\/va\/wp-json\/wp\/v2\/media?parent=7088"}],"curies":[{"name":"wp","href":"https:\/\/api.w.org\/{rel}","templated":true}]}}