{"id":7100,"date":"2016-09-28T10:45:19","date_gmt":"2016-09-28T10:45:19","guid":{"rendered":"http:\/\/www.elche.es\/va\/ajuntament-delx\/sociedades-municipales\/"},"modified":"2024-05-17T13:50:59","modified_gmt":"2024-05-17T11:50:59","slug":"societats-municipals","status":"publish","type":"page","link":"https:\/\/www.elche.es\/va\/ajuntament-delx\/societats-municipals\/","title":{"rendered":"Societats municipals"},"content":{"rendered":"<div class=\"wpb-content-wrapper\"><p>[vc_row][vc_column]<div class=\"templatera_shortcode\"><div data-vc-full-width=\"true\" data-vc-full-width-init=\"false\" class=\"vc_row wpb_row vc_row-fluid slidersecciones vc_custom_1611649768217 vc_row-has-fill\"><div class=\"wpb_column vc_column_container vc_col-sm-12\"><div class=\"vc_column-inner\"><div class=\"wpb_wrapper\"><h2 style=\"color: #ffffff;text-align: center;font-family:Ubuntu;font-weight:700;font-style:normal\" class=\"vc_custom_heading vc_do_custom_heading sombraTitulo cabeceramovil\" >AJUNTAMENT D'ELX<\/h2><\/div><\/div><\/div><\/div><div class=\"vc_row-full-width vc_clearfix\"><\/div><\/div>[\/vc_column][\/vc_row][vc_row][vc_column]<div class=\"templatera_shortcode\"><div id=\"bloque_menu_enlaces\" data-vc-full-width=\"true\" data-vc-full-width-init=\"false\" data-vc-stretch-content=\"true\" class=\"vc_row wpb_row vc_row-fluid bloquemnuestop vc_custom_1629977340156 vc_row-has-fill vc_row-no-padding\"><div class=\"wpb_column vc_column_container vc_col-sm-12\"><div class=\"vc_column-inner\"><div class=\"wpb_wrapper\">\r\n        \r\n        <a class=\"menuVC\"  href=\"https:\/\/www.elche.es\/va\/ajuntament-delx\/organizacio-municipal\/\"> <span> Organitzaci\u00f3 <\/span><\/a>\r\n        \r\n        <a class=\"menuVC\"  href=\"https:\/\/www.elche.es\/va\/ajuntament-delx\/corporacio-municipal\/\"> <span> Corporaci\u00f3 <\/span><\/a>\r\n        \r\n        <a class=\"menuVC\"  href=\"https:\/\/www.elche.es\/va\/ajuntament-delx\/composicio-del-govern-municipal\/\"> <span> El Ple <\/span><\/a>\r\n        \r\n        <a class=\"menuVC\"  href=\"https:\/\/www.elche.es\/va\/ajuntament-delx\/grups-politics\/\"> <span> Grups pol\u00edtics <\/span><\/a>\r\n        \r\n        <a class=\"menuVC\"  href=\"https:\/\/www.elche.es\/va\/ajuntament-delx\/societats-municipals\/\"> <span> Societats municipals <\/span><\/a>\r\n        \r\n        <a class=\"menuVC\"  href=\"https:\/\/www.elche.es\/va\/ajuntament-delx\/plans-i-programes\/\"> <span> Plans i programes <\/span><\/a>\r\n        \r\n        <a class=\"menuVC\"  href=\"https:\/\/www.elche.es\/va\/ajuntament-delx\/informacion-sobre-actuaciones-de-los-miembros-de-la-oposicion-relacionadas-con-el-control-de-gobierno\/\"> <span> Control de govern <\/span><\/a>\r\n        \r\n        <a class=\"menuVC\"  href=\"https:\/\/www.elche.es\/va\/ajuntament-delx\/resolucions-judicials\/\"> <span> Resolucions judicials <\/span><\/a>\r\n        \r\n        <a class=\"menuVC\"  href=\"https:\/\/www.elche.es\/va\/agenda-institucional\/\"> <span> Agenda institucional <\/span><\/a><\/div><\/div><\/div><\/div><div class=\"vc_row-full-width vc_clearfix\"><\/div>\r\n<\/div>[\/vc_column][\/vc_row][vc_row full_width=&#8221;stretch_row&#8221; css=&#8221;.vc_custom_1477491271757{background-color: #dddde0 !important;}&#8221;][vc_column][vc_column_text]<nav aria-label=\"breadcrumbs\">\n            <div class=\"breadcrumb-container theme1\">\n                <ol>\n                                    <\/ol>\n            <\/div>\n        <\/nav>    <script type=\"application\/ld+json\">\n        {\n            \"@context\": \"http:\/\/schema.org\",\n            \"@type\": \"BreadcrumbList\",\n            \"itemListElement\": [\n                            ]\n        }\n    <\/script>\n    <style type=\"text\/css\">\n        .breadcrumb-container {\n            font-size: 13px;\n        }\n\n        .breadcrumb-container ul {\n            margin: 0;\n            padding: 0;\n        }\n\n        .breadcrumb-container li {\n            box-sizing: unset;\n            display: inline-block;\n            margin: 0;\n            padding: 0;\n        }\n\n        .breadcrumb-container li a {\n            box-sizing: unset;\n            padding: 0 10px;\n        }\n\n        .breadcrumb-container {\n            font-size: 3 !important;\n                    }\n\n        .breadcrumb-container li a {\n            color: #0a0a0a !important;\n            font-size: 3 !important;\n            line-height: 3 !important;\n                    }\n\n        .breadcrumb-container li .separator {\n            font-size: 3 !important;\n                    }\n\n        .breadcrumb-container li:last-child .separator {\n            display: none;\n        }\n    <\/style>\n    <style type=\"text\/css\">\n        .breadcrumb-container.theme1 li {\n            margin: 0;\n            padding: 0;\n        }\n        .breadcrumb-container.theme1 a {\n            background: ;\n            display: inline-block;\n            margin: 0 5px;\n            padding: 5px 10px;\n            text-decoration: none;\n        }\n    <\/style>\n        <style type=\"text\/css\">\n            <\/style>\n    <script>\n            <\/script>\n[\/vc_column_text][\/vc_column][\/vc_row][vc_row][vc_column][vc_column_text][\/vc_column_text][\/vc_column][\/vc_row][vc_row][vc_column]<h1 class=\"sc_title sc_title_regular transparenciastitulos \">Societats municipals, entitats participades i organismes aut\u00f2noms<\/h1>[\/vc_column][\/vc_row][vc_row el_class=&#8221;cuadrostandar&#8221;][vc_column width=&#8221;1\/4&#8243;][vc_single_image image=&#8221;158511&#8243; img_size=&#8221;&#8221; el_class=&#8221;imglistado&#8221;][vc_column_text]Pla\u00e7a de la Llotja, 1<br \/>\n03202 Elx<br \/>\n<a href=\"https:\/\/www.openstreetmap.org\/#map=17\/38.27000\/-0.68747&amp;layers=N\" target=\"_blank\" rel=\"noopener\">Veure mapa<\/a><br \/>\nTel\u00e8fon 966 06 04 40<br \/>\n<a href=\"https:\/\/www.aigueselx.com\" target=\"_blank\" rel=\"noopener\">https:\/\/www.aigueselx.com\/va\/<\/a>[\/vc_column_text]<a href=\"https:\/\/www.elche.es\/wp-content\/uploads\/2024\/04\/32-Presupuesto-de-la-empresa-mixta-Aigues-dElx-2024.pdf\" target=\"_blank\" class=\"sc_button sc_button_round sc_button_style_filled style_original sc_button_size_small linktransparencia sinmizq   sc_button_iconed icon-link\">Pressupost 2024<\/a>[\/vc_column][vc_column width=&#8221;3\/4&#8243;][vc_column_text]<strong>Aig\u00fces i Sanejament d&#8217;Elx S.A.<\/strong> \u00e9s una empresa mixta, composta en un 51% per l&#8217;Ajuntament d&#8217;Elx i en un 49% per Hidraqua, Gesti\u00f3 Integral d&#8217;Aig\u00fces de Llevant, S.A.<\/p>\n<p>La societat t\u00e9 com a objecte social la gesti\u00f3 del prove\u00efment d&#8217;aigua potable, el sanejament, el manteniment i la conservaci\u00f3 de xarxes i d&#8217;instal\u00b7lacions inherents al servei, la gesti\u00f3 dels abonats i el projecte, execuci\u00f3 i explotaci\u00f3 d&#8217;obres relacionades amb el servei al municipi d&#8217;Elx.<\/p>\n<p><a href=\"http:\/\/portaltransparencia.aigueselx.com\/organo-de-gobierno\"><strong>\u00d2rgan de govern<\/strong><\/a><br \/>\n<a href=\"http:\/\/portaltransparencia.aigueselx.com\/organigrama-funcional\"><strong>Organigrama<\/strong><\/a><br \/>\n<a href=\"http:\/\/portaltransparencia.aigueselx.com\/organigrama-funcional\"><strong>Plantilla<\/strong><\/a><br \/>\n<strong><a href=\"https:\/\/www.aigueselx.com\/plataforma-de-contratacion-del-sector-publico\">Perfil del contractant<\/a> <\/strong>[\/vc_column_text][\/vc_column][\/vc_row][vc_row el_class=&#8221;cuadrostandar&#8221;][vc_column width=&#8221;1\/4&#8243;][vc_single_image image=&#8221;158520&#8243; img_size=&#8221;&#8221; el_class=&#8221;imglistado&#8221;][vc_column_text]Carrer Diagonal del Palau, 7<br \/>\n03202 Elx<br \/>\n<a href=\"https:\/\/www.openstreetmap.org\/#map=18\/38.26810\/-0.69669&amp;layers=N\" target=\"_blank\" rel=\"noopener\">Veure mapa<\/a><br \/>\nTel\u00e8fono 966 61 42 78<br \/>\n<a href=\"mailto:info@pimesa.es\">info@pimesa.es<\/a><br \/>\n<a href=\"https:\/\/www.pimesa.es\" target=\"_blank\" rel=\"noopener\">www.pimesa.es<\/a>[\/vc_column_text]<a href=\"https:\/\/www.elche.es\/wp-content\/uploads\/2024\/04\/30-Presupuesto-de-la-empresa-municipal-PIMESA-ejercicio_2024.pdf\" target=\"_blank\" class=\"sc_button sc_button_round sc_button_style_filled style_original sc_button_size_small linktransparencia sinmizq   sc_button_iconed icon-link\">Pressupost 2024<\/a><a href=\"https:\/\/www.elche.es\/wp-content\/uploads\/2021\/08\/2018_Estatutos_PIMESA_firmado.pdf\" target=\"_blank\" class=\"sc_button sc_button_round sc_button_style_filled style_original sc_button_size_small linktransparencia sinmizq   sc_button_iconed icon-link\">Estatuts<\/a>[\/vc_column][vc_column width=&#8221;3\/4&#8243;][vc_column_text]<strong>Promocions i Iniciatives Municipals d&#8217;Elx S.A<\/strong> (PIMESA) es constitueix com una societat an\u00f2nima unipersonal p\u00fablica, l&#8217;\u00fanic soci de la qual \u00e9s l&#8217;Ajuntament d&#8217;Elx, al qual pertany \u00edntegrament el capital social, que es regeix pels seus propis estatuts i pel RDL 1\/2010, de 2 de juliol, pel qual s&#8217;aprova el text ref\u00f3s de la Llei de Societats de Capital.<\/p>\n<p>L&#8217;objecte social de PIMESA es concretar\u00e0, entre altres coses, en la realitzaci\u00f3 d&#8217;estudis urban\u00edstics, promoure la construcci\u00f3 d&#8217;edificis, naus industrials, locals i habitatges, l&#8217;explotaci\u00f3 del servei p\u00fablic de l&#8217;Estaci\u00f3 d&#8217;Autobusos de la ciutat d&#8217;Elx, la prestaci\u00f3 del servei de recollida de vehicles de la via p\u00fablica, l&#8217;explotaci\u00f3 i administraci\u00f3 de l&#8217;estacionament de vehicles, el foment econ\u00f2mic de la ciutat aix\u00ed com l&#8217;execuci\u00f3 de les actuacions en mat\u00e8ries referents a les seues compet\u00e8ncies l&#8217;Ajuntament d&#8217;Elx i altres Administracions P\u00fabliques li encomanen. (article 2)<\/p>\n<p><a href=\"https:\/\/pimesa.es\/estructura-organizativa\/\"><strong>Organigrama <\/strong><\/a><br \/>\n<a href=\"https:\/\/pimesa.es\/personas-y-talento\/ - https:\/\/pimesa.es\/plantilla\/\"><strong>Plantilles<\/strong><\/a><br \/>\n<a href=\"https:\/\/pimesa.es\/licitaciones-y-adjudicaciones\/\"><strong>Perfil del contractant<\/strong><\/a><br \/>\n<a href=\"https:\/\/pimesa.es\/medio-propio\/\"><strong>Enc\u00e0rrecs de gesti\u00f3<\/strong><\/a>[\/vc_column_text][\/vc_column][\/vc_row][vc_row el_class=&#8221;cuadrostandar&#8221;][vc_column width=&#8221;1\/4&#8243;][vc_single_image image=&#8221;158527&#8243; img_size=&#8221;&#8221; el_class=&#8221;imglistado&#8221;][vc_column_text]Calle Mesalina, 12<br \/>\n03202 Elche<br \/>\n<a href=\"https:\/\/www.openstreetmap.org\/#map=17\/38.27509\/-0.66707&amp;layers=N\" target=\"_blank\" rel=\"noopener\">Ver mapa<\/a><br \/>\nTel\u00e9fono 966 65 80 63<br \/>\n<a href=\"mailto:info@espaisverdselx.es\">info@espaisverdselx.es<\/a><br \/>\n<a href=\"https:\/\/www.espaisverdsdelx.es\/\" target=\"_blank\" rel=\"noopener\">www.espaisverdsdelx.es<\/a>[\/vc_column_text]<a href=\"https:\/\/www.elche.es\/wp-content\/uploads\/2024\/04\/31-Prespuesto-de-la-empresa-municipal-Manteniment-dEspais-Verds-ejercicio-2024.pdf\" target=\"_blank\" class=\"sc_button sc_button_round sc_button_style_filled style_original sc_button_size_small linktransparencia sinmizq   sc_button_iconed icon-link\">Pressupost 2024<\/a><a href=\" https:\/\/www.espaisverdsdelx.es\/transparencia\/\" target=\"_blank\" class=\"sc_button sc_button_round sc_button_style_filled style_original sc_button_size_small linktransparencia sinmizq   sc_button_iconed icon-link\">Estatuts<\/a>[\/vc_column][vc_column width=&#8221;3\/4&#8243;][vc_column_text]Amb el nom de <strong>MANTENIMENT D\u2019ESPAIS VERDS D\u2019ELX, S.A. <\/strong>(MEVESA) es constitueix una societat an\u00f2nima unipersonal pu\u0301blica, l&#8217;\u00fanic soci de la qual \u00e9s l&#8217;Ajuntament d&#8217;Elx, al qual pertany i\u0301ntegrament el capital social, que es regir\u00e0 pels presents Estatuts i pel Reial decret legislatiu 1\/2010, de 2 de juliol, pel qual s&#8217;aprova el text ref\u00f3s de la Llei de Societats de Capital.<\/p>\n<p>El seu r\u00e8gim legal, en l&#8217;aplicacio\u0301 del qual s&#8217;estableix en l&#8217;article 85 ter. de la Llei 7\/1985, de 2 d&#8217;abril, Reguladora dels Bases de R\u00e8gim Local, s&#8217;acomodar\u00e0 i\u0301ntegrament a l&#8217;ordenament juri\u0301dic privat, excepte les mat\u00e8ries en qu\u00e8 li \u00e9s d&#8217;aplicacio\u0301 la normativa pressupost\u00e0ria, comptable, de control financer, de control d&#8217;efic\u00e0cia i contractaci\u00f3 del sector pu\u0301blic. A m\u00e9s, se li aplicaran les disposicions legals estatals i auton\u00f2miques que a cada moment d&#8217;aplicacio\u0301.<\/p>\n<p><a href=\"https:\/\/www.espaisverdsdelx.es\/transparencia\/junta-general\/\"><strong>Junta General<\/strong><\/a><br \/>\n<a href=\"https:\/\/www.espaisverdsdelx.es\/transparencia\/consejo-de-administracion\/\"><strong>Consell d&#8217;Administraci\u00f3<\/strong><\/a><br \/>\n<a href=\"https:\/\/www.espaisverdsdelx.es\/transparencia\/recursos-humanos\/\"><strong>Plantilla<\/strong><\/a><br \/>\n<a href=\"https:\/\/www.espaisverdsdelx.es\/transparencia\/recursos-humanos\/\"><strong>Perfil del contractant<\/strong><\/a>[\/vc_column_text][\/vc_column][\/vc_row][vc_row el_class=&#8221;cuadrostandar&#8221;][vc_column width=&#8221;1\/4&#8243;][vc_single_image image=&#8221;158532&#8243; img_size=&#8221;&#8221; el_class=&#8221;imglistado&#8221;][vc_column_text]Pla\u00e7a Parc,3 03202<br \/>\nElx\/ ALACANT<br \/>\n<a href=\"https:\/\/www.openstreetmap.org\/#map=17\/38.26835\/-0.69681&amp;layers=N\" target=\"_blank\" rel=\"noopener\">Veure mapa<\/a><br \/>\nTel\u00e8fon 966 65 81 96<br \/>\n<a href=\"mailto:info@visitelche.com\">info@visitelche.com<\/a><br \/>\n<a href=\"https:\/\/www.visitelche.com\/\" target=\"_blank\" rel=\"noopener\">https:\/\/www.visitelche.com\/va\/<\/a>[\/vc_column_text]<a href=\"https:\/\/www.elche.es\/wp-content\/uploads\/2024\/04\/29-Presupuesto-del-Organismo-Autonomo-Visitelche-para-2024.pdf\" target=\"_blank\" class=\"sc_button sc_button_round sc_button_style_filled style_original sc_button_size_small linktransparencia sinmizq   sc_button_iconed icon-link\">Pressupost 2024<\/a><a href=\"https:\/\/www.elche.es\/wp-content\/uploads\/2021\/08\/Visitelche_Estatutos_BOP_14-03-2016_1.pdf\" target=\"_blank\" class=\"sc_button sc_button_round sc_button_style_filled style_original sc_button_size_small linktransparencia sinmizq   sc_button_iconed icon-link\">Estatuts<\/a>[\/vc_column][vc_column width=&#8221;3\/4&#8243;][vc_column_text]L&#8217;Ajuntament d&#8217;Elx crea l&#8217;organisme aut\u00f2nom local de Turisme amb la denominaci\u00f3 de <strong>VISITELCHE<\/strong>. Es constitueix com una Entitat Administrativa, amb personalitat jur\u00eddica p\u00fablica, patrimoni i tresoreria propis i diferenciats, amb plena capacitat d&#8217;obrar per al compliment de les seues finalitats i autonomia de gesti\u00f3 establits en les lleis i en el seu estatut. Tindr\u00e0 la consideraci\u00f3 d&#8217;Administraci\u00f3 P\u00fablica i actuar\u00e0, sota la depend\u00e8ncia de l&#8217;Ajuntament d&#8217;Elx i vinculat a aquest, en r\u00e8gim de descentralitzaci\u00f3 funcional.<\/p>\n<p>Aquest organisme aut\u00f2nom t\u00e9 com a finalitat, entre d&#8217;altres, la de promoure activitats encaminades a incrementar la demanda tur\u00edstica del municipi d&#8217;Elx.[\/vc_column_text][\/vc_column][\/vc_row]<\/p>\n<\/div>","protected":false},"excerpt":{"rendered":"AJUNTAMENT D'ELX Organitzaci\u00f3 Corporaci\u00f3 El Ple Grups pol\u00edtics Societats municipals Plans i programes Control de govern Resolucions judicials Agenda institucional Societats municipals, entitats participades i organismes aut\u00f2noms Pla\u00e7a de la [...]","protected":false},"author":131,"featured_media":0,"parent":6804,"menu_order":0,"comment_status":"closed","ping_status":"closed","template":"","meta":{"footnotes":""},"class_list":["post-7100","page","type-page","status-publish","hentry"],"_links":{"self":[{"href":"https:\/\/www.elche.es\/va\/wp-json\/wp\/v2\/pages\/7100","targetHints":{"allow":["GET"]}}],"collection":[{"href":"https:\/\/www.elche.es\/va\/wp-json\/wp\/v2\/pages"}],"about":[{"href":"https:\/\/www.elche.es\/va\/wp-json\/wp\/v2\/types\/page"}],"author":[{"embeddable":true,"href":"https:\/\/www.elche.es\/va\/wp-json\/wp\/v2\/users\/131"}],"replies":[{"embeddable":true,"href":"https:\/\/www.elche.es\/va\/wp-json\/wp\/v2\/comments?post=7100"}],"version-history":[{"count":4,"href":"https:\/\/www.elche.es\/va\/wp-json\/wp\/v2\/pages\/7100\/revisions"}],"predecessor-version":[{"id":300635,"href":"https:\/\/www.elche.es\/va\/wp-json\/wp\/v2\/pages\/7100\/revisions\/300635"}],"up":[{"embeddable":true,"href":"https:\/\/www.elche.es\/va\/wp-json\/wp\/v2\/pages\/6804"}],"wp:attachment":[{"href":"https:\/\/www.elche.es\/va\/wp-json\/wp\/v2\/media?parent=7100"}],"curies":[{"name":"wp","href":"https:\/\/api.w.org\/{rel}","templated":true}]}}