{"id":7194,"date":"2016-09-27T08:21:05","date_gmt":"2016-09-27T08:21:05","guid":{"rendered":"http:\/\/www.elche.es\/va\/ajuntament-delx\/nombramientos-retribuciones-y-otra-informacion-relevante\/"},"modified":"2025-03-17T11:09:56","modified_gmt":"2025-03-17T09:09:56","slug":"declaracions-dactivitats-i-bens","status":"publish","type":"page","link":"https:\/\/www.elche.es\/va\/ajuntament-delx\/corporacio-municipal\/declaracions-dactivitats-i-bens\/","title":{"rendered":"Declaracions d\u2019activitats i b\u00e9ns"},"content":{"rendered":"<div class=\"wpb-content-wrapper\"><p>[vc_row][vc_column]<div class=\"templatera_shortcode\"><div data-vc-full-width=\"true\" data-vc-full-width-init=\"false\" class=\"vc_row wpb_row vc_row-fluid slidersecciones vc_custom_1611649768217 vc_row-has-fill\"><div class=\"wpb_column vc_column_container vc_col-sm-12\"><div class=\"vc_column-inner\"><div class=\"wpb_wrapper\"><h2 style=\"color: #ffffff;text-align: center;font-family:Ubuntu;font-weight:700;font-style:normal\" class=\"vc_custom_heading vc_do_custom_heading sombraTitulo cabeceramovil\" >AJUNTAMENT D'ELX<\/h2><\/div><\/div><\/div><\/div><div class=\"vc_row-full-width vc_clearfix\"><\/div><\/div>[\/vc_column][\/vc_row][vc_row][vc_column]<div class=\"templatera_shortcode\"><div id=\"bloque_menu_enlaces\" data-vc-full-width=\"true\" data-vc-full-width-init=\"false\" data-vc-stretch-content=\"true\" class=\"vc_row wpb_row vc_row-fluid bloquemnuestop vc_custom_1629977340156 vc_row-has-fill vc_row-no-padding\"><div class=\"wpb_column vc_column_container vc_col-sm-12\"><div class=\"vc_column-inner\"><div class=\"wpb_wrapper\">\r\n        \r\n        <a class=\"menuVC\"  href=\"https:\/\/www.elche.es\/va\/ajuntament-delx\/organizacio-municipal\/\"> <span> Organitzaci\u00f3 <\/span><\/a>\r\n        \r\n        <a class=\"menuVC\"  href=\"https:\/\/www.elche.es\/va\/ajuntament-delx\/corporacio-municipal\/\"> <span> Corporaci\u00f3 <\/span><\/a>\r\n        \r\n        <a class=\"menuVC\"  href=\"https:\/\/www.elche.es\/va\/ajuntament-delx\/composicio-del-govern-municipal\/\"> <span> El Ple <\/span><\/a>\r\n        \r\n        <a class=\"menuVC\"  href=\"https:\/\/www.elche.es\/va\/ajuntament-delx\/grups-politics\/\"> <span> Grups pol\u00edtics <\/span><\/a>\r\n        \r\n        <a class=\"menuVC\"  href=\"https:\/\/www.elche.es\/va\/ajuntament-delx\/societats-municipals\/\"> <span> Societats municipals <\/span><\/a>\r\n        \r\n        <a class=\"menuVC\"  href=\"https:\/\/www.elche.es\/va\/ajuntament-delx\/plans-i-programes\/\"> <span> Plans i programes <\/span><\/a>\r\n        \r\n        <a class=\"menuVC\"  href=\"https:\/\/www.elche.es\/va\/ajuntament-delx\/informacion-sobre-actuaciones-de-los-miembros-de-la-oposicion-relacionadas-con-el-control-de-gobierno\/\"> <span> Control de govern <\/span><\/a>\r\n        \r\n        <a class=\"menuVC\"  href=\"https:\/\/www.elche.es\/va\/ajuntament-delx\/resolucions-judicials\/\"> <span> Resolucions judicials <\/span><\/a>\r\n        \r\n        <a class=\"menuVC\"  href=\"https:\/\/www.elche.es\/va\/agenda-institucional\/\"> <span> Agenda institucional <\/span><\/a><\/div><\/div><\/div><\/div><div class=\"vc_row-full-width vc_clearfix\"><\/div>\r\n<\/div>[\/vc_column][\/vc_row][vc_row][vc_column][vc_column_text]<nav aria-label=\"breadcrumbs\">\n            <div class=\"breadcrumb-container theme1\">\n                <ol>\n                                    <\/ol>\n            <\/div>\n        <\/nav>    <script type=\"application\/ld+json\">\n        {\n            \"@context\": \"http:\/\/schema.org\",\n            \"@type\": \"BreadcrumbList\",\n            \"itemListElement\": [\n                            ]\n        }\n    <\/script>\n    <style type=\"text\/css\">\n        .breadcrumb-container {\n            font-size: 13px;\n        }\n\n        .breadcrumb-container ul {\n            margin: 0;\n            padding: 0;\n        }\n\n        .breadcrumb-container li {\n            box-sizing: unset;\n            display: inline-block;\n            margin: 0;\n            padding: 0;\n        }\n\n        .breadcrumb-container li a {\n            box-sizing: unset;\n            padding: 0 10px;\n        }\n\n        .breadcrumb-container {\n            font-size: 3 !important;\n                    }\n\n        .breadcrumb-container li a {\n            color: #0a0a0a !important;\n            font-size: 3 !important;\n            line-height: 3 !important;\n                    }\n\n        .breadcrumb-container li .separator {\n            font-size: 3 !important;\n                    }\n\n        .breadcrumb-container li:last-child .separator {\n            display: none;\n        }\n    <\/style>\n    <style type=\"text\/css\">\n        .breadcrumb-container.theme1 li {\n            margin: 0;\n            padding: 0;\n        }\n        .breadcrumb-container.theme1 a {\n            background: ;\n            display: inline-block;\n            margin: 0 5px;\n            padding: 5px 10px;\n            text-decoration: none;\n        }\n    <\/style>\n        <style type=\"text\/css\">\n            <\/style>\n    <script>\n            <\/script>\n[\/vc_column_text][\/vc_column][\/vc_row][vc_row full_width=&#8221;stretch_row&#8221;][vc_column][vc_row_inner css=&#8221;.vc_custom_1475046241291{margin-bottom: 40px !important;padding-top: 10px !important;padding-bottom: 10px !important;background-color: #ffffff !important;}&#8221;][vc_column_inner css=&#8221;.vc_custom_1475046279553{margin-bottom: 40px !important;padding-top: 40px !important;}&#8221;][vc_column_text css=&#8221;.vc_custom_1742202589264{padding-right: 20px !important;padding-left: 40px !important;}&#8221;]<\/p>\n<h4>Declaracions d&#8217;activitats i b\u00e9ns<\/h4>\n<div class=\"page\" title=\"Page 1\">\n<div class=\"section\">\n<div class=\"layoutArea\">\n<div class=\"column\">\n<p>MEMBRES DE LA CORPORACI\u00d3.<\/p>\n<p><strong>Extracte de les Declaracions d&#8217;Activitats i B\u00e9ns dels membres de la Corporaci\u00f3 Municipal:<\/strong><strong><span style=\"color: #000000\"><br \/>\n<\/span><\/strong><\/p>\n<p><strong><a href=\"https:\/\/www.elche.es\/wp-content\/uploads\/2025\/03\/20250317-BOP-No52-Extracto-declaraciones-de-bienes-miembros-corporacion-2023-2027.-Anualidad-2025.pdf\">2025 Declaraci\u00f3 anual<\/a><\/strong><br \/>\n<a href=\"https:\/\/www.elche.es\/wp-content\/uploads\/2024\/05\/Edicto_extracto_declaraciones_bienes_actividades_y_derechos_dimis_J_Navarro_Esclapez_y_toma_de_posesion_Jose_Antonio_Roman_Benticuaga.pdf\"><strong>2024 Fi de mandat i presa de possessi\u00f3<\/strong><\/a><br \/>\n<strong><span style=\"color: #000000\"><a href=\"https:\/\/www.elche.es\/wp-content\/uploads\/2023\/08\/20230731-BOP-Declaraciones-de-actividades-bienes-y-derechos-Corporacion-2023-2027-de-su-toma-de-posesion.pdf\" target=\"_blank\" rel=\"noopener\">2023 Presa de possessi\u00f3<\/a><br \/>\n<a href=\"https:\/\/www.elche.es\/wp-content\/uploads\/2023\/07\/declaracion-de-bienes-y-actividades-de-la-corporacion-saliente-que-finalizo-su-mandato-2023.pdf\" target=\"_blank\" rel=\"noopener\">2023 Fi de mandat<\/a><br \/>\n<a href=\"https:\/\/www.elche.es\/wp-content\/uploads\/2023\/04\/2022_001731-Publicacion-BOP-28-03-2022..pdf\" target=\"_blank\" rel=\"noopener\">2022 Declaraci\u00f3 anual<\/a><br \/>\n<\/span><a href=\"https:\/\/www.elche.es\/wp-content\/uploads\/2022\/04\/20220328-BOP-Extracto-de-la-Declaracion-de-Bienes-y-Actividades-Miembros-de-la-Corporacion-Municipal.-Declaracion-Anual-2021.pdf\" target=\"_blank\" rel=\"noopener\">2021 Declaraci\u00f3 anual<\/a><br \/>\n<a href=\"https:\/\/www.elche.es\/wp-content\/uploads\/2021\/09\/20200901-Extracto-declaraciones-de-bienes-y-actividad-miembros-corporacion-2019-2023.-ANUAL.pdf\">2020 Declaraci\u00f3 anual<\/a><br \/>\n<a href=\"https:\/\/www.elche.es\/wp-content\/uploads\/2021\/09\/20190826-Extracto-declaraciones-de-bienes-y-actividades-corporacion-2019-2023.-TOMA-DE-POSESION.pdf\" target=\"_blank\" rel=\"noopener\">2019 Presa de possessi\u00f3<\/a><\/strong><\/p>\n<\/div>\n<\/div>\n<\/div>\n<\/div>\n<p>[\/vc_column_text][vc_empty_space][vc_column_text css=&#8221;.vc_custom_1742202540101{padding-right: 20px !important;padding-left: 40px !important;}&#8221;]<\/p>\n<div class=\"page\" title=\"Page 1\">\n<div class=\"section\">\n<div class=\"layoutArea\">\n<div class=\"column\">\n<p><strong><span style=\"color: #000000\">Retribucions i indemnitzacions dels regidors i dedicacions exclusives.<\/span><a href=\"https:\/\/www.elche.es\/wp-content\/uploads\/2021\/09\/20191024-Propuesta-de-Alcaldia-sobre-retribuciones-e-indemnizaciones-de-los-concejales.-Acuerdo-Pleno-organizacion-05-07-2019-1.pdf\" target=\"_blank\" rel=\"noopener\"> BOP 24-10-2019<\/a><\/strong><\/p>\n<\/div>\n<\/div>\n<\/div>\n<\/div>\n<p>[\/vc_column_text][\/vc_column_inner][\/vc_row_inner][\/vc_column][\/vc_row][vc_row full_width=&#8221;stretch_row&#8221; css=&#8221;.vc_custom_1651644830797{padding-top: 10px !important;padding-bottom: 30px !important;background-image: url(https:\/\/www.elche.es\/wp-content\/uploads\/2016\/07\/palmeral.png?id=1044) !important;}&#8221; el_class=&#8221;ocultar&#8221;][vc_column css=&#8221;.vc_custom_1475046013105{margin-top: -75px !important;}&#8221;][vc_column_text]<\/p>\n<h3><span style=\"color: #fff\">NOMENAMENTS, RETRIBUCIONS I UNA ALTRA INFORMACI\u00d3 DE L&#8217;EQUIP DE GOVERN I DELS SEUS ASSESSORS<\/span><\/h3>\n<p>[\/vc_column_text][vc_row_inner css=&#8221;.vc_custom_1475046101819{margin-top: 60px !important;padding-top: 60px !important;padding-bottom: 10px !important;background-color: #ffffff !important;}&#8221;][vc_column_inner css=&#8221;.vc_custom_1475046062590{padding-top: 40px !important;}&#8221;][vc_column_text css=&#8221;.vc_custom_1544793693698{margin-top: -90px !important;padding-right: 20px !important;padding-left: 40px !important;}&#8221;]<\/p>\n<h4>Informaci\u00f3 rellevant sobre el Govern Local<\/h4>\n<p>&nbsp;<\/p>\n<div class=\"page\" title=\"Page 1\">\n<div class=\"section\">\n<div class=\"layoutArea\">\n<div class=\"column\">\n<p><strong>Decret de delegaci\u00f3 de compet\u00e8ncies [n\u00fam. 1352].<span style=\"color: #2df1db\">\u00a0<a style=\"color: #2df1db\" href=\"https:\/\/drive.google.com\/open?id=0BwGkokjQQlAhby1vcFVZVTI4bFE\" target=\"_blank\" rel=\"noopener\">Veure enlla\u00e7<\/a><\/span><\/strong><\/p>\n<p>DELEGACIONS DE COMPET\u00c8NCIES DE LA JUNTA DE GOVERN LOCAL EN ELS SEUS MEMBRES I ALTRES REGIDORS.<\/p>\n<hr \/>\n<\/div>\n<\/div>\n<\/div>\n<\/div>\n<div class=\"page\" title=\"Page 1\">\n<div class=\"section\">\n<div class=\"layoutArea\">\n<div class=\"column\">\n<p><strong>Acord delegaci\u00f3 de compet\u00e8ncies <a href=\"https:\/\/drive.google.com\/open?id=0BwGkokjQQlAhUkxKczJkUUF1NDA\" target=\"_blank\" rel=\"noopener\"><span style=\"color: #2df1db\">Veure enlla\u00e7<\/span><\/a><\/strong><\/p>\n<div class=\"page\" title=\"Page 1\">\n<div class=\"section\">\n<div class=\"layoutArea\">\n<div class=\"column\">\n<p>MODIFICACI\u00d3 DE DELEGACI\u00d3 DE FUNCIONS I COMPET\u00c8NCIES EN MAT\u00c8RIA DE TURISME I PLATGES, ESPORTS, SANITAT, CONSUM, SEGURETAT CIUTADANA, BOMBERS, BARRIS I PEDANIES.<\/p>\n<div class=\"page\" title=\"Page 1\">\n<div class=\"section\">\n<div class=\"layoutArea\">\n<div class=\"column\">\n<hr \/>\n<\/div>\n<\/div>\n<\/div>\n<\/div>\n<div class=\"page\" title=\"Page 1\">\n<div class=\"page\" title=\"Page 1\">\n<div class=\"section\">\n<div class=\"layoutArea\">\n<div class=\"column\"><strong>Decret cessament i remodelaci\u00f3 del Govern Municipal [n\u00fam. 899].<span style=\"color: #2df1db\">\u00a0<a style=\"color: #2df1db\" href=\"https:\/\/drive.google.com\/open?id=0BwGkokjQQlAhLWRzbUZ6bFhmaDQ\" target=\"_blank\" rel=\"noopener\">Veure enlla\u00e7<\/a><\/span><\/strong><\/div>\n<\/div>\n<\/div>\n<\/div>\n<\/div>\n<\/div>\n<\/div>\n<\/div>\n<\/div>\n<\/div>\n<\/div>\n<\/div>\n<\/div>\n<div class=\"page\" title=\"Page 1\">\n<div class=\"section\">\n<div class=\"layoutArea\">\n<div class=\"column\">\n<div class=\"page\" title=\"Page 1\">\n<div class=\"section\">\n<div class=\"layoutArea\">\n<div class=\"column\">\n<p>DECRET DE CESSAMENT I REMODELACI\u00d3 DEL GOVERN MUNICIPAL<\/p>\n<hr \/>\n<\/div>\n<\/div>\n<\/div>\n<\/div>\n<div class=\"page\" title=\"Page 1\">\n<div class=\"section\">\n<div class=\"layoutArea\">\n<div class=\"column\">\n<p><strong>Acord revocaci\u00f3 de compet\u00e8ncies\u00a0<a href=\"https:\/\/drive.google.com\/open?id=0BwGkokjQQlAhRmluVy1VNWtyNFk\" target=\"_blank\" rel=\"noopener\"><span style=\"color: #2df1db\">Veure enlla\u00e7<\/span><\/a><\/strong><\/p>\n<div class=\"page\" title=\"Page 1\">\n<div class=\"section\">\n<div class=\"layoutArea\">\n<div class=\"column\">\n<p>ACORD SOBRE REVOCACI\u00d3 DE FUNCIONS I COMPET\u00c8NCIES DE LA JUNTA DE GOVERN LOCAL EN MAT\u00c8RIA D&#8217;ESPORTS, SANITAT, CONSUM, SEGURETAT CIUTADANA, BARRIS, PEDANIES, BOMBERS, TURISME I PLATGES.<\/p>\n<div class=\"page\" title=\"Page 1\">\n<div class=\"section\">\n<div class=\"layoutArea\">\n<div class=\"column\">\n<hr \/>\n<\/div>\n<\/div>\n<\/div>\n<\/div>\n<div class=\"page\" title=\"Page 1\">\n<div class=\"page\" title=\"Page 1\">\n<div class=\"section\">\n<div class=\"layoutArea\">\n<div class=\"column\">\n<div class=\"textarea-desti col-xs-12 col-sm-6\">\n<div class=\"form-control second-textarea\"><strong>Decret delegacions de compet\u00e8ncies alcalde [n\u00fam. 4240].<\/strong><strong><a href=\"https:\/\/www.elche.es\/wp-content\/uploads\/2018\/12\/DECRETO4240.pdf\" target=\"_blank\" rel=\"noopener\"><span style=\"color: #2df1db\">Veure enlla\u00e7<\/span><\/a><\/strong><\/div>\n<div class=\"form-control second-textarea\"><\/div>\n<div class=\"form-control second-textarea\">DELEGACIONS DE COMPET\u00c8NCIES CONFERIDES PER L&#8217;ALCALDIA EN ELS REGIDORS I EN LA JUNTA DE GOVERN LOCAL<\/div>\n<\/div>\n<div class=\"page\" title=\"Page 1\">\n<div class=\"section\">\n<div class=\"layoutArea\">\n<div class=\"column\">\n<div class=\"page\" title=\"Page 1\">\n<div class=\"section\">\n<div class=\"layoutArea\">\n<div class=\"column\">\n<hr \/>\n<\/div>\n<\/div>\n<\/div>\n<\/div>\n<div class=\"page\" title=\"Page 1\">\n<div class=\"page\" title=\"Page 1\">\n<div class=\"section\">\n<div class=\"layoutArea\">\n<div class=\"column\">\n<div class=\"page\" title=\"Page 1\">\n<div class=\"section\">\n<div class=\"layoutArea\">\n<div class=\"column\">\n<div class=\"textarea-desti col-xs-12 col-sm-6\">\n<div class=\"form-control second-textarea\"><strong>Delegaci\u00f3 compet\u00e8ncies de la Junta .<\/strong><strong><a href=\"https:\/\/drive.google.com\/file\/d\/0BwGkokjQQlAhSHM2OW02bHpHeWM\/view\" target=\"_blank\" rel=\"noopener\"><span style=\"color: #2df1db\">Veure enlla\u00e7<\/span><\/a><\/strong><\/div>\n<\/div>\n<\/div>\n<\/div>\n<\/div>\n<\/div>\n<div class=\"page\" title=\"Page 1\">\n<div class=\"section\">\n<div class=\"layoutArea\">\n<div class=\"column\">\n<div class=\"page\" title=\"Page 1\">\n<div class=\"section\">\n<div class=\"layoutArea\">\n<div class=\"column\">\n<p>DELEGACIONS DE COMPET\u00c8NCIES DE LA JUNTA DE GOVERN LOCAL EN ELS SEUS MEMBRES I ALTRES REGIDORS.<\/p>\n<hr \/>\n<\/div>\n<\/div>\n<\/div>\n<\/div>\n<\/div>\n<\/div>\n<\/div>\n<\/div>\n<\/div>\n<\/div>\n<\/div>\n<\/div>\n<\/div>\n<\/div>\n<\/div>\n<\/div>\n<\/div>\n<\/div>\n<\/div>\n<\/div>\n<\/div>\n<\/div>\n<\/div>\n<\/div>\n<\/div>\n<\/div>\n<\/div>\n<\/div>\n<\/div>\n<\/div>\n<p><span style=\"color: #000000\"><strong>Proposta creaci\u00f3 composici\u00f3 Ple. <span style=\"color: #2df1db\"><a style=\"color: #2df1db\" href=\"https:\/\/drive.google.com\/open?id=0BwGkokjQQlAhZXhhMi1ZU0RBZXM\" target=\"_blank\" rel=\"noopener\">Veure enlla\u00e7<\/a><\/span><\/strong><\/span><\/p>\n<p><span style=\"color: #000000\">PROPOSTA DE L&#8217;ALCALDIA DE CREACI\u00d3 I COMPOSICI\u00d3 DE LES COMISSIONS DEL PLE.<\/span><\/p>\n<hr \/>\n<div class=\"page\" title=\"Page 1\">\n<div class=\"section\">\n<div class=\"layoutArea\">\n<div class=\"column\">\n<p><span style=\"color: #000000\"><strong>Proposta de creaci\u00f3 i reordenaci\u00f3 de les \u00e0rees i llocs directius. <span style=\"color: #2df1db\"><a style=\"color: #2df1db\" href=\"https:\/\/drive.google.com\/open?id=0BwGkokjQQlAhLTRIcG1TaXI2UFk\" target=\"_blank\" rel=\"noopener\">Veure enlla\u00e7<\/a><\/span><\/strong><\/span><\/p>\n<p><span style=\"color: #000000\">PROPOSTA DE L&#8217;ALCALDIA DE CREACI\u00d3 I REORDENACI\u00d3 DE LES \u00c0REES I LLOCS DIRECTIUS.<\/span><\/p>\n<hr \/>\n<\/div>\n<\/div>\n<\/div>\n<\/div>\n<div class=\"page\" title=\"Page 1\">\n<div class=\"section\">\n<div class=\"layoutArea\">\n<div class=\"column\">\n<p><strong>Proposta periodicitat Ple <a href=\"https:\/\/drive.google.com\/open?id=0BwGkokjQQlAhR0ZVRjlNVllEaE0\" target=\"_blank\" rel=\"noopener\"><span style=\"color: #2df1db\">Veure enlla\u00e7<\/span><\/a><\/strong><\/p>\n<div class=\"page\" title=\"Page 1\">\n<div class=\"section\">\n<div class=\"layoutArea\">\n<div class=\"column\">\n<p>PROPOSTA DE L&#8217;ALCALDIA SOBRE PERIODICITAT DE LES SESSIONS DEL PLE<\/p>\n<hr \/>\n<\/div>\n<\/div>\n<\/div>\n<\/div>\n<\/div>\n<\/div>\n<\/div>\n<\/div>\n<\/div>\n<\/div>\n<\/div>\n<\/div>\n<p>[\/vc_column_text][\/vc_column_inner][\/vc_row_inner][vc_row_inner css=&#8221;.vc_custom_1475046241291{margin-bottom: 40px !important;padding-top: 10px !important;padding-bottom: 10px !important;background-color: #ffffff !important;}&#8221;][vc_column_inner css=&#8221;.vc_custom_1475046279553{margin-bottom: 40px !important;padding-top: 40px !important;}&#8221;][vc_column_text css=&#8221;.vc_custom_1544793923257{padding-right: 20px !important;padding-left: 40px !important;}&#8221;]<\/p>\n<h4><\/h4>\n<h4>Nomenaments, retribucions, compatibilitats i declaracions d&#8217;activitats i b\u00e9ns<\/h4>\n<p>&nbsp;<\/p>\n<div class=\"page\" title=\"Page 1\">\n<div class=\"section\">\n<div class=\"layoutArea\">\n<div class=\"column\">\n<p><span style=\"color: #000000\">A) MEMBRES DE LA CORPORACI\u00d3.<\/span><strong><span style=\"color: #000000\"><br \/>\nExtracte de les Declaracions d&#8217;Activitats i B\u00e9ns dels membres de la Corporaci\u00f3 Municipal: <a style=\"color: #2df1db\" href=\"\/wp-content\/uploads\/2016\/09\/Declaracion_bienes_Corporacion2015.pdf\">Veure any 2015<\/a> <span style=\"color: #2df1db\">| <a style=\"color: #2df1db\" href=\"http:\/\/www.dip-alicante.es\/bop2\/pdftotal\/2017\/03\/30_63\/2017_003440.pdf\" target=\"_blank\" rel=\"noopener\">Veure any 2017<\/a><\/span>\u00a0<span style=\"color: #2df1db\">| <a style=\"color: #2df1db\" href=\"https:\/\/www.elche.es\/wp-content\/uploads\/2018\/04\/Bienes-y-actividades-Corporacion-2018.pdf\" target=\"_blank\" rel=\"noopener\">Veure any 2018<\/a><\/span><\/span><\/strong><br \/>\n<strong><span style=\"color: #000000\">Retribucions i indemnitzacions dels regidors i dedicacions exclusives (BOP n\u00fam. 152 de 10\/08\/2015).<\/span><span style=\"color: #2df1db\"> <a style=\"color: #2df1db\" href=\"\/wp-content\/uploads\/2016\/09\/10082015_Retribuciones_y_dedicaciones_exclusivas.pdf\" target=\"_blank\" rel=\"noopener\">Veure enlla\u00e7<\/a><\/span><\/strong><br \/>\n<strong><span style=\"color: #000000\">Extracte de les Declaracions d&#8217;Activitats i B\u00e9ns dels membres de la Corporaci\u00f3 Municipal 2011-2015 amb motiu del cessament (BOP n\u00fam. 149 de 05\/08\/2015).<\/span><span style=\"color: #2df1db\"> <a style=\"color: #2df1db\" href=\"\/wp-content\/uploads\/2016\/09\/Declaracion_bienes_anterior_Corporacion.pdf\" target=\"_blank\" rel=\"noopener\">Veure enlla\u00e7<\/a><\/span><\/strong><br \/>\n<strong><span style=\"color: #000000\">Certificat de compatibilitats d&#8217;activitats privades.<\/span><span style=\"color: #2df1db\"> <a style=\"color: #2df1db\" href=\"https:\/\/goo.gl\/9oVKN1\" target=\"_blank\" rel=\"noopener\">Veure enlla\u00e7<\/a><\/span><\/strong><br \/>\n<strong><span style=\"color: #000000\">RESUMEN RETRIBUCIONS DE LA CORPORACI\u00d3 MUNICIPAL:<\/span><span style=\"color: #2df1db\">\u00a0Veure any 2015 |\u00a0<a style=\"color: #2df1db\" href=\"http:\/\/transparencia.elche.es\/sous-publics\/\" target=\"_blank\" rel=\"noopener\">Veure any 2016<\/a><\/span><\/strong><\/p>\n<hr \/>\n<p>B) PERSONAL EVENTUAL.<br \/>\n<strong><span style=\"color: #000000\">Nomenament i retribucions dels funcionaris d&#8217;ocupaci\u00f3 eventual.<\/span><span style=\"color: #2df1db\"> <a style=\"color: #2df1db\" href=\"http:\/\/transparencia.elche.es\/sous-publics\/\" target=\"_blank\" rel=\"noopener\">Veure enlla\u00e7<\/a><\/span><\/strong><br \/>\n<strong><span style=\"color: #000000\">Resumen retribucions dels funcionaris d&#8217;ocupaci\u00f3 eventual 2015.<\/span><span style=\"color: #2df1db\"> <a style=\"color: #2df1db\" href=\"\/wp-content\/uploads\/2016\/09\/RETRIBUCIONES2015.pdf\" target=\"_blank\" rel=\"noopener\">Veure enlla\u00e7<\/a><\/span><\/strong><br \/>\n<strong><span style=\"color: #000000\">Resumen retribucions dels funcionaris d&#8217;ocupaci\u00f3 eventual 2014 [legislatura 2011-2015].<\/span><span style=\"color: #2df1db\"> <a style=\"color: #2df1db\" href=\"\/wp-content\/uploads\/2016\/09\/Retribuciones_funcionarios_de_empleo_2014.pdf\" target=\"_blank\" rel=\"noopener\">Veure enlla\u00e7<\/a><\/span><\/strong><\/p>\n<hr \/>\n<p>C) ALTS C\u00c0RRECS DE SOCIETATS, ENTITATS PARTICIPADES I ORGANISMES AUT\u00d2NOMS.<br \/>\n<strong><span style=\"color: #000000\">Promocions i Iniciatives Municipals d&#8217;Elx, SA (PIMESA).<\/span><span style=\"color: #2df1db\"> <a style=\"color: #2df1db\" href=\"http:\/\/www.pimesa.es\/es\/informe-retribuciones\" target=\"_blank\" rel=\"noopener\">Veure enlla\u00e7<\/a><\/span><\/strong><br \/>\n<strong><span style=\"color: #000000\">Aig\u00fces i Sanejament d&#8217;Elx, SA (AIG\u00dcES D&#8217;ELX).<\/span><span style=\"color: #2df1db\"> <a style=\"color: #2df1db\" href=\"http:\/\/portaltransparencia.aigueselx.com\/informacion-economica-y-estadistica\" target=\"_blank\" rel=\"noopener\">Veure enlla\u00e7<\/a><\/span><\/strong><br \/>\n<strong><span style=\"color: #000000\">Visitelche, Organisme aut\u00f2nom local.<\/span> <\/strong><br \/>\n<strong><span style=\"color: #000000\">Manteniment d&#8217;Espais Verds SA-Mevesa.<\/span><\/strong><\/p>\n<hr \/>\n<\/div>\n<\/div>\n<\/div>\n<\/div>\n<p>[\/vc_column_text][\/vc_column_inner][\/vc_row_inner][\/vc_column][\/vc_row]<\/p>\n<\/div>","protected":false},"excerpt":{"rendered":"AJUNTAMENT D'ELX Organitzaci\u00f3 Corporaci\u00f3 El Ple Grups pol\u00edtics Societats municipals Plans i programes Control de govern Resolucions judicials Agenda institucional Declaracions d'activitats i b\u00e9ns MEMBRES DE LA CORPORACI\u00d3. Extracte de [...]","protected":false},"author":131,"featured_media":0,"parent":94642,"menu_order":0,"comment_status":"closed","ping_status":"closed","template":"","meta":{"footnotes":""},"class_list":["post-7194","page","type-page","status-publish","hentry"],"_links":{"self":[{"href":"https:\/\/www.elche.es\/va\/wp-json\/wp\/v2\/pages\/7194","targetHints":{"allow":["GET"]}}],"collection":[{"href":"https:\/\/www.elche.es\/va\/wp-json\/wp\/v2\/pages"}],"about":[{"href":"https:\/\/www.elche.es\/va\/wp-json\/wp\/v2\/types\/page"}],"author":[{"embeddable":true,"href":"https:\/\/www.elche.es\/va\/wp-json\/wp\/v2\/users\/131"}],"replies":[{"embeddable":true,"href":"https:\/\/www.elche.es\/va\/wp-json\/wp\/v2\/comments?post=7194"}],"version-history":[{"count":5,"href":"https:\/\/www.elche.es\/va\/wp-json\/wp\/v2\/pages\/7194\/revisions"}],"predecessor-version":[{"id":329320,"href":"https:\/\/www.elche.es\/va\/wp-json\/wp\/v2\/pages\/7194\/revisions\/329320"}],"up":[{"embeddable":true,"href":"https:\/\/www.elche.es\/va\/wp-json\/wp\/v2\/pages\/94642"}],"wp:attachment":[{"href":"https:\/\/www.elche.es\/va\/wp-json\/wp\/v2\/media?parent=7194"}],"curies":[{"name":"wp","href":"https:\/\/api.w.org\/{rel}","templated":true}]}}