{"id":7210,"date":"2016-09-28T11:07:52","date_gmt":"2016-09-28T11:07:52","guid":{"rendered":"http:\/\/www.elche.es\/va\/ajuntament-delx\/convenios-municipales-y-encomiendas-de-gestion\/"},"modified":"2024-03-14T14:35:19","modified_gmt":"2024-03-14T12:35:19","slug":"convenis-municipals-i-encomanes-de-gestio","status":"publish","type":"page","link":"https:\/\/www.elche.es\/va\/ajuntament-delx\/convenis-municipals-i-encomanes-de-gestio\/","title":{"rendered":"Convenis municipals i enc\u00e0rrecs a mitjans propis"},"content":{"rendered":"<div class=\"wpb-content-wrapper\"><p>[vc_row full_width=&#8221;stretch_row&#8221; css=&#8221;.vc_custom_1477490957751{background-color: #dddde0 !important;}&#8221;][vc_column][vc_column_text]<nav aria-label=\"breadcrumbs\">\n            <div class=\"breadcrumb-container theme1\">\n                <ol>\n                                    <\/ol>\n            <\/div>\n        <\/nav>    <script type=\"application\/ld+json\">\n        {\n            \"@context\": \"http:\/\/schema.org\",\n            \"@type\": \"BreadcrumbList\",\n            \"itemListElement\": [\n                            ]\n        }\n    <\/script>\n    <style type=\"text\/css\">\n        .breadcrumb-container {\n            font-size: 13px;\n        }\n\n        .breadcrumb-container ul {\n            margin: 0;\n            padding: 0;\n        }\n\n        .breadcrumb-container li {\n            box-sizing: unset;\n            display: inline-block;\n            margin: 0;\n            padding: 0;\n        }\n\n        .breadcrumb-container li a {\n            box-sizing: unset;\n            padding: 0 10px;\n        }\n\n        .breadcrumb-container {\n            font-size: 3 !important;\n                    }\n\n        .breadcrumb-container li a {\n            color: #0a0a0a !important;\n            font-size: 3 !important;\n            line-height: 3 !important;\n                    }\n\n        .breadcrumb-container li .separator {\n            font-size: 3 !important;\n                    }\n\n        .breadcrumb-container li:last-child .separator {\n            display: none;\n        }\n    <\/style>\n    <style type=\"text\/css\">\n        .breadcrumb-container.theme1 li {\n            margin: 0;\n            padding: 0;\n        }\n        .breadcrumb-container.theme1 a {\n            background: ;\n            display: inline-block;\n            margin: 0 5px;\n            padding: 5px 10px;\n            text-decoration: none;\n        }\n    <\/style>\n        <style type=\"text\/css\">\n            <\/style>\n    <script>\n            <\/script>\n[\/vc_column_text][\/vc_column][\/vc_row][vc_row css=&#8221;.vc_custom_1477490977856{margin-top: 40px !important;padding-bottom: 40px !important;}&#8221; el_id=&#8221;bloque_basica&#8221;][vc_column]<h3 class=\"sc_title sc_title_regular margin_top_tiny\">CONVENIS MUNICIPALS<\/h3>[vc_column_text]<\/p>\n<div class=\"page\" title=\"Page 1\">\n<div class=\"section\">\n<div class=\"layoutArea\">\n<div class=\"column\">\n<p><strong><span style=\"color: #000000;\"><b>Manual Pr\u00e0ctic d&#8217;informaci\u00f3 i transpar\u00e8ncia de les subvencions i inversions municipals<\/b>.<\/span><span style=\"color: #2df1db;\"> <a style=\"color: #2df1db;\" href=\"https:\/\/www.elche.es\/download\/manual-practico-de-informacion-y-transparencia-de-las-subvenciones-e-inversiones-municipales\/?wpdmdl=273636&amp;refresh=65b251275bdfa1706184999\" target=\"_blank\" rel=\"noopener\">Veure enlla\u00e7<\/a><\/span><\/strong><\/p>\n<hr \/>\n<\/div>\n<\/div>\n<\/div>\n<\/div>\n<p>[\/vc_column_text][vc_column_text]<\/p>\n<div class=\"page\" title=\"Page 1\">\n<div class=\"section\">\n<div class=\"layoutArea\">\n<div class=\"column\">\n<p><strong><span style=\"color: #000000;\">Cercador de convenis subscrits per l&#8217;Ajuntament d&#8217;Elx.<\/span><span style=\"color: #2df1db;\"> <a style=\"color: #2df1db;\" href=\"https:\/\/sede.elche.es\/sta\/CarpetaPublic\/doEvent?APP_CODE=STA&amp;PAGE_CODE=PTS2_CONVENIOS&amp;lang=CA\" target=\"_blank\" rel=\"noopener\">Veure enlla\u00e7<\/a><\/span><\/strong><\/p>\n<hr \/>\n<\/div>\n<\/div>\n<\/div>\n<\/div>\n<p>[\/vc_column_text][vc_column_text]<\/p>\n<div class=\"page\" title=\"Page 1\">\n<div class=\"section\">\n<div class=\"layoutArea\">\n<div class=\"column\">\n<p><strong><span style=\"color: #000000;\">Convenis suscrits per l&#8217;empresa municipal PIMESA.<\/span><span style=\"color: #2df1db;\"> <a style=\"color: #2df1db;\" href=\"https:\/\/pimesa.es\/convenis\/?lang=ca\" target=\"_blank\" rel=\"noopener\">Veure enlla\u00e7<\/a><\/span><\/strong><\/p>\n<hr \/>\n<\/div>\n<\/div>\n<\/div>\n<\/div>\n<p>[\/vc_column_text][vc_column_text]<\/p>\n<div class=\"page\" title=\"Page 1\">\n<div class=\"section\">\n<div class=\"layoutArea\">\n<div class=\"column\">\n<p><strong><span style=\"color: #000000;\">Convenis subscrits per l&#8217;organisme aut\u00f2nom VISITELCHE.<\/span><span style=\"color: #2df1db;\"> <a style=\"color: #2df1db;\" href=\"https:\/\/www.elche.es\/va\/turisme\/convenis-subscrits-per-lorganisme-autonom-visitelche\/\" target=\"_blank\" rel=\"noopener\">Veure enlla\u00e7<\/a><\/span><\/strong><\/p>\n<hr \/>\n<\/div>\n<\/div>\n<\/div>\n<\/div>\n<p>[\/vc_column_text][vc_column_text][\/vc_column_text]<h3 class=\"sc_title sc_title_regular margin_top_tiny\">ENC\u00c0RRECS AMB MITJANS PROPIS<\/h3>[vc_column_text]<\/p>\n<div class=\"page\" title=\"Page 1\">\n<div class=\"section\">\n<div class=\"layoutArea\">\n<div class=\"column\">\n<p><strong><span style=\"color: #000000;\">Poden seguir-se els enc\u00e0rrecs amb mitjans propis en el seg\u00fcent enlla\u00e7 de la web de l&#8217;empresa municipal PIMESA.<\/span><span style=\"color: #2df1db;\"> <a style=\"color: #2df1db;\" href=\"https:\/\/pimesa.es\/encarrecs\/?lang=ca\" target=\"_blank\" rel=\"noopener\">Veure enlla\u00e7<\/a><\/span><\/strong><\/p>\n<hr \/>\n<\/div>\n<\/div>\n<\/div>\n<\/div>\n<p>[\/vc_column_text][\/vc_column][\/vc_row]<\/p>\n<\/div>","protected":false},"excerpt":{"rendered":"<p>[vc_row full_width=&#8221;stretch_row&#8221; css=&#8221;.vc_custom_1477490957751{background-color: #dddde0 !important;}&#8221;][vc_column][vc_column_text][\/vc_column_text][\/vc_column][\/vc_row][vc_row css=&#8221;.vc_custom_1477490977856{margin-top: 40px !important;padding-bottom: 40px !important;}&#8221; el_id=&#8221;bloque_basica&#8221;][vc_column][vc_column_text] Manual Pr\u00e0ctic d&#8217;informaci\u00f3 i transpar\u00e8ncia de les subvencions i inversions municipals. Veure enlla\u00e7 [\/vc_column_text][vc_column_text] Cercador de convenis subscrits per [&hellip;]<\/p>\n","protected":false},"author":131,"featured_media":0,"parent":6804,"menu_order":0,"comment_status":"closed","ping_status":"closed","template":"","meta":{"footnotes":""},"class_list":["post-7210","page","type-page","status-publish","hentry"],"_links":{"self":[{"href":"https:\/\/www.elche.es\/va\/wp-json\/wp\/v2\/pages\/7210","targetHints":{"allow":["GET"]}}],"collection":[{"href":"https:\/\/www.elche.es\/va\/wp-json\/wp\/v2\/pages"}],"about":[{"href":"https:\/\/www.elche.es\/va\/wp-json\/wp\/v2\/types\/page"}],"author":[{"embeddable":true,"href":"https:\/\/www.elche.es\/va\/wp-json\/wp\/v2\/users\/131"}],"replies":[{"embeddable":true,"href":"https:\/\/www.elche.es\/va\/wp-json\/wp\/v2\/comments?post=7210"}],"version-history":[{"count":5,"href":"https:\/\/www.elche.es\/va\/wp-json\/wp\/v2\/pages\/7210\/revisions"}],"predecessor-version":[{"id":279426,"href":"https:\/\/www.elche.es\/va\/wp-json\/wp\/v2\/pages\/7210\/revisions\/279426"}],"up":[{"embeddable":true,"href":"https:\/\/www.elche.es\/va\/wp-json\/wp\/v2\/pages\/6804"}],"wp:attachment":[{"href":"https:\/\/www.elche.es\/va\/wp-json\/wp\/v2\/media?parent=7210"}],"curies":[{"name":"wp","href":"https:\/\/api.w.org\/{rel}","templated":true}]}}