{"id":74594,"date":"2018-11-09T13:17:14","date_gmt":"2018-11-09T12:17:14","guid":{"rendered":"http:\/\/www.elche.es\/va\/espailliure\/"},"modified":"2018-11-19T13:23:41","modified_gmt":"2018-11-19T12:23:41","slug":"espailliure","status":"publish","type":"page","link":"https:\/\/www.elche.es\/va\/espailliure\/","title":{"rendered":"Espai Lliure"},"content":{"rendered":"<div class=\"wpb-content-wrapper\"><p>[vc_row full_width=&#8221;stretch_row&#8221; css=&#8221;.vc_custom_1475488224066{background-color: #dddde0 !important;}&#8221;][vc_column][vc_column_text]<nav aria-label=\"breadcrumbs\">\n            <div class=\"breadcrumb-container theme1\">\n                <ol>\n                                    <\/ol>\n            <\/div>\n        <\/nav>    <script type=\"application\/ld+json\">\n        {\n            \"@context\": \"http:\/\/schema.org\",\n            \"@type\": \"BreadcrumbList\",\n            \"itemListElement\": [\n                            ]\n        }\n    <\/script>\n    <style type=\"text\/css\">\n        .breadcrumb-container {\n            font-size: 13px;\n        }\n\n        .breadcrumb-container ul {\n            margin: 0;\n            padding: 0;\n        }\n\n        .breadcrumb-container li {\n            box-sizing: unset;\n            display: inline-block;\n            margin: 0;\n            padding: 0;\n        }\n\n        .breadcrumb-container li a {\n            box-sizing: unset;\n            padding: 0 10px;\n        }\n\n        .breadcrumb-container {\n            font-size: 3 !important;\n                    }\n\n        .breadcrumb-container li a {\n            color: #0a0a0a !important;\n            font-size: 3 !important;\n            line-height: 3 !important;\n                    }\n\n        .breadcrumb-container li .separator {\n            font-size: 3 !important;\n                    }\n\n        .breadcrumb-container li:last-child .separator {\n            display: none;\n        }\n    <\/style>\n    <style type=\"text\/css\">\n        .breadcrumb-container.theme1 li {\n            margin: 0;\n            padding: 0;\n        }\n        .breadcrumb-container.theme1 a {\n            background: ;\n            display: inline-block;\n            margin: 0 5px;\n            padding: 5px 10px;\n            text-decoration: none;\n        }\n    <\/style>\n        <style type=\"text\/css\">\n            <\/style>\n    <script>\n            <\/script>\n[\/vc_column_text][\/vc_column][\/vc_row][vc_row css=&#8221;.vc_custom_1475488264405{padding-bottom: 40px !important;}&#8221; el_id=&#8221;bloque_basica&#8221;][vc_column width=&#8221;2\/3&#8243;][vc_empty_space]<figure class=\"sc_image  sc_image_shape_square\"><img decoding=\"async\" src=\"https:\/\/www.elche.es\/wp-content\/uploads\/2018\/11\/bolalliure.jpg\" alt=\"\" \/><\/figure>[vc_column_text]<\/p>\n<h3 class=\"m_-5951493921425746223gmail-m_895379137252340446gmail-sc_title m_-5951493921425746223gmail-m_895379137252340446gmail-sc_title_regular m_-5951493921425746223gmail-m_895379137252340446gmail-margin_top_tiny\">\u00a0Elx, espai lliure de feixisme, racisme i xenof\u00f2bia<\/h3>\n<div class=\"m_-5951493921425746223gmail-m_895379137252340446gmail-wpb_text_column m_-5951493921425746223gmail-m_895379137252340446gmail-wpb_content_element\">El Ple d&#8217;octubre de 2018 va aprovar declarar Elx, espai lliure de feixisme, racisme i xenof\u00f2bia.<\/div>\n<div class=\"m_-5951493921425746223gmail-m_895379137252340446gmail-wpb_text_column m_-5951493921425746223gmail-m_895379137252340446gmail-wpb_content_element\">\n<div class=\"m_-5951493921425746223gmail-m_895379137252340446gmail-wpb_wrapper\">\n<p>A trav\u00e9s d&#8217;aquest formulari, es posa en marxa un sistema de comunicaci\u00f3 an\u00f2nima electr\u00f2nica amb l&#8217;ajuntament, on poder comunicar qualsevol incident o fet racista, xen\u00f2fob o LGTBfob.<\/p>\n<p>Es pot comunicar des d&#8217;un presumpte delicte d&#8217;odi la causa del qual haja sigut el rebuig a un col\u00b7lectiu en base al seu origen \u00e8tnic o nacional, idioma, orientaci\u00f3 sexual, religi\u00f3, g\u00e8nere, discapacitat, o qualsevol altra circumst\u00e0ncia, fins a qualsevol fet o discurs racista, xen\u00f2fob o LGTBfob, como poden ser pintades, taules petit\u00f2ries, entre altres.<\/p>\n<\/div>\n<\/div>\n<p>&nbsp;<\/p>\n<div class=\"wpcf7 no-js\" id=\"wpcf7-f74599-o1\" lang=\"es-ES\" dir=\"ltr\" data-wpcf7-id=\"74599\">\n<div class=\"screen-reader-response\"><p role=\"status\" aria-live=\"polite\" aria-atomic=\"true\"><\/p> <ul><\/ul><\/div>\n<form action=\"\/va\/wp-json\/wp\/v2\/pages\/74594#wpcf7-f74599-o1\" method=\"post\" class=\"wpcf7-form init\" aria-label=\"Formulario de contacto\" enctype=\"multipart\/form-data\" novalidate=\"novalidate\" data-status=\"init\">\n<div style=\"display: none;\">\n<input type=\"hidden\" name=\"_wpcf7\" value=\"74599\" \/>\n<input type=\"hidden\" name=\"_wpcf7_version\" value=\"6.0.6\" \/>\n<input type=\"hidden\" name=\"_wpcf7_locale\" value=\"es_ES\" \/>\n<input type=\"hidden\" name=\"_wpcf7_unit_tag\" value=\"wpcf7-f74599-o1\" \/>\n<input type=\"hidden\" name=\"_wpcf7_container_post\" value=\"0\" \/>\n<input type=\"hidden\" name=\"_wpcf7_posted_data_hash\" value=\"\" \/>\n<\/div>\n<p><b>Descripci\u00f3 del fet<\/b>\n<\/p>\n<p><span class=\"wpcf7-form-control-wrap\" data-name=\"textarea-380\"><textarea cols=\"40\" rows=\"10\" maxlength=\"2000\" class=\"wpcf7-form-control wpcf7-textarea\" aria-invalid=\"false\" name=\"textarea-380\"><\/textarea><\/span>\n<\/p>\n<p><b>Tipus d'acte<\/b>\n<\/p>\n<p><span class=\"wpcf7-form-control-wrap\" data-name=\"Tipodeacto\"><span class=\"wpcf7-form-control wpcf7-checkbox\"><span class=\"wpcf7-list-item first\"><input type=\"checkbox\" name=\"Tipodeacto[]\" value=\"Pintada\" \/><span class=\"wpcf7-list-item-label\">Pintada<\/span><\/span><span class=\"wpcf7-list-item\"><input type=\"checkbox\" name=\"Tipodeacto[]\" value=\"Taula petit\u00f2ria\" \/><span class=\"wpcf7-list-item-label\">Taula petit\u00f2ria<\/span><\/span><span class=\"wpcf7-list-item\"><input type=\"checkbox\" name=\"Tipodeacto[]\" value=\"Concentraci\u00f3 no autoritzada\" \/><span class=\"wpcf7-list-item-label\">Concentraci\u00f3 no autoritzada<\/span><\/span><span class=\"wpcf7-list-item last\"><input type=\"checkbox\" name=\"Tipodeacto[]\" value=\"Altres\" \/><span class=\"wpcf7-list-item-label\">Altres<\/span><\/span><\/span><\/span>\n<\/p>\n<p><b>Adjuntar-hi imatge<\/b>\n<\/p>\n<p><span class=\"wpcf7-form-control-wrap\" data-name=\"file-634\"><input size=\"40\" class=\"wpcf7-form-control wpcf7-file\" accept=\"audio\/*,video\/*,image\/*\" aria-invalid=\"false\" type=\"file\" name=\"file-634\" \/><\/span>\n<\/p>\n<p><input class=\"wpcf7-form-control wpcf7-submit has-spinner\" type=\"submit\" value=\"Enviar\" \/>\n<\/p><div class=\"wpcf7-response-output\" aria-hidden=\"true\"><\/div>\n<\/form>\n<\/div>\n[\/vc_column_text][\/vc_column][\/vc_row][vc_row][vc_column][vc_column_text][\/vc_column_text][\/vc_column][\/vc_row]<\/p>\n<\/div>","protected":false},"excerpt":{"rendered":"<p>[vc_row full_width=&#8221;stretch_row&#8221; css=&#8221;.vc_custom_1475488224066{background-color: #dddde0 !important;}&#8221;][vc_column][vc_column_text][\/vc_column_text][\/vc_column][\/vc_row][vc_row css=&#8221;.vc_custom_1475488264405{padding-bottom: 40px !important;}&#8221; el_id=&#8221;bloque_basica&#8221;][vc_column width=&#8221;2\/3&#8243;][vc_empty_space][vc_column_text] \u00a0Elx, espai lliure de feixisme, racisme i xenof\u00f2bia El Ple d&#8217;octubre de 2018 va aprovar declarar Elx, espai lliure de [&hellip;]<\/p>\n","protected":false},"author":9,"featured_media":74586,"parent":0,"menu_order":0,"comment_status":"closed","ping_status":"closed","template":"","meta":{"footnotes":""},"class_list":["post-74594","page","type-page","status-publish","has-post-thumbnail","hentry"],"_links":{"self":[{"href":"https:\/\/www.elche.es\/va\/wp-json\/wp\/v2\/pages\/74594","targetHints":{"allow":["GET"]}}],"collection":[{"href":"https:\/\/www.elche.es\/va\/wp-json\/wp\/v2\/pages"}],"about":[{"href":"https:\/\/www.elche.es\/va\/wp-json\/wp\/v2\/types\/page"}],"author":[{"embeddable":true,"href":"https:\/\/www.elche.es\/va\/wp-json\/wp\/v2\/users\/9"}],"replies":[{"embeddable":true,"href":"https:\/\/www.elche.es\/va\/wp-json\/wp\/v2\/comments?post=74594"}],"version-history":[{"count":0,"href":"https:\/\/www.elche.es\/va\/wp-json\/wp\/v2\/pages\/74594\/revisions"}],"wp:featuredmedia":[{"embeddable":true,"href":"https:\/\/www.elche.es\/va\/wp-json\/wp\/v2\/media\/74586"}],"wp:attachment":[{"href":"https:\/\/www.elche.es\/va\/wp-json\/wp\/v2\/media?parent=74594"}],"curies":[{"name":"wp","href":"https:\/\/api.w.org\/{rel}","templated":true}]}}