{"id":7475,"date":"2016-10-25T13:15:16","date_gmt":"2016-10-25T13:15:16","guid":{"rendered":"http:\/\/www.elche.es\/va\/benestar-social\/documentos-bienestar-social\/"},"modified":"2024-07-02T10:21:23","modified_gmt":"2024-07-02T08:21:23","slug":"documents-i-normativa","status":"publish","type":"page","link":"https:\/\/www.elche.es\/va\/derechos-sociales\/documents-i-normativa\/","title":{"rendered":"Subvencions i Normatives Benestar Social"},"content":{"rendered":"<div class=\"wpb-content-wrapper\"><p>[vc_row full_width=&#8221;stretch_row&#8221; css=&#8221;.vc_custom_1511254352755{background-color: #dddde0 !important;}&#8221; el_id=&#8221;breadcrumb&#8221;][vc_column][vc_column_text]<nav aria-label=\"breadcrumbs\">\n            <div class=\"breadcrumb-container theme1\">\n                <ol>\n                                    <\/ol>\n            <\/div>\n        <\/nav>    <script type=\"application\/ld+json\">\n        {\n            \"@context\": \"http:\/\/schema.org\",\n            \"@type\": \"BreadcrumbList\",\n            \"itemListElement\": [\n                            ]\n        }\n    <\/script>\n    <style type=\"text\/css\">\n        .breadcrumb-container {\n            font-size: 13px;\n        }\n\n        .breadcrumb-container ul {\n            margin: 0;\n            padding: 0;\n        }\n\n        .breadcrumb-container li {\n            box-sizing: unset;\n            display: inline-block;\n            margin: 0;\n            padding: 0;\n        }\n\n        .breadcrumb-container li a {\n            box-sizing: unset;\n            padding: 0 10px;\n        }\n\n        .breadcrumb-container {\n            font-size: 3 !important;\n                    }\n\n        .breadcrumb-container li a {\n            color: #0a0a0a !important;\n            font-size: 3 !important;\n            line-height: 3 !important;\n                    }\n\n        .breadcrumb-container li .separator {\n            font-size: 3 !important;\n                    }\n\n        .breadcrumb-container li:last-child .separator {\n            display: none;\n        }\n    <\/style>\n    <style type=\"text\/css\">\n        .breadcrumb-container.theme1 li {\n            margin: 0;\n            padding: 0;\n        }\n        .breadcrumb-container.theme1 a {\n            background: ;\n            display: inline-block;\n            margin: 0 5px;\n            padding: 5px 10px;\n            text-decoration: none;\n        }\n    <\/style>\n        <style type=\"text\/css\">\n            <\/style>\n    <script>\n            <\/script>\n[\/vc_column_text][\/vc_column][\/vc_row][vc_row full_width=&#8221;stretch_row&#8221; css=&#8221;.vc_custom_1669798819735{padding-top: 40px !important;padding-bottom: 140px !important;}&#8221;][vc_column]<h1 class=\"sc_title sc_title_regular titulo-pagina margin_top_small\">Subvencions i normativa de Serveis Socials<\/h1>[vc_row_inner css=&#8221;.vc_custom_1475142298750{padding-right: 30px !important;padding-bottom: 30px !important;padding-left: 30px !important;background-color: #ffffff !important;}&#8221;][vc_column_inner][vc_column_text]<\/p>\n<h5>Normatives municipals:<\/h5>\n<p>[\/vc_column_text][vc_empty_space]\r\n        <p>\r\n        <span class=\"enlaces-titulo\"> Ordenan\u00e7a sobre accessibilitat al medi de persones amb capacitats de mobilitat redu\u00efda <\/span> <span><a class=\"enlaces-link\" target='_blank'href=\"https:\/\/www.elche.es\/media\/files\/ORDENANZA_SOBRE_ACCESIBILIDAD_AL_MEDIO_DE_PERSONAS_CON_CAPACIDADES_DE_MOVILIDAD_REDUCIDA.pdf \">Veure enlla\u00e7<\/a><\/span>\r\n        <br>\r\n        <span class=\"enlaces-descripcion\"><\/span>\r\n        <\/p>\r\n        <hr class=\"enlaces-separador\">\r\n        \r\n        <p>\r\n        <span class=\"enlaces-titulo\"> Ordenan\u00e7a reguladora del servei d'ajuda a domicili <\/span> <span><a class=\"enlaces-link\" target='_blank'href=\"https:\/\/www.elche.es\/media\/files\/ORDENANZA_REGULADORA_DEL_SERVICIO_DE_AYUDA_A_DOMICILIO.pdf \">Veure enlla\u00e7<\/a><\/span>\r\n        <br>\r\n        <span class=\"enlaces-descripcion\"><\/span>\r\n        <\/p>\r\n        <hr class=\"enlaces-separador\">\r\n        \r\n        <p>\r\n        <span class=\"enlaces-titulo\"> Ordenan\u00e7a reguladora de l'acc\u00e9s gratu\u00eft a l'autob\u00fas per a majors i pensionistes <\/span> <span><a class=\"enlaces-link\" target='_blank'href=\"https:\/\/www.elche.es\/media\/files\/ORDENANZA_REGULADORA_DEL_ACCESO_GRATUITO_AL_AUTOBUS_PARA_MAYORES_Y_PENSIONISTAS.pdf \">Veure enlla\u00e7<\/a><\/span>\r\n        <br>\r\n        <span class=\"enlaces-descripcion\"><\/span>\r\n        <\/p>\r\n        <hr class=\"enlaces-separador\">\r\n        \r\n        <p>\r\n        <span class=\"enlaces-titulo\"> Reglament org\u00e0nic del Consell Municipal d'Integraci\u00f3 <\/span> <span><a class=\"enlaces-link\" target='_blank'href=\"https:\/\/www.elche.es\/media\/files\/REGLMANTO_ORGANICO_DEL_CONSEJO_MUNICIPAL_DE_INTEGRACION.pdf \">Veure enlla\u00e7<\/a><\/span>\r\n        <br>\r\n        <span class=\"enlaces-descripcion\"><\/span>\r\n        <\/p>\r\n        <hr class=\"enlaces-separador\">\r\n        \r\n        <p>\r\n        <span class=\"enlaces-titulo\"> Reglament del Consell Municipal de persones majors <\/span> <span><a class=\"enlaces-link\" target='_blank'href=\"https:\/\/www.elche.es\/media\/files\/REGLAMENTO_ORGANICO_DEL_CONSEJO_MUNICPAL_DE_PERSONAS_MAYORES.pdf \">Veure enlla\u00e7<\/a><\/span>\r\n        <br>\r\n        <span class=\"enlaces-descripcion\"><\/span>\r\n        <\/p>\r\n        <hr class=\"enlaces-separador\">\r\n        \r\n        <p>\r\n        <span class=\"enlaces-titulo\"> Reglament del Consell Municipal de persones amb discapacitat <\/span> <span><a class=\"enlaces-link\" target='_blank'href=\"https:\/\/www.elche.es\/media\/files\/REGLAMENTO_DEL_CONSEJO_MUNICIPAL_DE_PERSONAS_CON_DISCAPACIDAD_1.pdf \">Veure enlla\u00e7<\/a><\/span>\r\n        <br>\r\n        <span class=\"enlaces-descripcion\"><\/span>\r\n        <\/p>\r\n        <hr class=\"enlaces-separador\">\r\n        \r\n        <p>\r\n        <span class=\"enlaces-titulo\"> Reglament Org\u00e0nic del Consell Municipal d'Igualtat i Fam\u00edlia <\/span> <span><a class=\"enlaces-link\" target='_blank'href=\"https:\/\/www.elche.es\/wp-content\/uploads\/2017\/05\/REGLAMENTO_ORGANICO_DEL_CONSEJO_MUNICPAL_DE_IGUALDAD_Y_FAMILIA.pdf \">Veure enlla\u00e7<\/a><\/span>\r\n        <br>\r\n        <span class=\"enlaces-descripcion\"><\/span>\r\n        <\/p>\r\n        <hr class=\"enlaces-separador\">\r\n        \r\n        <p>\r\n        <span class=\"enlaces-titulo\"> Sol\u00b7licitud per a la utilitzaci\u00f3 PUNTUAL o PERMANENT d'espais als centres socials municipals per entitats o associacions (A176) <\/span> <span><a class=\"enlaces-link\" target='_blank'href=\"https:\/\/www.elche.es\/wp-content\/uploads\/2017\/04\/A176_Solicitud_espacios_centros_sociales_por_enti.pdf \">Veure enlla\u00e7<\/a><\/span>\r\n        <br>\r\n        <span class=\"enlaces-descripcion\"><\/span>\r\n        <\/p>\r\n        <hr class=\"enlaces-separador\">\r\n        [vc_column_text]<\/p>\n<h5>Subvencions:<\/h5>\n<p>[\/vc_column_text][vc_empty_space]\r\n        <p>\r\n        <span class=\"enlaces-titulo\"> Convocat\u00f2ria per a la concessi\u00f3 de subvencions destinades al manteniment i funcionament de les seus d'associacions i entitats d'inter\u00e9s social i sense \u00e0nim de lucre. Exercici 2023. (Termini de presentaci\u00f3: des del 22\/03\/2024 fins al 22\/04\/2024) <\/span> <span><a class=\"enlaces-link\" target='_blank'href=\"https:\/\/sede.elche.es\/sta\/CarpetaPublic\/doEvent?APP_CODE=STA&amp;PAGE_CODE=CATALOGO&amp;DETALLE=6269000002728161307922 \">Veure enlla\u00e7<\/a><\/span>\r\n        <br>\r\n        <span class=\"enlaces-descripcion\">FINALITZAT TERMINI<\/span>\r\n        <\/p>\r\n        <hr class=\"enlaces-separador\">\r\n        \r\n        <p>\r\n        <span class=\"enlaces-titulo\"> Convocat\u00f2ria per a la concessi\u00f3 de subvencions a associacions i entitats socials i sense \u00e0nim de lucre per a la realitzaci\u00f3 de programes i activitats d'inter\u00e9s social. (Termini de presentaci\u00f3: des del 22\/03\/2024 fins al 22\/04\/2024). <\/span> <span><a class=\"enlaces-link\" target='_blank'href=\"https:\/\/sede.elche.es\/sta\/CarpetaPublic\/doEvent?APP_CODE=STA&amp;PAGE_CODE=CATALOGO&amp;DETALLE=6269000002745544407922 \">Veure enlla\u00e7<\/a><\/span>\r\n        <br>\r\n        <span class=\"enlaces-descripcion\">FINALITZAT TERMINI<\/span>\r\n        <\/p>\r\n        <hr class=\"enlaces-separador\">\r\n        \r\n        <p>\r\n        <span class=\"enlaces-titulo\"> Convocat\u00f2ria per a la concessi\u00f3 de subvencions a associacions de dones i entitats socials sense \u00e0nim de lucre per a la realitzaci\u00f3 de programes i activitats d'inter\u00e9s social que tinguen per finalitat la promoci\u00f3 i integraci\u00f3 laboral de la dona, l'enfortiment i consolidaci\u00f3 del moviment associatiu de dones i la igualtat d'oportunitats entre dones i homes al municipi d'Elche. Exercici 2023. (Termini de presentaci\u00f3: des del 21\/03\/2023 fins al 19\/04\/2023) <\/span> <span><a class=\"enlaces-link\" target='_blank'href=\"https:\/\/sede.elche.es\/sta\/CarpetaPublic\/doEvent?APP_CODE=STA&amp;PAGE_CODE=CATALOGO&amp;DETALLE=6269000000564024699500 \">Veure enlla\u00e7<\/a><\/span>\r\n        <br>\r\n        <span class=\"enlaces-descripcion\"><\/span>\r\n        <\/p>\r\n        <hr class=\"enlaces-separador\">\r\n        [\/vc_column_inner][\/vc_row_inner][\/vc_column][\/vc_row][vc_row][vc_column][\/vc_column][\/vc_row]<\/p>\n<\/div>","protected":false},"excerpt":{"rendered":"<p>[vc_row full_width=&#8221;stretch_row&#8221; css=&#8221;.vc_custom_1511254352755{background-color: #dddde0 !important;}&#8221; el_id=&#8221;breadcrumb&#8221;][vc_column][vc_column_text][\/vc_column_text][\/vc_column][\/vc_row][vc_row full_width=&#8221;stretch_row&#8221; css=&#8221;.vc_custom_1669798819735{padding-top: 40px !important;padding-bottom: 140px !important;}&#8221;][vc_column][vc_row_inner css=&#8221;.vc_custom_1475142298750{padding-right: 30px !important;padding-bottom: 30px !important;padding-left: 30px !important;background-color: #ffffff !important;}&#8221;][vc_column_inner][vc_column_text] Normatives municipals: [\/vc_column_text][vc_empty_space][vc_column_text] Subvencions: [\/vc_column_text][vc_empty_space][\/vc_column_inner][\/vc_row_inner][\/vc_column][\/vc_row][vc_row][vc_column][\/vc_column][\/vc_row]<\/p>\n","protected":false},"author":10,"featured_media":0,"parent":27955,"menu_order":5,"comment_status":"closed","ping_status":"closed","template":"","meta":{"footnotes":""},"class_list":["post-7475","page","type-page","status-publish","hentry"],"_links":{"self":[{"href":"https:\/\/www.elche.es\/va\/wp-json\/wp\/v2\/pages\/7475","targetHints":{"allow":["GET"]}}],"collection":[{"href":"https:\/\/www.elche.es\/va\/wp-json\/wp\/v2\/pages"}],"about":[{"href":"https:\/\/www.elche.es\/va\/wp-json\/wp\/v2\/types\/page"}],"author":[{"embeddable":true,"href":"https:\/\/www.elche.es\/va\/wp-json\/wp\/v2\/users\/10"}],"replies":[{"embeddable":true,"href":"https:\/\/www.elche.es\/va\/wp-json\/wp\/v2\/comments?post=7475"}],"version-history":[{"count":5,"href":"https:\/\/www.elche.es\/va\/wp-json\/wp\/v2\/pages\/7475\/revisions"}],"predecessor-version":[{"id":305041,"href":"https:\/\/www.elche.es\/va\/wp-json\/wp\/v2\/pages\/7475\/revisions\/305041"}],"up":[{"embeddable":true,"href":"https:\/\/www.elche.es\/va\/wp-json\/wp\/v2\/pages\/27955"}],"wp:attachment":[{"href":"https:\/\/www.elche.es\/va\/wp-json\/wp\/v2\/media?parent=7475"}],"curies":[{"name":"wp","href":"https:\/\/api.w.org\/{rel}","templated":true}]}}