{"id":7518,"date":"2016-10-24T10:26:10","date_gmt":"2016-10-24T10:26:10","guid":{"rendered":"http:\/\/www.elche.es\/va\/comunicacion\/"},"modified":"2024-05-14T09:02:14","modified_gmt":"2024-05-14T07:02:14","slug":"comunicacio","status":"publish","type":"page","link":"https:\/\/www.elche.es\/va\/comunicacio\/","title":{"rendered":"Comunicaci\u00f3"},"content":{"rendered":"<div class=\"wpb-content-wrapper\"><p>[vc_row][vc_column]<div class=\"templatera_shortcode\"><div id=\"bloque_titulo\" data-vc-full-width=\"true\" data-vc-full-width-init=\"false\" class=\"vc_row wpb_row vc_row-fluid slidersecciones vc_custom_1611737201257 vc_row-has-fill\"><div class=\"wpb_column vc_column_container vc_col-sm-12\"><div class=\"vc_column-inner\"><div class=\"wpb_wrapper\"><h2 style=\"color: #ffffff;text-align: center;font-family:Ubuntu;font-weight:700;font-style:normal\" class=\"vc_custom_heading vc_do_custom_heading sombraTitulo cabeceramovil\" >COMUNICACI\u00d3<\/h2><\/div><\/div><\/div><\/div><div class=\"vc_row-full-width vc_clearfix\"><\/div><div id=\"bloque_menu_enlaces\" data-vc-full-width=\"true\" data-vc-full-width-init=\"false\" data-vc-stretch-content=\"true\" class=\"vc_row wpb_row vc_row-fluid bloquemnuestop vc_custom_1629977340156 vc_row-has-fill vc_row-no-padding\"><div class=\"wpb_column vc_column_container vc_col-sm-12\"><div class=\"vc_column-inner\"><div class=\"wpb_wrapper\">\r\n        \r\n        <a class=\"menuVC\"  href=\"https:\/\/www.elche.es\/va\/comunicacio\/imagen-corporativa\/\"> <span> Imatge corporativa <\/span><\/a>\r\n        \r\n        <a class=\"menuVC\"  href=\"https:\/\/www.elche.es\/va\/comunicacio\/contratacion-de-publicidad\/\"> <span> Contractaci\u00f3 de publicitat <\/span><\/a>\r\n        \r\n        <a class=\"menuVC\"  href=\"https:\/\/www.elche.es\/va\/publicitat-institucional\/\"> <span> Publicitat institucional <\/span><\/a><\/div><\/div><\/div><\/div><div class=\"vc_row-full-width vc_clearfix\"><\/div><\/div>[\/vc_column][\/vc_row][vc_row full_width=&#8221;stretch_row&#8221; css=&#8221;.vc_custom_1475486881904{background-color: #dddde0 !important;}&#8221;][vc_column][vc_column_text]<nav aria-label=\"breadcrumbs\">\n            <div class=\"breadcrumb-container theme1\">\n                <ol>\n                                    <\/ol>\n            <\/div>\n        <\/nav>    <script type=\"application\/ld+json\">\n        {\n            \"@context\": \"http:\/\/schema.org\",\n            \"@type\": \"BreadcrumbList\",\n            \"itemListElement\": [\n                            ]\n        }\n    <\/script>\n    <style type=\"text\/css\">\n        .breadcrumb-container {\n            font-size: 13px;\n        }\n\n        .breadcrumb-container ul {\n            margin: 0;\n            padding: 0;\n        }\n\n        .breadcrumb-container li {\n            box-sizing: unset;\n            display: inline-block;\n            margin: 0;\n            padding: 0;\n        }\n\n        .breadcrumb-container li a {\n            box-sizing: unset;\n            padding: 0 10px;\n        }\n\n        .breadcrumb-container {\n            font-size: 3 !important;\n                    }\n\n        .breadcrumb-container li a {\n            color: #0a0a0a !important;\n            font-size: 3 !important;\n            line-height: 3 !important;\n                    }\n\n        .breadcrumb-container li .separator {\n            font-size: 3 !important;\n                    }\n\n        .breadcrumb-container li:last-child .separator {\n            display: none;\n        }\n    <\/style>\n    <style type=\"text\/css\">\n        .breadcrumb-container.theme1 li {\n            margin: 0;\n            padding: 0;\n        }\n        .breadcrumb-container.theme1 a {\n            background: ;\n            display: inline-block;\n            margin: 0 5px;\n            padding: 5px 10px;\n            text-decoration: none;\n        }\n    <\/style>\n        <style type=\"text\/css\">\n            <\/style>\n    <script>\n            <\/script>\n[\/vc_column_text][\/vc_column][\/vc_row][vc_row full_width=&#8221;stretch_row&#8221;][vc_column]<div class=\"sc_content content_wrap\"><div class=\"columns_wrap sc_columns columns_nofluid sc_columns_count_2 history \"><div class=\"column-1_2 sc_column_item sc_column_item_1 odd first\"><h3 class=\"sc_title sc_title_regular margin_top_small\" style=\"margin-top: 4.05em;margin-bottom: 1.35em;\">COMUNICACI\u00d3<\/h3>\n\t<div class=\"wpb_text_column wpb_content_element &#8221;short_text&#8221;\" >\n\t\t<div class=\"wpb_wrapper\">\n\t\t\t<p>La Regidoria de Comunicaci\u00f3 \u00e9s l&#8217;encarregada de coordinar i difondre les iniciatives i les campanyes sorgides en el si de l&#8217;Ajuntament. Des d&#8217;aquesta \u00e0rea es potencien iniciatives comunicatives que faciliten l&#8217;acostament i el coneixement entre l&#8217;Administraci\u00f3 Local i la ciutadania. A trav\u00e9s d&#8217;aquesta Regidoria es mantenen relacions amb els mitjans de comunicaci\u00f3 externs.<\/p>\n\n\t\t<\/div>\n\t<\/div>\n<div id='modulo_datos_contacto'> <p class='titulo_datos_contacto'>Dades de contacte <\/p> <hr><p class=\"contactoArea\"> <i class=\"fa fa-map-marker\" aria-hidden=\"true\"><\/i>Pla\u00e7a de Men\u00e9ndez i Pelayo, 2 \u00b7 03202 Elx<\/p><p class=\"contactoArea\"><i class=\"fa fa-phone\" aria-hidden=\"true\"><\/i>966 658 095<\/p><p class=\"contactoArea\"><i class=\"fa fa-envelope\" aria-hidden=\"true\"><\/i><a href=\"mailto:comunicacio@elche.es\"> comunicacio@elche.es<\/a><\/p><p class=\"contactoArea\"><i class=\"fa fa-clock-o\" aria-hidden=\"true\"><\/i>Horari de 8:30 a 14:00 hores<\/p>\n<p><span style=\"color: #ffffff\">Responsable de premsa: Margarita Garc\u00eda Maci\u00e1<\/span><\/p><div id='contacto-rrss'><\/div><\/div><\/div><div class=\"column-1_2 sc_column_item sc_column_item_2 even\"><div\r\n                id=\"sbs-openstreetmap-block-69e3266801171\" \r\n                class=\"sbs_openstreetmap_module\" \r\n                data-map-style=\"&#8221;openstreetmap_de&#8221;\"\r\n                data-map-style-key=\"\"\r\n                data-zoom=\"15\" \r\n                data-ctrl-mouse-zoom=\"false\" \r\n                data-latitude=\"0.000000\" \r\n                data-longitude=\"0.000000\" \r\n                data-routing=\"false\" \r\n                data-destination-marker=\"0\" \r\n                data-router=\"osrmv1\" \r\n                data-router-key=\"\" \r\n                data-show-attribution=\"true\" \r\n                data-geocoder=\"nominatim\" \r\n                data-geocoder-key=\"\" \r\n                data-center-marker=\"0\"\r\n                data-marker-list='[{\"marker_source\":\"coordinates\",\"marker_address\":\"\",\"marker_latitude\":\"&#8221;38.26564443815928&#8243;\",\"marker_longitude\":\"&#8221;-0.6991322266112601&#8243;\",\"marker_center\":\"true\",\"marker_icon\":\"\",\"marker_color\":\"&#8221;red&#8221;\"}]'>\r\n                <div class=\"sbs_openstreetmap_container\" style=\"padding-bottom: 0%\"><\/div>\r\n                <div class=\"marker_list\">\r\n                    <div class=\"marker_element\" data-marker-source=\"coordinates\" data-marker-address=\"\" data-marker-latitude=\"0.000000\" data-marker-longitude=\"0.000000\" data-marker-icon=\"\" data-marker-color=\"&#8221;red&#8221;\" data-marker-text=\"\">Marker <span class=\"marker_number\"><\/span> (lat: &#8221;38.26564443815928&#8243;, lng: &#8221;-0.6991322266112601&#8243;)<\/div>                <\/div>\r\n            <\/div><\/div><\/div><\/div>[\/vc_column][\/vc_row]<\/p>\n<\/div>","protected":false},"excerpt":{"rendered":"COMUNICACI\u00d3 Imatge corporativa Contractaci\u00f3 de publicitat Publicitat institucional COMUNICACI\u00d3 La Regidoria de Comunicaci\u00f3 \u00e9s l'encarregada de coordinar i difondre les iniciatives i les campanyes sorgides en el si de l'Ajuntament. [...]","protected":false},"author":131,"featured_media":0,"parent":0,"menu_order":0,"comment_status":"closed","ping_status":"closed","template":"","meta":{"footnotes":""},"class_list":["post-7518","page","type-page","status-publish","hentry"],"_links":{"self":[{"href":"https:\/\/www.elche.es\/va\/wp-json\/wp\/v2\/pages\/7518","targetHints":{"allow":["GET"]}}],"collection":[{"href":"https:\/\/www.elche.es\/va\/wp-json\/wp\/v2\/pages"}],"about":[{"href":"https:\/\/www.elche.es\/va\/wp-json\/wp\/v2\/types\/page"}],"author":[{"embeddable":true,"href":"https:\/\/www.elche.es\/va\/wp-json\/wp\/v2\/users\/131"}],"replies":[{"embeddable":true,"href":"https:\/\/www.elche.es\/va\/wp-json\/wp\/v2\/comments?post=7518"}],"version-history":[{"count":4,"href":"https:\/\/www.elche.es\/va\/wp-json\/wp\/v2\/pages\/7518\/revisions"}],"predecessor-version":[{"id":300039,"href":"https:\/\/www.elche.es\/va\/wp-json\/wp\/v2\/pages\/7518\/revisions\/300039"}],"wp:attachment":[{"href":"https:\/\/www.elche.es\/va\/wp-json\/wp\/v2\/media?parent=7518"}],"curies":[{"name":"wp","href":"https:\/\/api.w.org\/{rel}","templated":true}]}}