{"id":7525,"date":"2016-10-26T09:58:50","date_gmt":"2016-10-26T09:58:50","guid":{"rendered":"http:\/\/www.elche.es\/va\/representacion-institucional\/"},"modified":"2024-06-10T13:14:05","modified_gmt":"2024-06-10T11:14:05","slug":"representacio-institucional","status":"publish","type":"page","link":"https:\/\/www.elche.es\/va\/representacio-institucional\/","title":{"rendered":"Representaci\u00f3 institucional"},"content":{"rendered":"<div class=\"wpb-content-wrapper\"><p>[vc_row full_width=&#8221;stretch_row&#8221; css=&#8221;.vc_custom_1622186927730{background-image: url(https:\/\/www.elche.es\/wp-content\/uploads\/2016\/07\/cabecera_\u00e1reas.png?id=3657) !important;background-position: center !important;background-repeat: no-repeat !important;background-size: cover !important;}&#8221; el_id=&#8221;bloque_titulo&#8221; el_class=&#8221;slidersecciones&#8221;][vc_column][vc_custom_heading text=&#8221;REPRESENTACI\u00d3 INSTITUCIONAL&#8221; font_container=&#8221;tag:h2|text_align:center|color:%23ffffff&#8221; google_fonts=&#8221;font_family:Ubuntu%3A300%2C300italic%2Cregular%2Citalic%2C500%2C500italic%2C700%2C700italic|font_style:700%20bold%20regular%3A700%3Anormal&#8221; el_class=&#8221;sombraTitulo cabeceramovil&#8221;][\/vc_column][\/vc_row][vc_row full_width=&#8221;stretch_row&#8221; css=&#8221;.vc_custom_1475486881904{background-color: #dddde0 !important;}&#8221;][vc_column][vc_column_text]<nav aria-label=\"breadcrumbs\">\n            <div class=\"breadcrumb-container theme1\">\n                <ol>\n                                    <\/ol>\n            <\/div>\n        <\/nav>    <script type=\"application\/ld+json\">\n        {\n            \"@context\": \"http:\/\/schema.org\",\n            \"@type\": \"BreadcrumbList\",\n            \"itemListElement\": [\n                            ]\n        }\n    <\/script>\n    <style type=\"text\/css\">\n        .breadcrumb-container {\n            font-size: 13px;\n        }\n\n        .breadcrumb-container ul {\n            margin: 0;\n            padding: 0;\n        }\n\n        .breadcrumb-container li {\n            box-sizing: unset;\n            display: inline-block;\n            margin: 0;\n            padding: 0;\n        }\n\n        .breadcrumb-container li a {\n            box-sizing: unset;\n            padding: 0 10px;\n        }\n\n        .breadcrumb-container {\n            font-size: 3 !important;\n                    }\n\n        .breadcrumb-container li a {\n            color: #0a0a0a !important;\n            font-size: 3 !important;\n            line-height: 3 !important;\n                    }\n\n        .breadcrumb-container li .separator {\n            font-size: 3 !important;\n                    }\n\n        .breadcrumb-container li:last-child .separator {\n            display: none;\n        }\n    <\/style>\n    <style type=\"text\/css\">\n        .breadcrumb-container.theme1 li {\n            margin: 0;\n            padding: 0;\n        }\n        .breadcrumb-container.theme1 a {\n            background: ;\n            display: inline-block;\n            margin: 0 5px;\n            padding: 5px 10px;\n            text-decoration: none;\n        }\n    <\/style>\n        <style type=\"text\/css\">\n            <\/style>\n    <script>\n            <\/script>\n[\/vc_column_text][\/vc_column][\/vc_row][vc_row full_width=&#8221;stretch_row&#8221;][vc_column]<div class=\"sc_content content_wrap\"><div class=\"columns_wrap sc_columns columns_nofluid sc_columns_count_2 history \"><div class=\"column-1_2 sc_column_item sc_column_item_1 odd first\"><h3 class=\"sc_title sc_title_regular margin_top_small\" style=\"margin-top: 4.05em;margin-bottom: 1.35em;\">REPRESENTACI\u00d3 INSTITUCIONAL<\/h3>[vc_column_text el_class=&#8221;short_text&#8221; css=&#8221;.vc_custom_1478867596394{padding-bottom: 80px !important;}&#8221;]Departament municipal encarregat de les compet\u00e8ncies relacionades amb la representaci\u00f3 corporativa i protocol\u00b7l\u00e0ria davant altres organismes i institucions.[\/vc_column_text]<div id='modulo_datos_contacto'> <p class='titulo_datos_contacto'>Dades de contacte <\/p> <hr><p class=\"contactoArea\"> <i class=\"fa fa-map-marker\" aria-hidden=\"true\"><\/i>Pla\u00e7a de Men\u00e9ndez i Pelayo, 2. 03202 Elx<\/p><p class=\"contactoArea\"><i class=\"fa fa-phone\" aria-hidden=\"true\"><\/i>966 658 024<\/p><p class=\"contactoArea\"><i class=\"fa fa-envelope\" aria-hidden=\"true\"><\/i><a href=\"mailto:protocolo@elche.es\"> protocolo@elche.es<\/a><\/p><div id='contacto-rrss'><\/div><\/div><\/div><div class=\"column-1_2 sc_column_item sc_column_item_2 even\">[sbs_wpb_openstreetmap map_style=&#8221;openstreetmap_de&#8221; map_height=&#8221;100&#8243; ctrl_mouse_zoom=&#8221;true&#8221; latitude=&#8221;38.265617&#8243; longitude=&#8221;-0.699116&#8243;][sbs_wpb_marker marker_source=&#8221;coordinates&#8221; marker_color=&#8221;red&#8221; marker_latitude=&#8221;38.265617&#8243; marker_longitude=&#8221;-0.699116&#8243;][\/sbs_wpb_marker][\/sbs_wpb_openstreetmap]<\/div><\/div><\/div>[\/vc_column][\/vc_row][vc_row full_width=&#8221;stretch_row&#8221; css=&#8221;.vc_custom_1477567691561{padding-bottom: 40px !important;background-color: #f3f3f3 !important;}&#8221; el_id=&#8221;bloque_noticias&#8221;][vc_column]<div class=\"sc_section aligncenter\"><div class=\"sc_section_inner\"><div class=\"sc_content content_wrap\"><h3 class=\"sc_title sc_title_regular sc_align_left\" style=\"text-align:left;\">Not\u00edcies<\/h3><div id=\"noticias\" class=\"sc_blogger layout_masonry_3 template_masonry  sc_blogger_horizontal sc_scroll_controls sc_scroll_controls_type_side sc_scroll_controls_horizontal\" style=\"p { font-size: 0.81em; }\"><div id=\"noticias_scroll\" class=\"sc_scroll sc_scroll_horizontal sc_slider_noresize swiper-slider-container scroll-container\" style=\"width:100%;\"><div class=\"sc_scroll_wrapper swiper-wrapper\"><div class=\"sc_scroll_slide swiper-slide\"><div class=\"isotope_wrap\" data-columns=\"3\">\t\t<div class=\"classicnoticias isotope_item isotope_item_masonry isotope_item_masonry_3 isotope_column_3\t\t\t\t\t\">\n\t\t\t<div class=\"post_item post_item_masonry post_item_masonry_3\t\t\t\t  post_format_standard odd\">\n\t\t\t\t\n\t\t\t\t\t\t\t\t\t<div class=\"post_featured\">\n\t\t\t\t\t\t\t<div class=\"post_thumb\" data-image=\"https:\/\/www.elche.es\/wp-content\/uploads\/2026\/04\/foto2.jpg\" data-title=\"Elx obri noves oportunitats d&#8217;inversi\u00f3 a la Xina despr\u00e9s d&#8217;una reuni\u00f3 de treball amb el districte de Nansha\">\n\t<a class=\"hover_icon hover_icon_link\" href=\"https:\/\/www.elche.es\/va\/2026\/04\/elx-obri-noves-oportunitats-dinversio-a-la-xina-despres-duna-reunio-de-treball-amb-el-districte-de-nansha\/\"><img loading=\"lazy\" decoding=\"async\" class=\"wp-post-image\" width=\"370\" height=\"190\" alt=\"Elx obri noves oportunitats d&#8217;inversi\u00f3 a la Xina despr\u00e9s d&#8217;una reuni\u00f3 de treball amb el districte de Nansha\" src=\"https:\/\/www.elche.es\/wp-content\/uploads\/2026\/04\/foto2-370x190.jpg\"><\/a>\t<\/div>\n\t\t\t\t\t\t<\/div>\n\t\t\t\t\n\t\t\t\t<div class=\"post_content isotope_item_content\">\n\t\t\t\t\t\n\t\t\t\t\t    <div class=\"post_info\">\n            <span\n            class=\"post_info_item post_info_posted\">            <a href=\"https:\/\/www.elche.es\/va\/2026\/04\/elx-obri-noves-oportunitats-dinversio-a-la-xina-despres-duna-reunio-de-treball-amb-el-districte-de-nansha\/\"\n               class=\"post_info_date\">15 Abril, 2026<\/a><\/span>\n            \n           \n        <\/div>\n\t\t\t\t\t\t\t\n\t\t\t\t\t\t\t<h5 class=\"post_title\"><a href=\"https:\/\/www.elche.es\/va\/2026\/04\/elx-obri-noves-oportunitats-dinversio-a-la-xina-despres-duna-reunio-de-treball-amb-el-districte-de-nansha\/\">Elx obri noves oportunitats d&#8217;inversi\u00f3 a la Xina despr\u00e9s d&#8217;una reuni\u00f3 de tr ... <\/a><\/h5>\n\t\t\t\t\t\t\t\n\t\t\t\t\t<div class=\"post_descr\">\n\t\t\t\t\t\tL'acalde, Pablo Ruz, i el regidor de Promoci\u00f3 Econ\u00f2mica, Samuel Ruiz, han qualificat la trobada de \u201cmolt productiva\u201d: han abordat oportunitats clau en mat\u00e8ria de comer\u00e7, agricultura i ind\u00fastria L'alcalde[...]<a href=\"https:\/\/www.elche.es\/va\/2026\/04\/elx-obri-noves-oportunitats-dinversio-a-la-xina-despres-duna-reunio-de-treball-amb-el-districte-de-nansha\/\" class=\"post_readmore\"><span class=\"post_readmore_label\">Leer m\u00e1s<\/span><\/a>\t\t\t\t\t<\/div>\n\n\t\t\t\t<\/div>\t\t\t\t<!-- \/.post_content -->\n\t\t\t<\/div>\t<!-- \/.post_item -->\n\t\t<\/div>\t\t\t\t\t\t<!-- \/.isotope_item -->\n\t\t\t\t<div class=\"classicnoticias isotope_item isotope_item_masonry isotope_item_masonry_3 isotope_column_3\t\t\t\t\t\">\n\t\t\t<div class=\"post_item post_item_masonry post_item_masonry_3\t\t\t\t  post_format_standard even\">\n\t\t\t\t\n\t\t\t\t\t\t\t\t\t<div class=\"post_featured\">\n\t\t\t\t\t\t\t<div class=\"post_thumb\" data-image=\"https:\/\/www.elche.es\/wp-content\/uploads\/2025\/04\/El-Ayuntamiento-y-Generalitat-exigen-al-Gobierno-que-incluya-a-San-Anton-en-el-Plan-Estatal-de-Vivienda-2.jpg\" data-title=\"L&#8217;Ajuntament i Generalitat exigixen al Govern que incloga Sant Antoni en el Pla Estatal de Vivenda\">\n\t<a class=\"hover_icon hover_icon_link\" href=\"https:\/\/www.elche.es\/va\/2025\/04\/lajuntament-i-generalitat-exigixen-al-govern-que-incloga-sant-antoni-en-el-pla-estatal-de-vivenda\/\"><img loading=\"lazy\" decoding=\"async\" class=\"wp-post-image\" width=\"370\" height=\"190\" alt=\"L&#8217;Ajuntament i Generalitat exigixen al Govern que incloga Sant Antoni en el Pla Estatal de Vivenda\" src=\"https:\/\/www.elche.es\/wp-content\/uploads\/2025\/04\/El-Ayuntamiento-y-Generalitat-exigen-al-Gobierno-que-incluya-a-San-Anton-en-el-Plan-Estatal-de-Vivienda-2-370x190.jpg\"><\/a>\t<\/div>\n\t\t\t\t\t\t<\/div>\n\t\t\t\t\n\t\t\t\t<div class=\"post_content isotope_item_content\">\n\t\t\t\t\t\n\t\t\t\t\t    <div class=\"post_info\">\n            <span\n            class=\"post_info_item post_info_posted\">            <a href=\"https:\/\/www.elche.es\/va\/2025\/04\/lajuntament-i-generalitat-exigixen-al-govern-que-incloga-sant-antoni-en-el-pla-estatal-de-vivenda\/\"\n               class=\"post_info_date\">11 Abril, 2025<\/a><\/span>\n            \n           \n        <\/div>\n\t\t\t\t\t\t\t\n\t\t\t\t\t\t\t<h5 class=\"post_title\"><a href=\"https:\/\/www.elche.es\/va\/2025\/04\/lajuntament-i-generalitat-exigixen-al-govern-que-incloga-sant-antoni-en-el-pla-estatal-de-vivenda\/\">L&#8217;Ajuntament i Generalitat exigixen al Govern que incloga Sant Antoni en el Pla Esta ... <\/a><\/h5>\n\t\t\t\t\t\t\t\n\t\t\t\t\t<div class=\"post_descr\">\n\t\t\t\t\t\tEl secretari auton\u00f2mic de l'\u00e0rea, Sebasti\u00e1n Fern\u00e1ndez, ha visitat el barri al costat de l'alcalde, Pablo Ruz, i ha posat a la disposici\u00f3 de l'Ajuntament vivendes per als reallotjats, aix\u00ed[...]<a href=\"https:\/\/www.elche.es\/va\/2025\/04\/lajuntament-i-generalitat-exigixen-al-govern-que-incloga-sant-antoni-en-el-pla-estatal-de-vivenda\/\" class=\"post_readmore\"><span class=\"post_readmore_label\">Leer m\u00e1s<\/span><\/a>\t\t\t\t\t<\/div>\n\n\t\t\t\t<\/div>\t\t\t\t<!-- \/.post_content -->\n\t\t\t<\/div>\t<!-- \/.post_item -->\n\t\t<\/div>\t\t\t\t\t\t<!-- \/.isotope_item -->\n\t\t\t\t<div class=\"classicnoticias isotope_item isotope_item_masonry isotope_item_masonry_3 isotope_column_3\t\t\t\t\t\">\n\t\t\t<div class=\"post_item post_item_masonry post_item_masonry_3\t\t\t\t  post_format_standard odd\">\n\t\t\t\t\n\t\t\t\t\t\t\t\t\t<div class=\"post_featured\">\n\t\t\t\t\t\t\t<div class=\"post_thumb\" data-image=\"https:\/\/www.elche.es\/wp-content\/uploads\/2024\/04\/FACHADA-AYUNTAMIENTO.jpg\" data-title=\"El Govern recorda a l&#8217;oposici\u00f3 que van gastar 55.000 euros en desdejunis en 8 anys\">\n\t<a class=\"hover_icon hover_icon_link\" href=\"https:\/\/www.elche.es\/va\/2024\/05\/el-govern-recorda-a-loposicio-que-van-gastar-55-000-euros-en-desdejunis-en-8-anys\/\"><img loading=\"lazy\" decoding=\"async\" class=\"wp-post-image\" width=\"370\" height=\"190\" alt=\"El Govern recorda a l&#8217;oposici\u00f3 que van gastar 55.000 euros en desdejunis en 8 anys\" src=\"https:\/\/www.elche.es\/wp-content\/uploads\/2024\/04\/FACHADA-AYUNTAMIENTO-370x190.jpg\"><\/a>\t<\/div>\n\t\t\t\t\t\t<\/div>\n\t\t\t\t\n\t\t\t\t<div class=\"post_content isotope_item_content\">\n\t\t\t\t\t\n\t\t\t\t\t    <div class=\"post_info\">\n            <span\n            class=\"post_info_item post_info_posted\">            <a href=\"https:\/\/www.elche.es\/va\/2024\/05\/el-govern-recorda-a-loposicio-que-van-gastar-55-000-euros-en-desdejunis-en-8-anys\/\"\n               class=\"post_info_date\">21 Maig, 2024<\/a><\/span>\n            \n           \n        <\/div>\n\t\t\t\t\t\t\t\n\t\t\t\t\t\t\t<h5 class=\"post_title\"><a href=\"https:\/\/www.elche.es\/va\/2024\/05\/el-govern-recorda-a-loposicio-que-van-gastar-55-000-euros-en-desdejunis-en-8-anys\/\">El Govern recorda a l&#8217;oposici\u00f3 que van gastar 55.000 euros en desdejunis en 8 anys <\/a><\/h5>\n\t\t\t\t\t\t\t\n\t\t\t\t\t<div class=\"post_descr\">\n\t\t\t\t\t\tEl regidor de Relacions Institucionals, Juan de Dios Navarro, demana a l'oposici\u00f3 que \u201cestiga a l'altura dels il\u00b7licitans i es pose a treballar a aportar idees per a millorar Elx\u201d[...]<a href=\"https:\/\/www.elche.es\/va\/2024\/05\/el-govern-recorda-a-loposicio-que-van-gastar-55-000-euros-en-desdejunis-en-8-anys\/\" class=\"post_readmore\"><span class=\"post_readmore_label\">Leer m\u00e1s<\/span><\/a>\t\t\t\t\t<\/div>\n\n\t\t\t\t<\/div>\t\t\t\t<!-- \/.post_content -->\n\t\t\t<\/div>\t<!-- \/.post_item -->\n\t\t<\/div>\t\t\t\t\t\t<!-- \/.isotope_item -->\n\t\t\t\t<div class=\"classicnoticias isotope_item isotope_item_masonry isotope_item_masonry_3 isotope_column_3\t\t\t\t\t\">\n\t\t\t<div class=\"post_item post_item_masonry post_item_masonry_3\t\t\t\t  post_format_standard even\">\n\t\t\t\t\n\t\t\t\t\t\t\t\t\t<div class=\"post_featured\">\n\t\t\t\t\t\t\t<div class=\"post_thumb\" data-image=\"https:\/\/www.elche.es\/wp-content\/uploads\/2024\/04\/Reunion-Valencia-2024.jpg\" data-title=\"Ajuntament i Generalitat ultimen el conveni per a accelerar l&#8217;arribada de l&#8217;iTRAM a Elx\">\n\t<a class=\"hover_icon hover_icon_link\" href=\"https:\/\/www.elche.es\/va\/2024\/04\/ajuntament-i-generalitat-ultimen-el-conveni-per-a-accelerar-larribada-de-litram-a-elx\/\"><img loading=\"lazy\" decoding=\"async\" class=\"wp-post-image\" width=\"370\" height=\"190\" alt=\"Ajuntament i Generalitat ultimen el conveni per a accelerar l&#8217;arribada de l&#8217;iTRAM a Elx\" src=\"https:\/\/www.elche.es\/wp-content\/uploads\/2024\/04\/Reunion-Valencia-2024-370x190.jpg\"><\/a>\t<\/div>\n\t\t\t\t\t\t<\/div>\n\t\t\t\t\n\t\t\t\t<div class=\"post_content isotope_item_content\">\n\t\t\t\t\t\n\t\t\t\t\t    <div class=\"post_info\">\n            <span\n            class=\"post_info_item post_info_posted\">            <a href=\"https:\/\/www.elche.es\/va\/2024\/04\/ajuntament-i-generalitat-ultimen-el-conveni-per-a-accelerar-larribada-de-litram-a-elx\/\"\n               class=\"post_info_date\">16 Abril, 2024<\/a><\/span>\n            \n           \n        <\/div>\n\t\t\t\t\t\t\t\n\t\t\t\t\t\t\t<h5 class=\"post_title\"><a href=\"https:\/\/www.elche.es\/va\/2024\/04\/ajuntament-i-generalitat-ultimen-el-conveni-per-a-accelerar-larribada-de-litram-a-elx\/\">Ajuntament i Generalitat ultimen el conveni per a accelerar l&#8217;arribada de l&#8217;iT ... <\/a><\/h5>\n\t\t\t\t\t\t\t\n\t\t\t\t\t<div class=\"post_descr\">\n\t\t\t\t\t\tEn la reuni\u00f3 s'ha avan\u00e7at tamb\u00e9 en el protocol d'actuaci\u00f3 per a la conclusi\u00f3 de la EL-20 L'alcalde d'Elx, Pablo Ruz, acompanyat pels regidors d'Estrat\u00e8gia Municipal, Francisco Soler i el[...]<a href=\"https:\/\/www.elche.es\/va\/2024\/04\/ajuntament-i-generalitat-ultimen-el-conveni-per-a-accelerar-larribada-de-litram-a-elx\/\" class=\"post_readmore\"><span class=\"post_readmore_label\">Leer m\u00e1s<\/span><\/a>\t\t\t\t\t<\/div>\n\n\t\t\t\t<\/div>\t\t\t\t<!-- \/.post_content -->\n\t\t\t<\/div>\t<!-- \/.post_item -->\n\t\t<\/div>\t\t\t\t\t\t<!-- \/.isotope_item -->\n\t\t\t\t<div class=\"classicnoticias isotope_item isotope_item_masonry isotope_item_masonry_3 isotope_column_3\t\t\t\t\t\">\n\t\t\t<div class=\"post_item post_item_masonry post_item_masonry_3\t\t\t\t  post_format_standard odd\">\n\t\t\t\t\n\t\t\t\t\t\t\t\t\t<div class=\"post_featured\">\n\t\t\t\t\t\t\t<div class=\"post_thumb\" data-image=\"https:\/\/www.elche.es\/wp-content\/uploads\/2023\/12\/Imagenes-web-1200-x-700.jpg\" data-title=\"L&#8217;alcalde es reunir\u00e0 amb els portaveus dels grups per a abordar el pla d&#8217;ocupaci\u00f3 municipal\">\n\t<a class=\"hover_icon hover_icon_link\" href=\"https:\/\/www.elche.es\/va\/2024\/03\/lalcalde-es-reunira-amb-els-portaveus-dels-grups-per-a-abordar-el-pla-docupacio-municipal\/\"><img loading=\"lazy\" decoding=\"async\" class=\"wp-post-image\" width=\"370\" height=\"190\" alt=\"L&#8217;alcalde es reunir\u00e0 amb els portaveus dels grups per a abordar el pla d&#8217;ocupaci\u00f3 municipal\" src=\"https:\/\/www.elche.es\/wp-content\/uploads\/2023\/12\/Imagenes-web-1200-x-700-370x190.jpg\"><\/a>\t<\/div>\n\t\t\t\t\t\t<\/div>\n\t\t\t\t\n\t\t\t\t<div class=\"post_content isotope_item_content\">\n\t\t\t\t\t\n\t\t\t\t\t    <div class=\"post_info\">\n            <span\n            class=\"post_info_item post_info_posted\">            <a href=\"https:\/\/www.elche.es\/va\/2024\/03\/lalcalde-es-reunira-amb-els-portaveus-dels-grups-per-a-abordar-el-pla-docupacio-municipal\/\"\n               class=\"post_info_date\">8 Mar\u00e7, 2024<\/a><\/span>\n            \n           \n        <\/div>\n\t\t\t\t\t\t\t\n\t\t\t\t\t\t\t<h5 class=\"post_title\"><a href=\"https:\/\/www.elche.es\/va\/2024\/03\/lalcalde-es-reunira-amb-els-portaveus-dels-grups-per-a-abordar-el-pla-docupacio-municipal\/\">L&#8217;alcalde es reunir\u00e0 amb els portaveus dels grups per a abordar el pla d&#8217;ocup ... <\/a><\/h5>\n\t\t\t\t\t\t\t\n\t\t\t\t\t<div class=\"post_descr\">\n\t\t\t\t\t\tLa trobada se celebrar\u00e0 el dimarts 12 per a establir les bases d'un pla transversal amb el qual atendre les necessitats laborals dels il\u00b7licitans L'alcalde d'Elx, Pablo Ruz, es reunir\u00e0[...]<a href=\"https:\/\/www.elche.es\/va\/2024\/03\/lalcalde-es-reunira-amb-els-portaveus-dels-grups-per-a-abordar-el-pla-docupacio-municipal\/\" class=\"post_readmore\"><span class=\"post_readmore_label\">Leer m\u00e1s<\/span><\/a>\t\t\t\t\t<\/div>\n\n\t\t\t\t<\/div>\t\t\t\t<!-- \/.post_content -->\n\t\t\t<\/div>\t<!-- \/.post_item -->\n\t\t<\/div>\t\t\t\t\t\t<!-- \/.isotope_item -->\n\t\t\t\t<div class=\"classicnoticias isotope_item isotope_item_masonry isotope_item_masonry_3 isotope_column_3\t\t\t\t\t\">\n\t\t\t<div class=\"post_item post_item_masonry post_item_masonry_3\t\t\t\t  post_format_standard even last\">\n\t\t\t\t\n\t\t\t\t\t\t\t\t\t<div class=\"post_featured\">\n\t\t\t\t\t\t\t<div class=\"post_thumb\" data-image=\"https:\/\/www.elche.es\/wp-content\/uploads\/2024\/03\/Jura-de-la-bandera-2024.jpg\" data-title=\"El Comandament d&#8217;Operacions Especials tria Elx com a localitat amfitriona per a la Jura de Bandera\">\n\t<a class=\"hover_icon hover_icon_link\" href=\"https:\/\/www.elche.es\/va\/2024\/03\/el-comandament-doperacions-especials-tria-elx-com-a-localitat-amfitriona-per-a-la-jura-de-bandera\/\"><img loading=\"lazy\" decoding=\"async\" class=\"wp-post-image\" width=\"370\" height=\"190\" alt=\"El Comandament d&#8217;Operacions Especials tria Elx com a localitat amfitriona per a la Jura de Bandera\" src=\"https:\/\/www.elche.es\/wp-content\/uploads\/2024\/03\/Jura-de-la-bandera-2024-370x190.jpg\"><\/a>\t<\/div>\n\t\t\t\t\t\t<\/div>\n\t\t\t\t\n\t\t\t\t<div class=\"post_content isotope_item_content\">\n\t\t\t\t\t\n\t\t\t\t\t    <div class=\"post_info\">\n            <span\n            class=\"post_info_item post_info_posted\">            <a href=\"https:\/\/www.elche.es\/va\/2024\/03\/el-comandament-doperacions-especials-tria-elx-com-a-localitat-amfitriona-per-a-la-jura-de-bandera\/\"\n               class=\"post_info_date\">8 Mar\u00e7, 2024<\/a><\/span>\n            \n           \n        <\/div>\n\t\t\t\t\t\t\t\n\t\t\t\t\t\t\t<h5 class=\"post_title\"><a href=\"https:\/\/www.elche.es\/va\/2024\/03\/el-comandament-doperacions-especials-tria-elx-com-a-localitat-amfitriona-per-a-la-jura-de-bandera\/\">El Comandament d&#8217;Operacions Especials tria Elx com a localitat amfitriona per a la J ... <\/a><\/h5>\n\t\t\t\t\t\t\t\n\t\t\t\t\t<div class=\"post_descr\">\n\t\t\t\t\t\tL'acte tindr\u00e0 lloc al passeig de l'Estaci\u00f3 el dissabte 18 de maig a les 12.00 hores El Comandament d'Operacions Especials ha organitzat, en col\u00b7laboraci\u00f3 amb l'Ajuntament d'Elx, l'acte de Jura[...]<a href=\"https:\/\/www.elche.es\/va\/2024\/03\/el-comandament-doperacions-especials-tria-elx-com-a-localitat-amfitriona-per-a-la-jura-de-bandera\/\" class=\"post_readmore\"><span class=\"post_readmore_label\">Leer m\u00e1s<\/span><\/a>\t\t\t\t\t<\/div>\n\n\t\t\t\t<\/div>\t\t\t\t<!-- \/.post_content -->\n\t\t\t<\/div>\t<!-- \/.post_item -->\n\t\t<\/div>\t\t\t\t\t\t<!-- \/.isotope_item -->\n\t\t<\/div><\/div><\/div><div id=\"noticias_scroll_bar\" class=\"sc_scroll_bar sc_scroll_bar_horizontal noticias_scroll_bar\"><\/div><\/div><div class=\"sc_scroll_controls_wrap\"><a class=\"sc_scroll_prev\" href=\"#\"><\/a><a class=\"sc_scroll_next\" href=\"#\"><\/a><\/div><\/div><a href=\"https:\/\/www.elche.es\/va\/categoria\/representacio-insitucional\/\" class=\"sc_button sc_button_square sc_button_style_filled style_original sc_button_size_small boton3d margin_top_medium\">M\u00e9s not\u00edcies<\/a><\/div><\/div><\/div>[\/vc_column][\/vc_row][vc_row full_width=&#8221;stretch_row&#8221; css=&#8221;.vc_custom_1469618345683{padding-top: 50px !important;padding-bottom: 40px !important;background-image: url(http:\/\/makerplace.es\/wp-content\/uploads\/2016\/07\/palmeral.png?id=1044) !important;}&#8221;][vc_column]<h3 class=\"sc_title sc_title_regular sc_align_center margin_top_tiny\" style=\"text-align:center;\"><span style=\"color: #ffffff;\">Enlla\u00e7os<\/span><\/h3><div id=\"sc_section_183066954\" class=\"sc_section column-1_1\"><div class=\"sc_section_inner sc_scroll_controls sc_scroll_controls_horizontal sc_scroll_controls_type_side\"><div id=\"sc_section_183066954_scroll\" class=\"sc_scroll sc_scroll_horizontal swiper-slider-container scroll-container\" style=\"\"><div class=\"sc_scroll_wrapper swiper-wrapper\"><div class=\"sc_scroll_slide swiper-slide\"><div class=\"columns_wrap sc_columns columns_nofluid sc_columns_count_1\"><div class=\"column-1_1 sc_column_item sc_column_item_1 odd first\">\r\n        <div id=\"enlacesInteresantes\">\r\n            <div class=\"post_item post_item_opportuniti post_item_opportuniti_3 post_format_standard odd\">\r\n               <div class=\"post_featured\">\r\n                  <div class=\"post_thumb\">\r\n                     <a class=\"hover_icon hover_icon_link\"  href=\"http:\/\/cap4access.eu\/intro\/\"><img loading=\"lazy\" decoding=\"async\" class=\"wp-post-image\" width=\"740\" height=\"584\" src=\"https:\/\/www.elche.es\/wp-content\/uploads\/2016\/10\/banner_01.jpg\"><\/a> \r\n                  <\/div>\r\n               <\/div>\r\n               <div class=\"post_content isotope_item_content\">\r\n                  <h4 class=\"post_title\"><a  href=\"http:\/\/cap4access.eu\/intro\/\"><\/a><\/h4>\r\n                  <div class=\"post_descr\">\r\n                     <p> <a style=\"color: white;\" href=\"http:\/\/cap4access.eu\/intro\/\">Projecte Europeu CAP4access<\/a><\/p>\r\n                  <\/div>\r\n               <\/div>\r\n            <\/div>\r\n       <\/div><\/div><\/div><\/div><\/div><div id=\"sc_section_183066954_scroll_bar\" class=\"sc_scroll_bar sc_scroll_bar_horizontal sc_section_183066954_scroll_bar\"><\/div><\/div><div class=\"sc_scroll_controls_wrap\"><a class=\"sc_scroll_prev\" href=\"#\"><\/a><a class=\"sc_scroll_next\" href=\"#\"><\/a><\/div><\/div><\/div>[\/vc_column][\/vc_row]<\/p>\n<\/div>","protected":false},"excerpt":{"rendered":"<p>[vc_row full_width=&#8221;stretch_row&#8221; css=&#8221;.vc_custom_1622186927730{background-image: url(https:\/\/www.elche.es\/wp-content\/uploads\/2016\/07\/cabecera_\u00e1reas.png?id=3657) !important;background-position: center !important;background-repeat: no-repeat !important;background-size: cover !important;}&#8221; el_id=&#8221;bloque_titulo&#8221; el_class=&#8221;slidersecciones&#8221;][vc_column][vc_custom_heading text=&#8221;REPRESENTACI\u00d3 INSTITUCIONAL&#8221; font_container=&#8221;tag:h2|text_align:center|color:%23ffffff&#8221; google_fonts=&#8221;font_family:Ubuntu%3A300%2C300italic%2Cregular%2Citalic%2C500%2C500italic%2C700%2C700italic|font_style:700%20bold%20regular%3A700%3Anormal&#8221; el_class=&#8221;sombraTitulo cabeceramovil&#8221;][\/vc_column][\/vc_row][vc_row full_width=&#8221;stretch_row&#8221; css=&#8221;.vc_custom_1475486881904{background-color: #dddde0 !important;}&#8221;][vc_column][vc_column_text][\/vc_column_text][\/vc_column][\/vc_row][vc_row full_width=&#8221;stretch_row&#8221;][vc_column][\/vc_column][\/vc_row][vc_row full_width=&#8221;stretch_row&#8221; css=&#8221;.vc_custom_1477567691561{padding-bottom: 40px !important;background-color: #f3f3f3 !important;}&#8221; [&hellip;]<\/p>\n","protected":false},"author":131,"featured_media":0,"parent":0,"menu_order":0,"comment_status":"closed","ping_status":"closed","template":"","meta":{"footnotes":""},"class_list":["post-7525","page","type-page","status-publish","hentry"],"_links":{"self":[{"href":"https:\/\/www.elche.es\/va\/wp-json\/wp\/v2\/pages\/7525","targetHints":{"allow":["GET"]}}],"collection":[{"href":"https:\/\/www.elche.es\/va\/wp-json\/wp\/v2\/pages"}],"about":[{"href":"https:\/\/www.elche.es\/va\/wp-json\/wp\/v2\/types\/page"}],"author":[{"embeddable":true,"href":"https:\/\/www.elche.es\/va\/wp-json\/wp\/v2\/users\/131"}],"replies":[{"embeddable":true,"href":"https:\/\/www.elche.es\/va\/wp-json\/wp\/v2\/comments?post=7525"}],"version-history":[{"count":1,"href":"https:\/\/www.elche.es\/va\/wp-json\/wp\/v2\/pages\/7525\/revisions"}],"predecessor-version":[{"id":302776,"href":"https:\/\/www.elche.es\/va\/wp-json\/wp\/v2\/pages\/7525\/revisions\/302776"}],"wp:attachment":[{"href":"https:\/\/www.elche.es\/va\/wp-json\/wp\/v2\/media?parent=7525"}],"curies":[{"name":"wp","href":"https:\/\/api.w.org\/{rel}","templated":true}]}}