{"id":7964,"date":"2016-11-16T09:16:55","date_gmt":"2016-11-16T09:16:55","guid":{"rendered":"http:\/\/www.elche.es\/va\/?page_id=7964"},"modified":"2025-10-31T12:01:47","modified_gmt":"2025-10-31T10:01:47","slug":"participacio-ciudatana-en-els-plens","status":"publish","type":"page","link":"https:\/\/www.elche.es\/va\/participacio-ciutadana\/processos-participatius\/participacio-ciudatana-en-els-plens\/","title":{"rendered":"Participaci\u00f3 ciutadana en els Plens"},"content":{"rendered":"<div class=\"wpb-content-wrapper\"><p>[vc_row full_width=&#8221;stretch_row&#8221; css=&#8221;.vc_custom_1475488224066{background-color: #dddde0 !important;}&#8221;][vc_column][vc_column_text]<nav aria-label=\"breadcrumbs\">\n            <div class=\"breadcrumb-container theme1\">\n                <ol>\n                                    <\/ol>\n            <\/div>\n        <\/nav>    <script type=\"application\/ld+json\">\n        {\n            \"@context\": \"http:\/\/schema.org\",\n            \"@type\": \"BreadcrumbList\",\n            \"itemListElement\": [\n                            ]\n        }\n    <\/script>\n    <style type=\"text\/css\">\n        .breadcrumb-container {\n            font-size: 13px;\n        }\n\n        .breadcrumb-container ul {\n            margin: 0;\n            padding: 0;\n        }\n\n        .breadcrumb-container li {\n            box-sizing: unset;\n            display: inline-block;\n            margin: 0;\n            padding: 0;\n        }\n\n        .breadcrumb-container li a {\n            box-sizing: unset;\n            padding: 0 10px;\n        }\n\n        .breadcrumb-container {\n            font-size: 3 !important;\n                    }\n\n        .breadcrumb-container li a {\n            color: #0a0a0a !important;\n            font-size: 3 !important;\n            line-height: 3 !important;\n                    }\n\n        .breadcrumb-container li .separator {\n            font-size: 3 !important;\n                    }\n\n        .breadcrumb-container li:last-child .separator {\n            display: none;\n        }\n    <\/style>\n    <style type=\"text\/css\">\n        .breadcrumb-container.theme1 li {\n            margin: 0;\n            padding: 0;\n        }\n        .breadcrumb-container.theme1 a {\n            background: ;\n            display: inline-block;\n            margin: 0 5px;\n            padding: 5px 10px;\n            text-decoration: none;\n        }\n    <\/style>\n        <style type=\"text\/css\">\n            <\/style>\n    <script>\n            <\/script>\n[\/vc_column_text][\/vc_column][\/vc_row][vc_row css=&#8221;.vc_custom_1475488264405{padding-bottom: 40px !important;}&#8221; el_id=&#8221;bloque_basica&#8221;][vc_column]<h3 class=\"sc_title sc_title_regular margin_top_tiny\">Participaci\u00f3 ciutadana en els Plens<\/h3>[vc_column_text css=&#8221;&#8221;]En el Ple municipal de novembre de 2015 es van aprovar les normes que regulen la participaci\u00f3 ciutadana en els Plens.<\/p>\n<p>Qualsevol persona empadronada a Elx o que exercisca la seua activitat professional en aquesta ciutat i les entitats inscrites en el Registre d&#8217;Entitats Ciutadanes, pot intervenir en el Ple municipal formulant una pregunta o un prec.<\/p>\n<p>El procediment \u00e9s molt senzill. Tan sols ha de fer-nos arribar la seua pregunta o el seu prec, emplenant un impr\u00e8s, que es pot descarregar en aquesta p\u00e0gina o arreplegar en una OMAC, i presentar-ho en qualsevol de les 14 <a href=\"https:\/\/www.elche.es\/va\/oficina-municipal-datencio-ciutadana-omac\/\" target=\"_blank\" rel=\"noopener\">OMACs<\/a> que hi ha situades al llarg de tot el terme municipal d&#8217;Elx.<\/p>\n<p>O b\u00e9, realitzar el tr\u00e0mit <a href=\"https:\/\/sede.elche.es\/sta\/CarpetaPublic\/doEvent?APP_CODE=STA&amp;PAGE_CODE=CATALOGO&amp;DETALLE=6269000000563996699500&amp;lang=CA\" target=\"_blank\" rel=\"noopener\">Participaci\u00f3 ciutadana en el Ple<\/a> a trav\u00e9s de la Seu Electr\u00f2nica d&#8217;aquest Ajuntament.<\/p>\n<p>T\u00e9 de termini per a fer-nos arribar la seua inquietud fins a 5 dies h\u00e0bils anteriors al de la data de celebraci\u00f3 del Ple, que habitualment se celebra l&#8217;\u00faltim dilluns de cada mes.<\/p>\n<p>La sol\u00b7licitud ser\u00e0 tinguda en compte \u00fanicament per al Ple ordinari del mes en curs.<\/p>\n<p>En cada Ple podran intervenir 10 persones.<\/p>\n<p><strong><a href=\"https:\/\/www.elche.es\/wp-content\/uploads\/2017\/10\/TEXTO_NORMAS_PARTICIPACION_CIUDADANA_EN_EL_PLENO_1.pdf\" target=\"_blank\" rel=\"noopener noreferrer\">Pot\u00a0consultar les normes ac\u00ed<\/a><\/strong><\/p>\n<p><strong><a href=\"https:\/\/www.elche.es\/wp-content\/uploads\/2017\/10\/A131_INTERVENCION_CIUDADANA_PLENO_1.pdf\">Impr\u00e8s per a sol\u00b7licitar participar en un Ple amb un prec o pregunta<\/a><\/strong><\/p>\n<p><strong>\u00a0<\/strong><\/p>\n<p><strong>Aquestes s\u00f3n les respostes a les preguntes i els precs que la ciutadania ha formulat en el Ple municipal des que aquest nou proc\u00e9s participatiu es va engegar.<\/strong><\/p>\n<p>Els mesos no inclosos no es presentaren preguntes<\/p>\n<p><strong>2025<\/strong><\/p>\n<p><a href=\"https:\/\/www.elche.es\/wp-content\/uploads\/2025\/10\/Transcripcion-Pleno-OCTUBRE-2025.pdf\" target=\"_blank\" rel=\"noopener noreferrer\"><strong>Precs i preguntes Ple octubre de 2025<\/strong><\/a><br \/>\n<strong><a href=\"https:\/\/www.elche.es\/wp-content\/uploads\/2017\/10\/ruegos_y_preguntas_pleno_241016.pdf\" target=\"_blank\" rel=\"noopener noreferrer\">Precs i preguntes Ple juliol 2025<\/a><\/strong><\/p>\n<p><strong>2024<\/strong><\/p>\n<p><strong><a href=\"https:\/\/www.elche.es\/wp-content\/uploads\/2024\/02\/Transcripcion-Pleno-FEBRERO_2024.pdf\">Precs i preguntes Ple febrer de 2024<\/a><br \/>\n<\/strong><a href=\"https:\/\/www.elche.es\/wp-content\/uploads\/2024\/05\/Transcripcion-Pleno-ABRIL_2024.pdf\"><strong>Precs i preguntes Ple abril de 2024<\/strong><\/a><br \/>\n<a href=\"https:\/\/www.elche.es\/wp-content\/uploads\/2024\/06\/Transcripcion-Pleno-MAYO_2024.pdf\"><strong>Precs i preguntes Ple mayo de 2024<\/strong><\/a><br \/>\n<a href=\"https:\/\/www.elche.es\/wp-content\/uploads\/2025\/07\/Transcripcion-Pleno-OCTUBRE_2024.pdf\"><strong>Precs i preguntes Ple octobre de 2024<\/strong><\/a><\/p>\n<p><strong>2023<\/strong><\/p>\n<p><a href=\"https:\/\/www.elche.es\/wp-content\/uploads\/2023\/02\/Transcripcion-Pleno-FEBRERO_2023.pdf\"><strong>Precs i preguntes Ple febrer de 2023<br \/>\n<\/strong><\/a><strong><a href=\"https:\/\/www.elche.es\/wp-content\/uploads\/2023\/03\/Transcripcion-Pleno-MARZO_2023.pdf\" target=\"_blank\" rel=\"noopener\">Precs i preguntes Ple mar\u00e7 de 2023<\/a><br \/>\n<a href=\"https:\/\/www.elche.es\/wp-content\/uploads\/2023\/04\/Transcripcion-Pleno-ABRIL_2023.pdf\" target=\"_blank\" rel=\"noopener\">Precs i preguntes Ple abril de 2023<\/a><br \/>\n<a href=\"https:\/\/www.elche.es\/wp-content\/uploads\/2023\/09\/Transcripcion-Pleno-SEPTIEMBRE_2023.pdf\" target=\"_blank\" rel=\"noopener\">Precs i preguntes Ple setembre de 2023<\/a><br \/>\n<a href=\"https:\/\/www.elche.es\/wp-content\/uploads\/2023\/10\/Transcripcion-Pleno-OCTUBRE_2023.pdf\" target=\"_blank\" rel=\"noopener\">Precs i preguntes Ple octubre de 2023<\/a><br \/>\n<a href=\"https:\/\/www.elche.es\/wp-content\/uploads\/2023\/11\/Transcripcion-Pleno-NOVIEMBRE_2023.pdf\" target=\"_blank\" rel=\"noopener\">Precs i preguntes Ple novembre de 2023<\/a><br \/>\n<a href=\"https:\/\/www.elche.es\/wp-content\/uploads\/2024\/01\/Transcripcion-Pleno-DICIEMBRE_2023.pdf\" target=\"_blank\" rel=\"noopener\">Precs i preguntes Ple desembre de 2023<\/a><br \/>\n<\/strong><\/p>\n<p><strong>2022<\/strong><\/p>\n<p><a href=\"https:\/\/www.elche.es\/wp-content\/uploads\/2022\/02\/Transcripcion-Pleno-ENE_2022.pdf\"><strong>Precs i preguntes Ple gener de 2022<\/strong><\/a><br \/>\n<a href=\"https:\/\/www.elche.es\/wp-content\/uploads\/2022\/02\/Transcripcion-Pleno-FEB_2022.pdf\"><strong>Precs i preguntes Ple febrer de 2022<\/strong><\/a><br \/>\n<strong><a href=\"https:\/\/www.elche.es\/wp-content\/uploads\/2022\/03\/Transcripcion-Pleno-MAR_2022.pdf\" target=\"_blank\" rel=\"noopener\">Precs i preguntes Ple mar\u00e7 de 2022<\/a><\/strong><br \/>\n<a href=\"https:\/\/www.elche.es\/wp-content\/uploads\/2022\/02\/Transcripcion-Pleno-ABR_2022.pdf\"><strong>Precs i preguntes Ple abril de 2022<\/strong><\/a><br \/>\n<a href=\"https:\/\/www.elche.es\/wp-content\/uploads\/2022\/05\/Transcripcion-Pleno-MAYO_2022.pdf\" target=\"_blank\" rel=\"noopener\"><strong>Precs i preguntes Ple maig de 2022<\/strong><\/a><br \/>\n<strong><a href=\"https:\/\/www.elche.es\/wp-content\/uploads\/2022\/07\/Transcripcion-Pleno-JUNIO_2022.pdf\" target=\"_blank\" rel=\"noopener noreferrer\">Precs i preguntes Ple juny de 2022<\/a><\/strong><br \/>\n<strong><a href=\"https:\/\/www.elche.es\/wp-content\/uploads\/2022\/08\/Transcripcion-Pleno-JULIO_2022.pdf\">Precs i preguntes Ple juliol de 2022<\/a><\/strong><br \/>\n<strong><a href=\"https:\/\/www.elche.es\/wp-content\/uploads\/2022\/12\/Transcripcion-Pleno-NOVIEMBRE_2022.pdf\" target=\"_blank\" rel=\"noopener noreferrer\">Precs i preguntes Ple novembre de 2022<\/a><\/strong><br \/>\n<strong><a href=\"https:\/\/www.elche.es\/wp-content\/uploads\/2022\/12\/Transcripcion-Pleno-DICIEMBRE_2022.pdf\" target=\"_blank\" rel=\"noopener noreferrer\">Precs i preguntes Ple decembre de 2022<\/a><\/strong><\/p>\n<p><strong>2021<\/strong><\/p>\n<p><a href=\"https:\/\/www.elche.es\/wp-content\/uploads\/2021\/01\/Transcripci\u00f3n-pleno-enero-2021.pdf\"><strong>Precs i preguntes Ple gener de 2021<\/strong><\/a><br \/>\n<a href=\"https:\/\/www.elche.es\/wp-content\/uploads\/2021\/02\/Transcripci\u00f3n-pleno-febrero-2021.pdf\"><strong>Precs i preguntes Ple febrer de 2021<\/strong><\/a><br \/>\n<strong><a href=\"https:\/\/www.elche.es\/wp-content\/uploads\/2021\/03\/Transcripci\u00f3n-pleno-marzo-2021.pdf\">Precs i preguntes Ple mar\u00e7 de 2021<\/a><\/strong><br \/>\n<a href=\"https:\/\/www.elche.es\/wp-content\/uploads\/2021\/04\/Transcripcion-pleno-abril-2021.pdf\"><strong>Precs i preguntes Ple abril de 2021<\/strong><\/a><br \/>\n<strong><a href=\"https:\/\/www.elche.es\/wp-content\/uploads\/2021\/06\/Transcripcion-pleno-mayo-2021.pdf\">Precs i preguntes Ple maig de 2021<\/a><\/strong><br \/>\n<strong><a href=\"https:\/\/www.elche.es\/wp-content\/uploads\/2022\/02\/Transcripcion-pleno-JULIO_21.pdf\">Precs i preguntes Ple juliol de 2021<\/a><\/strong><br \/>\n<strong><a href=\"https:\/\/www.elche.es\/wp-content\/uploads\/2022\/02\/Transcripcion-pleno-SEPT_21.pdf\">Precs i preguntes Ple setembre de 2021<\/a><\/strong><\/p>\n<p><strong>2020<\/strong><\/p>\n<p><strong><a href=\"https:\/\/www.elche.es\/wp-content\/uploads\/2020\/01\/2020-01-27-Pleno.pdf\" target=\"_blank\" rel=\"noopener noreferrer\">Precs\u00a0i preguntes Ple gener de 2020<\/a><\/strong><br \/>\n<a href=\"https:\/\/www.elche.es\/wp-content\/uploads\/2020\/06\/Pleno-febrero-2020.pdf\"><strong>Precs i preguntes Ple febrer de 2020<\/strong><\/a><br \/>\n<strong><a href=\"https:\/\/www.elche.es\/wp-content\/uploads\/2020\/10\/Transcripci\u00f3n-Pleno-Septiembre-2020.pdf\">Precs i preguntes Ple setembre de 2020<\/a><\/strong><\/p>\n<p><strong>2019<\/strong><\/p>\n<p><strong><a href=\"https:\/\/www.elche.es\/wp-content\/uploads\/2019\/02\/Pleno-2019-01-28.pdf\" target=\"_blank\" rel=\"noopener noreferrer\">Precs\u00a0i preguntes Ple gener de 2019<\/a><\/strong><br \/>\n<a href=\"https:\/\/www.elche.es\/wp-content\/uploads\/2019\/02\/Pleno-2019-02-25.pdf\" target=\"_blank\" rel=\"noopener noreferrer\"><strong>Precs i preguntes Ple febrer de 2019<\/strong><\/a><br \/>\n<strong><a href=\"https:\/\/www.elche.es\/wp-content\/uploads\/2019\/03\/pleno-2019-03-25.pdf\" target=\"_blank\" rel=\"noopener noreferrer\">Precs i preguntes Ple mar\u00e7 de 2019<\/a><\/strong><br \/>\n<strong><a href=\"https:\/\/www.elche.es\/wp-content\/uploads\/2019\/05\/pleno-2019-04-30.pdf\">Precs i preguntes Ple abril de 2019<\/a><\/strong><br \/>\nPrecs i preguntes Ple maig\u00a0de 2019 \u2013\u00a0<strong>No es van presentar preguntes<\/strong><br \/>\n<strong><a href=\"https:\/\/www.elche.es\/wp-content\/uploads\/2019\/07\/Pleno-2019-07-29.pdf\">Precs i preguntes Ple juliol de 2019<\/a><\/strong><br \/>\n<strong><a href=\"https:\/\/www.elche.es\/wp-content\/uploads\/2019\/10\/Pleno-2019-09-30.pdf\">Precs i preguntes Ple setembre de 2019<\/a><\/strong><br \/>\n<strong><a href=\"https:\/\/www.elche.es\/wp-content\/uploads\/2019\/11\/TRANSCRIPC-PLENO-28-OCTUBRE.pdf\">Precs i preguntes Ple octubre de 2019<\/a><\/strong><br \/>\n<a href=\"https:\/\/www.elche.es\/wp-content\/uploads\/2019\/12\/2019-11-25-Pleno-noviembre.pdf\"><strong>Precs i preguntes Ple novembre de 2019<\/strong><\/a><br \/>\n<strong><a href=\"https:\/\/www.elche.es\/wp-content\/uploads\/2020\/01\/2019-12-17-Transcripci\u00f3n-Pleno.pdf\">Precs i preguntes Ple decembre de 2019<\/a><\/strong><\/p>\n<p><strong>2018<\/strong><\/p>\n<p>Precs i preguntes Ple gener de 2018 &#8211;\u00a0<strong>No es van presentar preguntes<\/strong><br \/>\nPrecs i preguntes Ple febrer de 2018 &#8211;\u00a0<strong>No es van presentar preguntes<\/strong><br \/>\n<strong><a href=\"https:\/\/www.elche.es\/wp-content\/uploads\/2018\/05\/pleno-20180326-1-1.pdf\">Precs i preguntes Ple de mar\u00e7 de 2018<\/a><\/strong><br \/>\nPrecs i preguntes Ple abril\u00a0de 2018 &#8211;\u00a0<strong>No es van presentar preguntes<\/strong><br \/>\nPrecs i preguntes Ple maig\u00a0de 2018 &#8211;\u00a0<strong>No es van presentar preguntes<\/strong><br \/>\n<strong><a href=\"https:\/\/www.elche.es\/wp-content\/uploads\/2018\/07\/pleno-20180625.pdf\" target=\"_blank\" rel=\"noopener noreferrer\">Precs i preguntes Ple juny de 2018<\/a><\/strong><br \/>\n<strong><a href=\"https:\/\/www.elche.es\/wp-content\/uploads\/2018\/08\/pleno-20180730.pdf\" target=\"_blank\" rel=\"noopener noreferrer\">Precs i preguntes Ple juliol de 2018<\/a><\/strong><br \/>\nPrecs i preguntes Ple setembre de 2018 &#8211;\u00a0<strong>No es van presentar preguntes<\/strong><br \/>\n<strong><a href=\"https:\/\/www.elche.es\/wp-content\/uploads\/2018\/12\/pleno-20181029.pdf\" target=\"_blank\" rel=\"noopener noreferrer\">Precs i preguntes Ple octubre de 2018<\/a><\/strong><br \/>\n<strong><a href=\"https:\/\/www.elche.es\/wp-content\/uploads\/2018\/12\/pleno-20181126.pdf\" target=\"_blank\" rel=\"noopener noreferrer\">Precs i preguntes Ple novembre de 2018<\/a><\/strong><br \/>\n<strong><a href=\"https:\/\/www.elche.es\/wp-content\/uploads\/2019\/02\/Pleno-2018-12-17.pdf\" target=\"_blank\" rel=\"noopener noreferrer\">Precs i preguntes Ple decembre de 2018<\/a><\/strong><\/p>\n<p><strong>2017<\/strong><\/p>\n<p><a href=\"https:\/\/www.elche.es\/wp-content\/uploads\/2018\/05\/Ple-27022017.pdf\" target=\"_blank\" rel=\"noopener noreferrer\"><strong>Precs i preguntes Ple febrer de 2017<\/strong><\/a><br \/>\n<strong>\/<\/strong> <a href=\"https:\/\/www.youtube.com\/watch?v=jSrLl1sOOz8&amp;list=PLL7aRccIha_JfusduuCeW0EjfYJamFeyH&amp;index=1\">Pregunta 1<\/a> <strong>\/<\/strong><br \/>\n<strong><a href=\"https:\/\/www.elche.es\/wp-content\/uploads\/2018\/05\/Ple-27.03.2017.pdf\">Precs i preguntes Ple de mar\u00e7 de 2017<\/a><\/strong><br \/>\nPrecs i preguntes Ple abril de 2017 &#8211; <strong>No es van presentar preguntes<\/strong><br \/>\nPrecs i preguntes Ple maig de 2017 &#8211; <strong>No es van presentar preguntes<\/strong><br \/>\n<a href=\"https:\/\/www.elche.es\/wp-content\/uploads\/2018\/05\/ple-26062017.VAL_.pdf\" target=\"_blank\" rel=\"noopener noreferrer\"><strong>Precs i preguntes Ple juny de 2017<\/strong><\/a><br \/>\n<a href=\"https:\/\/www.elche.es\/wp-content\/uploads\/2018\/01\/ple-31072017-2.doc\" target=\"_blank\" rel=\"noopener noreferrer\"><strong>Precs i preguntes Ple juliol de 2017<\/strong><\/a><br \/>\n<strong><a href=\"https:\/\/www.elche.es\/wp-content\/uploads\/2018\/05\/ple-25092017.pdf\" target=\"_blank\" rel=\"noopener noreferrer\">Precs i preguntes Ple setembre de 2017<\/a><\/strong><br \/>\n<a href=\"https:\/\/www.elche.es\/wp-content\/uploads\/2018\/05\/pleno-30102017-1.pdf\" target=\"_blank\" rel=\"noopener noreferrer\"><strong>Precs i preguntes Ple octubre de 2017<\/strong><\/a><br \/>\n<a href=\"https:\/\/www.elche.es\/wp-content\/uploads\/2018\/05\/pleno-27112017-1.pdf\" target=\"_blank\" rel=\"noopener noreferrer\"><strong>Precs i preguntes Ple novembre de 2017<\/strong><\/a><br \/>\nPrecs i preguntes Ple desembre de 2017 &#8211; <strong>No es van presentar preguntes<\/strong><\/p>\n<p><strong>2016<\/strong><\/p>\n<p><strong><a href=\"https:\/\/www.elche.es\/wp-content\/uploads\/2017\/10\/Ruegos_y_preguntas_Pleno_250116.pdf\" target=\"_blank\" rel=\"noopener noreferrer\">Precs\u00a0i preguntes Ple gener de 2016<\/a><\/strong><br \/>\n<strong><a href=\"https:\/\/www.elche.es\/wp-content\/uploads\/2017\/10\/Ruegos_y_preguntas_Pleno_290216.pdf\" target=\"_blank\" rel=\"noopener noreferrer\">Precs i preguntes Ple febrer de 2016<\/a><\/strong><br \/>\n<strong><a href=\"https:\/\/www.elche.es\/wp-content\/uploads\/2017\/10\/Ruegos_y_preguntas_Pleno_290316.pdf\" target=\"_blank\" rel=\"noopener noreferrer\">Precs i preguntes Ple mar\u00e7 de 2016<\/a><\/strong><br \/>\n<strong><a href=\"https:\/\/www.elche.es\/wp-content\/uploads\/2017\/10\/Ruegos_y_preguntas_Pleno_250416.pdf\" target=\"_blank\" rel=\"noopener noreferrer\">Precs i preguntes Ple abril de 2016<\/a><\/strong><br \/>\n<strong><a href=\"https:\/\/www.elche.es\/wp-content\/uploads\/2017\/10\/Ruegos_y_preguntas_Pleno_300516.pdf\">Precs i preguntes Ple maig de 2016<\/a><\/strong><br \/>\n<strong>| <a href=\"https:\/\/youtu.be\/vzcStt4i2EQ?t=6472\" target=\"_blank\" rel=\"noopener noreferrer\">Pregunta 1<\/a> | <a href=\"https:\/\/youtu.be\/vzcStt4i2EQ?t=6743\" target=\"_blank\" rel=\"noopener noreferrer\">Pregunta 2<\/a>\u00a0<\/strong><strong>|<\/strong><br \/>\n<strong>\u00a0<\/strong><strong><a href=\"https:\/\/www.elche.es\/wp-content\/uploads\/2017\/10\/Ruegos_y_preguntas_Pleno_junio_2016.pdf\" target=\"_blank\" rel=\"noopener noreferrer\">Precs i preguntes Ple juny de 2016<\/a><\/strong><br \/>\n<strong>\u00a0<\/strong><strong>|\u00a0<\/strong><a href=\"https:\/\/www.youtube.com\/watch?feature=player_embedded&amp;v=uG9hqGOgjB4#t=7513\">Pregunta 1<\/a>\u00a0<strong>|<\/strong>\u00a0<a href=\"https:\/\/www.youtube.com\/watch?feature=player_embedded&amp;v=uG9hqGOgjB4#t=7779\">Pregunta 2<\/a>\u00a0<strong>|<\/strong>\u00a0<a href=\"https:\/\/www.youtube.com\/watch?feature=player_embedded&amp;v=uG9hqGOgjB4#t=7879\">Pregunta 3<\/a>\u00a0<strong>|<\/strong>\u00a0<a href=\"https:\/\/www.youtube.com\/watch?feature=player_embedded&amp;v=uG9hqGOgjB4#t=7937\">Pregunta 4<\/a>\u00a0\u00a0<strong>|\u00a0<\/strong><a href=\"https:\/\/www.youtube.com\/watch?feature=player_embedded&amp;v=uG9hqGOgjB4#t=8241\">Pregunta 5<\/a>\u00a0<strong>|\u00a0<\/strong><a href=\"https:\/\/www.youtube.com\/watch?feature=player_embedded&amp;v=uG9hqGOgjB4#t=8418\">Pregunta 6<\/a>\u00a0<strong>|\u00a0<\/strong><a href=\"https:\/\/www.youtube.com\/watch?feature=player_embedded&amp;v=uG9hqGOgjB4#t=8866\">Pregunta 7<\/a>\u00a0<strong>|\u00a0<\/strong><a href=\"https:\/\/www.youtube.com\/watch?feature=player_embedded&amp;v=uG9hqGOgjB4#t=9604\">Pregunta 8<\/a>\u00a0<strong>|\u00a0<\/strong><a href=\"https:\/\/www.youtube.com\/watch?feature=player_embedded&amp;v=uG9hqGOgjB4#t=9790\">Pregunta 9<\/a><br \/>\n<strong><a href=\"https:\/\/www.elche.es\/wp-content\/uploads\/2017\/10\/ruegos_y_preguntas_pleno_250716.pdf\" target=\"_blank\" rel=\"noopener noreferrer\">Precs i preguntes Ple juliol 2016<\/a><\/strong><br \/>\n<strong><a href=\"https:\/\/www.elche.es\/wp-content\/uploads\/2017\/10\/ruegos_y_preguntas_pleno_260916.pdf\" target=\"_blank\" rel=\"noopener noreferrer\">Precs i preguntes Ple setembre 2016<\/a><\/strong><br \/>\n<strong><a href=\"https:\/\/www.elche.es\/wp-content\/uploads\/2017\/10\/ruegos_y_preguntas_pleno_241016.pdf\" target=\"_blank\" rel=\"noopener noreferrer\">Precs i preguntes Ple octubre 2016<\/a><\/strong><\/p>\n<p><strong>2015<\/strong><\/p>\n<p><strong><a href=\"https:\/\/www.elche.es\/wp-content\/uploads\/2017\/10\/Ruegos_y_Preguntas_Pleno_280915.pdf\" target=\"_blank\" rel=\"noopener noreferrer\">Precs i preguntes Ple setembre de 2015<\/a><\/strong><br \/>\n<strong><a href=\"https:\/\/www.elche.es\/wp-content\/uploads\/2017\/10\/Ruegos_y_Preguntas_Pleno_261015.pdf\" target=\"_blank\" rel=\"noopener noreferrer\">Precs i preguntes Ple octubre de 2015<\/a><\/strong><br \/>\n<strong><a href=\"https:\/\/www.elche.es\/wp-content\/uploads\/2017\/10\/Ruegos_y_Preguntas_Pleno_301115.pdf\" target=\"_blank\" rel=\"noopener noreferrer\">Precs i preguntes Ple novembre de 2015<\/a><\/strong><br \/>\n<strong><a href=\"https:\/\/www.elche.es\/wp-content\/uploads\/2017\/10\/Ruegos_y_preguntas_Pleno_231215.pdf\" target=\"_blank\" rel=\"noopener noreferrer\">Precs i preguntes Ple decembre de 2015<\/a><\/strong>[\/vc_column_text][\/vc_column][\/vc_row][vc_row][vc_column][vc_btn title=&#8221;PRINCIPALS DADES SOBRE LA PARTICIPACI\u00d3 EN ELS PLENS 2015-2016&#8243; style=&#8221;classic&#8221; color=&#8221;turquoise&#8221; link=&#8221;url:http%3A%2F%2Fwww.elche.es%2Fva%2Fparticipacio-ciutadana%2Fprocessos-participatius%2Fparticipacio-ciudatana-en-els-plens%2Fintervencions-de-la-ciutadania-2015-2016%2F|target:_blank&#8221;][\/vc_column][\/vc_row]<\/p>\n<\/div>","protected":false},"excerpt":{"rendered":"<p>[vc_row full_width=&#8221;stretch_row&#8221; css=&#8221;.vc_custom_1475488224066{background-color: #dddde0 !important;}&#8221;][vc_column][vc_column_text][\/vc_column_text][\/vc_column][\/vc_row][vc_row css=&#8221;.vc_custom_1475488264405{padding-bottom: 40px !important;}&#8221; el_id=&#8221;bloque_basica&#8221;][vc_column][vc_column_text css=&#8221;&#8221;]En el Ple municipal de novembre de 2015 es van aprovar les normes que regulen la participaci\u00f3 ciutadana en els Plens. [&hellip;]<\/p>\n","protected":false},"author":131,"featured_media":0,"parent":13171,"menu_order":0,"comment_status":"closed","ping_status":"closed","template":"","meta":{"footnotes":""},"class_list":["post-7964","page","type-page","status-publish","hentry"],"_links":{"self":[{"href":"https:\/\/www.elche.es\/va\/wp-json\/wp\/v2\/pages\/7964","targetHints":{"allow":["GET"]}}],"collection":[{"href":"https:\/\/www.elche.es\/va\/wp-json\/wp\/v2\/pages"}],"about":[{"href":"https:\/\/www.elche.es\/va\/wp-json\/wp\/v2\/types\/page"}],"author":[{"embeddable":true,"href":"https:\/\/www.elche.es\/va\/wp-json\/wp\/v2\/users\/131"}],"replies":[{"embeddable":true,"href":"https:\/\/www.elche.es\/va\/wp-json\/wp\/v2\/comments?post=7964"}],"version-history":[{"count":8,"href":"https:\/\/www.elche.es\/va\/wp-json\/wp\/v2\/pages\/7964\/revisions"}],"predecessor-version":[{"id":346523,"href":"https:\/\/www.elche.es\/va\/wp-json\/wp\/v2\/pages\/7964\/revisions\/346523"}],"up":[{"embeddable":true,"href":"https:\/\/www.elche.es\/va\/wp-json\/wp\/v2\/pages\/13171"}],"wp:attachment":[{"href":"https:\/\/www.elche.es\/va\/wp-json\/wp\/v2\/media?parent=7964"}],"curies":[{"name":"wp","href":"https:\/\/api.w.org\/{rel}","templated":true}]}}