{"id":81680,"date":"2019-02-08T10:19:29","date_gmt":"2019-02-08T09:19:29","guid":{"rendered":"http:\/\/www.elche.es\/va\/urbanisme\/planeamiento-gestion-y-urbanizacion\/"},"modified":"2025-07-14T10:27:46","modified_gmt":"2025-07-14T08:27:46","slug":"planeamiento-gestion-y-urbanizacion","status":"publish","type":"page","link":"https:\/\/www.elche.es\/va\/urbanisme\/planeamiento-gestion-y-urbanizacion\/","title":{"rendered":"Planejament, Gesti\u00f3 i Urbanitzaci\u00f3"},"content":{"rendered":"<div class=\"wpb-content-wrapper\"><p>[vc_row full_width=&#8221;stretch_row&#8221; css=&#8221;.vc_custom_1475484188729{background-color: #dddde0 !important;}&#8221;][vc_column][vc_column_text]<nav aria-label=\"breadcrumbs\">\n            <div class=\"breadcrumb-container theme1\">\n                <ol>\n                                    <\/ol>\n            <\/div>\n        <\/nav>    <script type=\"application\/ld+json\">\n        {\n            \"@context\": \"http:\/\/schema.org\",\n            \"@type\": \"BreadcrumbList\",\n            \"itemListElement\": [\n                            ]\n        }\n    <\/script>\n    <style type=\"text\/css\">\n        .breadcrumb-container {\n            font-size: 13px;\n        }\n\n        .breadcrumb-container ul {\n            margin: 0;\n            padding: 0;\n        }\n\n        .breadcrumb-container li {\n            box-sizing: unset;\n            display: inline-block;\n            margin: 0;\n            padding: 0;\n        }\n\n        .breadcrumb-container li a {\n            box-sizing: unset;\n            padding: 0 10px;\n        }\n\n        .breadcrumb-container {\n            font-size: 3 !important;\n                    }\n\n        .breadcrumb-container li a {\n            color: #0a0a0a !important;\n            font-size: 3 !important;\n            line-height: 3 !important;\n                    }\n\n        .breadcrumb-container li .separator {\n            font-size: 3 !important;\n                    }\n\n        .breadcrumb-container li:last-child .separator {\n            display: none;\n        }\n    <\/style>\n    <style type=\"text\/css\">\n        .breadcrumb-container.theme1 li {\n            margin: 0;\n            padding: 0;\n        }\n        .breadcrumb-container.theme1 a {\n            background: ;\n            display: inline-block;\n            margin: 0 5px;\n            padding: 5px 10px;\n            text-decoration: none;\n        }\n    <\/style>\n        <style type=\"text\/css\">\n            <\/style>\n    <script>\n            <\/script>\n[\/vc_column_text][\/vc_column][\/vc_row][vc_row type=&#8221;1&#8243; style=&#8221;regular&#8221; align=&#8221;none&#8221; font_size=&#8221;&#8221; font_weight=&#8221;inherit&#8221; color=&#8221;&#8221; icon=&#8221;inherit&#8221; image=&#8221;none&#8221; picture=&#8221;&#8221; image_size=&#8221;small&#8221; position=&#8221;left&#8221; id=&#8221;&#8221; class=&#8221;titulo-pagina&#8221; animation=&#8221;none&#8221; top=&#8221;small&#8221; bottom=&#8221;inherit&#8221; left=&#8221;inherit&#8221; right=&#8221;inherit&#8221;][vc_column]<h1 class=\"sc_title sc_title_regular titulo-pagina margin_top_small\">Planejament, Gesti\u00f3 i Urbanitzaci\u00f3<\/h1><h5 class=\"sc_title sc_title_regular subtitulosapartados \">&gt; DOCUMENTACI\u00d3 VIGENT<\/h5><div class=\"sc_toggles\"><div class=\"sc_toggles_item odd first\"><h5 class=\"sc_toggles_title\"><span class=\"sc_toggles_icon sc_toggles_icon_closed icon-plus\"><\/span><span class=\"sc_toggles_icon sc_toggles_icon_opened icon-minus\"><\/span>PLANEJAMENT<\/h5><div class=\"sc_toggles_content\" style=\"````\">[vc_column_text css=&#8221;&#8221;]<\/p>\n<ul id=\"a2\" class=\"collapse in\">\n<li><span class=\"abc\">PLA GENERAL<\/span>\n<ul>\n<li><span class=\"list_content\">Acord d&#8217;aprovaci\u00f3<\/span><\/li>\n<li><span class=\"list_content\">Mem\u00f2ria d&#8217;ordenaci\u00f3<\/span><\/li>\n<li><a href=\"https:\/\/www.elche.es\/wp-content\/uploads\/2023\/10\/NORMATIVA-2023-3-rectificado-color.pdf\">Normativa (text ref\u00f3s mar\u00e7 2023)<\/a><\/li>\n<li><span class=\"list_content\">Fitxes de planejament i gesti\u00f3<\/span><\/li>\n<li><span class=\"list_content\">Pl\u00e0nols d&#8217;ordenaci\u00f3<\/span><\/li>\n<li><span class=\"list_content\">Cat\u00e0leg d&#8217;edificis protegits<\/span><\/li>\n<li><a href=\"https:\/\/www.elche.es\/va\/urbanisme\/planeamiento-gestion-y-urbanizacion\/modificaciones-puntuales-pg\/\" data-insuit-uuid=\"83a19d92-6d20-476a-bcb9-edcb28ddecc9\"><span class=\"list_content\">Modificacions puntuals del Pla General<\/span><\/a><\/li>\n<\/ul>\n<\/li>\n<li><span class=\"abc\">PLANS ESPECIALS I DE DESENVOLUPAMENT (aprovats)<\/span>\n<ul>\n<li><a href=\"https:\/\/www.elche.es\/urbanismo-2\/planeamiento-y-gestion-2\/planes-especiales\" data-insuit-uuid=\"78973350-02aa-418b-af64-85b8b988c242\"><span class=\"list_content\">Plans especials<\/span><\/a><\/li>\n<li><a href=\"https:\/\/www.elche.es\/urbanismo-2\/planeamiento-y-gestion-2\/planes-parciales\" target=\"_blank\" rel=\"noopener\" data-insuit-uuid=\"08c32bcd-4851-48fc-9ae9-a72657dfa8da\"><span class=\"list_content\">Plans parcials<\/span><\/a><\/li>\n<li><a href=\"https:\/\/www.elche.es\/urbanismo-2\/planeamiento-y-gestion-2\/planes-de-reforma-interior\" data-insuit-uuid=\"8299e8d0-4c42-4313-9fd8-0779fef77d3b\"><span class=\"list_content\">Plans de reforma interior<\/span><\/a><\/li>\n<li><a href=\"https:\/\/www.elche.es\/urbanismo-2\/planeamiento-y-gestion\/estudios-de-detalle\" target=\"_blank\" rel=\"noopener\" data-insuit-uuid=\"9f7403b1-f7ea-44a9-b176-e118ecbe98e2\"><span class=\"list_content\">Estudis de detall<\/span><\/a><\/li>\n<\/ul>\n<\/li>\n<\/ul>\n<p>[\/vc_column_text]<\/div><\/div><div class=\"sc_toggles_item even\"><h5 class=\"sc_toggles_title\"><span class=\"sc_toggles_icon sc_toggles_icon_closed icon-plus\"><\/span><span class=\"sc_toggles_icon sc_toggles_icon_opened icon-minus\"><\/span>GESTI\u00d3 URBAN\u00cdSTICA<\/h5><div class=\"sc_toggles_content\" style=\"````\">[vc_column_text css=&#8221;&#8221;]<\/p>\n<ul id=\"a3\" class=\"collapse in\">\n<li><span class=\"abc\">Pl\u00e0nol informatiu<\/span><\/li>\n<li><span class=\"abc\">Programes d&#8217;Actuaci\u00f3 Integrada<\/span><\/li>\n<li><span class=\"abc\">Programa d&#8217;Actuacions A\u00efllades<\/span><\/li>\n<li><span class=\"abc\"><a href=\"https:\/\/www.elche.es\/va\/urbanisme\/planeamiento-gestion-y-urbanizacion\/projectes-de-reparcel-lacio\/\">Projectes de Reparcel\u00b7laci\u00f3<\/a><\/span><\/li>\n<li><span class=\"abc\">Registre de Programes d&#8217;Actuaci\u00f3 i Registre d&#8217;Agrupacions d&#8217;Inter\u00e9s Urban\u00edstic i Entitats Col\u00b7laboradores<\/span>\n<ul>\n<li><span class=\"list_content\">Registre de Programes d&#8217;Actuaci\u00f3<\/span><br \/>\nPROGRAMES D&#8217;ACTUACI\u00d3 INTEGRADA<br \/>\nPROGRAMES D&#8217;ACTUACI\u00d3 A\u00cfLLADA<\/li>\n<li><span class=\"list_content\">Registre d&#8217;Agrupaci\u00f3 d&#8217;Inter\u00e9s Urban\u00edstic i Entitats Urban\u00edstiques Col\u00b7laboradores<\/span><\/li>\n<\/ul>\n<\/li>\n<\/ul>\n<p>[\/vc_column_text]<\/div><\/div><div class=\"sc_toggles_item odd\"><h5 class=\"sc_toggles_title\"><span class=\"sc_toggles_icon sc_toggles_icon_closed icon-plus\"><\/span><span class=\"sc_toggles_icon sc_toggles_icon_opened icon-minus\"><\/span>PROJECTES D'URBANITZACI\u00d3<\/h5><div class=\"sc_toggles_content\" style=\"````\">[vc_column_text css=&#8221;&#8221;]<a href=\"https:\/\/www.elche.es\/va\/urbanisme\/planeamiento-gestion-y-urbanizacion\/proyectos-de-urbanizacion\/\" target=\"_blank\" rel=\"noopener\" data-insuit-uuid=\"f4f84f4c-cd4c-427d-895f-00ddf135585b\">Projectes d&#8217;urbanitzaci\u00f3 aprovats<\/a>[\/vc_column_text]<\/div><\/div><div class=\"sc_toggles_item even\"><h5 class=\"sc_toggles_title\"><span class=\"sc_toggles_icon sc_toggles_icon_closed icon-plus\"><\/span><span class=\"sc_toggles_icon sc_toggles_icon_opened icon-minus\"><\/span>CONVENIS URBAN\u00cdSTICS<\/h5><div class=\"sc_toggles_content\" style=\"````\">[vc_column_text css=&#8221;&#8221;]<a href=\"https:\/\/www.elche.es\/urbanismo-2\/planeamiento-y-gestion-2\/convenios-urbanisticos\/\" data-insuit-uuid=\"5123fad5-2635-4afb-a38c-5cbdd4ed3d59\">Convenis urban\u00edstics firmats<\/a>[\/vc_column_text]<\/div><\/div><div class=\"sc_toggles_item odd\"><h5 class=\"sc_toggles_title\"><span class=\"sc_toggles_icon sc_toggles_icon_closed icon-plus\"><\/span><span class=\"sc_toggles_icon sc_toggles_icon_opened icon-minus\"><\/span>NORMATIVA<\/h5><div class=\"sc_toggles_content\">[vc_column_text css=&#8221;&#8221;]<\/p>\n<ul id=\"a2\" class=\"collapse in\">\n<li><span class=\"abc\">NORMATIVA<\/span>\n<ul>\n<li><a href=\"https:\/\/www.elche.es\/urbanismo\/planeamiento-gestion-y-urbanizacion\/ordenanzas\/\">Ordenances<\/a><\/li>\n<li><a href=\"https:\/\/www.elche.es\/urbanismo\/planeamiento-gestion-y-urbanizacion\/instrucciones\/\"><span class=\"list_content\">Instruccions<\/span><\/a><\/li>\n<li><span class=\"list_content\">Altres<\/span><\/li>\n<\/ul>\n<\/li>\n<\/ul>\n<p>[\/vc_column_text]<\/div><\/div><\/div>[vc_column_text]<a href=\"https:\/\/www.elche.es\/va\/urbanisme\/planeamiento-gestion-y-urbanizacion\/buscador-de-documentos-de-urbanismo\/\" data-insuit-uuid=\"a6be589b-f31d-4d47-b19f-f6cc5d81a065\">Buscador de documents d\u2019Urbanisme<\/a>[\/vc_column_text][\/vc_column][\/vc_row][vc_row][vc_column][\/vc_column][\/vc_row]<\/p>\n<\/div>","protected":false},"excerpt":{"rendered":"<p>[vc_row full_width=&#8221;stretch_row&#8221; css=&#8221;.vc_custom_1475484188729{background-color: #dddde0 !important;}&#8221;][vc_column][vc_column_text][\/vc_column_text][\/vc_column][\/vc_row][vc_row type=&#8221;1&#8243; style=&#8221;regular&#8221; align=&#8221;none&#8221; font_size=&#8221;&#8221; font_weight=&#8221;inherit&#8221; color=&#8221;&#8221; icon=&#8221;inherit&#8221; image=&#8221;none&#8221; picture=&#8221;&#8221; image_size=&#8221;small&#8221; position=&#8221;left&#8221; id=&#8221;&#8221; class=&#8221;titulo-pagina&#8221; animation=&#8221;none&#8221; top=&#8221;small&#8221; bottom=&#8221;inherit&#8221; left=&#8221;inherit&#8221; right=&#8221;inherit&#8221;][vc_column][vc_column_text]Buscador de documents d\u2019Urbanisme[\/vc_column_text][\/vc_column][\/vc_row][vc_row][vc_column][\/vc_column][\/vc_row]<\/p>\n","protected":false},"author":10,"featured_media":0,"parent":6420,"menu_order":0,"comment_status":"closed","ping_status":"closed","template":"","meta":{"footnotes":""},"class_list":["post-81680","page","type-page","status-publish","hentry"],"_links":{"self":[{"href":"https:\/\/www.elche.es\/va\/wp-json\/wp\/v2\/pages\/81680","targetHints":{"allow":["GET"]}}],"collection":[{"href":"https:\/\/www.elche.es\/va\/wp-json\/wp\/v2\/pages"}],"about":[{"href":"https:\/\/www.elche.es\/va\/wp-json\/wp\/v2\/types\/page"}],"author":[{"embeddable":true,"href":"https:\/\/www.elche.es\/va\/wp-json\/wp\/v2\/users\/10"}],"replies":[{"embeddable":true,"href":"https:\/\/www.elche.es\/va\/wp-json\/wp\/v2\/comments?post=81680"}],"version-history":[{"count":9,"href":"https:\/\/www.elche.es\/va\/wp-json\/wp\/v2\/pages\/81680\/revisions"}],"predecessor-version":[{"id":340892,"href":"https:\/\/www.elche.es\/va\/wp-json\/wp\/v2\/pages\/81680\/revisions\/340892"}],"up":[{"embeddable":true,"href":"https:\/\/www.elche.es\/va\/wp-json\/wp\/v2\/pages\/6420"}],"wp:attachment":[{"href":"https:\/\/www.elche.es\/va\/wp-json\/wp\/v2\/media?parent=81680"}],"curies":[{"name":"wp","href":"https:\/\/api.w.org\/{rel}","templated":true}]}}