{"id":81724,"date":"2017-05-22T08:29:30","date_gmt":"2017-05-22T07:29:30","guid":{"rendered":"http:\/\/www.elche.es\/va\/urbanisme\/planeamiento-gestion-y-urbanizacion\/modificaciones-puntuales-pg\/"},"modified":"2024-02-02T13:44:47","modified_gmt":"2024-02-02T11:44:47","slug":"modificaciones-puntuales-pg","status":"publish","type":"page","link":"https:\/\/www.elche.es\/va\/urbanisme\/planeamiento-gestion-y-urbanizacion\/modificaciones-puntuales-pg\/","title":{"rendered":"Modificacions puntuals Pla General"},"content":{"rendered":"<div class=\"wpb-content-wrapper\"><p>[vc_row full_width=&#8221;stretch_row&#8221; css=&#8221;.vc_custom_1475488224066{background-color: #dddde0 !important;}&#8221;][vc_column][vc_column_text]<nav aria-label=\"breadcrumbs\">\n            <div class=\"breadcrumb-container theme1\">\n                <ol>\n                                    <\/ol>\n            <\/div>\n        <\/nav>    <script type=\"application\/ld+json\">\n        {\n            \"@context\": \"http:\/\/schema.org\",\n            \"@type\": \"BreadcrumbList\",\n            \"itemListElement\": [\n                            ]\n        }\n    <\/script>\n    <style type=\"text\/css\">\n        .breadcrumb-container {\n            font-size: 13px;\n        }\n\n        .breadcrumb-container ul {\n            margin: 0;\n            padding: 0;\n        }\n\n        .breadcrumb-container li {\n            box-sizing: unset;\n            display: inline-block;\n            margin: 0;\n            padding: 0;\n        }\n\n        .breadcrumb-container li a {\n            box-sizing: unset;\n            padding: 0 10px;\n        }\n\n        .breadcrumb-container {\n            font-size: 3 !important;\n                    }\n\n        .breadcrumb-container li a {\n            color: #0a0a0a !important;\n            font-size: 3 !important;\n            line-height: 3 !important;\n                    }\n\n        .breadcrumb-container li .separator {\n            font-size: 3 !important;\n                    }\n\n        .breadcrumb-container li:last-child .separator {\n            display: none;\n        }\n    <\/style>\n    <style type=\"text\/css\">\n        .breadcrumb-container.theme1 li {\n            margin: 0;\n            padding: 0;\n        }\n        .breadcrumb-container.theme1 a {\n            background: ;\n            display: inline-block;\n            margin: 0 5px;\n            padding: 5px 10px;\n            text-decoration: none;\n        }\n    <\/style>\n        <style type=\"text\/css\">\n            <\/style>\n    <script>\n            <\/script>\n[\/vc_column_text][\/vc_column][\/vc_row][vc_row full_width=&#8221;stretch_row&#8221; css=&#8221;.vc_custom_1495622430168{padding-top: 50px !important;padding-bottom: 100px !important;background-color: #ffffff !important;}&#8221; el_id=&#8221;bloque_basica&#8221;][vc_column][vc_custom_heading text=&#8221;Modificacions puntuals Pla General (aprovades definitivament)&#8221; google_fonts=&#8221;font_family:Ubuntu%3A300%2C300italic%2Cregular%2Citalic%2C500%2C500italic%2C700%2C700italic|font_style:400%20regular%3A400%3Anormal&#8221; css=&#8221;.vc_custom_1706873457951{margin-bottom: 40px !important;}&#8221;]\r\n        <p>\r\n        <span class=\"enlaces-titulo\"> MODIFICACI\u00d3 PUNTUAL DE L'ORDENACI\u00d3 DEL PLA GENERAL PER A ADAPTACI\u00d3 A LA NORMATIVA DE CARRETERES. S\u00d2LS CONFRONTANTS A LA CIRCUMVAL\u00b7LACI\u00d3 EL-20: SECTOR E-37. <\/span> <span><a class=\"enlaces-link\" target='_blank'href=\"https:\/\/www.elche.es\/wp-content\/uploads\/2024\/01\/Mod.PG-EL-20-E-37.pdf \">Veure enlla\u00e7<\/a><\/span>\r\n        <br>\r\n        <span class=\"enlaces-descripcion\"><\/span>\r\n        <\/p>\r\n        <hr class=\"enlaces-separador\">\r\n        \r\n        <p>\r\n        <span class=\"enlaces-titulo\"> MODIFICACI\u00d3 PUNTUAL ESTRUCTURAL PER A INCLOURE ELS \u00c0MBITS DEL RECINTE HIST\u00d2RIC I EL RAVAL-SALVADOR COM A \u00c0REES DE VIGIL\u00c0NCIA ARQUEOL\u00d2GICA EN EL CAT\u00c0LEG DE PROTECCIONS <\/span> <span><a class=\"enlaces-link\" target='_blank'href=\"https:\/\/www.elche.es\/wp-content\/uploads\/2023\/02\/MPE-para-incluir-los-ambitos-del-recinto-historico-y-el-Raval-como-AVAs-1-3.pdf \">Veure enlla\u00e7<\/a><\/span>\r\n        <br>\r\n        <span class=\"enlaces-descripcion\"><\/span>\r\n        <\/p>\r\n        <hr class=\"enlaces-separador\">\r\n        \r\n        <p>\r\n        <span class=\"enlaces-titulo\"> MODIFICACI\u00d3 PUNTUAL ESTRUCTURAL PER A INCLOURE ELS BANYS \u00c0RABS DE LA VILA MURADA D\u2019ELX I ELS REFUGIS 3B I 3C EN EL CAT\u00c0LEG D'EDIFICIS PROTEGITS. <\/span> <span><a class=\"enlaces-link\" target='_blank'href=\"https:\/\/www.elche.es\/wp-content\/uploads\/2023\/02\/MPE-BANOS-ARABES-y-REFUGIOS.pdf \">Veure enlla\u00e7<\/a><\/span>\r\n        <br>\r\n        <span class=\"enlaces-descripcion\"><\/span>\r\n        <\/p>\r\n        <hr class=\"enlaces-separador\">\r\n        \r\n        <p>\r\n        <span class=\"enlaces-titulo\"> MODIFICACI\u00d3 PUNTUAL DEL PLA GENERAL D'ELX RELATIVA A AMPLIACI\u00d3 DE L'EQUIPAMENT P\u00daBLIC DESTINAT A CEMENTERI NOU MUNICIPAL <\/span> <span><a class=\"enlaces-link\" target='_blank'href=\"https:\/\/www.elche.es\/wp-content\/uploads\/2022\/02\/MODIFI1.pdf \">Veure enlla\u00e7<\/a><\/span>\r\n        <br>\r\n        <span class=\"enlaces-descripcion\"><\/span>\r\n        <\/p>\r\n        <hr class=\"enlaces-separador\">\r\n        \r\n        <p>\r\n        <span class=\"enlaces-titulo\"> MODIFICACI\u00d3 PG ELX ORDENACI\u00d3 DETALLADA PER AL CANVI D'\u00daS DOTACIONAL DE DUES PARCEL\u00b7LES AL BARRI DE SANT ANTONI. <\/span> <span><a class=\"enlaces-link\" target='_blank'href=\"https:\/\/www.elche.es\/wp-content\/uploads\/2022\/01\/MOD.CAMBIO-USO-DOTAC.-Bo-SAN-ANTON.pdf \">Veure enlla\u00e7<\/a><\/span>\r\n        <br>\r\n        <span class=\"enlaces-descripcion\"><\/span>\r\n        <\/p>\r\n        <hr class=\"enlaces-separador\">\r\n        \r\n        <p>\r\n        <span class=\"enlaces-titulo\"> MODIFICACI\u00d3 PUNTUAL DETALLADA DEL PLA GENERAL PER A CANVI D'\u00daS D'EQUIPAMENT EDUCATIU-CULTURAL A EQUIPAMENT SANITARI-ASSISTENCIAL, DE LA PARCEL\u00b7LA SITUADA AL CARRER ALCALDE JUAN HERN\u00c1NDEZ RIZO, DEL SECTOR E-19 <\/span> <span><a class=\"enlaces-link\" target='_blank'href=\"https:\/\/www.elche.es\/wp-content\/uploads\/2022\/01\/MODPUN1.pdf \">Veure enlla\u00e7<\/a><\/span>\r\n        <br>\r\n        <span class=\"enlaces-descripcion\"><\/span>\r\n        <\/p>\r\n        <hr class=\"enlaces-separador\">\r\n        \r\n        <p>\r\n        <span class=\"enlaces-titulo\"> MODIFICACI\u00d3 PUNTUAL DETALLADA DEL PLA GENERAL PER A CANVI D'\u00daS DOTACIONAL DE PARCEL\u00b7LA ALS CARRERS JACARILLA, BIGASTRE I REDOV\u00c0. <\/span> <span><a class=\"enlaces-link\" target='_blank'href=\"https:\/\/www.elche.es\/wp-content\/uploads\/2022\/01\/Cambio-uso-dotac.-parc.pdf \">Veure enlla\u00e7<\/a><\/span>\r\n        <br>\r\n        <span class=\"enlaces-descripcion\"><\/span>\r\n        <\/p>\r\n        <hr class=\"enlaces-separador\">\r\n        \r\n        <p>\r\n        <span class=\"enlaces-titulo\"> MODIFICACI\u00d3 PUNTUAL DEL PLA GENERAL PER A LA CREACI\u00d3 DEL SECTOR E-49 <\/span> <span><a class=\"enlaces-link\" target='_blank'href=\"https:\/\/www.elche.es\/wp-content\/uploads\/2022\/01\/Modificacion-Puntual-del-Plan-General-para-la-Creacion-del-Sector-E-49.pdf \">Veure enlla\u00e7<\/a><\/span>\r\n        <br>\r\n        <span class=\"enlaces-descripcion\"><\/span>\r\n        <\/p>\r\n        <hr class=\"enlaces-separador\">\r\n        \r\n        <p>\r\n        <span class=\"enlaces-titulo\"> MODIFICACI\u00d3 PUNTUAL DE LA NORMATIVA DEL PG. EN CLAU 52 (ACTIVITATS DE TRANSFORMACI\u00d3 I COMERCIALITZACI\u00d3 DE PRODUCTES DEL SECTOR PRIMARI) <\/span> <span><a class=\"enlaces-link\" target='_blank'href=\"https:\/\/www.elche.es\/wp-content\/uploads\/2022\/01\/modificacion-puntual-del-Plan-General-en-clave-52.pdf \">Veure enlla\u00e7<\/a><\/span>\r\n        <br>\r\n        <span class=\"enlaces-descripcion\"><\/span>\r\n        <\/p>\r\n        <hr class=\"enlaces-separador\">\r\n        \r\n        <p>\r\n        <span class=\"enlaces-titulo\"> MODIFICACI\u00d3 PUNTUAL PG: CANVI D'\u00daS D'EQUIPAMENT EDUCATIU-CULTURAL A EQUIPAMENT RECREATIU-ESPORTIU EN PARCEL\u00b7LA SITUADA EN C\/ JOSEFINA MANRESA CANTONADA A C\/ ANTONIO RIPOLL JAVALOYES (ACTUAL POLIESPORTIU ALTABIX) <\/span> <span><a class=\"enlaces-link\" target='_blank'href=\"https:\/\/www.elche.es\/wp-content\/uploads\/2022\/01\/MODIFI1.pdf \">Veure enlla\u00e7<\/a><\/span>\r\n        <br>\r\n        <span class=\"enlaces-descripcion\"><\/span>\r\n        <\/p>\r\n        <hr class=\"enlaces-separador\">\r\n        \r\n        <p>\r\n        <span class=\"enlaces-titulo\"> MODIFICACI\u00d3 PUNTUAL DE L'ARTICLE 138 DE LA NORMATIVA DEL PLA GENERAL <\/span> <span><a class=\"enlaces-link\" target='_blank'href=\"https:\/\/www.elche.es\/wp-content\/uploads\/2019\/03\/Publicaci\u00f3n-en-BOP-N\u00ba-56-de-21-03-19.pdf \">Veure enlla\u00e7<\/a><\/span>\r\n        <br>\r\n        <span class=\"enlaces-descripcion\"><\/span>\r\n        <\/p>\r\n        <hr class=\"enlaces-separador\">\r\n        \r\n        <p>\r\n        <span class=\"enlaces-titulo\"> MODIFICACI\u00d3 PUNTUAL PG. VIAL CONNEXI\u00d3 ROTONDA PARC INDUSTRIAL TORRELLANO-LES SALADES EN VIA PARC <\/span> <span><a class=\"enlaces-link\" target='_blank'href=\"https:\/\/www.elche.es\/wp-content\/uploads\/2017\/10\/EDICTO_BOP_1.pdf \">Veure enlla\u00e7<\/a><\/span>\r\n        <br>\r\n        <span class=\"enlaces-descripcion\"><\/span>\r\n        <\/p>\r\n        <hr class=\"enlaces-separador\">\r\n        \r\n        <p>\r\n        <span class=\"enlaces-titulo\"> MODIFICACI\u00d3 PUNTUAL PG. RELATIVA A AJUST D'ALINEACIONS VIARI EN \u00c0REES DE REPARTIMENT 2 i 3 DELS BASSARS <\/span> <span><a class=\"enlaces-link\" target='_blank'href=\"https:\/\/www.elche.es\/wp-content\/uploads\/2017\/10\/EDICTO_1.pdf \">Veure enlla\u00e7<\/a><\/span>\r\n        <br>\r\n        <span class=\"enlaces-descripcion\"><\/span>\r\n        <\/p>\r\n        <hr class=\"enlaces-separador\">\r\n        \r\n        <p>\r\n        <span class=\"enlaces-titulo\"> MODIFICACI\u00d3 PUNTUAL DE LA NORMATIVA DEL PG. (ART. 25 I 67) <\/span> <span><a class=\"enlaces-link\" target='_blank'href=\"https:\/\/www.elche.es\/wp-content\/uploads\/2017\/10\/Edicto_DOCV_28-1-14.pdf \">Veure enlla\u00e7<\/a><\/span>\r\n        <br>\r\n        <span class=\"enlaces-descripcion\"><\/span>\r\n        <\/p>\r\n        <hr class=\"enlaces-separador\">\r\n        \r\n        <p>\r\n        <span class=\"enlaces-titulo\"> MODIFICACI\u00d3 PUNTUAL PG \u00c0REA DE REPARTIMENT PLURIPARCEL\u00b7L\u00c0RIA 119 <\/span> <span><a class=\"enlaces-link\" target='_blank'href=\"https:\/\/www.elche.es\/wp-content\/uploads\/2017\/10\/2014_006991.pdf \">Veure enlla\u00e7<\/a><\/span>\r\n        <br>\r\n        <span class=\"enlaces-descripcion\"><\/span>\r\n        <\/p>\r\n        <hr class=\"enlaces-separador\">\r\n        \r\n        <p>\r\n        <span class=\"enlaces-titulo\"> MODIFICACI\u00d3 PUNTUAL PG. DE DUES PARCEL\u00b7LES (PTDA. SANTA ANNA I MAITINO) DE S\u00d2L NO URBANITZABLE: <\/span> <span><a class=\"enlaces-link\" target='_blank'href=\"https:\/\/www.elche.es\/wp-content\/uploads\/2017\/10\/2014_006992.pdf \">Veure enlla\u00e7<\/a><\/span>\r\n        <br>\r\n        <span class=\"enlaces-descripcion\"><\/span>\r\n        <\/p>\r\n        <hr class=\"enlaces-separador\">\r\n        \r\n        <p>\r\n        <span class=\"enlaces-titulo\"> MODIFICACI\u00d3 PUNTUAL PG: \u00daS DOTACIONAL PARCEL\u00b7LA SITUADA AL C\/CAYCE CANTONADA PRESIDENT L\u00c1ZARO C\u00c1RDENAS DEL R\u00cdO <\/span> <span><a class=\"enlaces-link\" target='_blank'href=\"https:\/\/www.elche.es\/wp-content\/uploads\/2022\/10\/Cambio-uso-calle-Cauce-esq.pdf \">Veure enlla\u00e7<\/a><\/span>\r\n        <br>\r\n        <span class=\"enlaces-descripcion\"><\/span>\r\n        <\/p>\r\n        <hr class=\"enlaces-separador\">\r\n        \r\n        <p>\r\n        <span class=\"enlaces-titulo\"> MODIFICACI\u00d3 PUNTUAL PG: ORDENACI\u00d3 DETALLADA ILLA SITUADA ENTRE AV. LA VALLVERDA I CARRERS LITORAL, PALL\u00daS I EN PROJECTE, NUCLI URB\u00c0 LA VALLVERDA ALTA <\/span> <span><a class=\"enlaces-link\" target='_blank'href=\"https:\/\/www.elche.es\/wp-content\/uploads\/2017\/10\/02-07-13.pdf \">Veure enlla\u00e7<\/a><\/span>\r\n        <br>\r\n        <span class=\"enlaces-descripcion\"><\/span>\r\n        <\/p>\r\n        <hr class=\"enlaces-separador\">\r\n        \r\n        <p>\r\n        <span class=\"enlaces-titulo\"> MODIFICACI\u00d3 PUNTUAL PG: CANVI D'\u00daS EN PARCEL\u00b7LA SITUADA EN CARRER PRESIDENT ADOLFO SU\u00c1REZ, CANTONADA PROLONGACI\u00d3 CARRER TONICO SANSANO MORA (Sector E-27) <\/span> <span><a class=\"enlaces-link\" target='_blank'href=\"https:\/\/www.elche.es\/wp-content\/uploads\/2017\/10\/02-07-13.pdf \">Veure enlla\u00e7<\/a><\/span>\r\n        <br>\r\n        <span class=\"enlaces-descripcion\"><\/span>\r\n        <\/p>\r\n        <hr class=\"enlaces-separador\">\r\n        [\/vc_column][\/vc_row]<\/p>\n<\/div>","protected":false},"excerpt":{"rendered":"<p>[vc_row full_width=&#8221;stretch_row&#8221; css=&#8221;.vc_custom_1475488224066{background-color: #dddde0 !important;}&#8221;][vc_column][vc_column_text][\/vc_column_text][\/vc_column][\/vc_row][vc_row full_width=&#8221;stretch_row&#8221; css=&#8221;.vc_custom_1495622430168{padding-top: 50px !important;padding-bottom: 100px !important;background-color: #ffffff !important;}&#8221; el_id=&#8221;bloque_basica&#8221;][vc_column][vc_custom_heading text=&#8221;Modificacions puntuals Pla General (aprovades definitivament)&#8221; google_fonts=&#8221;font_family:Ubuntu%3A300%2C300italic%2Cregular%2Citalic%2C500%2C500italic%2C700%2C700italic|font_style:400%20regular%3A400%3Anormal&#8221; css=&#8221;.vc_custom_1706873457951{margin-bottom: 40px !important;}&#8221;][\/vc_column][\/vc_row]<\/p>\n","protected":false},"author":131,"featured_media":0,"parent":81680,"menu_order":0,"comment_status":"closed","ping_status":"closed","template":"","meta":{"footnotes":""},"class_list":["post-81724","page","type-page","status-publish","hentry"],"_links":{"self":[{"href":"https:\/\/www.elche.es\/va\/wp-json\/wp\/v2\/pages\/81724","targetHints":{"allow":["GET"]}}],"collection":[{"href":"https:\/\/www.elche.es\/va\/wp-json\/wp\/v2\/pages"}],"about":[{"href":"https:\/\/www.elche.es\/va\/wp-json\/wp\/v2\/types\/page"}],"author":[{"embeddable":true,"href":"https:\/\/www.elche.es\/va\/wp-json\/wp\/v2\/users\/131"}],"replies":[{"embeddable":true,"href":"https:\/\/www.elche.es\/va\/wp-json\/wp\/v2\/comments?post=81724"}],"version-history":[{"count":5,"href":"https:\/\/www.elche.es\/va\/wp-json\/wp\/v2\/pages\/81724\/revisions"}],"predecessor-version":[{"id":274722,"href":"https:\/\/www.elche.es\/va\/wp-json\/wp\/v2\/pages\/81724\/revisions\/274722"}],"up":[{"embeddable":true,"href":"https:\/\/www.elche.es\/va\/wp-json\/wp\/v2\/pages\/81680"}],"wp:attachment":[{"href":"https:\/\/www.elche.es\/va\/wp-json\/wp\/v2\/media?parent=81724"}],"curies":[{"name":"wp","href":"https:\/\/api.w.org\/{rel}","templated":true}]}}