{"id":81770,"date":"2019-02-08T13:00:44","date_gmt":"2019-02-08T12:00:44","guid":{"rendered":"http:\/\/www.elche.es\/va\/urbanisme\/planeamiento-gestion-y-urbanizacion\/proyectos-de-urbanizacion\/"},"modified":"2022-05-16T13:39:43","modified_gmt":"2022-05-16T12:39:43","slug":"proyectos-de-urbanizacion","status":"publish","type":"page","link":"https:\/\/www.elche.es\/va\/urbanisme\/planeamiento-gestion-y-urbanizacion\/proyectos-de-urbanizacion\/","title":{"rendered":"Projectes d&#8217;urbanitzaci\u00f3"},"content":{"rendered":"<div class=\"wpb-content-wrapper\"><p>[vc_row full_width=&#8221;stretch_row&#8221; css=&#8221;.vc_custom_1475488224066{background-color: #dddde0 !important;}&#8221;][vc_column][vc_column_text]<nav aria-label=\"breadcrumbs\">\n            <div class=\"breadcrumb-container theme1\">\n                <ol>\n                                    <\/ol>\n            <\/div>\n        <\/nav>    <script type=\"application\/ld+json\">\n        {\n            \"@context\": \"http:\/\/schema.org\",\n            \"@type\": \"BreadcrumbList\",\n            \"itemListElement\": [\n                            ]\n        }\n    <\/script>\n    <style type=\"text\/css\">\n        .breadcrumb-container {\n            font-size: 13px;\n        }\n\n        .breadcrumb-container ul {\n            margin: 0;\n            padding: 0;\n        }\n\n        .breadcrumb-container li {\n            box-sizing: unset;\n            display: inline-block;\n            margin: 0;\n            padding: 0;\n        }\n\n        .breadcrumb-container li a {\n            box-sizing: unset;\n            padding: 0 10px;\n        }\n\n        .breadcrumb-container {\n            font-size: 3 !important;\n                    }\n\n        .breadcrumb-container li a {\n            color: #0a0a0a !important;\n            font-size: 3 !important;\n            line-height: 3 !important;\n                    }\n\n        .breadcrumb-container li .separator {\n            font-size: 3 !important;\n                    }\n\n        .breadcrumb-container li:last-child .separator {\n            display: none;\n        }\n    <\/style>\n    <style type=\"text\/css\">\n        .breadcrumb-container.theme1 li {\n            margin: 0;\n            padding: 0;\n        }\n        .breadcrumb-container.theme1 a {\n            background: ;\n            display: inline-block;\n            margin: 0 5px;\n            padding: 5px 10px;\n            text-decoration: none;\n        }\n    <\/style>\n        <style type=\"text\/css\">\n            <\/style>\n    <script>\n            <\/script>\n[\/vc_column_text][\/vc_column][\/vc_row][vc_row full_width=&#8221;stretch_row&#8221; css=&#8221;.vc_custom_1495621538643{padding-top: 50px !important;padding-bottom: 100px !important;background-color: #ffffff !important;}&#8221; el_id=&#8221;bloque_basica&#8221;][vc_column][vc_custom_heading text=&#8221;Projectes d&#8217;urbanitzaci\u00f3&#8221; google_fonts=&#8221;font_family:Ubuntu%3A300%2C300italic%2Cregular%2Citalic%2C500%2C500italic%2C700%2C700italic|font_style:400%20regular%3A400%3Anormal&#8221; css=&#8221;.vc_custom_1549892137300{margin-bottom: 40px !important;}&#8221;]\r\n        <p>\r\n        <span class=\"enlaces-titulo\"> PROJECTE D'URBANITZACI\u00d3 DEL FRONT DE FA\u00c7ANA DE PARCEL\u00b7LA SITUADA EN L'\u00c0REA DE REPARTIMENT UNIPARCEL\u00b7L\u00c0RIA 115 DEL PLA GENERAL. <\/span> <span><a class=\"enlaces-link\" target='_blank'href=\"https:\/\/www.elche.es\/wp-content\/uploads\/2020\/02\/Publicaci\u00f3n-en-el-BOP-n\u00ba-26-de-7-2-2020.pdf \">Veure enlla\u00e7<\/a><\/span>\r\n        <br>\r\n        <span class=\"enlaces-descripcion\">Aprovat per la Junta de Govern Local, en sessi\u00f3 celebrada el 13.12.2019.<\/span>\r\n        <\/p>\r\n        <hr class=\"enlaces-separador\">\r\n        \r\n        <p>\r\n        <span class=\"enlaces-titulo\"> APROVACI\u00d3 DE L'EXPEDIENT DE RETAXACI\u00d3 DE C\u00c0RREGUES DE LA UNITAT D'EXECUCI\u00d3 A DEL SECTOR E-29 DEL PLA GENERAL <\/span> <span><a class=\"enlaces-link\" target='_blank'href=\"https:\/\/www.elche.es\/wp-content\/uploads\/2021\/03\/Certificado-Retasaci\u00f3n-E-29.pdf \">Veure enlla\u00e7<\/a><\/span>\r\n        <br>\r\n        <span class=\"enlaces-descripcion\">Aprovat per l'Excm. Ajuntament Ple, en sessi\u00f3 de 22.02.2021<\/span>\r\n        <\/p>\r\n        <hr class=\"enlaces-separador\">\r\n        \r\n        <p>\r\n        <span class=\"enlaces-titulo\"> APROVACI\u00d3 DE L'EXPEDIENT DE RETAXACI\u00d3 DE C\u00c0RREGUES DE LA UNITAT D'EXECUCI\u00d3 1 DEL SECTOR E-28 DEL PLA GENERAL <\/span> <span><a class=\"enlaces-link\" target='_blank'href=\"https:\/\/www.elche.es\/wp-content\/uploads\/2021\/02\/MEMORIA-RETASACION-E-28-UE-1.pdf \">Veure enlla\u00e7<\/a><\/span>\r\n        <br>\r\n        <span class=\"enlaces-descripcion\">Aprovat per l'Excm. Ajuntament Ple, en sessi\u00f3 de 25.05.2020<\/span>\r\n        <\/p>\r\n        <hr class=\"enlaces-separador\">\r\n        \r\n        <p>\r\n        <span class=\"enlaces-titulo\"> PROJECTE D'URBANITZACI\u00d3 DE REPOSICI\u00d3 DE VIARIS I SERVEIS PER EXECUCI\u00d3 DE GALERIA DE SERVEIS D'INTERCOMUNICACI\u00d3 ENTRE LES NAUS LOG\u00cdSTIQUES TEMPE 3 - TEMPE 3S <\/span> <span><a class=\"enlaces-link\" target='_blank'href=\"https:\/\/www.amazon.es\/clouddrive\/share\/vfXyyoMqiABBTnyFCdsE3UY0ZSi2qKQQlBrFeAZhL3m \">Veure enlla\u00e7<\/a><\/span>\r\n        <br>\r\n        <span class=\"enlaces-descripcion\">Aprovat per la Junta de Govern Local en sessi\u00f3 celebrada el dia 18.01.2019.<\/span>\r\n        <\/p>\r\n        <hr class=\"enlaces-separador\">\r\n        \r\n        <p>\r\n        <span class=\"enlaces-titulo\"> PROJECTE URBANITZACI\u00d3 DEL VIAL SRV3 I PART DE LA ZONA VERDA SAL DEL PRI DE L'\u00c0REA DE REPARTIMENT 71 <\/span> <span><a class=\"enlaces-link\" target='_blank'href=\"https:\/\/www.amazon.es\/clouddrive\/share\/duCDkMYnAAhGe1fCq6ZMusQQ9YXkEov5vNb6OBZpHkg \">Veure enlla\u00e7<\/a><\/span>\r\n        <br>\r\n        <span class=\"enlaces-descripcion\">Aprovat per la Junta de Govern Local en sessi\u00f3 celebrada el dia 17.05.2019.<\/span>\r\n        <\/p>\r\n        <hr class=\"enlaces-separador\">\r\n        \r\n        <p>\r\n        <span class=\"enlaces-titulo\"> TEXT REF\u00d3S DEL PROJECTE D'URBANITZACI\u00d3 DEL SECTOR E-29 <\/span> <span><a class=\"enlaces-link\" target='_blank'href=\"https:\/\/www.amazon.es\/clouddrive\/share\/XYRBj2FMQx51gUQ52mgnxL9tUePw1ze0yrFfQfqSBCd?_encoding=UTF8&amp;%2AVersion%2A=1&amp;%2Aentries%2A=0&amp;mgh=1 \">Veure enlla\u00e7<\/a><\/span>\r\n        <br>\r\n        <span class=\"enlaces-descripcion\">Aprovat per la Junta de Govern Local en sessi\u00f3 celebrada el dia 16.11.2018<\/span>\r\n        <\/p>\r\n        <hr class=\"enlaces-separador\">\r\n        [\/vc_column][\/vc_row]<\/p>\n<\/div>","protected":false},"excerpt":{"rendered":"<p>[vc_row full_width=&#8221;stretch_row&#8221; css=&#8221;.vc_custom_1475488224066{background-color: #dddde0 !important;}&#8221;][vc_column][vc_column_text][\/vc_column_text][\/vc_column][\/vc_row][vc_row full_width=&#8221;stretch_row&#8221; css=&#8221;.vc_custom_1495621538643{padding-top: 50px !important;padding-bottom: 100px !important;background-color: #ffffff !important;}&#8221; el_id=&#8221;bloque_basica&#8221;][vc_column][vc_custom_heading text=&#8221;Projectes d&#8217;urbanitzaci\u00f3&#8221; google_fonts=&#8221;font_family:Ubuntu%3A300%2C300italic%2Cregular%2Citalic%2C500%2C500italic%2C700%2C700italic|font_style:400%20regular%3A400%3Anormal&#8221; css=&#8221;.vc_custom_1549892137300{margin-bottom: 40px !important;}&#8221;][\/vc_column][\/vc_row]<\/p>\n","protected":false},"author":10,"featured_media":0,"parent":81680,"menu_order":0,"comment_status":"closed","ping_status":"closed","template":"","meta":{"footnotes":""},"class_list":["post-81770","page","type-page","status-publish","hentry"],"_links":{"self":[{"href":"https:\/\/www.elche.es\/va\/wp-json\/wp\/v2\/pages\/81770","targetHints":{"allow":["GET"]}}],"collection":[{"href":"https:\/\/www.elche.es\/va\/wp-json\/wp\/v2\/pages"}],"about":[{"href":"https:\/\/www.elche.es\/va\/wp-json\/wp\/v2\/types\/page"}],"author":[{"embeddable":true,"href":"https:\/\/www.elche.es\/va\/wp-json\/wp\/v2\/users\/10"}],"replies":[{"embeddable":true,"href":"https:\/\/www.elche.es\/va\/wp-json\/wp\/v2\/comments?post=81770"}],"version-history":[{"count":0,"href":"https:\/\/www.elche.es\/va\/wp-json\/wp\/v2\/pages\/81770\/revisions"}],"up":[{"embeddable":true,"href":"https:\/\/www.elche.es\/va\/wp-json\/wp\/v2\/pages\/81680"}],"wp:attachment":[{"href":"https:\/\/www.elche.es\/va\/wp-json\/wp\/v2\/media?parent=81770"}],"curies":[{"name":"wp","href":"https:\/\/api.w.org\/{rel}","templated":true}]}}