{"id":8427,"date":"2016-11-18T10:38:20","date_gmt":"2016-11-18T10:38:20","guid":{"rendered":"http:\/\/www.elche.es\/va\/?page_id=8427"},"modified":"2023-05-31T11:16:08","modified_gmt":"2023-05-31T09:16:08","slug":"movilitat-sostenible","status":"publish","type":"page","link":"https:\/\/www.elche.es\/va\/mobilitat\/movilitat-sostenible\/","title":{"rendered":"Mobilitat sostenible"},"content":{"rendered":"<div class=\"wpb-content-wrapper\"><p>[vc_row full_width=&#8221;stretch_row&#8221; css=&#8221;.vc_custom_1475488224066{background-color: #dddde0 !important;}&#8221;][vc_column][vc_column_text]<nav aria-label=\"breadcrumbs\">\n            <div class=\"breadcrumb-container theme1\">\n                <ol>\n                                    <\/ol>\n            <\/div>\n        <\/nav>    <script type=\"application\/ld+json\">\n        {\n            \"@context\": \"http:\/\/schema.org\",\n            \"@type\": \"BreadcrumbList\",\n            \"itemListElement\": [\n                            ]\n        }\n    <\/script>\n    <style type=\"text\/css\">\n        .breadcrumb-container {\n            font-size: 13px;\n        }\n\n        .breadcrumb-container ul {\n            margin: 0;\n            padding: 0;\n        }\n\n        .breadcrumb-container li {\n            box-sizing: unset;\n            display: inline-block;\n            margin: 0;\n            padding: 0;\n        }\n\n        .breadcrumb-container li a {\n            box-sizing: unset;\n            padding: 0 10px;\n        }\n\n        .breadcrumb-container {\n            font-size: 3 !important;\n                    }\n\n        .breadcrumb-container li a {\n            color: #0a0a0a !important;\n            font-size: 3 !important;\n            line-height: 3 !important;\n                    }\n\n        .breadcrumb-container li .separator {\n            font-size: 3 !important;\n                    }\n\n        .breadcrumb-container li:last-child .separator {\n            display: none;\n        }\n    <\/style>\n    <style type=\"text\/css\">\n        .breadcrumb-container.theme1 li {\n            margin: 0;\n            padding: 0;\n        }\n        .breadcrumb-container.theme1 a {\n            background: ;\n            display: inline-block;\n            margin: 0 5px;\n            padding: 5px 10px;\n            text-decoration: none;\n        }\n    <\/style>\n        <style type=\"text\/css\">\n            <\/style>\n    <script>\n            <\/script>\n[\/vc_column_text][\/vc_column][\/vc_row][vc_row css=&#8221;.vc_custom_1475488264405{padding-bottom: 40px !important;}&#8221; el_id=&#8221;bloque_basica&#8221;][vc_column]<h3 class=\"sc_title sc_title_regular margin_top_tiny\">Mobilitat\u00a0sostenible<\/h3>\r\n        <p>\r\n        <span class=\"enlaces-titulo\"> Consulta P\u00fablica de l'Ordenan\u00e7a Municipal Reguladora de la Mobilitat Sostenible al terme municipal d'Elx <\/span> <span><a class=\"enlaces-link\" target='_blank'href=\"https:\/\/sede.elche.es\/sta\/CarpetaPublic\/doEvent?APP_CODE=STA&amp;PAGE_CODE=PTS2_TABLON&amp;DETALLE=3223600032707424607922 \">Veure enlla\u00e7<\/a><\/span>\r\n        <br>\r\n        <span class=\"enlaces-descripcion\">A proposta de la tinenta d'Alcalde de Mobilitat Sostenible, i de conformitat amb l'article 133 de la Llei 39\/2015, d'1 d'octubre, del Procediment Administratiu Com\u00fa de les Administracions P\u00fabliques, amb data 14 d'octubre de 2022 s'aprova per la Junta de Govern Local el sotmetiment a Consulta P\u00fablica de l'Ordenan\u00e7a Municipal reguladora de la Mobilitat Sostenible, per la qual cosa es procedeix a la inserci\u00f3 en la p\u00e0gina web de l'Excm. Ajuntament d'Elx del text de l'esmentada ordenan\u00e7a perqu\u00e8 en el termini de 20 dies h\u00e0bils (del 17 octubre al 14 novembre 2022) s'efectuen els suggeriments que es consideren pertinents, <b>a trav\u00e9s d'inst\u00e0ncia general<\/b> presentada a l'OMAC o en la seu electr\u00f2nica.<\/span>\r\n        <\/p>\r\n        <hr class=\"enlaces-separador\">\r\n        [vc_row_inner][vc_column_inner width=&#8221;1\/2&#8243;][vc_column_text]<span style=\"color: #000000;\">La <strong>mobilitat sostenible <\/strong>consisteix a garantir les necessitats de mobilitat de tots els ciutadans mantenint una equitat social, territorial i atenent especialment als col\u00b7lectius desfavorits.<\/span><\/p>\n<div id=\"content-zone\">\n<p><span style=\"color: #000000;\">Igualment, significa una millora per al medi ambient urb\u00e0 i la salut reduint els efectes globals per les emissions de GEIs, afavorint \u00e0mbits de mobilitat saludables i reduint els impactes (pol\u00b7luci\u00f3, soroll, ocupaci\u00f3 i espai p\u00fablic)La mobilitat sostenible tamb\u00e9 t\u00e9 un vessant relacionat amb el desenvolupament econ\u00f2mic i la competitivitat de les ciutats, reduint els costos associats al transport urb\u00e0, i sobretot els derivats de la congesti\u00f3 del tr\u00e0fic.<\/span><\/p>\n<\/div>\n<p>[\/vc_column_text][\/vc_column_inner][vc_column_inner width=&#8221;1\/2&#8243;][vc_single_image image=&#8221;8104&#8243; img_size=&#8221;full&#8221; css=&#8221;.vc_custom_1479296432677{padding-bottom: 20px !important;}&#8221;][\/vc_column_inner][\/vc_row_inner][vc_column_text css=&#8221;.vc_custom_1685524561757{margin-top: 20px !important;}&#8221;]<\/p>\n<div id=\"content-zone\">\n<p><span style=\"color: #000000;\">Amb aquests objectius, el Ajuntament d&#8217;Elx ha impulsat els seg\u00fcents plans:<\/span><\/p>\n<p><strong>2022- Pla de Mobilitat Urbana Sostenible del Municipi d&#8217;Elx &#8211; PMUS<br \/>\n<\/strong>Els Plans de Mobilitat Urbana Sostenible (PMUS) s\u00f3n un valu\u00f3s instrument que pret\u00e9n articular un conjunt d&#8217;actuacions encaminades a propiciar i a mantindre, en el sistema de transports, un equilibri entre la societat, l&#8217;economia i el medi ambient, per a poder realitzar aquest pla, entre altres accions, s&#8217;ha dut a terme, en anys precedents un proc\u00e9s participatiu, on a trav\u00e9s de diversos canals de participaci\u00f3 com ara la web de Mobilitat-Elx, activitats obertes programades com ara tallers, reunions sectorials amb (t\u00e8cnics, experts, comerciants, associacions vinculades a la mobilitat i al medi ambient, etc&#8230;) i l&#8217;enquesta digital oberta a la ciutadania, tot aix\u00f2 amb la finalitat de fer part\u00edcips en aquest pla a tots ells perqu\u00e8 aporten les seues idees i aix\u00ed con\u00e9ixer les principals necessitats, els reptes i el futur en q\u00fcesti\u00f3 de la mobilitat urbana sostenible.<\/p>\n<p>En total, al llarg del proc\u00e9s han participat 455 persones.<\/p>\n<p><strong>La Regidoria de Mobilitat Urbana ha redactat el Pla de Mobilitat Urbana Sostenible del Municipi d&#8217;Elx<\/strong>&#8211; <a href=\"https:\/\/www.elche.es\/doc\/PMUS_ELX_2020_F2_6_2.pdf\" target=\"_blank\" rel=\"noopener\">PMUS ELX 2020<\/a>.<\/p>\n<p><strong>2021 \u2013 Estudi de la xarxa d&#8217;autobusos urbans d&#8217;Elx 2021.<\/strong><\/p>\n<p><a href=\"https:\/\/www.elche.es\/doc\/Estudio_de_la_red_de_autobuses_urbanos_de_elche_2021.pdf\" target=\"_blank\" rel=\"noopener\">Ver Informe &gt;<\/a><\/p>\n<p><strong>2017 &#8211; Estudi de prioritzaci\u00f3\u00a0com a zona de\u00a0vianants en\u00a0el carrer Corredora.<\/strong><\/p>\n<p><a style=\"color: #000000;\" href=\"https:\/\/www.elche.es\/wp-content\/uploads\/2018\/03\/Peatonalizacio\u0301n-Corredora.v2-2.pdf\" target=\"_blank\" rel=\"noopener\">Informe t\u00e8cnic\u00a0&gt;<\/a><\/p>\n<p><strong>2016 &#8211; Estudi de mobilitat de la ciutat d&#8217;Elx &#8211; Presentaci\u00f3.<\/strong><\/p>\n<p><a style=\"color: #000000;\" href=\"https:\/\/www.elche.es\/wp-content\/uploads\/2019\/01\/Pres-Estudio-Movilidad-2016-09-V3.pdf\" target=\"_blank\" rel=\"noopener\">Document de presentaci\u00f3 &gt;<\/a><\/p>\n<p><strong>2015 &#8211; Pla de mobilitat urbana sostenible del municipi d&#8217;Elx -PMUS.<\/strong><\/p>\n<\/div>\n<div id=\"content-zone\">\n<p><span style=\"color: #000000;\">El PMUS ha de ser concebut com una eina de coordinaci\u00f3, acord i presa de decisions entre les diferents autoritats vinculades a la mobilitat.Enlla\u00e7os al Pla de mobilitat urbana sostenible d&#8217;Elx: <\/span><\/p>\n<p style=\"background: white;\"><span style=\"color: #000000;\"><a style=\"color: #000000;\" href=\"https:\/\/www.elche.es\/wp-content\/uploads\/2019\/01\/2009_AjuntamentElx_PlanMovilidadUrbanaSostenible_T1.pdf\" target=\"_blank\" rel=\"noopener\">Introducci\u00f3 e\u00a0informaci\u00f3 b\u00e0sica &gt;<\/a><\/span><span style=\"color: #000000;\">\u00a0<\/span><\/p>\n<p style=\"background: white;\"><span style=\"color: #000000;\"><a style=\"color: #000000;\" href=\"https:\/\/www.elche.es\/wp-content\/uploads\/2019\/01\/Tomo2_1Elche_EncuestaDom.pdf\" target=\"_blank\" rel=\"noopener\">Treballs de camp. Enquesta domicili\u00e0ria &gt;<\/a><\/span><span style=\"color: #000000;\">\u00a0<\/span><\/p>\n<p style=\"background: white;\"><span style=\"color: #000000;\"><a style=\"color: #000000;\" href=\"https:\/\/www.elche.es\/wp-content\/uploads\/2019\/01\/2009_AjuntamentElx_PlanMovilidadUrbanaSostenible_T2.pdf\" target=\"_blank\" rel=\"noopener\">An\u00e0lisi i diagn\u00f2stic de la situaci\u00f3 actual &gt;<\/a><\/span><span style=\"color: #000000;\">\u00a0<\/span><\/p>\n<p style=\"background: white;\"><span style=\"color: #000000;\"><a style=\"color: #000000;\" href=\"https:\/\/www.elche.es\/wp-content\/uploads\/2019\/01\/2009_AjuntamentElx_PlanMovilidadUrbanaSostenible_T3.pdf\" target=\"_blank\" rel=\"noopener\">Programes | propostes i seguiment |\u00a0indicadors &gt;<\/a><\/span><\/p>\n<\/div>\n<p>[\/vc_column_text][\/vc_column][\/vc_row]<\/p>\n<\/div>","protected":false},"excerpt":{"rendered":"<p>[vc_row full_width=&#8221;stretch_row&#8221; css=&#8221;.vc_custom_1475488224066{background-color: #dddde0 !important;}&#8221;][vc_column][vc_column_text][\/vc_column_text][\/vc_column][\/vc_row][vc_row css=&#8221;.vc_custom_1475488264405{padding-bottom: 40px !important;}&#8221; el_id=&#8221;bloque_basica&#8221;][vc_column][vc_row_inner][vc_column_inner width=&#8221;1\/2&#8243;][vc_column_text]La mobilitat sostenible consisteix a garantir les necessitats de mobilitat de tots els ciutadans mantenint una equitat social, territorial i atenent [&hellip;]<\/p>\n","protected":false},"author":1,"featured_media":0,"parent":6723,"menu_order":1,"comment_status":"closed","ping_status":"closed","template":"","meta":{"footnotes":""},"class_list":["post-8427","page","type-page","status-publish","hentry"],"_links":{"self":[{"href":"https:\/\/www.elche.es\/va\/wp-json\/wp\/v2\/pages\/8427","targetHints":{"allow":["GET"]}}],"collection":[{"href":"https:\/\/www.elche.es\/va\/wp-json\/wp\/v2\/pages"}],"about":[{"href":"https:\/\/www.elche.es\/va\/wp-json\/wp\/v2\/types\/page"}],"author":[{"embeddable":true,"href":"https:\/\/www.elche.es\/va\/wp-json\/wp\/v2\/users\/1"}],"replies":[{"embeddable":true,"href":"https:\/\/www.elche.es\/va\/wp-json\/wp\/v2\/comments?post=8427"}],"version-history":[{"count":0,"href":"https:\/\/www.elche.es\/va\/wp-json\/wp\/v2\/pages\/8427\/revisions"}],"up":[{"embeddable":true,"href":"https:\/\/www.elche.es\/va\/wp-json\/wp\/v2\/pages\/6723"}],"wp:attachment":[{"href":"https:\/\/www.elche.es\/va\/wp-json\/wp\/v2\/media?parent=8427"}],"curies":[{"name":"wp","href":"https:\/\/api.w.org\/{rel}","templated":true}]}}