{"id":8629,"date":"2016-11-21T11:31:24","date_gmt":"2016-11-21T11:31:24","guid":{"rendered":"http:\/\/www.elche.es\/va\/?page_id=8629"},"modified":"2023-01-23T14:27:47","modified_gmt":"2023-01-23T13:27:47","slug":"registre-municipal-dentitats-ciutadanes","status":"publish","type":"page","link":"https:\/\/www.elche.es\/va\/participacio-ciutadana\/associacionisme\/registre-municipal-dentitats-ciutadanes\/","title":{"rendered":"Registre Municipal d&#8217;Entitats Ciutadanes"},"content":{"rendered":"<div class=\"wpb-content-wrapper\"><p>[vc_row full_width=&#8221;stretch_row&#8221; css=&#8221;.vc_custom_1475488090109{background-color: #dddde0 !important;}&#8221;][vc_column][vc_column_text]<nav aria-label=\"breadcrumbs\">\n            <div class=\"breadcrumb-container theme1\">\n                <ol>\n                                    <\/ol>\n            <\/div>\n        <\/nav>    <script type=\"application\/ld+json\">\n        {\n            \"@context\": \"http:\/\/schema.org\",\n            \"@type\": \"BreadcrumbList\",\n            \"itemListElement\": [\n                            ]\n        }\n    <\/script>\n    <style type=\"text\/css\">\n        .breadcrumb-container {\n            font-size: 13px;\n        }\n\n        .breadcrumb-container ul {\n            margin: 0;\n            padding: 0;\n        }\n\n        .breadcrumb-container li {\n            box-sizing: unset;\n            display: inline-block;\n            margin: 0;\n            padding: 0;\n        }\n\n        .breadcrumb-container li a {\n            box-sizing: unset;\n            padding: 0 10px;\n        }\n\n        .breadcrumb-container {\n            font-size: 3 !important;\n                    }\n\n        .breadcrumb-container li a {\n            color: #0a0a0a !important;\n            font-size: 3 !important;\n            line-height: 3 !important;\n                    }\n\n        .breadcrumb-container li .separator {\n            font-size: 3 !important;\n                    }\n\n        .breadcrumb-container li:last-child .separator {\n            display: none;\n        }\n    <\/style>\n    <style type=\"text\/css\">\n        .breadcrumb-container.theme1 li {\n            margin: 0;\n            padding: 0;\n        }\n        .breadcrumb-container.theme1 a {\n            background: ;\n            display: inline-block;\n            margin: 0 5px;\n            padding: 5px 10px;\n            text-decoration: none;\n        }\n    <\/style>\n        <style type=\"text\/css\">\n            <\/style>\n    <script>\n            <\/script>\n[\/vc_column_text][\/vc_column][\/vc_row][vc_row full_width=&#8221;stretch_row&#8221; css=&#8221;.vc_custom_1469624147007{padding-top: 140px !important;padding-bottom: 140px !important;background-image: url(https:\/\/www.elche.es\/wp-content\/uploads\/2016\/07\/palmeral.png?id=1044) !important;}&#8221;][vc_column][vc_row_inner css=&#8221;.vc_custom_1475142298750{padding-right: 30px !important;padding-bottom: 30px !important;padding-left: 30px !important;background-color: #ffffff !important;}&#8221;][vc_column_inner][vc_custom_heading text=&#8221;Registre d&#8217;entitats ciutadanes&#8221; font_container=&#8221;tag:h3|text_align:left&#8221; use_theme_fonts=&#8221;yes&#8221; el_class=&#8221;enlaces-titulo-cabecera&#8221;][vc_column_text]El registre municipal d&#8217;entitats ciutadanes de l&#8217;Ajuntament d&#8217;Elx \u00e9s el Registre p\u00fablic en el qual s&#8217;inscriuen les entitats ciutadanes amb domicili o seu social en el municipi d&#8217;Elx, que es trobin pr\u00e8viament inscrites en el Registre Auton\u00f2mic d&#8217;Associacions, o en altres registres p\u00fablics que els correspongui d&#8217;acord amb la seva naturalesa.<\/p>\n<p>T\u00e9 com a objectius el reconeixement \u00fanic davant l&#8217;Ajuntament d&#8217;Elx de les entitats en ell inscrites per garantir l&#8217;acc\u00e9s als ciutadans a les associacions que actuen en el nostre municipi.[\/vc_column_text][vc_empty_space][vc_custom_heading text=&#8221;Enlla\u00e7os d&#8217;inter\u00e8s&#8221; font_container=&#8221;tag:h3|text_align:left&#8221; use_theme_fonts=&#8221;yes&#8221; el_class=&#8221;enlaces-titulo-cabecera&#8221;][vc_column_text]<\/p>\n<div class=\"traductor-textarea form-group\">\n<div class=\"textarea-desti col-xs-12 col-sm-6\">\n<div class=\"form-control second-textarea\"><strong>Introducci\u00f3 a l&#8217;Associacionisme<\/strong><\/div>\n<\/div>\n<\/div>\n<ul>\n<li><a href=\"https:\/\/www.elche.es\/downhttps:\/\/www.elche.es\/va\/download\/com-constituir-una-associacio\/?wpdmdl=233635&amp;refresh=63ce8ae5e54241674480357\">Guia orientativa per formar una associaci\u00f3<\/a><\/li>\n<li><a href=\"https:\/\/www.elche.es\/wp-content\/uploads\/2017\/01\/Reglamento-organico-participacion-ciudadana-2010.pdf\">Reglament org\u00e0nic de participaci\u00f3 ciutadana<\/a><\/li>\n<\/ul>\n<p><strong>Formularis per a la inscripci\u00f3 en el Registre d&#8217;Associacions de la Comunitat Valenciana<\/strong><\/p>\n<ul>\n<li><a href=\"https:\/\/www.gva.es\/va\/inicio\/procedimientos?id_proc=83\" target=\"_blank\" rel=\"noopener\">Sol\u00b7licitud inscripci\u00f3 en Registre d&#8217;Associacions de la C.V.<\/a><\/li>\n<li><a href=\"https:\/\/www.elche.es\/wp-content\/uploads\/2017\/10\/ACTA_FUNDACIONAL.doc\">Acta fundacional<\/a><\/li>\n<li><a href=\"https:\/\/www.elche.es\/wp-content\/uploads\/2017\/10\/RELACI%C3%93N_COMPONENTES_%C3%93RGANO_GOBIERNO.pdf\">Relaci\u00f3 de Components de l&#8217;\u00d2rgan Provisional de Govern<\/a><\/li>\n<li><a href=\"https:\/\/www.elche.es\/wp-content\/uploads\/2017\/10\/ESTATUTOS_GENERALES_ASOCIACIONES.doc\">Estatuts<\/a><\/li>\n<\/ul>\n<p><strong>Tr\u00e0mits per a la inscripci\u00f3 en el Registre Municipal d&#8217;Entitats Ciutadanes<\/strong><\/p>\n<ul>\n<li><a href=\"https:\/\/www.elche.es\/download\/?wpdmdl=21549\">Sol\u00b7licitud d&#8217;Inscripci\u00f3 en el Registre Municipal d&#8217;Entitats Ciutadanes<\/a><\/li>\n<li><a href=\"https:\/\/www.elche.es\/download\/?wpdmdl=21609\">Modificaci\u00f3 o Actualitzaci\u00f3 de dades del Registre d&#8217;Entitats<\/a><\/li>\n<li><a href=\"https:\/\/www.elche.es\/download\/?wpdmdl=44277\">Sol\u00b7licitud de Baixa del Registre d&#8217;Entitats<\/a><\/li>\n<\/ul>\n<p>[\/vc_column_text][\/vc_column_inner][\/vc_row_inner][\/vc_column][\/vc_row]<\/p>\n<\/div>","protected":false},"excerpt":{"rendered":"<p>[vc_row full_width=&#8221;stretch_row&#8221; css=&#8221;.vc_custom_1475488090109{background-color: #dddde0 !important;}&#8221;][vc_column][vc_column_text][\/vc_column_text][\/vc_column][\/vc_row][vc_row full_width=&#8221;stretch_row&#8221; css=&#8221;.vc_custom_1469624147007{padding-top: 140px !important;padding-bottom: 140px !important;background-image: url(https:\/\/www.elche.es\/wp-content\/uploads\/2016\/07\/palmeral.png?id=1044) !important;}&#8221;][vc_column][vc_row_inner css=&#8221;.vc_custom_1475142298750{padding-right: 30px !important;padding-bottom: 30px !important;padding-left: 30px !important;background-color: #ffffff !important;}&#8221;][vc_column_inner][vc_custom_heading text=&#8221;Registre d&#8217;entitats ciutadanes&#8221; font_container=&#8221;tag:h3|text_align:left&#8221; use_theme_fonts=&#8221;yes&#8221; el_class=&#8221;enlaces-titulo-cabecera&#8221;][vc_column_text]El registre municipal [&hellip;]<\/p>\n","protected":false},"author":131,"featured_media":0,"parent":13168,"menu_order":0,"comment_status":"closed","ping_status":"closed","template":"","meta":{"footnotes":""},"class_list":["post-8629","page","type-page","status-publish","hentry"],"_links":{"self":[{"href":"https:\/\/www.elche.es\/va\/wp-json\/wp\/v2\/pages\/8629","targetHints":{"allow":["GET"]}}],"collection":[{"href":"https:\/\/www.elche.es\/va\/wp-json\/wp\/v2\/pages"}],"about":[{"href":"https:\/\/www.elche.es\/va\/wp-json\/wp\/v2\/types\/page"}],"author":[{"embeddable":true,"href":"https:\/\/www.elche.es\/va\/wp-json\/wp\/v2\/users\/131"}],"replies":[{"embeddable":true,"href":"https:\/\/www.elche.es\/va\/wp-json\/wp\/v2\/comments?post=8629"}],"version-history":[{"count":0,"href":"https:\/\/www.elche.es\/va\/wp-json\/wp\/v2\/pages\/8629\/revisions"}],"up":[{"embeddable":true,"href":"https:\/\/www.elche.es\/va\/wp-json\/wp\/v2\/pages\/13168"}],"wp:attachment":[{"href":"https:\/\/www.elche.es\/va\/wp-json\/wp\/v2\/media?parent=8629"}],"curies":[{"name":"wp","href":"https:\/\/api.w.org\/{rel}","templated":true}]}}