{"id":8789,"date":"2016-11-14T12:21:00","date_gmt":"2016-11-14T12:21:00","guid":{"rendered":"http:\/\/www.elche.es\/va\/oficina-municipal-datencio-ciutadana-omac\/buzon-de-la-ciudadania\/"},"modified":"2022-01-07T14:41:18","modified_gmt":"2022-01-07T13:41:18","slug":"bustia-de-la-ciutadania","status":"publish","type":"page","link":"https:\/\/www.elche.es\/va\/oficina-municipal-datencio-ciutadana-omac\/bustia-de-la-ciutadania\/","title":{"rendered":"B\u00fastia de la ciutadania"},"content":{"rendered":"<div class=\"wpb-content-wrapper\"><p>[vc_row full_width=&#8221;stretch_row&#8221; css=&#8221;.vc_custom_1622198248409{background-image: url(https:\/\/www.elche.es\/wp-content\/uploads\/2016\/11\/baner-buzon-ciudadania.jpg?id=7824) !important;background-position: center !important;background-repeat: no-repeat !important;background-size: cover !important;}&#8221; el_class=&#8221;slidersecciones&#8221;][vc_column][vc_custom_heading text=&#8221;B\u00fastia de la ciutadania&#8221; font_container=&#8221;tag:h2|text_align:center|color:%23ffffff&#8221; google_fonts=&#8221;font_family:Ubuntu%3A300%2C300italic%2Cregular%2Citalic%2C500%2C500italic%2C700%2C700italic|font_style:700%20bold%20regular%3A700%3Anormal&#8221; el_class=&#8221;sombraTitulo cabeceramovil&#8221;][\/vc_column][\/vc_row][vc_row full_width=&#8221;stretch_row&#8221; css=&#8221;.vc_custom_1475484188729{background-color: #dddde0 !important;}&#8221;][vc_column][vc_column_text]<nav aria-label=\"breadcrumbs\">\n            <div class=\"breadcrumb-container theme1\">\n                <ol>\n                                    <\/ol>\n            <\/div>\n        <\/nav>    <script type=\"application\/ld+json\">\n        {\n            \"@context\": \"http:\/\/schema.org\",\n            \"@type\": \"BreadcrumbList\",\n            \"itemListElement\": [\n                            ]\n        }\n    <\/script>\n    <style type=\"text\/css\">\n        .breadcrumb-container {\n            font-size: 13px;\n        }\n\n        .breadcrumb-container ul {\n            margin: 0;\n            padding: 0;\n        }\n\n        .breadcrumb-container li {\n            box-sizing: unset;\n            display: inline-block;\n            margin: 0;\n            padding: 0;\n        }\n\n        .breadcrumb-container li a {\n            box-sizing: unset;\n            padding: 0 10px;\n        }\n\n        .breadcrumb-container {\n            font-size: 3 !important;\n                    }\n\n        .breadcrumb-container li a {\n            color: #0a0a0a !important;\n            font-size: 3 !important;\n            line-height: 3 !important;\n                    }\n\n        .breadcrumb-container li .separator {\n            font-size: 3 !important;\n                    }\n\n        .breadcrumb-container li:last-child .separator {\n            display: none;\n        }\n    <\/style>\n    <style type=\"text\/css\">\n        .breadcrumb-container.theme1 li {\n            margin: 0;\n            padding: 0;\n        }\n        .breadcrumb-container.theme1 a {\n            background: ;\n            display: inline-block;\n            margin: 0 5px;\n            padding: 5px 10px;\n            text-decoration: none;\n        }\n    <\/style>\n        <style type=\"text\/css\">\n            <\/style>\n    <script>\n            <\/script>\n[\/vc_column_text][\/vc_column][\/vc_row][vc_row css=&#8221;.vc_custom_1475488264405{padding-bottom: 40px !important;}&#8221; el_id=&#8221;bloque_basica&#8221;][vc_column]<h3 class=\"sc_title sc_title_regular margin_top_tiny\">B\u00fastia de la ciutadania<\/h3>[vc_column_text]<\/p>\n<p style=\"text-align: justify;\">Arreplega peticions d&#8217;informaci\u00f3, incid\u00e8ncies, suggeriments, reclamacions o queixes. Aquest servei d&#8217;atenci\u00f3 ciutadana es pot realitzar en les b\u00fasties habilitades a aquest efecte que es troben en les oficines de la Xarxa OMAC d&#8217;Elx, o a trav\u00e9s d&#8217;aquesta mateixa web.<\/p>\n<p>[\/vc_column_text]<a href=\"https:\/\/www.elche.es\/oficina-municipal-de-atencion-ciudadana-omac\/buzon-de-la-ciudadania\/red-de-buzones-de-la-ciudadania\/\" class=\"sc_button sc_button_square sc_button_style_filled style_original sc_button_size_small margin_top_small margin_bottom_small\" style=\"padding: 0.3em 0.8em 0.30em; font-size: 22px; text-transform: none;\">Xarxa de b\u00fasties de la ciutadania<\/a>[vc_custom_heading text=&#8221;Enlla\u00e7os als serveis&#8221; font_container=&#8221;tag:h4|text_align:left&#8221; use_theme_fonts=&#8221;yes&#8221; el_class=&#8221;enlaces-titulo-cabecera&#8221;][vc_empty_space]\r\n        <p>\r\n        <span class=\"enlaces-titulo\"> Petici\u00f3 d'Informaci\u00f3 <\/span> <span><a class=\"enlaces-link\" target='_blank'href=\"https:\/\/ayto.online\/elche \">Veure enlla\u00e7<\/a><\/span>\r\n        <br>\r\n        <span class=\"enlaces-descripcion\">Sol\u00b7licitud d'informaci\u00f3 sobre els diferents serveis municipals i tr\u00e0mits administratius: requisits, documentaci\u00f3, lloc al qual dirigir-se etc, i qualsevol altre assumpte del seu inter\u00e9s relacionat amb l'activitat de l'Ajuntament d'Elx i els seus organismes aut\u00f2noms.<br \/>\nTelefonant al 010 o al 966 658 050<br \/>\nPer WhatsApp010 al 644 757 944 o en l\u2019enlla\u00e7 https:\/\/ayto.online\/elche<\/span>\r\n        <\/p>\r\n        <hr class=\"enlaces-separador\">\r\n        \r\n        <p>\r\n        <span class=\"enlaces-titulo\"> Comunicaci\u00f3 d'incid\u00e8ncies <\/span> <span><a class=\"enlaces-link\" target='_blank'href=\"https:\/\/app.elche.es\/aplicaciones\/incidencias\/ \">Veure enlla\u00e7<\/a><\/span>\r\n        <br>\r\n        <span class=\"enlaces-descripcion\">Comunicacions dels ciutadans sobre problemes puntuals en la prestaci\u00f3 d'un servei, que solen sorgir en el seu normal desenvolupament, aix\u00ed com defici\u00e8ncies que observen en la via p\u00fablica, en relaci\u00f3 amb enllumenat, mobiliari urb\u00e0, senyalitzaci\u00f3 de tr\u00e0nsit etc...<\/span>\r\n        <\/p>\r\n        <hr class=\"enlaces-separador\">\r\n        [vc_column_text]<\/p>\n<p class=\"large\" style=\"text-align: justify;\"><strong>Suggeriments i Reclamacions<\/strong><\/p>\n<p style=\"text-align: justify;\"><strong><span style=\"color: #000000;\">Suggeriments<\/span><span style=\"color: #2df1db;\">\u00a0 \u00a0\u00a0<a style=\"color: #2df1db;\" href=\"https:\/\/sede.elche.es\/sta\/CarpetaPublic\/doEvent?APP_CODE=STA&amp;PAGE_CODE=CATALOGO&amp;DETALLE=6269000000563998199500\" target=\"_blank\" rel=\"noopener\">Veure enlla\u00e7<\/a><\/span><\/strong><br \/>\nEs consideraran <strong>suggeriments<\/strong> aquelles propostes, recomanacions o iniciatives formulades per la ciutadania i destinades a millorar els serveis p\u00fablics de l&#8217;ajuntament d&#8217;Elx o de les entitats que en depenen.<\/p>\n<p style=\"text-align: justify;\"><strong><span style=\"color: #000000;\">Reclamacions <\/span><span style=\"color: #2df1db;\">\u00a0 \u00a0\u00a0<a style=\"color: #2df1db;\" href=\"https:\/\/sede.elche.es\/sta\/CarpetaPublic\/doEvent?APP_CODE=STA&amp;PAGE_CODE=CATALOGO&amp;DETALLE=6269000000563998199500\" target=\"_blank\" rel=\"noopener\">Veure enlla\u00e7<\/a><\/span><\/strong><br \/>\nEs consideren <strong>reclamacions<\/strong> aquelles peticions, demandes o protestes realitzades per la ciutadania sobre el normal o anormal funcionament dels serveis municipals.<\/p>\n<p>[\/vc_column_text][vc_separator color=&#8221;turquoise&#8221; css=&#8221;.vc_custom_1479129608908{padding-top: 25px !important;padding-bottom: 20px !important;}&#8221;][vc_empty_space][vc_custom_heading text=&#8221;Documents relacionats&#8221; font_container=&#8221;tag:h4|text_align:left&#8221; use_theme_fonts=&#8221;yes&#8221; el_class=&#8221;enlaces-titulo-cabecera&#8221;]\r\n        <p>\r\n        <span class=\"enlaces-titulo\"> Informes de la Comissi\u00f3 Especial de Suggeriments i Reclamacions <\/span> <span><a class=\"enlaces-link\" target='_blank'href=\"https:\/\/www.elche.es\/va\/oficina-municipal-datencio-ciutadana-omac\/informe-de-la-comissio-de-suggeriments-i-reclamacions\/ \">Veure enlla\u00e7<\/a><\/span>\r\n        <br>\r\n        <span class=\"enlaces-descripcion\"><\/span>\r\n        <\/p>\r\n        <hr class=\"enlaces-separador\">\r\n        \r\n        <p>\r\n        <span class=\"enlaces-titulo\"> Carta de serveis de suggeriments i reclamacions <\/span> <span><a class=\"enlaces-link\" target='_blank'href=\"https:\/\/www.elche.es\/wp-content\/uploads\/2021\/11\/CARTA-DEL-SERVEI-DE-SUGGERIMENTS-I-RECLAMACIONS.pdf \">Veure enlla\u00e7<\/a><\/span>\r\n        <br>\r\n        <span class=\"enlaces-descripcion\"><\/span>\r\n        <\/p>\r\n        <hr class=\"enlaces-separador\">\r\n        \r\n        <p>\r\n        <span class=\"enlaces-titulo\"> Reglament Org\u00e0nic de la Comissi\u00f3 de Suggeriments i Reclamacions de l'Ajuntament d'Elx <\/span> <span><a class=\"enlaces-link\" target='_blank'href=\"https:\/\/www.elche.es\/wp-content\/uploads\/2017\/10\/Reglamento_Comision_Quejas_y_Sugerencias.pdf \">Veure enlla\u00e7<\/a><\/span>\r\n        <br>\r\n        <span class=\"enlaces-descripcion\"><\/span>\r\n        <\/p>\r\n        <hr class=\"enlaces-separador\">\r\n        [\/vc_column][\/vc_row]<\/p>\n<\/div>","protected":false},"excerpt":{"rendered":"<p>[vc_row full_width=&#8221;stretch_row&#8221; css=&#8221;.vc_custom_1622198248409{background-image: url(https:\/\/www.elche.es\/wp-content\/uploads\/2016\/11\/baner-buzon-ciudadania.jpg?id=7824) !important;background-position: center !important;background-repeat: no-repeat !important;background-size: cover !important;}&#8221; el_class=&#8221;slidersecciones&#8221;][vc_column][vc_custom_heading text=&#8221;B\u00fastia de la ciutadania&#8221; font_container=&#8221;tag:h2|text_align:center|color:%23ffffff&#8221; google_fonts=&#8221;font_family:Ubuntu%3A300%2C300italic%2Cregular%2Citalic%2C500%2C500italic%2C700%2C700italic|font_style:700%20bold%20regular%3A700%3Anormal&#8221; el_class=&#8221;sombraTitulo cabeceramovil&#8221;][\/vc_column][\/vc_row][vc_row full_width=&#8221;stretch_row&#8221; css=&#8221;.vc_custom_1475484188729{background-color: #dddde0 !important;}&#8221;][vc_column][vc_column_text][\/vc_column_text][\/vc_column][\/vc_row][vc_row css=&#8221;.vc_custom_1475488264405{padding-bottom: 40px !important;}&#8221; el_id=&#8221;bloque_basica&#8221;][vc_column][vc_column_text] Arreplega peticions [&hellip;]<\/p>\n","protected":false},"author":131,"featured_media":0,"parent":6937,"menu_order":0,"comment_status":"closed","ping_status":"closed","template":"","meta":{"footnotes":""},"class_list":["post-8789","page","type-page","status-publish","hentry"],"_links":{"self":[{"href":"https:\/\/www.elche.es\/va\/wp-json\/wp\/v2\/pages\/8789","targetHints":{"allow":["GET"]}}],"collection":[{"href":"https:\/\/www.elche.es\/va\/wp-json\/wp\/v2\/pages"}],"about":[{"href":"https:\/\/www.elche.es\/va\/wp-json\/wp\/v2\/types\/page"}],"author":[{"embeddable":true,"href":"https:\/\/www.elche.es\/va\/wp-json\/wp\/v2\/users\/131"}],"replies":[{"embeddable":true,"href":"https:\/\/www.elche.es\/va\/wp-json\/wp\/v2\/comments?post=8789"}],"version-history":[{"count":0,"href":"https:\/\/www.elche.es\/va\/wp-json\/wp\/v2\/pages\/8789\/revisions"}],"up":[{"embeddable":true,"href":"https:\/\/www.elche.es\/va\/wp-json\/wp\/v2\/pages\/6937"}],"wp:attachment":[{"href":"https:\/\/www.elche.es\/va\/wp-json\/wp\/v2\/media?parent=8789"}],"curies":[{"name":"wp","href":"https:\/\/api.w.org\/{rel}","templated":true}]}}