{"id":91283,"date":"2018-06-18T12:09:20","date_gmt":"2018-06-18T11:09:20","guid":{"rendered":"http:\/\/www.elche.es\/va\/plan-fomento-cultura-emprendedora\/"},"modified":"2025-08-22T09:50:35","modified_gmt":"2025-08-22T07:50:35","slug":"plan-fomento-cultura-emprendedora","status":"publish","type":"page","link":"https:\/\/www.elche.es\/va\/promocion-economica\/emprendimiento\/programas-emprendimiento\/plan-fomento-cultura-emprendedora\/","title":{"rendered":"Pla de Foment de la Cultura Emprenedora en una ciutat solid\u00e0ria"},"content":{"rendered":"<div class=\"wpb-content-wrapper\"><p>[vc_row][vc_column][vc_column_text]<nav aria-label=\"breadcrumbs\">\n            <div class=\"breadcrumb-container theme1\">\n                <ol>\n                                    <\/ol>\n            <\/div>\n        <\/nav>    <script type=\"application\/ld+json\">\n        {\n            \"@context\": \"http:\/\/schema.org\",\n            \"@type\": \"BreadcrumbList\",\n            \"itemListElement\": [\n                            ]\n        }\n    <\/script>\n    <style type=\"text\/css\">\n        .breadcrumb-container {\n            font-size: 13px;\n        }\n\n        .breadcrumb-container ul {\n            margin: 0;\n            padding: 0;\n        }\n\n        .breadcrumb-container li {\n            box-sizing: unset;\n            display: inline-block;\n            margin: 0;\n            padding: 0;\n        }\n\n        .breadcrumb-container li a {\n            box-sizing: unset;\n            padding: 0 10px;\n        }\n\n        .breadcrumb-container {\n            font-size: 3 !important;\n                    }\n\n        .breadcrumb-container li a {\n            color: #0a0a0a !important;\n            font-size: 3 !important;\n            line-height: 3 !important;\n                    }\n\n        .breadcrumb-container li .separator {\n            font-size: 3 !important;\n                    }\n\n        .breadcrumb-container li:last-child .separator {\n            display: none;\n        }\n    <\/style>\n    <style type=\"text\/css\">\n        .breadcrumb-container.theme1 li {\n            margin: 0;\n            padding: 0;\n        }\n        .breadcrumb-container.theme1 a {\n            background: ;\n            display: inline-block;\n            margin: 0 5px;\n            padding: 5px 10px;\n            text-decoration: none;\n        }\n    <\/style>\n        <style type=\"text\/css\">\n            <\/style>\n    <script>\n            <\/script>\n[\/vc_column_text][\/vc_column][\/vc_row][vc_row][vc_column]<h2 class=\"sc_title sc_title_regular\" style=\"````\"><\/p>\n<p style=\"text-align: center;\"><strong>Foment de la Cultura Emprenedora<\/strong><br \/>\n<strong>en una Ciutat Solid\u00e0ria<\/strong><\/p>\n<p><\/h2>[vc_column_text]<img loading=\"lazy\" decoding=\"async\" class=\"wp-image-86612 size-full\" src=\"https:\/\/www.elche.es\/wp-content\/uploads\/2019\/03\/Portada-Plan-para-el-Fomento-de-la-Cultura-Emprendedora-en-una-Ciudad-Solidaria.png\" alt=\"\" width=\"1024\" height=\"768\" srcset=\"https:\/\/www.elche.es\/wp-content\/uploads\/2019\/03\/Portada-Plan-para-el-Fomento-de-la-Cultura-Emprendedora-en-una-Ciudad-Solidaria.png 1024w, https:\/\/www.elche.es\/wp-content\/uploads\/2019\/03\/Portada-Plan-para-el-Fomento-de-la-Cultura-Emprendedora-en-una-Ciudad-Solidaria-300x225.png 300w, https:\/\/www.elche.es\/wp-content\/uploads\/2019\/03\/Portada-Plan-para-el-Fomento-de-la-Cultura-Emprendedora-en-una-Ciudad-Solidaria-768x576.png 768w\" sizes=\"auto, (max-width: 1024px) 100vw, 1024px\" \/>[\/vc_column_text]<div class=\"sc_toggles\"><div class=\"sc_toggles_item odd first\"><h5 class=\"sc_toggles_title\"><span class=\"sc_toggles_icon sc_toggles_icon_closed icon-plus\"><\/span><span class=\"sc_toggles_icon sc_toggles_icon_opened icon-minus\"><\/span>PROJECTE BIKreando 2025<\/h5><div class=\"sc_toggles_content\" style=\"````\">[vc_column_text css=&#8221;&#8221;]<strong>El regidor de Promoci\u00f3 Econ\u00f2mica, Formaci\u00f3 i Ocupaci\u00f3, Samuel Ru\u00edz<\/strong>, ha presentat l\u2019esdeveniment final del Projecte Bikreando, una proposta educativa que treballa la innovaci\u00f3 i l\u2019emprenedoria organitzada pel centre educatiu Salesians Sant Josep Artes\u00e0 amb la col\u00b7laboraci\u00f3 de l\u2019Ajuntament d\u2019Elx i CEEI Elx.<\/p>\n<p>La presentaci\u00f3 ha comptat, a m\u00e9s, amb l\u2019assist\u00e8ncia del <strong>director del col\u00b7legi, Javier Sevilla<\/strong>; el <strong>cap del departament de Gesti\u00f3 Administrativa de Salesians, Carlos Berenguer<\/strong>, i el <strong>diputat provincial de Cultura, Juan de Dios Navarro<\/strong>.<\/p>\n<p>Ru\u00edz ha indicat que \u201ceste projecte engloba la participaci\u00f3 de diferents administracions, organitzacions empresarials i centres d\u2019ensenyament secundari, per a impulsar la innovaci\u00f3 empresarial i l\u2019emprenedoria en els joves\u201d.<\/p>\n<p>L\u2019edici\u00f3 2024\/2025 de Bikreando culminar\u00e0 amb la trobada final, que tindr\u00e0 lloc el 14 de maig de 2025, al Centre de Congressos, amb la participaci\u00f3 de diferents administracions, organitzacions empresarials i centres d\u2019ensenyament secundari, per a impulsar la innovaci\u00f3 empresarial i l\u2019emprenedoria en els joves.[\/vc_column_text][vc_empty_space]<div class=\"widget_area sc_widget_advert vc_widget_advert wpb_content_element\"><aside id=\"widget_advert\" class=\"widget widget_advert\">\t\t\t\n\t\t<div class=\"widget_advert_inner\">\n\t\t\t<span class=\"image_wrap\"><img loading=\"lazy\" decoding=\"async\" src=\"https:\/\/www.elche.es\/wp-content\/uploads\/2025\/05\/El-Centro-de-Congresos-acoge-la-VI-edicion-del-Proyecto-Bikreando.jpg\" alt=\"\" width=\"1200\" height=\"725\"><\/span>\t\t<\/div>\n\t\t<\/aside><\/div><\/div><\/div><div class=\"sc_toggles_item even\"><h5 class=\"sc_toggles_title\"><span class=\"sc_toggles_icon sc_toggles_icon_closed icon-plus\"><\/span><span class=\"sc_toggles_icon sc_toggles_icon_opened icon-minus\"><\/span>PROJECTE BIKreando 2024<\/h5><div class=\"sc_toggles_content\" style=\"````\">[vc_column_text css=&#8221;&#8221;]<\/p>\n<h2>\u00abEl pont entre la realitat i els somnis dels joves emprenedors\u00bb<\/h2>\n<p>La Regidoria de Promoci\u00f3 Econ\u00f2mica, Formaci\u00f3 i Ocupaci\u00f3 forma part del projecte BIKreando, juntament amb organitzacions empresarials, empreses, centres educatius i altres institucions, creant una xarxa de sinergies transformadores i afavoridores de la promoci\u00f3 de l\u2019emprenedoria i la innovaci\u00f3 amb una estrat\u00e8gia clara per al desenvolupament dels ODS i les bases de l\u2019economia circular.<\/p>\n<p>El projecte BIKreando t\u00e9 com a objectius generals: respondre a les necessitats que el mercat laboral demana al sistema educatiu; facilitar l\u2019aprenentatge per a generar idees innovadores, generant una cultura emprenedora pr\u00e0ctica entre els joves; promoure el pensament cr\u00edtic i creatiu, inculcant entre els joves el desenvolupament dels principis sobre els quals se sustenta l\u2019economia circular, fomentant la concreci\u00f3 en propostes innovadores; i fomentar l\u2019aplicabilitat dels objectius de desenvolupament sostenible, refor\u00e7ant una cultura social m\u00e9s justa, solid\u00e0ria i sostenible.<\/p>\n<p>El 8 de maig, en horari de 9.00 a 19.30 h, va tindre lloc al Centre de Congressos &#8220;Ciutat d\u2019Elx&#8221; d\u2019Elx la trobada final del projecte BIKreando 2024.[\/vc_column_text][vc_empty_space][vc_empty_space height=&#8221;60px&#8221;]<div class=\"widget_area sc_widget_advert vc_widget_advert wpb_content_element\"><aside id=\"widget_advert\" class=\"widget widget_advert\">\t\t\t\n\t\t<div class=\"widget_advert_inner\">\n\t\t\t<span class=\"image_wrap\"><img loading=\"lazy\" decoding=\"async\" src=\"https:\/\/www.elche.es\/wp-content\/uploads\/2024\/10\/thumbnail_Banner-Bikreando-24.jpg\" alt=\"\" width=\"1280\" height=\"720\"><\/span>\t\t<\/div>\n\t\t<\/aside><\/div><\/div><\/div><div class=\"sc_toggles_item odd\"><h5 class=\"sc_toggles_title\"><span class=\"sc_toggles_icon sc_toggles_icon_closed icon-plus\"><\/span><span class=\"sc_toggles_icon sc_toggles_icon_opened icon-minus\"><\/span>PROJECTE BIKreando 2023<\/h5><div class=\"sc_toggles_content\" style=\"````\">[vc_column_text css=&#8221;&#8221;]La Regidoria de Promoci\u00f3 Econ\u00f2mica i Ocupaci\u00f3 forma part del projecte BIKreando, juntament amb organitzacions empresarials, empreses, centres educatius i altres institucions, creant una xarxa de sinergies transformadores i afavoridores de la promoci\u00f3 de l\u2019emprenedoria i la innovaci\u00f3 amb una estrat\u00e8gia clara per al desenvolupament dels ODS i les bases de l\u2019economia circular.<\/p>\n<p>El projecte BIKreando t\u00e9 com a objectius generals: respondre a les necessitats que el mercat laboral demana al sistema educatiu; facilitar l\u2019aprenentatge per a generar idees innovadores, fomentant una cultura emprenedora pr\u00e0ctica entre els joves; promoure el pensament cr\u00edtic i creatiu, inculcant entre els joves el desenvolupament dels principis sobre els quals se sustenta l\u2019economia circular, fomentant la concreci\u00f3 en propostes innovadores; i impulsar l\u2019aplicabilitat dels objectius de desenvolupament sostenible, refor\u00e7ant una cultura social m\u00e9s justa, solid\u00e0ria i sostenible.<\/p>\n<p>L\u201911 de maig, en horari de 9.00 a 19.30 h, tindr\u00e0 lloc al Centre de Congressos &#8220;Ciutat d\u2019Elx&#8221; d\u2019Elx la trobada final del projecte BIKreando 2023. L\u2019assist\u00e8ncia i participaci\u00f3 en esta jornada \u00e9s gratu\u00efta i oberta a totes les persones amb iniciativa emprenedora, per\u00f2 es requereix inscripci\u00f3 pr\u00e8via a trav\u00e9s d\u2019este enlla\u00e7.<\/p>\n<p>En este esdeveniment es clausurar\u00e0 la IV Edici\u00f3 del programa BIKreando i l\u2019alumnat dels centres educatius participants presentar\u00e0 els seus projectes empresarials innovadors. En esta edici\u00f3 han participat 11 col\u00b7legis i centres educatius, 22 entitats i organitzacions, 722 estudiants i 20 empreses. Des de 2019 han participat 34 col\u00b7legis i centres educatius, 71 entitats i organitzacions, 2.477 estudiants i 74 empreses.<\/p>\n<p>La jornada comptar\u00e0 amb diferents xarrades d\u2019emprenedors de la prov\u00edncia d\u2019Alacant que compartiran la seua experi\u00e8ncia amb els joves. Hi participaran Rosa G\u00f3mez, s\u00f2cia i directora en Projectes Amaltea; Carla Bernabeu, CEO i fundadora de K\u00e9 Water Drinks; Cruz Peral, directora a Neoempleo; Ester Mart\u00ednez, directora a Ester Mart\u00ednez Mart\u00ednez; Carmen Sanmart\u00edn, del departament financer d\u2019Eurolosa; i Saray Selva, cofundadora i copywriter a Cocolate.<\/p>\n<p>L\u2019esdeveniment tamb\u00e9 inclour\u00e0 diverses confer\u00e8ncies. En la sessi\u00f3 matinal, Pl\u00e1cido Dom\u00e9nech Esp\u00ed, fundador i CEO de MXND, impartir\u00e0 una xarrada i hi haur\u00e0 una actuaci\u00f3 musical a c\u00e0rrec de Regomello, que presentar\u00e0 \u201cComposant en Directe\u201d. En la sessi\u00f3 de la vesprada es realitzar\u00e0 l\u2019acte de clausura, destinat al gran p\u00fablic, que comen\u00e7ar\u00e0 amb un debat-col\u00b7loqui sobre \u201cSostenibilitat, innovaci\u00f3 i economia del b\u00e9 com\u00fa\u201d. Hi participaran, com a ponents, Federico Buyolo, director d\u2019innovaci\u00f3 cultural en la Fundaci\u00f3 Jos\u00e9 Ortega y Gasset-Gregorio Mara\u00f1\u00f3n, i Francisco \u00c1lvarez, portaveu internacional del moviment de l\u2019Economia del B\u00e9 Com\u00fa, amb Rosal\u00eda Mayor, presidenta de l\u2019Associaci\u00f3 de Periodistes de la Prov\u00edncia d\u2019Alacant, com a moderadora. La jornada finalitzar\u00e0 amb el lliurament dels reconeixements esmentats.[\/vc_column_text][vc_empty_space][vc_empty_space height=&#8221;60px&#8221;]<\/div><\/div><\/div>[\/vc_column][vc_column][\/vc_column][\/vc_row][vc_row][vc_column][vc_empty_space][\/vc_column][\/vc_row][vc_row][vc_column][\/vc_column][\/vc_row][vc_row][vc_column][\/vc_column][\/vc_row][vc_row][vc_column][\/vc_column][\/vc_row][vc_row][vc_column][\/vc_column][\/vc_row][vc_row][vc_column][\/vc_column][\/vc_row]<\/p>\n<\/div>","protected":false},"excerpt":{"rendered":"<p>[vc_row][vc_column][vc_column_text][\/vc_column_text][\/vc_column][\/vc_row][vc_row][vc_column][vc_column_text][\/vc_column_text][\/vc_column][vc_column][\/vc_column][\/vc_row][vc_row][vc_column][vc_empty_space][\/vc_column][\/vc_row][vc_row][vc_column][\/vc_column][\/vc_row][vc_row][vc_column][\/vc_column][\/vc_row][vc_row][vc_column][\/vc_column][\/vc_row][vc_row][vc_column][\/vc_column][\/vc_row][vc_row][vc_column][\/vc_column][\/vc_row]<\/p>\n","protected":false},"author":131,"featured_media":0,"parent":95542,"menu_order":0,"comment_status":"closed","ping_status":"closed","template":"","meta":{"footnotes":""},"class_list":["post-91283","page","type-page","status-publish","hentry"],"_links":{"self":[{"href":"https:\/\/www.elche.es\/va\/wp-json\/wp\/v2\/pages\/91283","targetHints":{"allow":["GET"]}}],"collection":[{"href":"https:\/\/www.elche.es\/va\/wp-json\/wp\/v2\/pages"}],"about":[{"href":"https:\/\/www.elche.es\/va\/wp-json\/wp\/v2\/types\/page"}],"author":[{"embeddable":true,"href":"https:\/\/www.elche.es\/va\/wp-json\/wp\/v2\/users\/131"}],"replies":[{"embeddable":true,"href":"https:\/\/www.elche.es\/va\/wp-json\/wp\/v2\/comments?post=91283"}],"version-history":[{"count":3,"href":"https:\/\/www.elche.es\/va\/wp-json\/wp\/v2\/pages\/91283\/revisions"}],"predecessor-version":[{"id":342953,"href":"https:\/\/www.elche.es\/va\/wp-json\/wp\/v2\/pages\/91283\/revisions\/342953"}],"up":[{"embeddable":true,"href":"https:\/\/www.elche.es\/va\/wp-json\/wp\/v2\/pages\/95542"}],"wp:attachment":[{"href":"https:\/\/www.elche.es\/va\/wp-json\/wp\/v2\/media?parent=91283"}],"curies":[{"name":"wp","href":"https:\/\/api.w.org\/{rel}","templated":true}]}}