{"id":92848,"date":"2018-06-18T13:22:41","date_gmt":"2018-06-18T12:22:41","guid":{"rendered":"http:\/\/www.elche.es\/va\/subvenciones-elche-emprende\/"},"modified":"2025-07-02T08:23:55","modified_gmt":"2025-07-02T06:23:55","slug":"subvencions-elx-empren","status":"publish","type":"page","link":"https:\/\/www.elche.es\/va\/promocion-economica\/emprendimiento\/asesoramiento-emprendedores-2\/subvencions-elx-empren\/","title":{"rendered":"Subvencions Elx Empr\u00e9n"},"content":{"rendered":"<div class=\"wpb-content-wrapper\"><p>[vc_row][vc_column][vc_column_text]<nav aria-label=\"breadcrumbs\">\n            <div class=\"breadcrumb-container theme1\">\n                <ol>\n                                    <\/ol>\n            <\/div>\n        <\/nav>    <script type=\"application\/ld+json\">\n        {\n            \"@context\": \"http:\/\/schema.org\",\n            \"@type\": \"BreadcrumbList\",\n            \"itemListElement\": [\n                            ]\n        }\n    <\/script>\n    <style type=\"text\/css\">\n        .breadcrumb-container {\n            font-size: 13px;\n        }\n\n        .breadcrumb-container ul {\n            margin: 0;\n            padding: 0;\n        }\n\n        .breadcrumb-container li {\n            box-sizing: unset;\n            display: inline-block;\n            margin: 0;\n            padding: 0;\n        }\n\n        .breadcrumb-container li a {\n            box-sizing: unset;\n            padding: 0 10px;\n        }\n\n        .breadcrumb-container {\n            font-size: 3 !important;\n                    }\n\n        .breadcrumb-container li a {\n            color: #0a0a0a !important;\n            font-size: 3 !important;\n            line-height: 3 !important;\n                    }\n\n        .breadcrumb-container li .separator {\n            font-size: 3 !important;\n                    }\n\n        .breadcrumb-container li:last-child .separator {\n            display: none;\n        }\n    <\/style>\n    <style type=\"text\/css\">\n        .breadcrumb-container.theme1 li {\n            margin: 0;\n            padding: 0;\n        }\n        .breadcrumb-container.theme1 a {\n            background: ;\n            display: inline-block;\n            margin: 0 5px;\n            padding: 5px 10px;\n            text-decoration: none;\n        }\n    <\/style>\n        <style type=\"text\/css\">\n            <\/style>\n    <script>\n            <\/script>\n[\/vc_column_text][\/vc_column][\/vc_row][vc_row][vc_column]<h1 class=\"sc_title sc_title_regular titulo-pagina margin_top_small\">Subvencions Elx Empr\u00e9n<\/h1>[vc_column_text css=&#8221;&#8221;]Les Subvencions Elx Empr\u00e9n s\u00f3n un programa d\u2019ajudes econ\u00f2miques per a les persones emprenedores, finan\u00e7ades \u00edntegrament per l\u2019Ajuntament d\u2019Elx a trav\u00e9s de la Regidoria de Promoci\u00f3 Econ\u00f2mica que es duen a terme mitjan\u00e7ant la seua Oficina Municipal per a la Iniciativa Emprenedora (OMIE).<\/p>\n<p>Objectius:<\/p>\n<p>L\u2019objecte d\u2019estes subvencions, concedides en r\u00e8gim de concurr\u00e8ncia competitiva, s\u2019enquadra dintre de les mesures promogudes per l\u2019Excm. Ajuntament d\u2019Elx per a donar suport a la creaci\u00f3 i a la consolidaci\u00f3 d\u2019empreses, la generaci\u00f3 d\u2019ocupaci\u00f3, impulsant la riquesa en el municipi mitjan\u00e7ant el finan\u00e7ament parcial dels gastos de posada en marxa i inversi\u00f3 de l\u2019activitat per a la qual se sol\u00b7licita la subvenci\u00f3.<\/p>\n<p>&nbsp;<\/p>\n<p>Quantia de la subvenci\u00f3:<\/p>\n<p>L\u2019import global m\u00e0xim destinat a atendre estes subvencions ascendix a la quantitat total de 200.000 \u20ac.<\/p>\n<p>&nbsp;<\/p>\n<p>Les subvencions a concedir per entitat sol\u00b7licitant oscil\u00b7laran entre la m\u00ednima de 1.500,00 \u20ac i la m\u00e0xima fins a 4.500,00 \u20ac.<\/p>\n<p>&nbsp;<\/p>\n<p>Destinataris: Podran ser beneficiaris d\u2019estes subvencions les empreses privades amb centre de treball i domicili fiscal de l\u2019activitat empresarial o professional en el municipi d\u2019Elx, qualsevol que siga la seua forma jur\u00eddica, constitu\u00efdes entre l\u20191 de gener de 2024 i el 31 de juliol de 2025, d\u2019acord amb l\u2019alta d\u2019activitats en el Cens Tributari.<\/p>\n<p>&nbsp;<\/p>\n<p>Les empreses anteriorment descrites han de complir com a requisit haver realitzat una inversi\u00f3 m\u00ednima de 1.500 \u20ac (IVA excl\u00f2s) justificada corresponentment, i realitzada entre els 6 mesos anteriors i posteriors de la data d\u2019alta en el cens tributari en concepte de:<\/p>\n<p>\u00a7 Inversi\u00f3 en immobilitzat d\u2019acord amb el Pla General de Comptabilitat (exceptuant la compra d\u2019immobles).<\/p>\n<p>\u00a7 Drets de trasp\u00e0s.<\/p>\n<p>\u00a7 Concessions administratives i\/o gastos de posada en marxa com a gastos de tramitaci\u00f3, gastos de creaci\u00f3\/constituci\u00f3 d\u2019empresa per assessoria, notaria i registre entre d\u2019altres.<\/p>\n<p>Els criteris per a determinar de la subvenci\u00f3 m\u00e0xima s\u00f3n els seg\u00fcents:<\/p>\n<p>\u00a7 Per la posada en marxa de la nova activitat econ\u00f2mica i sempre que ascendisca a 1.500,00 \u20ac la inversi\u00f3 m\u00ednima justificada: 3.000,00 \u20ac.<\/p>\n<p>\u00a7 Generaci\u00f3 d\u2019autoocupaci\u00f3. Per cada persona que haja causat alta en R\u00e8gim Especial de Treballadors Aut\u00f2noms o mutualitat corresponent, si escau: 500,00 \u20ac (l\u2019import m\u00e0xim a concedir per este concepte ser\u00e0 de 1.000,00 \u20ac.)<\/p>\n<p>Si la persona que causa l\u2019alta \u00e9s menor de 30 anys a data de finalitzaci\u00f3 del termini de sol\u00b7licitud de la subvenci\u00f3 o que acredita un grau de discapacitat d\u2019almenys el 33%, un import addicional a l\u2019anterior de 500,00 \u20ac.<\/p>\n<p>\u00a7 L\u2019import m\u00e0xim per generaci\u00f3 d\u2019ocupaci\u00f3 aut\u00f2noma es limita a 1.000,00 \u20ac.<\/p>\n<p>L\u2019import de la subvenci\u00f3 a percebre haur\u00e0 de quedar justificat amb els gastos presentats i, en cap cas, podr\u00e0 ser superior a estos.<\/p>\n<p>Les ajudes es concediran per ordre de presentaci\u00f3 de sol\u00b7licituds fins a esgotar el cr\u00e8dit pressupostari disponible.<\/p>\n<p>La presentaci\u00f3 de sol\u00b7licituds es realitzar\u00e0 exclusivament per mitjans telem\u00e0tics a trav\u00e9s de la seu electr\u00f2nica de l\u2019Ajuntament d\u2019Elx (https:\/\/sede.elche.es), en el tr\u00e0mit \u201cSol\u00b7licitud de Subvencions Elx Empr\u00e9n\u201d, mitjan\u00e7ant el model normalitzat de sol\u00b7licitud A115, acompanyant la documentaci\u00f3 requerida en la Convocat\u00f2ria.<\/p>\n<p>Mateixos models de documents que apareixen actualment en la web (A115&#8230;)<\/p>\n<p><a href=\"https:\/\/www.elche.es\/wp-content\/uploads\/2025\/07\/Edicto_Bases_Elche_Emprende_2025.pdf\"><strong>Convocat\u00f2ria de Subvencions Elx Empr\u00e9n 2025<\/strong><\/a><\/p>\n<p><a href=\"https:\/\/www.elche.es\/wp-content\/uploads\/2024\/02\/A115-MODELO-SOLICITUD-SUBVENCION-ELCHE-EMPRENDE-2024-1.pdf\">Model A115 Inst\u00e0ncia sol\u00b7licitud<\/a><\/p>\n<p><a href=\"https:\/\/www.elche.es\/wp-content\/uploads\/2024\/02\/A051-Registro-de-proveedores.-Designacion-de-cuenta-bancaria.pdf\">Model A051 Registre de prove\u00efdors. Designaci\u00f3 de compte bancari<\/a><\/p>\n<p><a href=\"https:\/\/www.elche.es\/wp-content\/uploads\/2024\/02\/A315_Autorizacion_representantes.pdf\">Model A315 d&#8217;autoritzaci\u00f3 de representaci\u00f3 de tercers<\/a>[\/vc_column_text]<a href=\"https:\/\/sede.elche.es\/sta\/CarpetaPublic\/doEvent?APP_CODE=STA&PAGE_CODE=CATALOGO&DETALLE=6269000000563990399500\" target=\"_blank\" class=\"sc_button sc_button_square sc_button_style_filled style_original sc_button_size_large aligncenter btndentropagina margin_top_small margin_right_null margin_bottom_tiny margin_left_null\" style=\"````\">ACC\u00c9S AL TR\u00c0MIT<\/a>[\/vc_column][\/vc_row][vc_row][vc_column][vc_empty_space][\/vc_column][\/vc_row]<\/p>\n<\/div>","protected":false},"excerpt":{"rendered":"<p>[vc_row][vc_column][vc_column_text][\/vc_column_text][\/vc_column][\/vc_row][vc_row][vc_column][vc_column_text css=&#8221;&#8221;]Les Subvencions Elx Empr\u00e9n s\u00f3n un programa d\u2019ajudes econ\u00f2miques per a les persones emprenedores, finan\u00e7ades \u00edntegrament per l\u2019Ajuntament d\u2019Elx a trav\u00e9s de la Regidoria de Promoci\u00f3 Econ\u00f2mica que es [&hellip;]<\/p>\n","protected":false},"author":131,"featured_media":0,"parent":95512,"menu_order":0,"comment_status":"closed","ping_status":"closed","template":"","meta":{"footnotes":""},"class_list":["post-92848","page","type-page","status-publish","hentry"],"_links":{"self":[{"href":"https:\/\/www.elche.es\/va\/wp-json\/wp\/v2\/pages\/92848","targetHints":{"allow":["GET"]}}],"collection":[{"href":"https:\/\/www.elche.es\/va\/wp-json\/wp\/v2\/pages"}],"about":[{"href":"https:\/\/www.elche.es\/va\/wp-json\/wp\/v2\/types\/page"}],"author":[{"embeddable":true,"href":"https:\/\/www.elche.es\/va\/wp-json\/wp\/v2\/users\/131"}],"replies":[{"embeddable":true,"href":"https:\/\/www.elche.es\/va\/wp-json\/wp\/v2\/comments?post=92848"}],"version-history":[{"count":5,"href":"https:\/\/www.elche.es\/va\/wp-json\/wp\/v2\/pages\/92848\/revisions"}],"predecessor-version":[{"id":340058,"href":"https:\/\/www.elche.es\/va\/wp-json\/wp\/v2\/pages\/92848\/revisions\/340058"}],"up":[{"embeddable":true,"href":"https:\/\/www.elche.es\/va\/wp-json\/wp\/v2\/pages\/95512"}],"wp:attachment":[{"href":"https:\/\/www.elche.es\/va\/wp-json\/wp\/v2\/media?parent=92848"}],"curies":[{"name":"wp","href":"https:\/\/api.w.org\/{rel}","templated":true}]}}