{"id":95549,"date":"2018-06-12T13:14:27","date_gmt":"2018-06-12T12:14:27","guid":{"rendered":"http:\/\/www.elche.es\/va\/formacion-emprender\/"},"modified":"2026-01-09T10:34:46","modified_gmt":"2026-01-09T08:34:46","slug":"formacion-emprender","status":"publish","type":"page","link":"https:\/\/www.elche.es\/va\/promocion-economica\/emprendimiento\/formacion-emprender\/","title":{"rendered":"Formaci\u00f3 per a emprendre"},"content":{"rendered":"<div class=\"wpb-content-wrapper\"><p>[vc_row full_width=&#8221;stretch_row&#8221; css=&#8221;.vc_custom_1475484188729{background-color: #dddde0 !important;}&#8221;][vc_column][vc_column_text]<nav aria-label=\"breadcrumbs\">\n            <div class=\"breadcrumb-container theme1\">\n                <ol>\n                                    <\/ol>\n            <\/div>\n        <\/nav>    <script type=\"application\/ld+json\">\n        {\n            \"@context\": \"http:\/\/schema.org\",\n            \"@type\": \"BreadcrumbList\",\n            \"itemListElement\": [\n                            ]\n        }\n    <\/script>\n    <style type=\"text\/css\">\n        .breadcrumb-container {\n            font-size: 13px;\n        }\n\n        .breadcrumb-container ul {\n            margin: 0;\n            padding: 0;\n        }\n\n        .breadcrumb-container li {\n            box-sizing: unset;\n            display: inline-block;\n            margin: 0;\n            padding: 0;\n        }\n\n        .breadcrumb-container li a {\n            box-sizing: unset;\n            padding: 0 10px;\n        }\n\n        .breadcrumb-container {\n            font-size: 3 !important;\n                    }\n\n        .breadcrumb-container li a {\n            color: #0a0a0a !important;\n            font-size: 3 !important;\n            line-height: 3 !important;\n                    }\n\n        .breadcrumb-container li .separator {\n            font-size: 3 !important;\n                    }\n\n        .breadcrumb-container li:last-child .separator {\n            display: none;\n        }\n    <\/style>\n    <style type=\"text\/css\">\n        .breadcrumb-container.theme1 li {\n            margin: 0;\n            padding: 0;\n        }\n        .breadcrumb-container.theme1 a {\n            background: ;\n            display: inline-block;\n            margin: 0 5px;\n            padding: 5px 10px;\n            text-decoration: none;\n        }\n    <\/style>\n        <style type=\"text\/css\">\n            <\/style>\n    <script>\n            <\/script>\n[\/vc_column_text][\/vc_column][\/vc_row][vc_row][vc_column]<h1 class=\"sc_title sc_title_regular titulo-pagina margin_top_small\" style=\"````\">TALLERS FORMATIUS<\/h1>[vc_column_text css=&#8221;&#8221;]Al <strong><a href=\"https:\/\/www.elche.es\/va\/promocion-economica\/emprendimiento\/centro-de-desarrollo-empresarial\/\" target=\"_blank\" rel=\"noopener\">Centre de Desenvolupament Empresarial Elx Empr\u00e9n<\/a><\/strong> posem a la teua disposici\u00f3, de manera gratu\u00efta, cursos i jornades que t&#8217;ajudaran a avan\u00e7ar en el desenvolupament del teu projecte.[\/vc_column_text][vc_empty_space height=&#8221;30px&#8221;][\/vc_column][\/vc_row][vc_row][vc_column width=&#8221;1\/2&#8243;][vc_single_image image=&#8221;349763&#8243; img_size=&#8221;full&#8221; onclick=&#8221;link_image&#8221; css=&#8221;&#8221;][\/vc_column][vc_column width=&#8221;1\/2&#8243;][vc_column_text css=&#8221;.vc_custom_1767947682069{margin-bottom: 10px !important;}&#8221;]<strong>INSCRIU-TE EN ELS TALLERS FORMATIUS GRATU\u00cfTS 2026<\/strong><br \/>\nCursos de gener.[\/vc_column_text][vc_row_inner][vc_column_inner]<a href=\"https:\/\/forms.office.com\/e\/Wyv3m4nhnp?origin=lprLink\" target=\"_blank\" class=\"sc_button sc_button_square sc_button_style_filled style_original sc_button_size_large aligncenter btndentropagina margin_top_small margin_right_null margin_bottom_tiny margin_left_null\" style=\"````\">INSCRIURE&#8217;M TALLERS GENER 2026<\/a>[\/vc_column_inner][\/vc_row_inner][\/vc_column][\/vc_row][vc_row css=&#8221;.vc_custom_1742993881659{margin-top: 5% !important;}&#8221;][vc_column][vc_column_text css=&#8221;.vc_custom_1742993979628{margin-bottom: 10px !important;}&#8221;]<\/p>\n<hr \/>\n<p>[\/vc_column_text]<h5 class=\"sc_title sc_title_regular subtitulosapartados \" style=\"````\">On es realitzen estos tallers?<\/h5>[vc_column_text css=&#8221;&#8221;]<strong>El Centre de Desenvolupament Empresarial \u00abElx Empr\u00e9n\u00bb (CDE)<\/strong> \u00e9s una \u00e0rea de serveis de l&#8217;Ajuntament d&#8217;Elx que oferix espais de treball perqu\u00e8 associacions empresarials puguen fixar la seua seu i desenvolupar les seues activitats.[\/vc_column_text]<a href=\"https:\/\/www.elche.es\/promocion-economica\/emprendimiento\/centro-de-desarrollo-empresarial\/\" target=\"_blank\" class=\"sc_button sc_button_square sc_button_style_filled style_original sc_button_size_large aligncenter btndentropagina \">Centro de Desarrollo Empresarial<\/a>[\/vc_column][\/vc_row]<\/p>\n<\/div>","protected":false},"excerpt":{"rendered":"<p>[vc_row full_width=&#8221;stretch_row&#8221; css=&#8221;.vc_custom_1475484188729{background-color: #dddde0 !important;}&#8221;][vc_column][vc_column_text][\/vc_column_text][\/vc_column][\/vc_row][vc_row][vc_column][vc_column_text css=&#8221;&#8221;]Al Centre de Desenvolupament Empresarial Elx Empr\u00e9n posem a la teua disposici\u00f3, de manera gratu\u00efta, cursos i jornades que t&#8217;ajudaran a avan\u00e7ar en el desenvolupament [&hellip;]<\/p>\n","protected":false},"author":131,"featured_media":0,"parent":160086,"menu_order":0,"comment_status":"closed","ping_status":"closed","template":"","meta":{"footnotes":""},"class_list":["post-95549","page","type-page","status-publish","hentry"],"_links":{"self":[{"href":"https:\/\/www.elche.es\/va\/wp-json\/wp\/v2\/pages\/95549","targetHints":{"allow":["GET"]}}],"collection":[{"href":"https:\/\/www.elche.es\/va\/wp-json\/wp\/v2\/pages"}],"about":[{"href":"https:\/\/www.elche.es\/va\/wp-json\/wp\/v2\/types\/page"}],"author":[{"embeddable":true,"href":"https:\/\/www.elche.es\/va\/wp-json\/wp\/v2\/users\/131"}],"replies":[{"embeddable":true,"href":"https:\/\/www.elche.es\/va\/wp-json\/wp\/v2\/comments?post=95549"}],"version-history":[{"count":4,"href":"https:\/\/www.elche.es\/va\/wp-json\/wp\/v2\/pages\/95549\/revisions"}],"predecessor-version":[{"id":349765,"href":"https:\/\/www.elche.es\/va\/wp-json\/wp\/v2\/pages\/95549\/revisions\/349765"}],"up":[{"embeddable":true,"href":"https:\/\/www.elche.es\/va\/wp-json\/wp\/v2\/pages\/160086"}],"wp:attachment":[{"href":"https:\/\/www.elche.es\/va\/wp-json\/wp\/v2\/media?parent=95549"}],"curies":[{"name":"wp","href":"https:\/\/api.w.org\/{rel}","templated":true}]}}